{"id":6147,"date":"2026-01-26T13:20:26","date_gmt":"2026-01-26T12:20:26","guid":{"rendered":"https:\/\/agora.xtec.cat\/escolaelgarrofer\/?page_id=6147"},"modified":"2026-01-26T13:20:26","modified_gmt":"2026-01-26T12:20:26","slug":"aula-daudiovisuals","status":"publish","type":"page","link":"https:\/\/agora.xtec.cat\/escolaelgarrofer\/lescola\/instal%c2%b7lacions\/aula-daudiovisuals\/","title":{"rendered":"Aula d&#8217;Audiovisuals"},"content":{"rendered":"\n<p>L&#8217;<strong>Aula Audiovisual <\/strong> \u00e9s un espai creatiu d&#8217;expressi\u00f3 i comunicaci\u00f3. Aquesta aula permet a l&#8217;alumnat passar de ser espectador a ser creador de continguts, utilitzant eines professionals per narrar hist\u00f2ries i compartir coneixement.<\/p>\n\n\n\n<p>L&#8217;aula compta amb els recursos clau per al treball multim\u00e8dia:<\/p>\n\n\n\n<ul class=\"wp-block-list\">\n<li><strong>Creaci\u00f3 de V\u00eddeo i Fotografia:<\/strong> Gr\u00e0cies al kit de c\u00e0meres digitals i tr\u00edpodes de la dotaci\u00f3, els alumnes poden realitzar enregistraments de qualitat, aprenent conceptes com l&#8217;enquadrament, el focus i el llenguatge cinematogr\u00e0fic.<\/li>\n\n\n\n<li><strong>Plat\u00f3 de Croma (Chroma Key):<\/strong> L&#8217;aula est\u00e0 preparada per treballar amb fons verds, una eina que permet a l&#8217;alumnat &#8220;viatjar&#8221; a qualsevol lloc del m\u00f3n (o de l&#8217;espai!) mitjan\u00e7ant l&#8217;edici\u00f3 digital, fomentant la imaginaci\u00f3 i la producci\u00f3 de telenot\u00edcies o documentals.<\/li>\n\n\n\n<li><strong>Estaci\u00f3 de So i R\u00e0dio:<\/strong> El material inclou micr\u00f2fons i equips de captaci\u00f3 de so essencials per a la gravaci\u00f3 de podcasts, entrevistes i falques publicit\u00e0ries, millorant l&#8217;expressi\u00f3 oral i la dicci\u00f3 de l&#8217;alumnat.<\/li>\n\n\n\n<li><strong>Edici\u00f3 i Postproducci\u00f3:<\/strong> Amb els ordinadors i les tauletes, els estudiants aprenen a muntar les seves pr\u00f2pies peces, integrant so, imatge i efectes de manera cr\u00edtica i creativa.<\/li>\n<\/ul>\n","protected":false},"excerpt":{"rendered":"<p>L&#8217;Aula Audiovisual \u00e9s un espai creatiu d&#8217;expressi\u00f3 i comunicaci\u00f3. Aquesta aula permet a l&#8217;alumnat passar de ser espectador a ser creador de continguts, utilitzant eines professionals per narrar hist\u00f2ries i compartir coneixement. L&#8217;aula compta amb els recursos clau per al treball multim\u00e8dia:<\/p>\n","protected":false},"author":4,"featured_media":0,"parent":30,"menu_order":0,"comment_status":"closed","ping_status":"close","template":"","meta":{"_bbp_topic_count":0,"_bbp_reply_count":0,"_bbp_total_topic_count":0,"_bbp_total_reply_count":0,"_bbp_voice_count":0,"_bbp_anonymous_reply_count":0,"_bbp_topic_count_hidden":0,"_bbp_reply_count_hidden":0,"_bbp_forum_subforum_count":0,"site-sidebar-layout":"default","site-content-layout":"","ast-site-content-layout":"default","site-content-style":"default","site-sidebar-style":"default","ast-global-header-display":"","ast-banner-title-visibility":"","ast-main-header-display":"","ast-hfb-above-header-display":"","ast-hfb-below-header-display":"","ast-hfb-mobile-header-display":"","site-post-title":"","ast-breadcrumbs-content":"","ast-featured-img":"","footer-sml-layout":"","theme-transparent-header-meta":"","adv-header-id-meta":"","stick-header-meta":"","header-above-stick-meta":"","header-main-stick-meta":"","header-below-stick-meta":"","astra-migrate-meta-layouts":"set","ast-page-background-enabled":"default","ast-page-background-meta":{"desktop":{"background-color":"var(--ast-global-color-4)","background-image":"","background-repeat":"repeat","background-position":"center center","background-size":"auto","background-attachment":"scroll","background-type":"","background-media":"","overlay-type":"","overlay-color":"","overlay-opacity":"","overlay-gradient":""},"tablet":{"background-color":"","background-image":"","background-repeat":"repeat","background-position":"center center","background-size":"auto","background-attachment":"scroll","background-type":"","background-media":"","overlay-type":"","overlay-color":"","overlay-opacity":"","overlay-gradient":""},"mobile":{"background-color":"","background-image":"","background-repeat":"repeat","background-position":"center center","background-size":"auto","background-attachment":"scroll","background-type":"","background-media":"","overlay-type":"","overlay-color":"","overlay-opacity":"","overlay-gradient":""}},"ast-content-background-meta":{"desktop":{"background-color":"var(--ast-global-color-5)","background-image":"","background-repeat":"repeat","background-position":"center center","background-size":"auto","background-attachment":"scroll","background-type":"","background-media":"","overlay-type":"","overlay-color":"","overlay-opacity":"","overlay-gradient":""},"tablet":{"background-color":"var(--ast-global-color-5)","background-image":"","background-repeat":"repeat","background-position":"center center","background-size":"auto","background-attachment":"scroll","background-type":"","background-media":"","overlay-type":"","overlay-color":"","overlay-opacity":"","overlay-gradient":""},"mobile":{"background-color":"var(--ast-global-color-5)","background-image":"","background-repeat":"repeat","background-position":"center center","background-size":"auto","background-attachment":"scroll","background-type":"","background-media":"","overlay-type":"","overlay-color":"","overlay-opacity":"","overlay-gradient":""}},"footnotes":""},"class_list":["post-6147","page","type-page","status-publish","hentry"],"post_mailing_queue_ids":[],"_links":{"self":[{"href":"https:\/\/agora.xtec.cat\/escolaelgarrofer\/wp-json\/wp\/v2\/pages\/6147","targetHints":{"allow":["GET"]}}],"collection":[{"href":"https:\/\/agora.xtec.cat\/escolaelgarrofer\/wp-json\/wp\/v2\/pages"}],"about":[{"href":"https:\/\/agora.xtec.cat\/escolaelgarrofer\/wp-json\/wp\/v2\/types\/page"}],"author":[{"embeddable":true,"href":"https:\/\/agora.xtec.cat\/escolaelgarrofer\/wp-json\/wp\/v2\/users\/4"}],"replies":[{"embeddable":true,"href":"https:\/\/agora.xtec.cat\/escolaelgarrofer\/wp-json\/wp\/v2\/comments?post=6147"}],"version-history":[{"count":1,"href":"https:\/\/agora.xtec.cat\/escolaelgarrofer\/wp-json\/wp\/v2\/pages\/6147\/revisions"}],"predecessor-version":[{"id":6149,"href":"https:\/\/agora.xtec.cat\/escolaelgarrofer\/wp-json\/wp\/v2\/pages\/6147\/revisions\/6149"}],"up":[{"embeddable":true,"href":"https:\/\/agora.xtec.cat\/escolaelgarrofer\/wp-json\/wp\/v2\/pages\/30"}],"wp:attachment":[{"href":"https:\/\/agora.xtec.cat\/escolaelgarrofer\/wp-json\/wp\/v2\/media?parent=6147"}],"curies":[{"name":"wp","href":"https:\/\/api.w.org\/{rel}","templated":true}]}}