{"id":6145,"date":"2026-01-26T13:18:42","date_gmt":"2026-01-26T12:18:42","guid":{"rendered":"https:\/\/agora.xtec.cat\/escolaelgarrofer\/?page_id=6145"},"modified":"2026-01-26T13:18:43","modified_gmt":"2026-01-26T12:18:43","slug":"aula-de-musica","status":"publish","type":"page","link":"https:\/\/agora.xtec.cat\/escolaelgarrofer\/lescola\/instal%c2%b7lacions\/aula-de-musica\/","title":{"rendered":"Aula de M\u00fasica"},"content":{"rendered":"\n<p>L&#8217;<strong>Aula de M\u00fasica de l&#8217;Escola El Garrofer<\/strong> s&#8217;ha transformat completament aquest curs per esdevenir un espai molt m\u00e9s c\u00e0lid, modern i professional. La reforma integral ha convertit aquesta aula en un veritable temple del so i la sensibilitat, on cada rac\u00f3 est\u00e0 pensat per gaudir de l&#8217;art musical amb tots els sentits.<\/p>\n\n\n\n<p>Aquestes s\u00f3n les principals novetats que fan brillar l&#8217;aula:<\/p>\n\n\n\n<ul class=\"wp-block-list\">\n<li><strong>Nou Paviment de Parquet:<\/strong> La instal\u00b7laci\u00f3 del parquet no nom\u00e9s aporta una est\u00e8tica acollidora, sin\u00f3 que millora significativament l&#8217;ac\u00fastica de l&#8217;espai i permet que l&#8217;alumnat pugui seure a terra c\u00f2modament i anar descal\u00e7os per fer activitats de ritme o audici\u00f3.<\/li>\n\n\n\n<li><strong>Mobiliari Renovat:<\/strong> S&#8217;ha substitu\u00eft l&#8217;antic mobiliari per un de m\u00e9s funcional i flexible, facilitant que l&#8217;aula es pugui buidar r\u00e0pidament per a activitats de dansa i moviment o organitzar-se en format d&#8217;orquestra.<\/li>\n\n\n\n<li><strong>Nous Instruments:<\/strong> Gr\u00e0cies a l&#8217;adquisici\u00f3 de material nou (com percussi\u00f3 Orff, instruments de petita percussi\u00f3 o teclats), els alumnes tenen a l&#8217;abast eines de qualitat per explorar sonoritats, crear composicions pr\u00f2pies i experimentar amb la m\u00fasica en viu.<\/li>\n\n\n\n<li><strong>Rac\u00f3 de la Calma:<\/strong> Una de les novetats m\u00e9s especials d&#8217;enguany. Aquest espai, equipat amb elements confortables, est\u00e0 pensat per a la relaxaci\u00f3, l&#8217;escolta atenta o per a aquells moments en qu\u00e8 un alumne necessita una pausa i una regulaci\u00f3 emocional a trav\u00e9s de la m\u00fasica suau i el silenci.<\/li>\n<\/ul>\n\n\n\n<p><\/p>\n","protected":false},"excerpt":{"rendered":"<p>L&#8217;Aula de M\u00fasica de l&#8217;Escola El Garrofer s&#8217;ha transformat completament aquest curs per esdevenir un espai molt m\u00e9s c\u00e0lid, modern i professional. La reforma integral ha convertit aquesta aula en un veritable temple del so i la sensibilitat, on cada rac\u00f3 est\u00e0 pensat per gaudir de l&#8217;art musical amb tots els sentits. Aquestes s\u00f3n les [&hellip;]<\/p>\n","protected":false},"author":4,"featured_media":0,"parent":30,"menu_order":0,"comment_status":"closed","ping_status":"close","template":"","meta":{"_bbp_topic_count":0,"_bbp_reply_count":0,"_bbp_total_topic_count":0,"_bbp_total_reply_count":0,"_bbp_voice_count":0,"_bbp_anonymous_reply_count":0,"_bbp_topic_count_hidden":0,"_bbp_reply_count_hidden":0,"_bbp_forum_subforum_count":0,"site-sidebar-layout":"default","site-content-layout":"","ast-site-content-layout":"default","site-content-style":"default","site-sidebar-style":"default","ast-global-header-display":"","ast-banner-title-visibility":"","ast-main-header-display":"","ast-hfb-above-header-display":"","ast-hfb-below-header-display":"","ast-hfb-mobile-header-display":"","site-post-title":"","ast-breadcrumbs-content":"","ast-featured-img":"","footer-sml-layout":"","theme-transparent-header-meta":"","adv-header-id-meta":"","stick-header-meta":"","header-above-stick-meta":"","header-main-stick-meta":"","header-below-stick-meta":"","astra-migrate-meta-layouts":"set","ast-page-background-enabled":"default","ast-page-background-meta":{"desktop":{"background-color":"var(--ast-global-color-4)","background-image":"","background-repeat":"repeat","background-position":"center center","background-size":"auto","background-attachment":"scroll","background-type":"","background-media":"","overlay-type":"","overlay-color":"","overlay-opacity":"","overlay-gradient":""},"tablet":{"background-color":"","background-image":"","background-repeat":"repeat","background-position":"center center","background-size":"auto","background-attachment":"scroll","background-type":"","background-media":"","overlay-type":"","overlay-color":"","overlay-opacity":"","overlay-gradient":""},"mobile":{"background-color":"","background-image":"","background-repeat":"repeat","background-position":"center center","background-size":"auto","background-attachment":"scroll","background-type":"","background-media":"","overlay-type":"","overlay-color":"","overlay-opacity":"","overlay-gradient":""}},"ast-content-background-meta":{"desktop":{"background-color":"var(--ast-global-color-5)","background-image":"","background-repeat":"repeat","background-position":"center center","background-size":"auto","background-attachment":"scroll","background-type":"","background-media":"","overlay-type":"","overlay-color":"","overlay-opacity":"","overlay-gradient":""},"tablet":{"background-color":"var(--ast-global-color-5)","background-image":"","background-repeat":"repeat","background-position":"center center","background-size":"auto","background-attachment":"scroll","background-type":"","background-media":"","overlay-type":"","overlay-color":"","overlay-opacity":"","overlay-gradient":""},"mobile":{"background-color":"var(--ast-global-color-5)","background-image":"","background-repeat":"repeat","background-position":"center center","background-size":"auto","background-attachment":"scroll","background-type":"","background-media":"","overlay-type":"","overlay-color":"","overlay-opacity":"","overlay-gradient":""}},"footnotes":""},"class_list":["post-6145","page","type-page","status-publish","hentry"],"post_mailing_queue_ids":[],"_links":{"self":[{"href":"https:\/\/agora.xtec.cat\/escolaelgarrofer\/wp-json\/wp\/v2\/pages\/6145","targetHints":{"allow":["GET"]}}],"collection":[{"href":"https:\/\/agora.xtec.cat\/escolaelgarrofer\/wp-json\/wp\/v2\/pages"}],"about":[{"href":"https:\/\/agora.xtec.cat\/escolaelgarrofer\/wp-json\/wp\/v2\/types\/page"}],"author":[{"embeddable":true,"href":"https:\/\/agora.xtec.cat\/escolaelgarrofer\/wp-json\/wp\/v2\/users\/4"}],"replies":[{"embeddable":true,"href":"https:\/\/agora.xtec.cat\/escolaelgarrofer\/wp-json\/wp\/v2\/comments?post=6145"}],"version-history":[{"count":1,"href":"https:\/\/agora.xtec.cat\/escolaelgarrofer\/wp-json\/wp\/v2\/pages\/6145\/revisions"}],"predecessor-version":[{"id":6146,"href":"https:\/\/agora.xtec.cat\/escolaelgarrofer\/wp-json\/wp\/v2\/pages\/6145\/revisions\/6146"}],"up":[{"embeddable":true,"href":"https:\/\/agora.xtec.cat\/escolaelgarrofer\/wp-json\/wp\/v2\/pages\/30"}],"wp:attachment":[{"href":"https:\/\/agora.xtec.cat\/escolaelgarrofer\/wp-json\/wp\/v2\/media?parent=6145"}],"curies":[{"name":"wp","href":"https:\/\/api.w.org\/{rel}","templated":true}]}}