{"id":6134,"date":"2026-01-26T12:58:32","date_gmt":"2026-01-26T11:58:32","guid":{"rendered":"https:\/\/agora.xtec.cat\/escolaelgarrofer\/?page_id=6134"},"modified":"2026-01-26T13:08:02","modified_gmt":"2026-01-26T12:08:02","slug":"smartclassroom","status":"publish","type":"page","link":"https:\/\/agora.xtec.cat\/escolaelgarrofer\/lescola\/instal%c2%b7lacions\/smartclassroom\/","title":{"rendered":"SmartClassroom"},"content":{"rendered":"\n<p>L&#8217;<strong>SmartClassroom<\/strong> de la nostra escola no \u00e9s una aula convencional; \u00e9s un espai din\u00e0mic dissenyat per fomentar la recerca, el treball cooperatiu i el descobriment. Gr\u00e0cies a la seva versatilitat, funciona com el nostre <strong>laboratori principal<\/strong>, adaptant-se a les necessitats de cada experiment o projecte.<\/p>\n\n\n\n<p>Aquests s\u00f3n els elements que la fan \u00fanica:<\/p>\n\n\n\n<ul class=\"wp-block-list\">\n<li><strong>Distribuci\u00f3 Flexible:<\/strong> L&#8217;espai est\u00e0 lliure de les estructures r\u00edgides de les aules tradicionals. El mobiliari \u00e9s modular i f\u00e0cilment reconfigurable, permetent passar d&#8217;una configuraci\u00f3 de treball individual a una de grans taules de laboratori en q\u00fcesti\u00f3 de minuts.<\/li>\n\n\n\n<li><strong>Zones d&#8217;Aprenentatge:<\/strong> L&#8217;aula est\u00e0 sectoritzada per facilitar les diferents fases del m\u00e8tode cient\u00edfic: una zona de debat i pluja d&#8217;idees, una \u00e0rea d&#8217;experimentaci\u00f3 activa i un espai de reflexi\u00f3.<\/li>\n\n\n\n<li><strong>Equipament Tecnol\u00f2gic i Cient\u00edfic:<\/strong> Compta amb material d&#8217;\u00faltima generaci\u00f3 integrat en l&#8217;entorn (pantalles interactives, microscopis digitals i sensors) que permeten recollir i analitzar dades en temps real.<\/li>\n\n\n\n<li><strong>Entorn Inspirador:<\/strong> El disseny de l&#8217;aula, amb una il\u00b7luminaci\u00f3 acurada i superf\u00edcies pensades per a la creaci\u00f3, convida a l&#8217;alumnat a observar, preguntar-se el &#8220;perqu\u00e8&#8221; de les coses i testejar les seves pr\u00f2pies hip\u00f2tesis.<\/li>\n<\/ul>\n\n\n\n<figure class=\"wp-block-image size-large\"><a href=\"https:\/\/agora.xtec.cat\/escolaelgarrofer\/wp-content\/uploads\/usu580\/2021\/09\/2021-09-20-16_13_01-El-Garrofer-Informe-Viladecans_versio-final.pdf.png\"><img loading=\"lazy\" decoding=\"async\" width=\"1024\" height=\"536\" src=\"https:\/\/agora.xtec.cat\/escolaelgarrofer\/wp-content\/uploads\/usu580\/2021\/09\/2021-09-20-16_13_01-El-Garrofer-Informe-Viladecans_versio-final.pdf-1024x536.png\" alt=\"\" class=\"wp-image-3957\" srcset=\"https:\/\/agora.xtec.cat\/escolaelgarrofer\/wp-content\/uploads\/usu580\/2021\/09\/2021-09-20-16_13_01-El-Garrofer-Informe-Viladecans_versio-final.pdf-1024x536.png 1024w, https:\/\/agora.xtec.cat\/escolaelgarrofer\/wp-content\/uploads\/usu580\/2021\/09\/2021-09-20-16_13_01-El-Garrofer-Informe-Viladecans_versio-final.pdf-300x157.png 300w, https:\/\/agora.xtec.cat\/escolaelgarrofer\/wp-content\/uploads\/usu580\/2021\/09\/2021-09-20-16_13_01-El-Garrofer-Informe-Viladecans_versio-final.pdf-768x402.png 768w, https:\/\/agora.xtec.cat\/escolaelgarrofer\/wp-content\/uploads\/usu580\/2021\/09\/2021-09-20-16_13_01-El-Garrofer-Informe-Viladecans_versio-final.pdf.png 1050w\" sizes=\"auto, (max-width: 1024px) 100vw, 1024px\" \/><\/a><\/figure>\n\n\n\n<figure class=\"wp-block-image size-full\"><a href=\"https:\/\/agora.xtec.cat\/escolaelgarrofer\/wp-content\/uploads\/usu580\/2021\/09\/2021-09-20-16_13_11-El-Garrofer-Informe-Viladecans_versio-final.pdf.png\"><img loading=\"lazy\" decoding=\"async\" width=\"1014\" height=\"537\" src=\"https:\/\/agora.xtec.cat\/escolaelgarrofer\/wp-content\/uploads\/usu580\/2021\/09\/2021-09-20-16_13_11-El-Garrofer-Informe-Viladecans_versio-final.pdf.png\" alt=\"\" class=\"wp-image-3956\" srcset=\"https:\/\/agora.xtec.cat\/escolaelgarrofer\/wp-content\/uploads\/usu580\/2021\/09\/2021-09-20-16_13_11-El-Garrofer-Informe-Viladecans_versio-final.pdf.png 1014w, https:\/\/agora.xtec.cat\/escolaelgarrofer\/wp-content\/uploads\/usu580\/2021\/09\/2021-09-20-16_13_11-El-Garrofer-Informe-Viladecans_versio-final.pdf-300x159.png 300w, https:\/\/agora.xtec.cat\/escolaelgarrofer\/wp-content\/uploads\/usu580\/2021\/09\/2021-09-20-16_13_11-El-Garrofer-Informe-Viladecans_versio-final.pdf-768x407.png 768w\" sizes=\"auto, (max-width: 1014px) 100vw, 1014px\" \/><\/a><\/figure>\n\n\n\n<figure class=\"wp-block-image size-full\"><a href=\"https:\/\/agora.xtec.cat\/escolaelgarrofer\/wp-content\/uploads\/usu580\/2021\/09\/2021-09-20-16_13_19-El-Garrofer-Informe-Viladecans_versio-final.pdf.png\"><img loading=\"lazy\" decoding=\"async\" width=\"1015\" height=\"497\" src=\"https:\/\/agora.xtec.cat\/escolaelgarrofer\/wp-content\/uploads\/usu580\/2021\/09\/2021-09-20-16_13_19-El-Garrofer-Informe-Viladecans_versio-final.pdf.png\" alt=\"\" class=\"wp-image-3955\" srcset=\"https:\/\/agora.xtec.cat\/escolaelgarrofer\/wp-content\/uploads\/usu580\/2021\/09\/2021-09-20-16_13_19-El-Garrofer-Informe-Viladecans_versio-final.pdf.png 1015w, https:\/\/agora.xtec.cat\/escolaelgarrofer\/wp-content\/uploads\/usu580\/2021\/09\/2021-09-20-16_13_19-El-Garrofer-Informe-Viladecans_versio-final.pdf-300x147.png 300w, https:\/\/agora.xtec.cat\/escolaelgarrofer\/wp-content\/uploads\/usu580\/2021\/09\/2021-09-20-16_13_19-El-Garrofer-Informe-Viladecans_versio-final.pdf-768x376.png 768w\" sizes=\"auto, (max-width: 1015px) 100vw, 1015px\" \/><\/a><\/figure>\n","protected":false},"excerpt":{"rendered":"<p>L&#8217;SmartClassroom de la nostra escola no \u00e9s una aula convencional; \u00e9s un espai din\u00e0mic dissenyat per fomentar la recerca, el treball cooperatiu i el descobriment. Gr\u00e0cies a la seva versatilitat, funciona com el nostre laboratori principal, adaptant-se a les necessitats de cada experiment o projecte. Aquests s\u00f3n els elements que la fan \u00fanica:<\/p>\n","protected":false},"author":4,"featured_media":0,"parent":30,"menu_order":0,"comment_status":"closed","ping_status":"close","template":"","meta":{"_bbp_topic_count":0,"_bbp_reply_count":0,"_bbp_total_topic_count":0,"_bbp_total_reply_count":0,"_bbp_voice_count":0,"_bbp_anonymous_reply_count":0,"_bbp_topic_count_hidden":0,"_bbp_reply_count_hidden":0,"_bbp_forum_subforum_count":0,"site-sidebar-layout":"default","site-content-layout":"","ast-site-content-layout":"default","site-content-style":"default","site-sidebar-style":"default","ast-global-header-display":"","ast-banner-title-visibility":"","ast-main-header-display":"","ast-hfb-above-header-display":"","ast-hfb-below-header-display":"","ast-hfb-mobile-header-display":"","site-post-title":"","ast-breadcrumbs-content":"","ast-featured-img":"","footer-sml-layout":"","theme-transparent-header-meta":"","adv-header-id-meta":"","stick-header-meta":"","header-above-stick-meta":"","header-main-stick-meta":"","header-below-stick-meta":"","astra-migrate-meta-layouts":"set","ast-page-background-enabled":"default","ast-page-background-meta":{"desktop":{"background-color":"var(--ast-global-color-4)","background-image":"","background-repeat":"repeat","background-position":"center center","background-size":"auto","background-attachment":"scroll","background-type":"","background-media":"","overlay-type":"","overlay-color":"","overlay-opacity":"","overlay-gradient":""},"tablet":{"background-color":"","background-image":"","background-repeat":"repeat","background-position":"center center","background-size":"auto","background-attachment":"scroll","background-type":"","background-media":"","overlay-type":"","overlay-color":"","overlay-opacity":"","overlay-gradient":""},"mobile":{"background-color":"","background-image":"","background-repeat":"repeat","background-position":"center center","background-size":"auto","background-attachment":"scroll","background-type":"","background-media":"","overlay-type":"","overlay-color":"","overlay-opacity":"","overlay-gradient":""}},"ast-content-background-meta":{"desktop":{"background-color":"var(--ast-global-color-5)","background-image":"","background-repeat":"repeat","background-position":"center center","background-size":"auto","background-attachment":"scroll","background-type":"","background-media":"","overlay-type":"","overlay-color":"","overlay-opacity":"","overlay-gradient":""},"tablet":{"background-color":"var(--ast-global-color-5)","background-image":"","background-repeat":"repeat","background-position":"center center","background-size":"auto","background-attachment":"scroll","background-type":"","background-media":"","overlay-type":"","overlay-color":"","overlay-opacity":"","overlay-gradient":""},"mobile":{"background-color":"var(--ast-global-color-5)","background-image":"","background-repeat":"repeat","background-position":"center center","background-size":"auto","background-attachment":"scroll","background-type":"","background-media":"","overlay-type":"","overlay-color":"","overlay-opacity":"","overlay-gradient":""}},"footnotes":""},"class_list":["post-6134","page","type-page","status-publish","hentry"],"post_mailing_queue_ids":[],"_links":{"self":[{"href":"https:\/\/agora.xtec.cat\/escolaelgarrofer\/wp-json\/wp\/v2\/pages\/6134","targetHints":{"allow":["GET"]}}],"collection":[{"href":"https:\/\/agora.xtec.cat\/escolaelgarrofer\/wp-json\/wp\/v2\/pages"}],"about":[{"href":"https:\/\/agora.xtec.cat\/escolaelgarrofer\/wp-json\/wp\/v2\/types\/page"}],"author":[{"embeddable":true,"href":"https:\/\/agora.xtec.cat\/escolaelgarrofer\/wp-json\/wp\/v2\/users\/4"}],"replies":[{"embeddable":true,"href":"https:\/\/agora.xtec.cat\/escolaelgarrofer\/wp-json\/wp\/v2\/comments?post=6134"}],"version-history":[{"count":2,"href":"https:\/\/agora.xtec.cat\/escolaelgarrofer\/wp-json\/wp\/v2\/pages\/6134\/revisions"}],"predecessor-version":[{"id":6138,"href":"https:\/\/agora.xtec.cat\/escolaelgarrofer\/wp-json\/wp\/v2\/pages\/6134\/revisions\/6138"}],"up":[{"embeddable":true,"href":"https:\/\/agora.xtec.cat\/escolaelgarrofer\/wp-json\/wp\/v2\/pages\/30"}],"wp:attachment":[{"href":"https:\/\/agora.xtec.cat\/escolaelgarrofer\/wp-json\/wp\/v2\/media?parent=6134"}],"curies":[{"name":"wp","href":"https:\/\/api.w.org\/{rel}","templated":true}]}}