{"id":6133,"date":"2026-01-26T12:57:56","date_gmt":"2026-01-26T11:57:56","guid":{"rendered":"https:\/\/agora.xtec.cat\/escolaelgarrofer\/?page_id=6133"},"modified":"2026-01-26T13:01:27","modified_gmt":"2026-01-26T12:01:27","slug":"biblioteca","status":"publish","type":"page","link":"https:\/\/agora.xtec.cat\/escolaelgarrofer\/lescola\/instal%c2%b7lacions\/biblioteca\/","title":{"rendered":"Biblioteca"},"content":{"rendered":"\n<p>La <strong>Biblioteca de l&#8217;Escola El Garrofer<\/strong> es troba actualment en un moment apassionant de transformaci\u00f3. Aquest curs hem iniciat un proc\u00e9s de <strong>reforma integral<\/strong> per deixar enrere el concepte de magatzem de llibres i convertir-la en el nou centre cultural i neur\u00e0lgic de l&#8217;escola: un espai viu, modern i polivalent.<\/p>\n\n\n\n<p>Aquests s\u00f3n els eixos de la reforma que estem duent a terme:<\/p>\n\n\n\n<ul class=\"wp-block-list\">\n<li><strong>Reinventant l&#8217;Espai:<\/strong> Estem redistribuint l&#8217;aula per crear zones diferenciades que s&#8217;adaptin a les diverses formes de llegir i aprendre: des de racons de lectura individual amb mobiliari confortable fins a zones de treball col\u00b7laboratiu.<\/li>\n\n\n\n<li><strong>Mobiliari Modern i Flexible:<\/strong> La reforma inclou la substituci\u00f3 de les antigues prestatgeries per unes de m\u00e9s accessibles i atractives, aix\u00ed com la incorporaci\u00f3 de m\u00f2duls que permeten moure&#8217;s i adaptar l&#8217;espai segons si fem un club de lectura, un taller o una sessi\u00f3 de contacontes.<\/li>\n\n\n\n<li><strong>Foment de la Lectura per Plaer:<\/strong> El nou disseny posa el llibre en el centre, amb expositors que conviden a tocar i fullejar les novetats editorials, creant un entorn visualment engrescador que estimula la curiositat lectora.<\/li>\n<\/ul>\n","protected":false},"excerpt":{"rendered":"<p>La Biblioteca de l&#8217;Escola El Garrofer es troba actualment en un moment apassionant de transformaci\u00f3. Aquest curs hem iniciat un proc\u00e9s de reforma integral per deixar enrere el concepte de magatzem de llibres i convertir-la en el nou centre cultural i neur\u00e0lgic de l&#8217;escola: un espai viu, modern i polivalent. Aquests s\u00f3n els eixos de [&hellip;]<\/p>\n","protected":false},"author":48,"featured_media":0,"parent":30,"menu_order":0,"comment_status":"closed","ping_status":"close","template":"","meta":{"_bbp_topic_count":0,"_bbp_reply_count":0,"_bbp_total_topic_count":0,"_bbp_total_reply_count":0,"_bbp_voice_count":0,"_bbp_anonymous_reply_count":0,"_bbp_topic_count_hidden":0,"_bbp_reply_count_hidden":0,"_bbp_forum_subforum_count":0,"site-sidebar-layout":"default","site-content-layout":"","ast-site-content-layout":"default","site-content-style":"default","site-sidebar-style":"default","ast-global-header-display":"","ast-banner-title-visibility":"","ast-main-header-display":"","ast-hfb-above-header-display":"","ast-hfb-below-header-display":"","ast-hfb-mobile-header-display":"","site-post-title":"","ast-breadcrumbs-content":"","ast-featured-img":"","footer-sml-layout":"","theme-transparent-header-meta":"","adv-header-id-meta":"","stick-header-meta":"","header-above-stick-meta":"","header-main-stick-meta":"","header-below-stick-meta":"","astra-migrate-meta-layouts":"set","ast-page-background-enabled":"default","ast-page-background-meta":{"desktop":{"background-color":"var(--ast-global-color-4)","background-image":"","background-repeat":"repeat","background-position":"center center","background-size":"auto","background-attachment":"scroll","background-type":"","background-media":"","overlay-type":"","overlay-color":"","overlay-opacity":"","overlay-gradient":""},"tablet":{"background-color":"","background-image":"","background-repeat":"repeat","background-position":"center center","background-size":"auto","background-attachment":"scroll","background-type":"","background-media":"","overlay-type":"","overlay-color":"","overlay-opacity":"","overlay-gradient":""},"mobile":{"background-color":"","background-image":"","background-repeat":"repeat","background-position":"center center","background-size":"auto","background-attachment":"scroll","background-type":"","background-media":"","overlay-type":"","overlay-color":"","overlay-opacity":"","overlay-gradient":""}},"ast-content-background-meta":{"desktop":{"background-color":"var(--ast-global-color-5)","background-image":"","background-repeat":"repeat","background-position":"center center","background-size":"auto","background-attachment":"scroll","background-type":"","background-media":"","overlay-type":"","overlay-color":"","overlay-opacity":"","overlay-gradient":""},"tablet":{"background-color":"var(--ast-global-color-5)","background-image":"","background-repeat":"repeat","background-position":"center center","background-size":"auto","background-attachment":"scroll","background-type":"","background-media":"","overlay-type":"","overlay-color":"","overlay-opacity":"","overlay-gradient":""},"mobile":{"background-color":"var(--ast-global-color-5)","background-image":"","background-repeat":"repeat","background-position":"center center","background-size":"auto","background-attachment":"scroll","background-type":"","background-media":"","overlay-type":"","overlay-color":"","overlay-opacity":"","overlay-gradient":""}},"footnotes":""},"class_list":["post-6133","page","type-page","status-publish","hentry"],"post_mailing_queue_ids":[],"_links":{"self":[{"href":"https:\/\/agora.xtec.cat\/escolaelgarrofer\/wp-json\/wp\/v2\/pages\/6133","targetHints":{"allow":["GET"]}}],"collection":[{"href":"https:\/\/agora.xtec.cat\/escolaelgarrofer\/wp-json\/wp\/v2\/pages"}],"about":[{"href":"https:\/\/agora.xtec.cat\/escolaelgarrofer\/wp-json\/wp\/v2\/types\/page"}],"author":[{"embeddable":true,"href":"https:\/\/agora.xtec.cat\/escolaelgarrofer\/wp-json\/wp\/v2\/users\/48"}],"replies":[{"embeddable":true,"href":"https:\/\/agora.xtec.cat\/escolaelgarrofer\/wp-json\/wp\/v2\/comments?post=6133"}],"version-history":[{"count":2,"href":"https:\/\/agora.xtec.cat\/escolaelgarrofer\/wp-json\/wp\/v2\/pages\/6133\/revisions"}],"predecessor-version":[{"id":6137,"href":"https:\/\/agora.xtec.cat\/escolaelgarrofer\/wp-json\/wp\/v2\/pages\/6133\/revisions\/6137"}],"up":[{"embeddable":true,"href":"https:\/\/agora.xtec.cat\/escolaelgarrofer\/wp-json\/wp\/v2\/pages\/30"}],"wp:attachment":[{"href":"https:\/\/agora.xtec.cat\/escolaelgarrofer\/wp-json\/wp\/v2\/media?parent=6133"}],"curies":[{"name":"wp","href":"https:\/\/api.w.org\/{rel}","templated":true}]}}