{"id":6124,"date":"2026-01-26T12:26:35","date_gmt":"2026-01-26T11:26:35","guid":{"rendered":"https:\/\/agora.xtec.cat\/escolaelgarrofer\/?page_id=6124"},"modified":"2026-02-09T11:39:29","modified_gmt":"2026-02-09T10:39:29","slug":"ludoteca","status":"publish","type":"page","link":"https:\/\/agora.xtec.cat\/escolaelgarrofer\/lescola\/instal%c2%b7lacions\/ludoteca\/","title":{"rendered":"Ludoteca"},"content":{"rendered":"\n<p>La <strong>Ludoteca de l&#8217;Escola El Garrofer<\/strong> \u00e9s un espai m\u00e0gic de conviv\u00e8ncia i aprenentatge on el joc esdev\u00e9 l&#8217;eina principal per cr\u00e9ixer. Dissenyada per ser un refugi de creativitat i diversi\u00f3, \u00e9s el lloc on els alumnes exploren les seves habilitats socials i emocionals fora del format de l&#8217;aula convencional.<\/p>\n\n\n\n<p>Aquests s\u00f3n els pilars que defineixen la nostra ludoteca:<\/p>\n\n\n\n<ul class=\"wp-block-list\">\n<li><strong>El Joc Com a Motor:<\/strong> M\u00e9s que un lloc d&#8217;esbarjo, \u00e9s un laboratori de vida. Aqu\u00ed es treballa el respecte pels torns, la gesti\u00f3 de la frustraci\u00f3 i l&#8217;empatia a trav\u00e9s d&#8217;una gran varietat de jocs de taula i propostes l\u00fadiques.<\/li>\n\n\n\n<li><strong>Ambient Acollidor:<\/strong> L&#8217;espai est\u00e0 decorat i organitzat per transmetre calidesa. Amb racons de lectura, catifes i mobiliari a la seva mida, la ludoteca convida a la calma i a la interacci\u00f3 relaxada entre companys i companyes.<\/li>\n\n\n\n<li><strong>Recursos Diversos:<\/strong> Disposem d&#8217;un ventall ampli de materials: des de jocs de construcci\u00f3 i trencaclosques que estimulen el pensament l\u00f2gic, fins a disfresses i jocs simb\u00f2lics que fomenten la imaginaci\u00f3 i la representaci\u00f3 de rols.<\/li>\n\n\n\n<li><strong>Inclusi\u00f3 i Conviv\u00e8ncia:<\/strong> \u00c9s un punt de trobada on es trenquen les barreres, permetent que la diversitat de l&#8217;alumnat comparteixi moments, aprengui els uns dels altres i enforteixi el sentit de comunitat de l&#8217;escola.<\/li>\n<\/ul>\n\n\n\nhttps:\/\/www.canva.com\/design\/DAHA0MKE6G4\/fnXbSG2SS9FD5XbhBJomzg\/watch\n\n\n\n<div style=\"position: relative; width: 100%; height: 0; padding-top: 56.2500%;\n padding-bottom: 0; box-shadow: 0 2px 8px 0 rgba(63,69,81,0.16); margin-top: 1.6em; margin-bottom: 0.9em; overflow: hidden;\n border-radius: 8px; will-change: transform;\">\n  <iframe loading=\"lazy\" style=\"position: absolute; width: 100%; height: 100%; top: 0; left: 0; border: none; padding: 0;margin: 0;\"\n    src=\"https:\/\/www.canva.com\/design\/DAHA0MKE6G4\/fnXbSG2SS9FD5XbhBJomzg\/watch?embed\" allowfullscreen=\"allowfullscreen\" allow=\"fullscreen\">\n  <\/iframe>\n<\/div>\n<a href=\"https:&#x2F;&#x2F;www.canva.com&#x2F;design&#x2F;DAHA0MKE6G4&#x2F;fnXbSG2SS9FD5XbhBJomzg&#x2F;watch?utm_content=DAHA0MKE6G4&amp;utm_campaign=designshare&amp;utm_medium=embeds&amp;utm_source=link\" target=\"_blank\" rel=\"noopener\">\n\n\n\n<figure class=\"wp-block-image size-full\"><a href=\"https:\/\/agora.xtec.cat\/escolaelgarrofer\/wp-content\/uploads\/usu580\/2025\/06\/Screenshot-2025-06-05-13.36.15.png\"><img loading=\"lazy\" decoding=\"async\" width=\"848\" height=\"606\" src=\"https:\/\/agora.xtec.cat\/escolaelgarrofer\/wp-content\/uploads\/usu580\/2025\/06\/Screenshot-2025-06-05-13.36.15.png\" alt=\"\" class=\"wp-image-5698\" srcset=\"https:\/\/agora.xtec.cat\/escolaelgarrofer\/wp-content\/uploads\/usu580\/2025\/06\/Screenshot-2025-06-05-13.36.15.png 848w, https:\/\/agora.xtec.cat\/escolaelgarrofer\/wp-content\/uploads\/usu580\/2025\/06\/Screenshot-2025-06-05-13.36.15-300x214.png 300w, https:\/\/agora.xtec.cat\/escolaelgarrofer\/wp-content\/uploads\/usu580\/2025\/06\/Screenshot-2025-06-05-13.36.15-768x549.png 768w\" sizes=\"auto, (max-width: 848px) 100vw, 848px\" \/><\/a><\/figure>\n\n\n\n<figure class=\"wp-block-image size-full\"><a href=\"https:\/\/agora.xtec.cat\/escolaelgarrofer\/wp-content\/uploads\/usu580\/2025\/06\/Screenshot-2025-06-05-11.25.48.png\"><img loading=\"lazy\" decoding=\"async\" width=\"848\" height=\"601\" src=\"https:\/\/agora.xtec.cat\/escolaelgarrofer\/wp-content\/uploads\/usu580\/2025\/06\/Screenshot-2025-06-05-11.25.48.png\" alt=\"\" class=\"wp-image-5697\" srcset=\"https:\/\/agora.xtec.cat\/escolaelgarrofer\/wp-content\/uploads\/usu580\/2025\/06\/Screenshot-2025-06-05-11.25.48.png 848w, https:\/\/agora.xtec.cat\/escolaelgarrofer\/wp-content\/uploads\/usu580\/2025\/06\/Screenshot-2025-06-05-11.25.48-300x213.png 300w, https:\/\/agora.xtec.cat\/escolaelgarrofer\/wp-content\/uploads\/usu580\/2025\/06\/Screenshot-2025-06-05-11.25.48-768x544.png 768w\" sizes=\"auto, (max-width: 848px) 100vw, 848px\" \/><\/a><\/figure>\n","protected":false},"excerpt":{"rendered":"<p>La Ludoteca de l&#8217;Escola El Garrofer \u00e9s un espai m\u00e0gic de conviv\u00e8ncia i aprenentatge on el joc esdev\u00e9 l&#8217;eina principal per cr\u00e9ixer. Dissenyada per ser un refugi de creativitat i diversi\u00f3, \u00e9s el lloc on els alumnes exploren les seves habilitats socials i emocionals fora del format de l&#8217;aula convencional. Aquests s\u00f3n els pilars que [&hellip;]<\/p>\n","protected":false},"author":48,"featured_media":0,"parent":30,"menu_order":0,"comment_status":"closed","ping_status":"close","template":"","meta":{"_bbp_topic_count":0,"_bbp_reply_count":0,"_bbp_total_topic_count":0,"_bbp_total_reply_count":0,"_bbp_voice_count":0,"_bbp_anonymous_reply_count":0,"_bbp_topic_count_hidden":0,"_bbp_reply_count_hidden":0,"_bbp_forum_subforum_count":0,"site-sidebar-layout":"default","site-content-layout":"","ast-site-content-layout":"default","site-content-style":"default","site-sidebar-style":"default","ast-global-header-display":"","ast-banner-title-visibility":"","ast-main-header-display":"","ast-hfb-above-header-display":"","ast-hfb-below-header-display":"","ast-hfb-mobile-header-display":"","site-post-title":"","ast-breadcrumbs-content":"","ast-featured-img":"","footer-sml-layout":"","theme-transparent-header-meta":"","adv-header-id-meta":"","stick-header-meta":"","header-above-stick-meta":"","header-main-stick-meta":"","header-below-stick-meta":"","astra-migrate-meta-layouts":"set","ast-page-background-enabled":"default","ast-page-background-meta":{"desktop":{"background-color":"var(--ast-global-color-4)","background-image":"","background-repeat":"repeat","background-position":"center center","background-size":"auto","background-attachment":"scroll","background-type":"","background-media":"","overlay-type":"","overlay-color":"","overlay-opacity":"","overlay-gradient":""},"tablet":{"background-color":"","background-image":"","background-repeat":"repeat","background-position":"center center","background-size":"auto","background-attachment":"scroll","background-type":"","background-media":"","overlay-type":"","overlay-color":"","overlay-opacity":"","overlay-gradient":""},"mobile":{"background-color":"","background-image":"","background-repeat":"repeat","background-position":"center center","background-size":"auto","background-attachment":"scroll","background-type":"","background-media":"","overlay-type":"","overlay-color":"","overlay-opacity":"","overlay-gradient":""}},"ast-content-background-meta":{"desktop":{"background-color":"var(--ast-global-color-5)","background-image":"","background-repeat":"repeat","background-position":"center center","background-size":"auto","background-attachment":"scroll","background-type":"","background-media":"","overlay-type":"","overlay-color":"","overlay-opacity":"","overlay-gradient":""},"tablet":{"background-color":"var(--ast-global-color-5)","background-image":"","background-repeat":"repeat","background-position":"center center","background-size":"auto","background-attachment":"scroll","background-type":"","background-media":"","overlay-type":"","overlay-color":"","overlay-opacity":"","overlay-gradient":""},"mobile":{"background-color":"var(--ast-global-color-5)","background-image":"","background-repeat":"repeat","background-position":"center center","background-size":"auto","background-attachment":"scroll","background-type":"","background-media":"","overlay-type":"","overlay-color":"","overlay-opacity":"","overlay-gradient":""}},"footnotes":""},"class_list":["post-6124","page","type-page","status-publish","hentry"],"post_mailing_queue_ids":[],"_links":{"self":[{"href":"https:\/\/agora.xtec.cat\/escolaelgarrofer\/wp-json\/wp\/v2\/pages\/6124","targetHints":{"allow":["GET"]}}],"collection":[{"href":"https:\/\/agora.xtec.cat\/escolaelgarrofer\/wp-json\/wp\/v2\/pages"}],"about":[{"href":"https:\/\/agora.xtec.cat\/escolaelgarrofer\/wp-json\/wp\/v2\/types\/page"}],"author":[{"embeddable":true,"href":"https:\/\/agora.xtec.cat\/escolaelgarrofer\/wp-json\/wp\/v2\/users\/48"}],"replies":[{"embeddable":true,"href":"https:\/\/agora.xtec.cat\/escolaelgarrofer\/wp-json\/wp\/v2\/comments?post=6124"}],"version-history":[{"count":4,"href":"https:\/\/agora.xtec.cat\/escolaelgarrofer\/wp-json\/wp\/v2\/pages\/6124\/revisions"}],"predecessor-version":[{"id":6296,"href":"https:\/\/agora.xtec.cat\/escolaelgarrofer\/wp-json\/wp\/v2\/pages\/6124\/revisions\/6296"}],"up":[{"embeddable":true,"href":"https:\/\/agora.xtec.cat\/escolaelgarrofer\/wp-json\/wp\/v2\/pages\/30"}],"wp:attachment":[{"href":"https:\/\/agora.xtec.cat\/escolaelgarrofer\/wp-json\/wp\/v2\/media?parent=6124"}],"curies":[{"name":"wp","href":"https:\/\/api.w.org\/{rel}","templated":true}]}}