{"id":534,"date":"2017-04-15T19:13:36","date_gmt":"2017-04-15T17:13:36","guid":{"rendered":"http:\/\/agora.xtec.cat\/escolaelgarrofer\/?page_id=534"},"modified":"2020-10-17T08:52:33","modified_gmt":"2020-10-17T06:52:33","slug":"missio-visio-i-valors","status":"publish","type":"page","link":"https:\/\/agora.xtec.cat\/escolaelgarrofer\/lescola\/missio-visio-i-valors\/","title":{"rendered":"Missi\u00f3, visi\u00f3 i valors"},"content":{"rendered":"<p><strong>La missi\u00f3<\/strong> de la nostra escola \u00e9s la de formar persones <strong>responsables, lliures, felices i<\/strong> <strong>solid\u00e0ries<\/strong> amb l\u2019entorn i la societat que els envolta. Volem respondre a les demandes de la societat actual i de futur, una societat l\u00edquida amb continus canvis i moviment constant on tothom s\u2019ha d\u2019adaptar i ser m\u00e9s flexible als contextos que li toquen viure cada dia.<\/p>\n<p>&nbsp;<\/p>\n<p><strong>La visi\u00f3<\/strong> de futur, principal motivaci\u00f3 per desenvolupar aquest projecte, \u00e9s la de definir-nos com:<\/p>\n<p>escola catalana, arrelada al nostre entorn i oberta a totes les fam\u00edlies i persones que s\u2019hi relacionen.<\/p>\n<p>Centrem la nostra tasca en l\u2019alumnat i en el seu desenvolupament com a persona que forma part de la nostra societat de futur. Volem la millora de l\u2019aprenentatge del nostre alumnat, basant-nos en un aprenentatge competencial i cooperatiu. Implementem el treball de millora educativa mitjan\u00e7ant les noves tecnologies.<\/p>\n<p>Promovem l\u2019educaci\u00f3 emocional a les aules per poder oferir estrat\u00e8gies que ajudin als nostres alumnes a afrontar el futur amb garanties d\u2019\u00e8xit.<\/p>\n<p>&nbsp;<\/p>\n<p><strong>Els valors<\/strong> que ens defineixen s\u00f3n el pluralisme; escola p\u00fablica oberta a tots els ciutadans sense cap tipus de distinci\u00f3 i aconfessional amb el m\u00e0xim respecte amb les confessions de fam\u00edlies, alumnes i mestres del centre.<\/p>\n<p>Tamb\u00e9 defensem la innovaci\u00f3 per potenciar l\u2019aprenentatge de les noves tecnologies i promoure l\u2019inter\u00e8s per les ci\u00e8ncies, les lleng\u00fces, el m\u00f3n art\u00edstic-cultural i la salut.<\/p>\n<p>La conviv\u00e8ncia i la cohesi\u00f3 social s\u00f3n essencials en el nostre dia a dia on la diversitat \u00e9s l\u2019oportunitat per cr\u00e9ixer i desenvolupar-nos com centre inclusiu.<\/p>\n","protected":false},"excerpt":{"rendered":"<p>La missi\u00f3 de la nostra escola \u00e9s la de formar persones responsables, lliures, felices i solid\u00e0ries amb l\u2019entorn i la societat que els envolta. Volem respondre a les demandes de la societat actual i de futur, una societat l\u00edquida amb continus canvis i moviment constant on tothom s\u2019ha d\u2019adaptar i ser m\u00e9s flexible als contextos [&hellip;]<\/p>\n","protected":false},"author":1,"featured_media":0,"parent":22,"menu_order":25,"comment_status":"closed","ping_status":"closed","template":"page-templates\/side-menu.php","meta":{"_bbp_topic_count":0,"_bbp_reply_count":0,"_bbp_total_topic_count":0,"_bbp_total_reply_count":0,"_bbp_voice_count":0,"_bbp_anonymous_reply_count":0,"_bbp_topic_count_hidden":0,"_bbp_reply_count_hidden":0,"_bbp_forum_subforum_count":0,"site-sidebar-layout":"default","site-content-layout":"","ast-site-content-layout":"","site-content-style":"default","site-sidebar-style":"default","ast-global-header-display":"","ast-banner-title-visibility":"","ast-main-header-display":"","ast-hfb-above-header-display":"","ast-hfb-below-header-display":"","ast-hfb-mobile-header-display":"","site-post-title":"","ast-breadcrumbs-content":"","ast-featured-img":"","footer-sml-layout":"","theme-transparent-header-meta":"","adv-header-id-meta":"","stick-header-meta":"","header-above-stick-meta":"","header-main-stick-meta":"","header-below-stick-meta":"","astra-migrate-meta-layouts":"default","ast-page-background-enabled":"default","ast-page-background-meta":{"desktop":{"background-color":"var(--ast-global-color-4)","background-image":"","background-repeat":"repeat","background-position":"center center","background-size":"auto","background-attachment":"scroll","background-type":"","background-media":"","overlay-type":"","overlay-color":"","overlay-opacity":"","overlay-gradient":""},"tablet":{"background-color":"","background-image":"","background-repeat":"repeat","background-position":"center center","background-size":"auto","background-attachment":"scroll","background-type":"","background-media":"","overlay-type":"","overlay-color":"","overlay-opacity":"","overlay-gradient":""},"mobile":{"background-color":"","background-image":"","background-repeat":"repeat","background-position":"center center","background-size":"auto","background-attachment":"scroll","background-type":"","background-media":"","overlay-type":"","overlay-color":"","overlay-opacity":"","overlay-gradient":""}},"ast-content-background-meta":{"desktop":{"background-color":"var(--ast-global-color-5)","background-image":"","background-repeat":"repeat","background-position":"center center","background-size":"auto","background-attachment":"scroll","background-type":"","background-media":"","overlay-type":"","overlay-color":"","overlay-opacity":"","overlay-gradient":""},"tablet":{"background-color":"var(--ast-global-color-5)","background-image":"","background-repeat":"repeat","background-position":"center center","background-size":"auto","background-attachment":"scroll","background-type":"","background-media":"","overlay-type":"","overlay-color":"","overlay-opacity":"","overlay-gradient":""},"mobile":{"background-color":"var(--ast-global-color-5)","background-image":"","background-repeat":"repeat","background-position":"center center","background-size":"auto","background-attachment":"scroll","background-type":"","background-media":"","overlay-type":"","overlay-color":"","overlay-opacity":"","overlay-gradient":""}},"footnotes":""},"class_list":["post-534","page","type-page","status-publish","hentry"],"post_mailing_queue_ids":[],"_links":{"self":[{"href":"https:\/\/agora.xtec.cat\/escolaelgarrofer\/wp-json\/wp\/v2\/pages\/534","targetHints":{"allow":["GET"]}}],"collection":[{"href":"https:\/\/agora.xtec.cat\/escolaelgarrofer\/wp-json\/wp\/v2\/pages"}],"about":[{"href":"https:\/\/agora.xtec.cat\/escolaelgarrofer\/wp-json\/wp\/v2\/types\/page"}],"author":[{"embeddable":true,"href":"https:\/\/agora.xtec.cat\/escolaelgarrofer\/wp-json\/wp\/v2\/users\/1"}],"replies":[{"embeddable":true,"href":"https:\/\/agora.xtec.cat\/escolaelgarrofer\/wp-json\/wp\/v2\/comments?post=534"}],"version-history":[{"count":2,"href":"https:\/\/agora.xtec.cat\/escolaelgarrofer\/wp-json\/wp\/v2\/pages\/534\/revisions"}],"predecessor-version":[{"id":3391,"href":"https:\/\/agora.xtec.cat\/escolaelgarrofer\/wp-json\/wp\/v2\/pages\/534\/revisions\/3391"}],"up":[{"embeddable":true,"href":"https:\/\/agora.xtec.cat\/escolaelgarrofer\/wp-json\/wp\/v2\/pages\/22"}],"wp:attachment":[{"href":"https:\/\/agora.xtec.cat\/escolaelgarrofer\/wp-json\/wp\/v2\/media?parent=534"}],"curies":[{"name":"wp","href":"https:\/\/api.w.org\/{rel}","templated":true}]}}