{"id":26,"date":"2014-09-18T12:24:32","date_gmt":"2014-09-18T11:24:32","guid":{"rendered":"http:\/\/agora.xtec.cat\/escolaelgarrofer\/?page_id=26"},"modified":"2026-02-23T12:35:34","modified_gmt":"2026-02-23T11:35:34","slug":"historia","status":"publish","type":"page","link":"https:\/\/agora.xtec.cat\/escolaelgarrofer\/lescola\/historia\/","title":{"rendered":"Hist\u00f2ria"},"content":{"rendered":"<p>La nostra escola es va obrir l&#8217;any <strong>1974<\/strong> per les autoritats educatives de l&#8217;\u00e8poca sota el nom de <strong>Dr. Vicen\u00e7 Ferro<\/strong>, una personalitat p\u00fablica local que havia ocupat c\u00e0rrecs pol\u00edtics durant el franquisme.<\/p>\n<p>En aplicaci\u00f3 de la <em>Llei de mem\u00f2ria hist\u00f2rica<\/em> vam iniciar al curs 2009-2010 un proc\u00e9s de selecci\u00f3 i canvi del nom oficial. A partir de juliol de <strong>2010<\/strong> finalment es tria\u00a0 &#8220;<span style=\"color: #008000;\"><strong>El Garrofer<\/strong><\/span>&#8221; en honor als frondosos boscos d&#8217;arbres d&#8217;aquesta esp\u00e8cie que recobrien els <span style=\"color: #000000;\">turons <\/span>de <strong><span style=\"color: #008000;\">Viladecans<\/span> <\/strong>abans del seu urbanisme a la segona meitat del segle XX. Concretament tenim un exemplar en molt bon estat (l&#8217;\u00fanic que es conserv\u00e0 dels antics boscos de garrofers) que d\u00f3na la benvinguda als alumnes i visitants del centre des de la seva porta principal al carrer Dos de Maig n\u00famero 39.<\/p>\n<p>Som una escola \u00fanica a Viladecans pel que fa a la seva <span style=\"color: #008000;\"><strong>centralitat geogr\u00e0fica<\/strong><\/span>, accessible des de qualsevol barri de la Vila a peu en 15 minuts. Tamb\u00e9 perqu\u00e8 som de les m\u00e9s antigues, la segona generaci\u00f3 de centres p\u00fablics que es van obrir als anys 70 dels segle passat, fet que ens atorga l&#8217;experi\u00e8ncia d&#8217;haver educat generacions de viladecanencs que recorden amb afecte el &#8220;<em>ferro<\/em>&#8220;, la <span style=\"color: #008000;\"><strong>seva<\/strong> <strong>escola<\/strong><\/span>.<\/p>\n<p>Ens trobem ben entrats al segle XXI amb <span style=\"color: #008000;\"><strong>gran renovaci\u00f3 pedag\u00f2gica<\/strong><\/span> i a l&#8217;avantguarda de les m\u00e9s recents<span style=\"color: #008000;\"><strong> innovacions did\u00e0ctiques<\/strong><\/span> en benefici dels nostres alumnes. Us convidem a visitar-nos a les jornades de portes obertes, els patis oberts, o en qualsevol moment sobre demanda amb una cita, <span style=\"color: #008000;\"><strong>benvinguts<\/strong>!<\/span><\/p>\n<p style=\"text-align: center;\"><a href=\"https:\/\/agora.xtec.cat\/escolaelgarrofer\/wp-content\/uploads\/usu580\/2021\/10\/Captura-de-pantalla-2021-10-17-a-las-15.28.49.png\"><img loading=\"lazy\" decoding=\"async\" class=\"alignnone size-full wp-image-4036\" src=\"https:\/\/agora.xtec.cat\/escolaelgarrofer\/wp-content\/uploads\/usu580\/2021\/10\/Captura-de-pantalla-2021-10-17-a-las-15.28.49.png\" alt=\"\" width=\"582\" height=\"778\" srcset=\"https:\/\/agora.xtec.cat\/escolaelgarrofer\/wp-content\/uploads\/usu580\/2021\/10\/Captura-de-pantalla-2021-10-17-a-las-15.28.49.png 582w, https:\/\/agora.xtec.cat\/escolaelgarrofer\/wp-content\/uploads\/usu580\/2021\/10\/Captura-de-pantalla-2021-10-17-a-las-15.28.49-224x300.png 224w\" sizes=\"auto, (max-width: 582px) 100vw, 582px\" \/><\/a><\/p>\n","protected":false},"excerpt":{"rendered":"<p>La nostra escola es va obrir l&#8217;any 1974 per les autoritats educatives de l&#8217;\u00e8poca sota el nom de Dr. Vicen\u00e7 Ferro, una personalitat p\u00fablica local que havia ocupat c\u00e0rrecs pol\u00edtics durant el franquisme. En aplicaci\u00f3 de la Llei de mem\u00f2ria hist\u00f2rica vam iniciar al curs 2009-2010 un proc\u00e9s de selecci\u00f3 i canvi del nom oficial. [&hellip;]<\/p>\n","protected":false},"author":1,"featured_media":0,"parent":22,"menu_order":20,"comment_status":"closed","ping_status":"closed","template":"page-templates\/side-menu.php","meta":{"_bbp_topic_count":0,"_bbp_reply_count":0,"_bbp_total_topic_count":0,"_bbp_total_reply_count":0,"_bbp_voice_count":0,"_bbp_anonymous_reply_count":0,"_bbp_topic_count_hidden":0,"_bbp_reply_count_hidden":0,"_bbp_forum_subforum_count":0,"site-sidebar-layout":"default","site-content-layout":"","ast-site-content-layout":"default","site-content-style":"default","site-sidebar-style":"default","ast-global-header-display":"","ast-banner-title-visibility":"","ast-main-header-display":"","ast-hfb-above-header-display":"","ast-hfb-below-header-display":"","ast-hfb-mobile-header-display":"","site-post-title":"","ast-breadcrumbs-content":"","ast-featured-img":"","footer-sml-layout":"","theme-transparent-header-meta":"","adv-header-id-meta":"","stick-header-meta":"","header-above-stick-meta":"","header-main-stick-meta":"","header-below-stick-meta":"","astra-migrate-meta-layouts":"set","ast-page-background-enabled":"default","ast-page-background-meta":{"desktop":{"background-color":"var(--ast-global-color-4)","background-image":"","background-repeat":"repeat","background-position":"center center","background-size":"auto","background-attachment":"scroll","background-type":"","background-media":"","overlay-type":"","overlay-color":"","overlay-opacity":"","overlay-gradient":""},"tablet":{"background-color":"","background-image":"","background-repeat":"repeat","background-position":"center center","background-size":"auto","background-attachment":"scroll","background-type":"","background-media":"","overlay-type":"","overlay-color":"","overlay-opacity":"","overlay-gradient":""},"mobile":{"background-color":"","background-image":"","background-repeat":"repeat","background-position":"center center","background-size":"auto","background-attachment":"scroll","background-type":"","background-media":"","overlay-type":"","overlay-color":"","overlay-opacity":"","overlay-gradient":""}},"ast-content-background-meta":{"desktop":{"background-color":"var(--ast-global-color-5)","background-image":"","background-repeat":"repeat","background-position":"center center","background-size":"auto","background-attachment":"scroll","background-type":"","background-media":"","overlay-type":"","overlay-color":"","overlay-opacity":"","overlay-gradient":""},"tablet":{"background-color":"var(--ast-global-color-5)","background-image":"","background-repeat":"repeat","background-position":"center center","background-size":"auto","background-attachment":"scroll","background-type":"","background-media":"","overlay-type":"","overlay-color":"","overlay-opacity":"","overlay-gradient":""},"mobile":{"background-color":"var(--ast-global-color-5)","background-image":"","background-repeat":"repeat","background-position":"center center","background-size":"auto","background-attachment":"scroll","background-type":"","background-media":"","overlay-type":"","overlay-color":"","overlay-opacity":"","overlay-gradient":""}},"footnotes":""},"class_list":["post-26","page","type-page","status-publish","hentry"],"post_mailing_queue_ids":[],"_links":{"self":[{"href":"https:\/\/agora.xtec.cat\/escolaelgarrofer\/wp-json\/wp\/v2\/pages\/26","targetHints":{"allow":["GET"]}}],"collection":[{"href":"https:\/\/agora.xtec.cat\/escolaelgarrofer\/wp-json\/wp\/v2\/pages"}],"about":[{"href":"https:\/\/agora.xtec.cat\/escolaelgarrofer\/wp-json\/wp\/v2\/types\/page"}],"author":[{"embeddable":true,"href":"https:\/\/agora.xtec.cat\/escolaelgarrofer\/wp-json\/wp\/v2\/users\/1"}],"replies":[{"embeddable":true,"href":"https:\/\/agora.xtec.cat\/escolaelgarrofer\/wp-json\/wp\/v2\/comments?post=26"}],"version-history":[{"count":4,"href":"https:\/\/agora.xtec.cat\/escolaelgarrofer\/wp-json\/wp\/v2\/pages\/26\/revisions"}],"predecessor-version":[{"id":6339,"href":"https:\/\/agora.xtec.cat\/escolaelgarrofer\/wp-json\/wp\/v2\/pages\/26\/revisions\/6339"}],"up":[{"embeddable":true,"href":"https:\/\/agora.xtec.cat\/escolaelgarrofer\/wp-json\/wp\/v2\/pages\/22"}],"wp:attachment":[{"href":"https:\/\/agora.xtec.cat\/escolaelgarrofer\/wp-json\/wp\/v2\/media?parent=26"}],"curies":[{"name":"wp","href":"https:\/\/api.w.org\/{rel}","templated":true}]}}