{"id":8630,"date":"2025-11-10T16:03:18","date_gmt":"2025-11-10T15:03:18","guid":{"rendered":"https:\/\/agora.xtec.cat\/escolaeldofi\/?page_id=8630"},"modified":"2025-11-10T16:09:49","modified_gmt":"2025-11-10T15:09:49","slug":"clicka","status":"publish","type":"page","link":"https:\/\/agora.xtec.cat\/escolaeldofi\/clicka\/","title":{"rendered":"Clicka"},"content":{"rendered":"<p><a href=\"https:\/\/agora.xtec.cat\/escolaeldofi\/wp-content\/uploads\/usu2141\/2025\/11\/cropped-Logo_cap_web.png\"><img loading=\"lazy\" decoding=\"async\" class=\"wp-image-8634 alignleft\" src=\"https:\/\/agora.xtec.cat\/escolaeldofi\/wp-content\/uploads\/usu2141\/2025\/11\/cropped-Logo_cap_web.png\" alt=\"\" width=\"214\" height=\"214\" srcset=\"https:\/\/agora.xtec.cat\/escolaeldofi\/wp-content\/uploads\/usu2141\/2025\/11\/cropped-Logo_cap_web.png 512w, https:\/\/agora.xtec.cat\/escolaeldofi\/wp-content\/uploads\/usu2141\/2025\/11\/cropped-Logo_cap_web-300x300.png 300w, https:\/\/agora.xtec.cat\/escolaeldofi\/wp-content\/uploads\/usu2141\/2025\/11\/cropped-Logo_cap_web-150x150.png 150w\" sizes=\"auto, (max-width: 214px) 100vw, 214px\" \/><\/a><\/p>\n<p>La Clika \u00e9s un projecte social sense \u00e0nim de lucre que promou la m\u00fasica i la cultura a la infantesa.<\/p>\n<p>Connectem la m\u00fasica a la mainada a trav\u00e9s de l\u2019univers narratiu de nou personatges que formen la colla d\u2019amigues que dona nom al projecte, La Clika. Elles i les seves aventures, s\u00f3n el fil conductor de totes les iniciatives del projecte.<\/p>\n<p>A trav\u00e9s de l\u2019univers de La Clika, generem recursos gratu\u00efts per enfortir l\u2019aprenentatge musical a als centres de prim\u00e0ria, materials per a fer m\u00fasica en fam\u00edlia i organitzem espectacles familiars i cantates escolars, que desperten l\u2019amor per la cultura i la m\u00fasica en viu a la quitxalla.<\/p>\n<p>Podeu consultar m\u00e9s sobre el projecte a:\u00a0 <a href=\"https:\/\/laclika.cat\/\">https:\/\/laclika.cat\/<\/a><\/p>\n","protected":false},"excerpt":{"rendered":"<p><a href=\"https:\/\/agora.xtec.cat\/escolaeldofi\/wp-content\/uploads\/usu2141\/2025\/11\/cropped-Logo_cap_web.png\"><\/a><br \/>\nLa Clika \u00e9s un projecte social sense \u00e0nim de lucre que promou la m\u00fasica i la cultura a la infantesa.<br \/>\nConnectem la m\u00fasica a la mainada a trav\u00e9s de l\u2019univers narratiu de nou personatges que formen la colla d\u2019amigues que dona nom al projecte, La&hellip;  <a href=\"https:\/\/agora.xtec.cat\/escolaeldofi\/clicka\/\" title=\"Read Clicka\">Llegeix m\u00e9s\u00bb<\/a><\/p>\n","protected":false},"author":51,"featured_media":0,"parent":0,"menu_order":0,"comment_status":"closed","ping_status":"closed","template":"","meta":{"_bbp_topic_count":0,"_bbp_reply_count":0,"_bbp_total_topic_count":0,"_bbp_total_reply_count":0,"_bbp_voice_count":0,"_bbp_anonymous_reply_count":0,"_bbp_topic_count_hidden":0,"_bbp_reply_count_hidden":0,"_bbp_forum_subforum_count":0,"footnotes":""},"class_list":["post-8630","page","type-page","status-publish","hentry"],"post_mailing_queue_ids":[],"_links":{"self":[{"href":"https:\/\/agora.xtec.cat\/escolaeldofi\/wp-json\/wp\/v2\/pages\/8630","targetHints":{"allow":["GET"]}}],"collection":[{"href":"https:\/\/agora.xtec.cat\/escolaeldofi\/wp-json\/wp\/v2\/pages"}],"about":[{"href":"https:\/\/agora.xtec.cat\/escolaeldofi\/wp-json\/wp\/v2\/types\/page"}],"author":[{"embeddable":true,"href":"https:\/\/agora.xtec.cat\/escolaeldofi\/wp-json\/wp\/v2\/users\/51"}],"replies":[{"embeddable":true,"href":"https:\/\/agora.xtec.cat\/escolaeldofi\/wp-json\/wp\/v2\/comments?post=8630"}],"version-history":[{"count":3,"href":"https:\/\/agora.xtec.cat\/escolaeldofi\/wp-json\/wp\/v2\/pages\/8630\/revisions"}],"predecessor-version":[{"id":8636,"href":"https:\/\/agora.xtec.cat\/escolaeldofi\/wp-json\/wp\/v2\/pages\/8630\/revisions\/8636"}],"wp:attachment":[{"href":"https:\/\/agora.xtec.cat\/escolaeldofi\/wp-json\/wp\/v2\/media?parent=8630"}],"curies":[{"name":"wp","href":"https:\/\/api.w.org\/{rel}","templated":true}]}}