{"id":732,"date":"2020-10-14T13:51:21","date_gmt":"2020-10-14T11:51:21","guid":{"rendered":"https:\/\/agora.xtec.cat\/escolaeldofi\/?page_id=732"},"modified":"2023-11-17T09:59:30","modified_gmt":"2023-11-17T08:59:30","slug":"acollida","status":"publish","type":"page","link":"https:\/\/agora.xtec.cat\/escolaeldofi\/serveis-escola\/acollida\/","title":{"rendered":"Acollida"},"content":{"rendered":"<p>L\u2019escola disposa d\u2019un servei d\u2019acollida de 7,45 a 9 del mat\u00ed.<\/p>\n<p>Per poder accedir a la utilitzaci\u00f3 d&#8217;aquest servei cal fer la inscripci\u00f3 a trav\u00e9s de l&#8217;aplicaci\u00f3 TPVescola. Podeu consultar les instruccions en el seg\u00fcent <a href=\"https:\/\/agora.xtec.cat\/escolaeldofi\/wp-content\/uploads\/usu2141\/2023\/11\/Servei-Acollida-Escola-El-Dofi_2023_24.pdf\">enlla\u00e7<\/a>.<\/p>\n<p><a href=\"https:\/\/agora.xtec.cat\/escolaeldofi\/wp-content\/uploads\/usu2141\/2023\/11\/Servei-Acollida-Escola-El-Dofi_2023_24.pdf\">Servei d&#8217;acollida escola El Dof\u00ed curs 2023-24<\/a><\/p>\n<p>&nbsp;<\/p>\n<p><img decoding=\"async\" class=\"aligncenter\" src=\"https:\/\/agora.xtec.cat\/escolamontbui\/wp-content\/uploads\/usu116\/2014\/10\/teaserbox_38338300.jpg\" alt=\"Acollida matinal i migdia | Escola Montbui\" \/><\/p>\n","protected":false},"excerpt":{"rendered":"<p>L\u2019escola disposa d\u2019un servei d\u2019acollida de 7,45 a 9 del mat\u00ed.<br \/>\nPer poder accedir a la utilitzaci\u00f3 d&#8217;aquest servei cal fer la inscripci\u00f3 a trav\u00e9s de l&#8217;aplicaci\u00f3 TPVescola. Podeu consultar les instruccions en el seg\u00fcent <a href=\"https:\/\/agora.xtec.cat\/escolaeldofi\/wp-content\/uploads\/usu2141\/2023\/11\/Servei-Acollida-Escola-El-Dofi_2023_24.pdf\">enlla\u00e7<\/a>.<br \/>\n<a href=\"https:\/\/agora.xtec.cat\/escolaeldofi\/wp-content\/uploads\/usu2141\/2023\/11\/Servei-Acollida-Escola-El-Dofi_2023_24.pdf\">Servei d&#8217;acollida escola El Dof\u00ed curs 2023-24<\/a><br \/>\n&nbsp;<\/p>\n","protected":false},"author":5,"featured_media":0,"parent":725,"menu_order":20,"comment_status":"closed","ping_status":"closed","template":"","meta":{"_bbp_topic_count":0,"_bbp_reply_count":0,"_bbp_total_topic_count":0,"_bbp_total_reply_count":0,"_bbp_voice_count":0,"_bbp_anonymous_reply_count":0,"_bbp_topic_count_hidden":0,"_bbp_reply_count_hidden":0,"_bbp_forum_subforum_count":0,"footnotes":""},"class_list":["post-732","page","type-page","status-publish","hentry"],"post_mailing_queue_ids":[],"_links":{"self":[{"href":"https:\/\/agora.xtec.cat\/escolaeldofi\/wp-json\/wp\/v2\/pages\/732","targetHints":{"allow":["GET"]}}],"collection":[{"href":"https:\/\/agora.xtec.cat\/escolaeldofi\/wp-json\/wp\/v2\/pages"}],"about":[{"href":"https:\/\/agora.xtec.cat\/escolaeldofi\/wp-json\/wp\/v2\/types\/page"}],"author":[{"embeddable":true,"href":"https:\/\/agora.xtec.cat\/escolaeldofi\/wp-json\/wp\/v2\/users\/5"}],"replies":[{"embeddable":true,"href":"https:\/\/agora.xtec.cat\/escolaeldofi\/wp-json\/wp\/v2\/comments?post=732"}],"version-history":[{"count":7,"href":"https:\/\/agora.xtec.cat\/escolaeldofi\/wp-json\/wp\/v2\/pages\/732\/revisions"}],"predecessor-version":[{"id":6336,"href":"https:\/\/agora.xtec.cat\/escolaeldofi\/wp-json\/wp\/v2\/pages\/732\/revisions\/6336"}],"up":[{"embeddable":true,"href":"https:\/\/agora.xtec.cat\/escolaeldofi\/wp-json\/wp\/v2\/pages\/725"}],"wp:attachment":[{"href":"https:\/\/agora.xtec.cat\/escolaeldofi\/wp-json\/wp\/v2\/media?parent=732"}],"curies":[{"name":"wp","href":"https:\/\/api.w.org\/{rel}","templated":true}]}}