{"id":727,"date":"2020-10-14T13:47:13","date_gmt":"2020-10-14T11:47:13","guid":{"rendered":"https:\/\/agora.xtec.cat\/escolaeldofi\/?page_id=727"},"modified":"2026-02-25T11:10:00","modified_gmt":"2026-02-25T10:10:00","slug":"menjador-escolar","status":"publish","type":"page","link":"https:\/\/agora.xtec.cat\/escolaeldofi\/serveis-escola\/menjador-escolar\/","title":{"rendered":"Menjador escolar"},"content":{"rendered":"<p style=\"text-align: justify;\">El menjador escolar ofereix <a href=\"http:\/\/blocs.xtec.cat\/escolaeldofi\/files\/2013\/09\/Screenshot-2020-10-01-at-20.47.13-696x360.jpg\"><img loading=\"lazy\" decoding=\"async\" class=\"alignleft wp-image-12981\" src=\"http:\/\/blocs.xtec.cat\/escolaeldofi\/files\/2013\/09\/Screenshot-2020-10-01-at-20.47.13-696x360.jpg\" alt=\"\" width=\"346\" height=\"179\" \/><\/a>un servei regular o espor\u00e0dic en funci\u00f3 de les necessitats familiars. El monitoratge facilita que aquest temps pugui ser l\u00fadic o de descans pels m\u00e9s petits.<\/p>\n<p style=\"text-align: left;\">El menjador est\u00e0 gestionat directament per l\u2019AFA de l\u2019escola amb total coordinaci\u00f3 amb la direcci\u00f3 del centre. L\u2019empresa contractada per fer aquest servei \u00e9s Can Quim C\u00e0tering (encarregada de la part d\u2019alimentaci\u00f3) i Fundaci\u00f3 Din\u00e0mic (encarregada del monitoratge).<\/p>\n<p style=\"text-align: left;\">Per poder accedir a la utilitzaci\u00f3 del servei cal fer la inscripci\u00f3 a trav\u00e9s de la plataforma de l&#8217;app de Fundesplai.\u00a0 Aquesta inscripci\u00f3 l\u2019hem de fer totes les fam\u00edlies que vulguem utilitzar aquest servei.<\/p>\n<p style=\"text-align: center;\"><span style=\"font-size: 36pt;\"><strong><span style=\"font-family: arial, helvetica, sans-serif;\">MEN\u00da<\/span><\/strong><\/span><\/p>\n<p style=\"text-align: center;\">Men\u00fa de setembre 2025<\/p>\n<p style=\"text-align: center;\">Men\u00fa d&#8217;octubre 2025<\/p>\n<p style=\"text-align: center;\">Men\u00fa de novembre 2025<\/p>\n<p style=\"text-align: center;\">Men\u00fa de desembre 2025<\/p>\n<p style=\"text-align: center;\">Men\u00fa de gener 2026<\/p>\n<p style=\"text-align: center;\"><a href=\"https:\/\/drive.google.com\/file\/d\/1pXBXYxLxRGGUrhZXAhuILoYaTzNNnjOq\/view?usp=sharing\">Men\u00fa de febrer 2026<\/a><\/p>\n<p style=\"text-align: center;\"><a href=\"https:\/\/drive.google.com\/file\/d\/1oB9SRGh9skDiTdJUZ3ysYjBlxoPJpw8Q\/view?usp=drive_link\">Men\u00fa de mar\u00e7 2026<\/a><\/p>\n<p style=\"text-align: center;\">Men\u00fa d&#8217;abril 2026<\/p>\n<p style=\"text-align: center;\">Men\u00fa de maig 2026<\/p>\n<p style=\"text-align: center;\">Men\u00fa de juny 2026<\/p>\n<p>&nbsp;<\/p>\n<p>&nbsp;<\/p>\n<p>&nbsp;<\/p>\n<p style=\"text-align: justify;\"><img loading=\"lazy\" decoding=\"async\" class=\"wp-image-3279 aligncenter\" src=\"https:\/\/agora.xtec.cat\/escolaeldofi\/wp-content\/uploads\/usu2141\/2021\/10\/Menjador-escolar-4.jpg\" alt=\"\" width=\"155\" height=\"124\" srcset=\"https:\/\/agora.xtec.cat\/escolaeldofi\/wp-content\/uploads\/usu2141\/2021\/10\/Menjador-escolar-4.jpg 400w, https:\/\/agora.xtec.cat\/escolaeldofi\/wp-content\/uploads\/usu2141\/2021\/10\/Menjador-escolar-4-300x239.jpg 300w\" sizes=\"auto, (max-width: 155px) 100vw, 155px\" \/><\/p>\n<p style=\"text-align: center;\"><span style=\"font-size: 24pt; color: #800080;\"><a style=\"color: #800080;\" href=\"https:\/\/photos.app.goo.gl\/S4ZhTZL8YbaAzNaP7\"><strong><span style=\"font-family: arial, helvetica, sans-serif;\">Recull fotogr\u00e0fic<\/span><\/strong><\/a><\/span><\/p>\n<p style=\"text-align: center;\"><span style=\"font-size: 24pt; color: #800080;\"><a href=\"https:\/\/photos.app.goo.gl\/S4ZhTZL8YbaAzNaP7\"><img loading=\"lazy\" decoding=\"async\" class=\"alignnone\" title=\"Moments al menjador\" src=\"https:\/\/images-na.ssl-images-amazon.com\/images\/I\/71N7jTcdtHL._AC_SL1500_.jpg\" alt=\"Camera with Flash Emoji Pack of 4 80mm x 80mm Coaster: Amazon.co.uk: Kitchen &amp; Home\" width=\"83\" height=\"84\" \/><\/a><\/span><\/p>\n","protected":false},"excerpt":{"rendered":"<p>El menjador escolar ofereix <a href=\"http:\/\/blocs.xtec.cat\/escolaeldofi\/files\/2013\/09\/Screenshot-2020-10-01-at-20.47.13-696x360.jpg\"><\/a>un servei regular o espor\u00e0dic en funci\u00f3 de les necessitats familiars. El monitoratge facilita que aquest temps pugui ser l\u00fadic o de descans pels m\u00e9s petits.<br \/>\nEl menjador est\u00e0 gestionat directament per l\u2019AFA de l\u2019escola amb total coordinaci\u00f3 amb la direcci\u00f3&hellip;  <a href=\"https:\/\/agora.xtec.cat\/escolaeldofi\/serveis-escola\/menjador-escolar\/\" title=\"Read Menjador escolar\">Llegeix m\u00e9s\u00bb<\/a><\/p>\n","protected":false},"author":5,"featured_media":0,"parent":725,"menu_order":10,"comment_status":"closed","ping_status":"closed","template":"","meta":{"_bbp_topic_count":0,"_bbp_reply_count":0,"_bbp_total_topic_count":0,"_bbp_total_reply_count":0,"_bbp_voice_count":0,"_bbp_anonymous_reply_count":0,"_bbp_topic_count_hidden":0,"_bbp_reply_count_hidden":0,"_bbp_forum_subforum_count":0,"footnotes":""},"class_list":["post-727","page","type-page","status-publish","hentry"],"post_mailing_queue_ids":[],"_links":{"self":[{"href":"https:\/\/agora.xtec.cat\/escolaeldofi\/wp-json\/wp\/v2\/pages\/727","targetHints":{"allow":["GET"]}}],"collection":[{"href":"https:\/\/agora.xtec.cat\/escolaeldofi\/wp-json\/wp\/v2\/pages"}],"about":[{"href":"https:\/\/agora.xtec.cat\/escolaeldofi\/wp-json\/wp\/v2\/types\/page"}],"author":[{"embeddable":true,"href":"https:\/\/agora.xtec.cat\/escolaeldofi\/wp-json\/wp\/v2\/users\/5"}],"replies":[{"embeddable":true,"href":"https:\/\/agora.xtec.cat\/escolaeldofi\/wp-json\/wp\/v2\/comments?post=727"}],"version-history":[{"count":9,"href":"https:\/\/agora.xtec.cat\/escolaeldofi\/wp-json\/wp\/v2\/pages\/727\/revisions"}],"predecessor-version":[{"id":8924,"href":"https:\/\/agora.xtec.cat\/escolaeldofi\/wp-json\/wp\/v2\/pages\/727\/revisions\/8924"}],"up":[{"embeddable":true,"href":"https:\/\/agora.xtec.cat\/escolaeldofi\/wp-json\/wp\/v2\/pages\/725"}],"wp:attachment":[{"href":"https:\/\/agora.xtec.cat\/escolaeldofi\/wp-json\/wp\/v2\/media?parent=727"}],"curies":[{"name":"wp","href":"https:\/\/api.w.org\/{rel}","templated":true}]}}