{"id":713,"date":"2020-10-14T13:44:52","date_gmt":"2020-10-14T11:44:52","guid":{"rendered":"https:\/\/agora.xtec.cat\/escolaeldofi\/?page_id=713"},"modified":"2020-10-25T17:28:32","modified_gmt":"2020-10-25T16:28:32","slug":"piscina-cicle-inicial","status":"publish","type":"page","link":"https:\/\/agora.xtec.cat\/escolaeldofi\/projectes\/piscina-cicle-inicial\/","title":{"rendered":"Piscina &#8211; Cicle Inicial"},"content":{"rendered":"<p style=\"text-align: justify;\">L&#8217;Ajuntament de Premi\u00e0 de Mar subvenciona una hora de nataci\u00f3 setmanal pels alumnes de primer i segon d&#8217;Educaci\u00f3 Prim\u00e0ria.<\/p>\n<p style=\"text-align: justify;\">Les clas<a href=\"https:\/\/agora.xtec.cat\/escolaeldofi\/wp-content\/uploads\/usu2141\/2020\/10\/PHOTO-2020-10-25-17-15-59.jpg\"><img loading=\"lazy\" decoding=\"async\" class=\"wp-image-879 alignleft\" src=\"https:\/\/agora.xtec.cat\/escolaeldofi\/wp-content\/uploads\/usu2141\/2020\/10\/PHOTO-2020-10-25-17-15-59-1024x768.jpg\" alt=\"\" width=\"235\" height=\"176\" srcset=\"https:\/\/agora.xtec.cat\/escolaeldofi\/wp-content\/uploads\/usu2141\/2020\/10\/PHOTO-2020-10-25-17-15-59.jpg 1024w, https:\/\/agora.xtec.cat\/escolaeldofi\/wp-content\/uploads\/usu2141\/2020\/10\/PHOTO-2020-10-25-17-15-59-300x225.jpg 300w, https:\/\/agora.xtec.cat\/escolaeldofi\/wp-content\/uploads\/usu2141\/2020\/10\/PHOTO-2020-10-25-17-15-59-768x576.jpg 768w, https:\/\/agora.xtec.cat\/escolaeldofi\/wp-content\/uploads\/usu2141\/2020\/10\/PHOTO-2020-10-25-17-15-59-200x150.jpg 200w\" sizes=\"auto, (max-width: 235px) 100vw, 235px\" \/><\/a>ses es fan a la Piscina Municipal i, aquest curs, es fan la tarda dels dimecres. Els mestres s\u00f3n els encarregats d&#8217;acompanyar els alumne a la piscina i comptem amb la col\u00b7laboraci\u00f3 de pares i mares que fan suport al grup durant el trajectes i al vestuari. Les fam\u00edlies els porten a les 15.00 a l&#8217;escola i els recullen a les 16.30 tamb\u00e9 al centre.<\/p>\n<p style=\"text-align: justify;\">\u00c9s una activitat de l&#8217;\u00e0rea d&#8217;Educaci\u00f3 F\u00edsica.<\/p>\n<p>&nbsp;<\/p>\n<p>&nbsp;<\/p>\n","protected":false},"excerpt":{"rendered":"<p>L&#8217;Ajuntament de Premi\u00e0 de Mar subvenciona una hora de nataci\u00f3 setmanal pels alumnes de primer i segon d&#8217;Educaci\u00f3 Prim\u00e0ria.<br \/>\nLes clas<a href=\"https:\/\/agora.xtec.cat\/escolaeldofi\/wp-content\/uploads\/usu2141\/2020\/10\/PHOTO-2020-10-25-17-15-59.jpg\"><\/a>ses es fan a la Piscina Municipal i, aquest curs, es fan la tarda dels dimecres. Els mestres s\u00f3n els encarregats d&#8217;acompanyar els alumne a&hellip;  <a href=\"https:\/\/agora.xtec.cat\/escolaeldofi\/projectes\/piscina-cicle-inicial\/\" title=\"Read Piscina &#8211; Cicle Inicial\">Llegeix m\u00e9s\u00bb<\/a><\/p>\n","protected":false},"author":5,"featured_media":0,"parent":669,"menu_order":140,"comment_status":"closed","ping_status":"closed","template":"","meta":{"_bbp_topic_count":0,"_bbp_reply_count":0,"_bbp_total_topic_count":0,"_bbp_total_reply_count":0,"_bbp_voice_count":0,"_bbp_anonymous_reply_count":0,"_bbp_topic_count_hidden":0,"_bbp_reply_count_hidden":0,"_bbp_forum_subforum_count":0,"footnotes":""},"class_list":["post-713","page","type-page","status-publish","hentry"],"post_mailing_queue_ids":[],"_links":{"self":[{"href":"https:\/\/agora.xtec.cat\/escolaeldofi\/wp-json\/wp\/v2\/pages\/713","targetHints":{"allow":["GET"]}}],"collection":[{"href":"https:\/\/agora.xtec.cat\/escolaeldofi\/wp-json\/wp\/v2\/pages"}],"about":[{"href":"https:\/\/agora.xtec.cat\/escolaeldofi\/wp-json\/wp\/v2\/types\/page"}],"author":[{"embeddable":true,"href":"https:\/\/agora.xtec.cat\/escolaeldofi\/wp-json\/wp\/v2\/users\/5"}],"replies":[{"embeddable":true,"href":"https:\/\/agora.xtec.cat\/escolaeldofi\/wp-json\/wp\/v2\/comments?post=713"}],"version-history":[{"count":4,"href":"https:\/\/agora.xtec.cat\/escolaeldofi\/wp-json\/wp\/v2\/pages\/713\/revisions"}],"predecessor-version":[{"id":887,"href":"https:\/\/agora.xtec.cat\/escolaeldofi\/wp-json\/wp\/v2\/pages\/713\/revisions\/887"}],"up":[{"embeddable":true,"href":"https:\/\/agora.xtec.cat\/escolaeldofi\/wp-json\/wp\/v2\/pages\/669"}],"wp:attachment":[{"href":"https:\/\/agora.xtec.cat\/escolaeldofi\/wp-json\/wp\/v2\/media?parent=713"}],"curies":[{"name":"wp","href":"https:\/\/api.w.org\/{rel}","templated":true}]}}