{"id":711,"date":"2020-10-14T13:43:28","date_gmt":"2020-10-14T11:43:28","guid":{"rendered":"https:\/\/agora.xtec.cat\/escolaeldofi\/?page_id=711"},"modified":"2020-10-27T14:24:24","modified_gmt":"2020-10-27T13:24:24","slug":"viu-llibre","status":"publish","type":"page","link":"https:\/\/agora.xtec.cat\/escolaeldofi\/projectes\/viu-llibre\/","title":{"rendered":"Viu llibre"},"content":{"rendered":"<p><a href=\"https:\/\/agora.xtec.cat\/escolaeldofi\/wp-content\/uploads\/usu2141\/2020\/10\/IMG_9121.jpg\"><img loading=\"lazy\" decoding=\"async\" class=\"wp-image-972 alignleft\" src=\"https:\/\/agora.xtec.cat\/escolaeldofi\/wp-content\/uploads\/usu2141\/2020\/10\/IMG_9121-1024x768.jpg\" alt=\"\" width=\"266\" height=\"199\" srcset=\"https:\/\/agora.xtec.cat\/escolaeldofi\/wp-content\/uploads\/usu2141\/2020\/10\/IMG_9121-1024x768.jpg 1024w, https:\/\/agora.xtec.cat\/escolaeldofi\/wp-content\/uploads\/usu2141\/2020\/10\/IMG_9121-300x225.jpg 300w, https:\/\/agora.xtec.cat\/escolaeldofi\/wp-content\/uploads\/usu2141\/2020\/10\/IMG_9121-768x576.jpg 768w, https:\/\/agora.xtec.cat\/escolaeldofi\/wp-content\/uploads\/usu2141\/2020\/10\/IMG_9121-200x150.jpg 200w\" sizes=\"auto, (max-width: 266px) 100vw, 266px\" \/><\/a>Viu llibre es un projecte\u00a0 de foment de la lectura entre els nens i joves que organitza la Regidoria de Cultura de l&#8217;Ajuntament de Premi\u00e0 de Mar a la que ens sumem cada curs des del 2019. Per desenvolupar el projecte, l&#8217;ajuntament facilita a les escoles una selecci\u00f3 de llibres pels alumnes dels cicles inicial, mitj\u00e0 i superior de prim\u00e0ria sobre tem\u00e0tiques diverses. El primer el tema va ser &#8220;La casa&#8221; i el curs passat el tema va ser &#8220;El menjar&#8221;.<\/p>\n<p>A l&#8217;escola treballem el projecte per Sant Jordi.<\/p>\n<p>&nbsp;<\/p>\n<p>&nbsp;<\/p>\n","protected":false},"excerpt":{"rendered":"<p><a href=\"https:\/\/agora.xtec.cat\/escolaeldofi\/wp-content\/uploads\/usu2141\/2020\/10\/IMG_9121.jpg\"><\/a>Viu llibre es un projecte\u00a0 de foment de la lectura entre els nens i joves que organitza la Regidoria de Cultura de l&#8217;Ajuntament de Premi\u00e0 de Mar a la que ens sumem cada curs des del 2019. Per desenvolupar el projecte, l&#8217;ajuntament facilita a&hellip;  <a href=\"https:\/\/agora.xtec.cat\/escolaeldofi\/projectes\/viu-llibre\/\" title=\"Read Viu llibre\">Llegeix m\u00e9s\u00bb<\/a><\/p>\n","protected":false},"author":5,"featured_media":0,"parent":669,"menu_order":130,"comment_status":"closed","ping_status":"closed","template":"","meta":{"_bbp_topic_count":0,"_bbp_reply_count":0,"_bbp_total_topic_count":0,"_bbp_total_reply_count":0,"_bbp_voice_count":0,"_bbp_anonymous_reply_count":0,"_bbp_topic_count_hidden":0,"_bbp_reply_count_hidden":0,"_bbp_forum_subforum_count":0,"footnotes":""},"class_list":["post-711","page","type-page","status-publish","hentry"],"post_mailing_queue_ids":[],"_links":{"self":[{"href":"https:\/\/agora.xtec.cat\/escolaeldofi\/wp-json\/wp\/v2\/pages\/711","targetHints":{"allow":["GET"]}}],"collection":[{"href":"https:\/\/agora.xtec.cat\/escolaeldofi\/wp-json\/wp\/v2\/pages"}],"about":[{"href":"https:\/\/agora.xtec.cat\/escolaeldofi\/wp-json\/wp\/v2\/types\/page"}],"author":[{"embeddable":true,"href":"https:\/\/agora.xtec.cat\/escolaeldofi\/wp-json\/wp\/v2\/users\/5"}],"replies":[{"embeddable":true,"href":"https:\/\/agora.xtec.cat\/escolaeldofi\/wp-json\/wp\/v2\/comments?post=711"}],"version-history":[{"count":3,"href":"https:\/\/agora.xtec.cat\/escolaeldofi\/wp-json\/wp\/v2\/pages\/711\/revisions"}],"predecessor-version":[{"id":971,"href":"https:\/\/agora.xtec.cat\/escolaeldofi\/wp-json\/wp\/v2\/pages\/711\/revisions\/971"}],"up":[{"embeddable":true,"href":"https:\/\/agora.xtec.cat\/escolaeldofi\/wp-json\/wp\/v2\/pages\/669"}],"wp:attachment":[{"href":"https:\/\/agora.xtec.cat\/escolaeldofi\/wp-json\/wp\/v2\/media?parent=711"}],"curies":[{"name":"wp","href":"https:\/\/api.w.org\/{rel}","templated":true}]}}