{"id":703,"date":"2020-10-14T13:38:23","date_gmt":"2020-10-14T11:38:23","guid":{"rendered":"https:\/\/agora.xtec.cat\/escolaeldofi\/?page_id=703"},"modified":"2026-03-17T11:00:53","modified_gmt":"2026-03-17T10:00:53","slug":"apadrinament-lector","status":"publish","type":"page","link":"https:\/\/agora.xtec.cat\/escolaeldofi\/projectes\/apadrinament-lector\/","title":{"rendered":"Apadrinament lector"},"content":{"rendered":"<table style=\"border-collapse: collapse; width: 100%;\">\n<tbody>\n<tr>\n<td style=\"width: 33.3333%;\" colspan=\"3\"><span style=\"font-size: 16px;\">L&#8217;<strong>apadrinament lector<\/strong> \u00e9s una activitat cooperativa que es realitza en parelles formades per alumnes de sis\u00e8 que fan de padrins de lectura i alumnes de primer <\/span><span style=\"font-size: 16px;\">de prim\u00e0ria que fa<\/span><span style=\"font-size: 16px;\">n de fillols. Els alumnes de 6\u00e8 adquireixen el comprom\u00eds principal de vetllar per l&#8217;aprenentatge lector del seu fillol: els ajuden a aprendre a llegir,<\/span><span style=\"font-size: 16px;\">\u00a0alhora que miren d&#8217;encomanar-los el gust per la lectura tot engrescant-los a llegir.\u00a0<\/span><span style=\"font-size: 16px;\">Aquesta activitat es realitza una tarda a la setmana i \u00e9s un moment molt esperat tant pels alumnes grans com pels m\u00e9s petits.<\/span><\/td>\n<\/tr>\n<tr>\n<td style=\"width: 33.3333%;\"><a href=\"https:\/\/agora.xtec.cat\/escolaeldofi\/wp-content\/uploads\/usu2141\/2026\/03\/PHOTO-2026-02-26-17-20-00-1.jpg\"><img loading=\"lazy\" decoding=\"async\" class=\"wp-image-8984 aligncenter\" src=\"https:\/\/agora.xtec.cat\/escolaeldofi\/wp-content\/uploads\/usu2141\/2026\/03\/PHOTO-2026-02-26-17-20-00-1.jpg\" alt=\"\" width=\"314\" height=\"236\" srcset=\"https:\/\/agora.xtec.cat\/escolaeldofi\/wp-content\/uploads\/usu2141\/2026\/03\/PHOTO-2026-02-26-17-20-00-1.jpg 2040w, https:\/\/agora.xtec.cat\/escolaeldofi\/wp-content\/uploads\/usu2141\/2026\/03\/PHOTO-2026-02-26-17-20-00-1-300x225.jpg 300w, https:\/\/agora.xtec.cat\/escolaeldofi\/wp-content\/uploads\/usu2141\/2026\/03\/PHOTO-2026-02-26-17-20-00-1-1024x768.jpg 1024w, https:\/\/agora.xtec.cat\/escolaeldofi\/wp-content\/uploads\/usu2141\/2026\/03\/PHOTO-2026-02-26-17-20-00-1-768x576.jpg 768w, https:\/\/agora.xtec.cat\/escolaeldofi\/wp-content\/uploads\/usu2141\/2026\/03\/PHOTO-2026-02-26-17-20-00-1-1536x1152.jpg 1536w, https:\/\/agora.xtec.cat\/escolaeldofi\/wp-content\/uploads\/usu2141\/2026\/03\/PHOTO-2026-02-26-17-20-00-1-200x150.jpg 200w\" sizes=\"auto, (max-width: 314px) 100vw, 314px\" \/><\/a><\/td>\n<td style=\"width: 33.3333%;\"><a href=\"https:\/\/agora.xtec.cat\/escolaeldofi\/wp-content\/uploads\/usu2141\/2026\/03\/PHOTO-2026-02-26-17-20-00.jpg\"><img loading=\"lazy\" decoding=\"async\" class=\"wp-image-8982 aligncenter\" src=\"https:\/\/agora.xtec.cat\/escolaeldofi\/wp-content\/uploads\/usu2141\/2026\/03\/PHOTO-2026-02-26-17-20-00.jpg\" alt=\"\" width=\"314\" height=\"235\" srcset=\"https:\/\/agora.xtec.cat\/escolaeldofi\/wp-content\/uploads\/usu2141\/2026\/03\/PHOTO-2026-02-26-17-20-00.jpg 2040w, https:\/\/agora.xtec.cat\/escolaeldofi\/wp-content\/uploads\/usu2141\/2026\/03\/PHOTO-2026-02-26-17-20-00-300x225.jpg 300w, https:\/\/agora.xtec.cat\/escolaeldofi\/wp-content\/uploads\/usu2141\/2026\/03\/PHOTO-2026-02-26-17-20-00-1024x768.jpg 1024w, https:\/\/agora.xtec.cat\/escolaeldofi\/wp-content\/uploads\/usu2141\/2026\/03\/PHOTO-2026-02-26-17-20-00-768x576.jpg 768w, https:\/\/agora.xtec.cat\/escolaeldofi\/wp-content\/uploads\/usu2141\/2026\/03\/PHOTO-2026-02-26-17-20-00-1536x1152.jpg 1536w, https:\/\/agora.xtec.cat\/escolaeldofi\/wp-content\/uploads\/usu2141\/2026\/03\/PHOTO-2026-02-26-17-20-00-200x150.jpg 200w\" sizes=\"auto, (max-width: 314px) 100vw, 314px\" \/><\/a><\/td>\n<td style=\"width: 33.3333%;\"><a href=\"https:\/\/agora.xtec.cat\/escolaeldofi\/wp-content\/uploads\/usu2141\/2026\/03\/PHOTO-2026-02-26-17-20-02-1.jpg\"><img loading=\"lazy\" decoding=\"async\" class=\"wp-image-8985 aligncenter\" src=\"https:\/\/agora.xtec.cat\/escolaeldofi\/wp-content\/uploads\/usu2141\/2026\/03\/PHOTO-2026-02-26-17-20-02-1.jpg\" alt=\"\" width=\"174\" height=\"232\" srcset=\"https:\/\/agora.xtec.cat\/escolaeldofi\/wp-content\/uploads\/usu2141\/2026\/03\/PHOTO-2026-02-26-17-20-02-1.jpg 1530w, https:\/\/agora.xtec.cat\/escolaeldofi\/wp-content\/uploads\/usu2141\/2026\/03\/PHOTO-2026-02-26-17-20-02-1-225x300.jpg 225w, https:\/\/agora.xtec.cat\/escolaeldofi\/wp-content\/uploads\/usu2141\/2026\/03\/PHOTO-2026-02-26-17-20-02-1-768x1024.jpg 768w, https:\/\/agora.xtec.cat\/escolaeldofi\/wp-content\/uploads\/usu2141\/2026\/03\/PHOTO-2026-02-26-17-20-02-1-1152x1536.jpg 1152w\" sizes=\"auto, (max-width: 174px) 100vw, 174px\" \/><\/a><\/td>\n<\/tr>\n<\/tbody>\n<\/table>\n<p>&nbsp;<\/p>\n","protected":false},"excerpt":{"rendered":"<p>L&#8217;apadrinament lector \u00e9s una activitat cooperativa que es realitza en parelles formades per alumnes de sis\u00e8 que fan de padrins de lectura i alumnes de primer de prim\u00e0ria que fan de fillols. Els alumnes de 6\u00e8 adquireixen el comprom\u00eds principal de vetllar per l&#8217;aprenentatge lector&hellip;  <a href=\"https:\/\/agora.xtec.cat\/escolaeldofi\/projectes\/apadrinament-lector\/\" title=\"Read Apadrinament lector\">Llegeix m\u00e9s\u00bb<\/a><\/p>\n","protected":false},"author":5,"featured_media":0,"parent":669,"menu_order":100,"comment_status":"closed","ping_status":"closed","template":"","meta":{"_bbp_topic_count":0,"_bbp_reply_count":0,"_bbp_total_topic_count":0,"_bbp_total_reply_count":0,"_bbp_voice_count":0,"_bbp_anonymous_reply_count":0,"_bbp_topic_count_hidden":0,"_bbp_reply_count_hidden":0,"_bbp_forum_subforum_count":0,"footnotes":""},"class_list":["post-703","page","type-page","status-publish","hentry"],"post_mailing_queue_ids":[],"_links":{"self":[{"href":"https:\/\/agora.xtec.cat\/escolaeldofi\/wp-json\/wp\/v2\/pages\/703","targetHints":{"allow":["GET"]}}],"collection":[{"href":"https:\/\/agora.xtec.cat\/escolaeldofi\/wp-json\/wp\/v2\/pages"}],"about":[{"href":"https:\/\/agora.xtec.cat\/escolaeldofi\/wp-json\/wp\/v2\/types\/page"}],"author":[{"embeddable":true,"href":"https:\/\/agora.xtec.cat\/escolaeldofi\/wp-json\/wp\/v2\/users\/5"}],"replies":[{"embeddable":true,"href":"https:\/\/agora.xtec.cat\/escolaeldofi\/wp-json\/wp\/v2\/comments?post=703"}],"version-history":[{"count":6,"href":"https:\/\/agora.xtec.cat\/escolaeldofi\/wp-json\/wp\/v2\/pages\/703\/revisions"}],"predecessor-version":[{"id":8988,"href":"https:\/\/agora.xtec.cat\/escolaeldofi\/wp-json\/wp\/v2\/pages\/703\/revisions\/8988"}],"up":[{"embeddable":true,"href":"https:\/\/agora.xtec.cat\/escolaeldofi\/wp-json\/wp\/v2\/pages\/669"}],"wp:attachment":[{"href":"https:\/\/agora.xtec.cat\/escolaeldofi\/wp-json\/wp\/v2\/media?parent=703"}],"curies":[{"name":"wp","href":"https:\/\/api.w.org\/{rel}","templated":true}]}}