{"id":693,"date":"2020-10-14T13:36:12","date_gmt":"2020-10-14T11:36:12","guid":{"rendered":"https:\/\/agora.xtec.cat\/escolaeldofi\/?page_id=693"},"modified":"2020-10-29T15:18:27","modified_gmt":"2020-10-29T14:18:27","slug":"maletes-matematiques","status":"publish","type":"page","link":"https:\/\/agora.xtec.cat\/escolaeldofi\/projectes\/maletes-matematiques\/","title":{"rendered":"Maletes matem\u00e0tiques"},"content":{"rendered":"<p>El Projecte Premi\u00e0 de Matem\u00e0tiques \u00e9s un projecte de les 5 escoles p\u00fabliques de Premi\u00e0 de Mar i que compta amb el suport de les AFA&#8217;s dels centres.<\/p>\n<p>L&#8217;objectiu del projecte \u00e9s potenciar un enfoc competencial i l\u00fadic a l&#8217;hora de treballar les matem\u00e0tiques.<\/p>\n<p>A trav\u00e9s dels maletins did\u00e0<span style=\"font-family: inherit; font-size: 1em;\">ctics MMACA (Museu de les Matem\u00e0tiques de Catalunya) es volen introduir les matem\u00e0tiques de forma competencial i a trav\u00e9s de l\u2019emoci\u00f3 i el joc, als diferents cursos d\u2019educaci\u00f3 infantil i prim\u00e0ri<\/span><span style=\"font-family: inherit; font-size: 1em;\">a.<\/span><\/p>\n<p>Des del MMACA s\u2019ofereixen 3 maletins:<\/p>\n<ul>\n<li>MALET\u00cd 1: destinat a l\u2019alumnat d\u2019infantil i cicle inicial i on s\u2019introdueixen conceptes matem\u00e0tics de c\u00e0lcul, geometria i combinat\u00f2ria.<\/li>\n<li>MALET\u00cd 2: destinat als infants de CM i CS. Inclou propostes de geometria, jocs d\u2019estrat\u00e8gia: \u00e0rees i volums, descomposici\u00f3 de pol\u00edgons.<\/li>\n<li>MALET\u00cd 3: destinat a CM i CS. Inclou propostes de c\u00e0lcul, estad\u00edstica, combinat\u00f2ria i topologia.<\/li>\n<\/ul>\n<p><img loading=\"lazy\" decoding=\"async\" class=\" wp-image-1189 alignleft\" src=\"https:\/\/agora.xtec.cat\/escolaeldofi\/wp-content\/uploads\/usu2141\/2020\/10\/mates.png\" alt=\"\" width=\"218\" height=\"283\" srcset=\"https:\/\/agora.xtec.cat\/escolaeldofi\/wp-content\/uploads\/usu2141\/2020\/10\/mates.png 258w, https:\/\/agora.xtec.cat\/escolaeldofi\/wp-content\/uploads\/usu2141\/2020\/10\/mates-231x300.png 231w\" sizes=\"auto, (max-width: 218px) 100vw, 218px\" \/><\/p>\n<p>Cada maleta es podr\u00e0 utilitzar durant un mes i mig a cadascuna de les escoles amb el tutoratge del personal del MMACA i la formaci\u00f3 posterior del professorat del centre.<\/p>\n<p>Aquestes maletes quedaran com a recurs\/patrimoni de les 5 escoles p\u00fabliques de Premi\u00e0 de Mar per a la seva utilitzaci\u00f3 en cursos posteriors.<\/p>\n<p>Aquesta proposta parteix de:<\/p>\n<ul>\n<li>Una metodologia innovadora i que permet la personalitzaci\u00f3 de l\u2019aprenentatge.<\/li>\n<li>Una proposta integradora i que garanteix la igualtat d\u2019oportunitats.<\/li>\n<li>Una visi\u00f3 \u00e0mplia de l\u2019educaci\u00f3, integrant la comunitat educativa.<\/li>\n<\/ul>\n<p>El Projecte Premi\u00e0 de Matem\u00e0tiques ha de transmetre el gust per les matem\u00e0tiques, l\u2019inter\u00e8s i l\u2019emoci\u00f3 i ha d\u2019arribar al m\u00e0xim d\u2019infants de la poblaci\u00f3.<\/p>\n<p>&nbsp;<\/p>\n","protected":false},"excerpt":{"rendered":"<p>El Projecte Premi\u00e0 de Matem\u00e0tiques \u00e9s un projecte de les 5 escoles p\u00fabliques de Premi\u00e0 de Mar i que compta amb el suport de les AFA&#8217;s dels centres.<br \/>\nL&#8217;objectiu del projecte \u00e9s potenciar un enfoc competencial i l\u00fadic a l&#8217;hora de treballar les matem\u00e0tiques.<br \/>\nA trav\u00e9s dels&hellip;  <a href=\"https:\/\/agora.xtec.cat\/escolaeldofi\/projectes\/maletes-matematiques\/\" title=\"Read Maletes matem\u00e0tiques\">Llegeix m\u00e9s\u00bb<\/a><\/p>\n","protected":false},"author":5,"featured_media":0,"parent":669,"menu_order":80,"comment_status":"closed","ping_status":"closed","template":"","meta":{"_bbp_topic_count":0,"_bbp_reply_count":0,"_bbp_total_topic_count":0,"_bbp_total_reply_count":0,"_bbp_voice_count":0,"_bbp_anonymous_reply_count":0,"_bbp_topic_count_hidden":0,"_bbp_reply_count_hidden":0,"_bbp_forum_subforum_count":0,"footnotes":""},"class_list":["post-693","page","type-page","status-publish","hentry"],"post_mailing_queue_ids":[],"_links":{"self":[{"href":"https:\/\/agora.xtec.cat\/escolaeldofi\/wp-json\/wp\/v2\/pages\/693","targetHints":{"allow":["GET"]}}],"collection":[{"href":"https:\/\/agora.xtec.cat\/escolaeldofi\/wp-json\/wp\/v2\/pages"}],"about":[{"href":"https:\/\/agora.xtec.cat\/escolaeldofi\/wp-json\/wp\/v2\/types\/page"}],"author":[{"embeddable":true,"href":"https:\/\/agora.xtec.cat\/escolaeldofi\/wp-json\/wp\/v2\/users\/5"}],"replies":[{"embeddable":true,"href":"https:\/\/agora.xtec.cat\/escolaeldofi\/wp-json\/wp\/v2\/comments?post=693"}],"version-history":[{"count":4,"href":"https:\/\/agora.xtec.cat\/escolaeldofi\/wp-json\/wp\/v2\/pages\/693\/revisions"}],"predecessor-version":[{"id":1192,"href":"https:\/\/agora.xtec.cat\/escolaeldofi\/wp-json\/wp\/v2\/pages\/693\/revisions\/1192"}],"up":[{"embeddable":true,"href":"https:\/\/agora.xtec.cat\/escolaeldofi\/wp-json\/wp\/v2\/pages\/669"}],"wp:attachment":[{"href":"https:\/\/agora.xtec.cat\/escolaeldofi\/wp-json\/wp\/v2\/media?parent=693"}],"curies":[{"name":"wp","href":"https:\/\/api.w.org\/{rel}","templated":true}]}}