{"id":684,"date":"2020-10-14T13:35:34","date_gmt":"2020-10-14T11:35:34","guid":{"rendered":"https:\/\/agora.xtec.cat\/escolaeldofi\/?page_id=684"},"modified":"2020-10-29T17:16:12","modified_gmt":"2020-10-29T16:16:12","slug":"escola-formadora","status":"publish","type":"page","link":"https:\/\/agora.xtec.cat\/escolaeldofi\/projectes\/escola-formadora\/","title":{"rendered":"Escola formadora de mestres"},"content":{"rendered":"<p>La nostra escola \u00e9s un centre formador de mestres, gaireb\u00e9 tots els cursos tenim alumnat de pr\u00e0ctiques. Creiem que \u00e9s important que els futurs mestres i professors facin les pr\u00e0ctiques en centres educatius\u00a0 per tal que puguin assolir les compet\u00e8ncies necess\u00e0ries per exercir una doc\u00e8ncia de qualitat.<\/p>\n<p>&nbsp;<\/p>\n<p>&nbsp;<\/p>\n","protected":false},"excerpt":{"rendered":"<p>La nostra escola \u00e9s un centre formador de mestres, gaireb\u00e9 tots els cursos tenim alumnat de pr\u00e0ctiques. Creiem que \u00e9s important que els futurs mestres i professors facin les pr\u00e0ctiques en centres educatius\u00a0 per tal que puguin assolir les compet\u00e8ncies necess\u00e0ries per exercir una doc\u00e8ncia&hellip;  <a href=\"https:\/\/agora.xtec.cat\/escolaeldofi\/projectes\/escola-formadora\/\" title=\"Read Escola formadora de mestres\">Llegeix m\u00e9s\u00bb<\/a><\/p>\n","protected":false},"author":5,"featured_media":0,"parent":669,"menu_order":70,"comment_status":"closed","ping_status":"closed","template":"","meta":{"_bbp_topic_count":0,"_bbp_reply_count":0,"_bbp_total_topic_count":0,"_bbp_total_reply_count":0,"_bbp_voice_count":0,"_bbp_anonymous_reply_count":0,"_bbp_topic_count_hidden":0,"_bbp_reply_count_hidden":0,"_bbp_forum_subforum_count":0,"footnotes":""},"class_list":["post-684","page","type-page","status-publish","hentry"],"post_mailing_queue_ids":[],"_links":{"self":[{"href":"https:\/\/agora.xtec.cat\/escolaeldofi\/wp-json\/wp\/v2\/pages\/684","targetHints":{"allow":["GET"]}}],"collection":[{"href":"https:\/\/agora.xtec.cat\/escolaeldofi\/wp-json\/wp\/v2\/pages"}],"about":[{"href":"https:\/\/agora.xtec.cat\/escolaeldofi\/wp-json\/wp\/v2\/types\/page"}],"author":[{"embeddable":true,"href":"https:\/\/agora.xtec.cat\/escolaeldofi\/wp-json\/wp\/v2\/users\/5"}],"replies":[{"embeddable":true,"href":"https:\/\/agora.xtec.cat\/escolaeldofi\/wp-json\/wp\/v2\/comments?post=684"}],"version-history":[{"count":2,"href":"https:\/\/agora.xtec.cat\/escolaeldofi\/wp-json\/wp\/v2\/pages\/684\/revisions"}],"predecessor-version":[{"id":1194,"href":"https:\/\/agora.xtec.cat\/escolaeldofi\/wp-json\/wp\/v2\/pages\/684\/revisions\/1194"}],"up":[{"embeddable":true,"href":"https:\/\/agora.xtec.cat\/escolaeldofi\/wp-json\/wp\/v2\/pages\/669"}],"wp:attachment":[{"href":"https:\/\/agora.xtec.cat\/escolaeldofi\/wp-json\/wp\/v2\/media?parent=684"}],"curies":[{"name":"wp","href":"https:\/\/api.w.org\/{rel}","templated":true}]}}