{"id":677,"date":"2020-10-14T13:33:26","date_gmt":"2020-10-14T11:33:26","guid":{"rendered":"https:\/\/agora.xtec.cat\/escolaeldofi\/?page_id=677"},"modified":"2023-11-16T16:50:06","modified_gmt":"2023-11-16T15:50:06","slug":"cantania","status":"publish","type":"page","link":"https:\/\/agora.xtec.cat\/escolaeldofi\/projectes\/cantania\/","title":{"rendered":"Cant\u00e0nia"},"content":{"rendered":"<p>Cant\u00e0nia \u00e9s una\u00a0activitat participativa\u00a0en la que s\u2019inscriuen escolars de cicle mitj\u00e0 i superior de prim\u00e0ria de Catalunya. Cada any s\u2019estrena una obra encarregada especialment per a aquesta activitat. Els enc\u00e0rrecs, fins a dia d\u2019avui, s\u2019han fet a\u00a0compositors i escriptors catalans de reconegut prestigi.<\/p>\n<p>Durant tot el curs escolar es treballa tant des de l\u2019organitzaci\u00f3 com des de l\u2019escola.<br \/>\nL\u2019objectiu \u00e9s organitzar un acte pels alumnes que interpreten davant de les seves fam\u00edlies la cantata d&#8217;aquell curs gaudint d&#8217;una experi\u00e8ncia musical inoblidable per a tothom.\u00a0<a href=\"https:\/\/agora.xtec.cat\/escolaeldofi\/wp-content\/uploads\/usu2141\/2020\/10\/cantata.png\"><img loading=\"lazy\" decoding=\"async\" class=\"wp-image-904 alignright\" src=\"https:\/\/agora.xtec.cat\/escolaeldofi\/wp-content\/uploads\/usu2141\/2020\/10\/cantata.png\" alt=\"\" width=\"367\" height=\"212\" srcset=\"https:\/\/agora.xtec.cat\/escolaeldofi\/wp-content\/uploads\/usu2141\/2020\/10\/cantata.png 884w, https:\/\/agora.xtec.cat\/escolaeldofi\/wp-content\/uploads\/usu2141\/2020\/10\/cantata-300x173.png 300w, https:\/\/agora.xtec.cat\/escolaeldofi\/wp-content\/uploads\/usu2141\/2020\/10\/cantata-768x444.png 768w\" sizes=\"auto, (max-width: 367px) 100vw, 367px\" \/><\/a><\/p>\n<p>A la nostra escola, s\u00f3n els alumnes de 5\u00e8 els que fan aquesta activitat. Durant tot el curs preparen a les classes de m\u00fasica les can\u00e7ons corresponents de la cantata d&#8217;aquell curs. La culminaci\u00f3 de l&#8217;activitat \u00e9s un acte que t\u00e9 lloc a l&#8217;Auditori de Barcelona on les fam\u00edlies poden gaudir del treball i esfor\u00e7 de tot el curs.<\/p>\n<p>\ud83d\udc49<a href=\"https:\/\/www.auditori.cat\/uploads\/20191029\/DOSSIER_CANTnANIA_GENERAL2020.1.pdf\">M\u00e9s informaci\u00f3\u00a0<\/a><\/p>\n<p>&nbsp;<\/p>\n","protected":false},"excerpt":{"rendered":"<p>Cant\u00e0nia \u00e9s una\u00a0activitat participativa\u00a0en la que s\u2019inscriuen escolars de cicle mitj\u00e0 i superior de prim\u00e0ria de Catalunya. Cada any s\u2019estrena una obra encarregada especialment per a aquesta activitat. Els enc\u00e0rrecs, fins a dia d\u2019avui, s\u2019han fet a\u00a0compositors i escriptors catalans de reconegut prestigi.<br \/>\nDurant tot el&hellip;  <a href=\"https:\/\/agora.xtec.cat\/escolaeldofi\/projectes\/cantania\/\" title=\"Read Cant\u00e0nia\">Llegeix m\u00e9s\u00bb<\/a><\/p>\n","protected":false},"author":5,"featured_media":0,"parent":669,"menu_order":40,"comment_status":"closed","ping_status":"closed","template":"","meta":{"_bbp_topic_count":0,"_bbp_reply_count":0,"_bbp_total_topic_count":0,"_bbp_total_reply_count":0,"_bbp_voice_count":0,"_bbp_anonymous_reply_count":0,"_bbp_topic_count_hidden":0,"_bbp_reply_count_hidden":0,"_bbp_forum_subforum_count":0,"footnotes":""},"class_list":["post-677","page","type-page","status-publish","hentry"],"post_mailing_queue_ids":[],"_links":{"self":[{"href":"https:\/\/agora.xtec.cat\/escolaeldofi\/wp-json\/wp\/v2\/pages\/677","targetHints":{"allow":["GET"]}}],"collection":[{"href":"https:\/\/agora.xtec.cat\/escolaeldofi\/wp-json\/wp\/v2\/pages"}],"about":[{"href":"https:\/\/agora.xtec.cat\/escolaeldofi\/wp-json\/wp\/v2\/types\/page"}],"author":[{"embeddable":true,"href":"https:\/\/agora.xtec.cat\/escolaeldofi\/wp-json\/wp\/v2\/users\/5"}],"replies":[{"embeddable":true,"href":"https:\/\/agora.xtec.cat\/escolaeldofi\/wp-json\/wp\/v2\/comments?post=677"}],"version-history":[{"count":5,"href":"https:\/\/agora.xtec.cat\/escolaeldofi\/wp-json\/wp\/v2\/pages\/677\/revisions"}],"predecessor-version":[{"id":6320,"href":"https:\/\/agora.xtec.cat\/escolaeldofi\/wp-json\/wp\/v2\/pages\/677\/revisions\/6320"}],"up":[{"embeddable":true,"href":"https:\/\/agora.xtec.cat\/escolaeldofi\/wp-json\/wp\/v2\/pages\/669"}],"wp:attachment":[{"href":"https:\/\/agora.xtec.cat\/escolaeldofi\/wp-json\/wp\/v2\/media?parent=677"}],"curies":[{"name":"wp","href":"https:\/\/api.w.org\/{rel}","templated":true}]}}