{"id":671,"date":"2020-10-14T13:32:12","date_gmt":"2020-10-14T11:32:12","guid":{"rendered":"https:\/\/agora.xtec.cat\/escolaeldofi\/?page_id=671"},"modified":"2025-09-24T18:10:51","modified_gmt":"2025-09-24T16:10:51","slug":"unesco","status":"publish","type":"page","link":"https:\/\/agora.xtec.cat\/escolaeldofi\/projectes\/unesco\/","title":{"rendered":"Unesco"},"content":{"rendered":"<p style=\"text-align: justify;\">Les Escoles Associades a la UNES<span style=\"font-family: inherit; font-size: 1em;\">CO van n\u00e9ixer el 1953, amb l\u2019objectiu de fomentar la cooperaci\u00f3 i la pau internacionals a trav\u00e9s de l\u2019educaci\u00f3 escolar.<\/span><br \/>\nActualment participen en aquest pla m\u00e9s de vuit mil cinc-cents centres d\u2019ensenyament de tot el m\u00f3n i de tots els nivells d\u2019educaci\u00f3 (infantil, prim\u00e0ria, secund\u00e0ria, universit\u00e0ria).<\/p>\n<p style=\"text-align: justify;\">Les escoles associades inclouen en el seu projecte educatiu els temes seg\u00fcents:<img loading=\"lazy\" decoding=\"async\" class=\"wp-image-951 alignleft\" src=\"https:\/\/agora.xtec.cat\/escolaeldofi\/wp-content\/uploads\/usu2141\/2020\/10\/PHOTO-2020-10-26-17-01-37-1024x682.jpg\" alt=\"\" width=\"351\" height=\"234\" srcset=\"https:\/\/agora.xtec.cat\/escolaeldofi\/wp-content\/uploads\/usu2141\/2020\/10\/PHOTO-2020-10-26-17-01-37.jpg 1024w, https:\/\/agora.xtec.cat\/escolaeldofi\/wp-content\/uploads\/usu2141\/2020\/10\/PHOTO-2020-10-26-17-01-37-300x200.jpg 300w, https:\/\/agora.xtec.cat\/escolaeldofi\/wp-content\/uploads\/usu2141\/2020\/10\/PHOTO-2020-10-26-17-01-37-768x512.jpg 768w\" sizes=\"auto, (max-width: 351px) 100vw, 351px\" \/><\/p>\n<p style=\"text-align: justify;\">\u2022 \u00a0Els problemes mundials i el paper de les organitzacions del sistema de les Nacions Unides en la seva resoluci\u00f3.<br \/>\n\u2022 \u00a0La difusi\u00f3 i el respecte dels drets humans.<br \/>\n\u2022 \u00a0El coneixement dels altres p<span style=\"font-family: inherit; font-size: 1em;\">a\u00efsos i les altres cultures, a partir del coneixement i de la valoraci\u00f3 de la cultura pr\u00f2pia.<\/span><br \/>\n\u2022 \u00a0L\u2019an\u00e0lisi dels problemes mediambientals.<\/p>\n<p style=\"text-align: justify;\">A l&#8217;escola cada curs treballem un &#8220;Tem<span style=\"font-family: inherit; font-size: 1em;\">a de l&#8217;any&#8221; que est\u00e0 lliga a un dels temes proposats per l&#8217;UNESCO i que serveix d&#8217;eix per al treball de les festes del curs, del concert de Nadal i de la Setmana Cultural.<\/span><\/p>\n<p style=\"text-align: justify;\">El treball de les emocions, els valors i les relacions interpersonals est\u00e0 molt present en el dia a dia de l&#8217;escola. Es treballa en moments que surt la necessitat de forma espont\u00e0nia i tamb\u00e9 de forma sistem\u00e0tica a l&#8217;hora de <em>Valors\/Tutoria<\/em> que tenim setmanalment.<\/p>\n<p style=\"text-align: justify;\">Aqu\u00ed podeu veure la mem\u00f2ria Unesco del curs passat:<\/p>\n<h5>\ud83d\udc49<a href=\"https:\/\/drive.google.com\/file\/d\/1ZM33d5dBywXoVrdwqBmexKBTlgKv6wUg\/view?usp=drive_link\">Mem\u00f2ria Unesco Curs 24-25<\/a><\/h5>\n<p>&nbsp;<\/p>\n","protected":false},"excerpt":{"rendered":"<p>Les Escoles Associades a la UNESCO van n\u00e9ixer el 1953, amb l\u2019objectiu de fomentar la cooperaci\u00f3 i la pau internacionals a trav\u00e9s de l\u2019educaci\u00f3 escolar.<br \/>\nActualment participen en aquest pla m\u00e9s de vuit mil cinc-cents centres d\u2019ensenyament de tot el m\u00f3n i de tots els nivells&hellip;  <a href=\"https:\/\/agora.xtec.cat\/escolaeldofi\/projectes\/unesco\/\" title=\"Read Unesco\">Llegeix m\u00e9s\u00bb<\/a><\/p>\n","protected":false},"author":5,"featured_media":0,"parent":669,"menu_order":10,"comment_status":"closed","ping_status":"closed","template":"","meta":{"_bbp_topic_count":0,"_bbp_reply_count":0,"_bbp_total_topic_count":0,"_bbp_total_reply_count":0,"_bbp_voice_count":0,"_bbp_anonymous_reply_count":0,"_bbp_topic_count_hidden":0,"_bbp_reply_count_hidden":0,"_bbp_forum_subforum_count":0,"footnotes":""},"class_list":["post-671","page","type-page","status-publish","hentry"],"post_mailing_queue_ids":[],"_links":{"self":[{"href":"https:\/\/agora.xtec.cat\/escolaeldofi\/wp-json\/wp\/v2\/pages\/671","targetHints":{"allow":["GET"]}}],"collection":[{"href":"https:\/\/agora.xtec.cat\/escolaeldofi\/wp-json\/wp\/v2\/pages"}],"about":[{"href":"https:\/\/agora.xtec.cat\/escolaeldofi\/wp-json\/wp\/v2\/types\/page"}],"author":[{"embeddable":true,"href":"https:\/\/agora.xtec.cat\/escolaeldofi\/wp-json\/wp\/v2\/users\/5"}],"replies":[{"embeddable":true,"href":"https:\/\/agora.xtec.cat\/escolaeldofi\/wp-json\/wp\/v2\/comments?post=671"}],"version-history":[{"count":5,"href":"https:\/\/agora.xtec.cat\/escolaeldofi\/wp-json\/wp\/v2\/pages\/671\/revisions"}],"predecessor-version":[{"id":8487,"href":"https:\/\/agora.xtec.cat\/escolaeldofi\/wp-json\/wp\/v2\/pages\/671\/revisions\/8487"}],"up":[{"embeddable":true,"href":"https:\/\/agora.xtec.cat\/escolaeldofi\/wp-json\/wp\/v2\/pages\/669"}],"wp:attachment":[{"href":"https:\/\/agora.xtec.cat\/escolaeldofi\/wp-json\/wp\/v2\/media?parent=671"}],"curies":[{"name":"wp","href":"https:\/\/api.w.org\/{rel}","templated":true}]}}