{"id":662,"date":"2020-10-14T13:29:30","date_gmt":"2020-10-14T11:29:30","guid":{"rendered":"https:\/\/agora.xtec.cat\/escolaeldofi\/?page_id=662"},"modified":"2023-11-16T16:17:46","modified_gmt":"2023-11-16T15:17:46","slug":"criteris-davaluacio-de-centre","status":"publish","type":"page","link":"https:\/\/agora.xtec.cat\/escolaeldofi\/documents\/criteris-davaluacio-de-centre\/","title":{"rendered":"Criteris d&#8217;avaluaci\u00f3 de centre"},"content":{"rendered":"<p><em>Aquesta p\u00e0gina es troba en proc\u00e9s d&#8217;actualitzaci\u00f3<\/em><\/p>\n<p>Els criteris d\u2019avaluaci\u00f3 serveixen de refer\u00e8ncia per valorar el\u00a0 grau d\u2019adquisici\u00f3 de les compet\u00e8ncies b\u00e0siques.<\/p>\n<p>Estan organitzats per cicles.<\/p>\n<h5><strong>\ud83d\udc49<span style=\"color: #0000ff;\">Criteris_avaluaci\u00f3_cicle_inicial<\/span><\/strong><\/h5>\n<h5><span style=\"color: #0000ff;\"><strong><a style=\"color: #0000ff;\" href=\"https:\/\/agora.xtec.cat\/escolaeldofi\/wp-content\/uploads\/usu2141\/2020\/10\/Criteris_avaluaci\u00f3_cicle_mitj\u00e0.pdf\">\ud83d\udc49<\/a><span style=\"color: #0000ff;\">Criteris_avaluaci\u00f3_cicle_mitj\u00e0<\/span><\/strong><\/span><\/h5>\n<h5><span style=\"color: #0000ff;\"><strong><a style=\"color: #0000ff;\" href=\"https:\/\/agora.xtec.cat\/escolaeldofi\/wp-content\/uploads\/usu2141\/2020\/10\/Criteris_avaluaci\u00f3_cicle_superior.pdf\">\ud83d\udc49<\/a><span style=\"color: #0000ff;\">Criteris_avaluaci\u00f3_cicle_superior<\/span><\/strong><\/span><\/h5>\n","protected":false},"excerpt":{"rendered":"<p>Aquesta p\u00e0gina es troba en proc\u00e9s d&#8217;actualitzaci\u00f3<br \/>\nEls criteris d\u2019avaluaci\u00f3 serveixen de refer\u00e8ncia per valorar el\u00a0 grau d\u2019adquisici\u00f3 de les compet\u00e8ncies b\u00e0siques.<br \/>\nEstan organitzats per cicles.<br \/>\n\ud83d\udc49Criteris_avaluaci\u00f3_cicle_inicial<br \/>\n<a style=\"color: #0000ff;\" href=\"https:\/\/agora.xtec.cat\/escolaeldofi\/wp-content\/uploads\/usu2141\/2020\/10\/Criteris_avaluaci\u00f3_cicle_mitj\u00e0.pdf\">\ud83d\udc49<\/a>Criteris_avaluaci\u00f3_cicle_mitj\u00e0<br \/>\n<a style=\"color: #0000ff;\" href=\"https:\/\/agora.xtec.cat\/escolaeldofi\/wp-content\/uploads\/usu2141\/2020\/10\/Criteris_avaluaci\u00f3_cicle_superior.pdf\">\ud83d\udc49<\/a>Criteris_avaluaci\u00f3_cicle_superior<\/p>\n","protected":false},"author":5,"featured_media":0,"parent":640,"menu_order":70,"comment_status":"closed","ping_status":"closed","template":"","meta":{"_bbp_topic_count":0,"_bbp_reply_count":0,"_bbp_total_topic_count":0,"_bbp_total_reply_count":0,"_bbp_voice_count":0,"_bbp_anonymous_reply_count":0,"_bbp_topic_count_hidden":0,"_bbp_reply_count_hidden":0,"_bbp_forum_subforum_count":0,"footnotes":""},"class_list":["post-662","page","type-page","status-publish","hentry"],"post_mailing_queue_ids":[],"_links":{"self":[{"href":"https:\/\/agora.xtec.cat\/escolaeldofi\/wp-json\/wp\/v2\/pages\/662","targetHints":{"allow":["GET"]}}],"collection":[{"href":"https:\/\/agora.xtec.cat\/escolaeldofi\/wp-json\/wp\/v2\/pages"}],"about":[{"href":"https:\/\/agora.xtec.cat\/escolaeldofi\/wp-json\/wp\/v2\/types\/page"}],"author":[{"embeddable":true,"href":"https:\/\/agora.xtec.cat\/escolaeldofi\/wp-json\/wp\/v2\/users\/5"}],"replies":[{"embeddable":true,"href":"https:\/\/agora.xtec.cat\/escolaeldofi\/wp-json\/wp\/v2\/comments?post=662"}],"version-history":[{"count":5,"href":"https:\/\/agora.xtec.cat\/escolaeldofi\/wp-json\/wp\/v2\/pages\/662\/revisions"}],"predecessor-version":[{"id":6310,"href":"https:\/\/agora.xtec.cat\/escolaeldofi\/wp-json\/wp\/v2\/pages\/662\/revisions\/6310"}],"up":[{"embeddable":true,"href":"https:\/\/agora.xtec.cat\/escolaeldofi\/wp-json\/wp\/v2\/pages\/640"}],"wp:attachment":[{"href":"https:\/\/agora.xtec.cat\/escolaeldofi\/wp-json\/wp\/v2\/media?parent=662"}],"curies":[{"name":"wp","href":"https:\/\/api.w.org\/{rel}","templated":true}]}}