{"id":654,"date":"2020-10-14T13:26:41","date_gmt":"2020-10-14T11:26:41","guid":{"rendered":"https:\/\/agora.xtec.cat\/escolaeldofi\/?page_id=654"},"modified":"2023-11-16T16:42:34","modified_gmt":"2023-11-16T15:42:34","slug":"carta-de-compromis-educatiu","status":"publish","type":"page","link":"https:\/\/agora.xtec.cat\/escolaeldofi\/documents\/carta-de-compromis-educatiu\/","title":{"rendered":"Carta de comprom\u00eds educatiu"},"content":{"rendered":"<p>La carta de comprom\u00eds educatiu \u00e9s un document que t\u00e9 com a finalitat potenciar la comunicaci\u00f3, la participaci\u00f3, la implicaci\u00f3, el comprom\u00eds i la corresponsabilitat entre els centres i les fam\u00edlies en l&#8217;educaci\u00f3 d&#8217;infants i joves.<\/p>\n<p>Per tant, la carta ha de contribuir, entre altres, als objectius seg\u00fcents:<\/p>\n<ul>\n<li>Compartir amb les fam\u00edlies els principis i els continguts del projecte educatiu del centre i, si escau, els projectes educatius de l&#8217;entorn.<\/li>\n<li>Millorar la informaci\u00f3 i la comunicaci\u00f3 entre el centre i les fam\u00edlies.<\/li>\n<li>Facilitar a les fam\u00edlies l&#8217;exercici dels seus drets i el compliment dels deures.<\/li>\n<li>Fomentar la conviv\u00e8ncia i el bon clima escolar.<\/li>\n<li>Corresponsabilitzar el centre i la fam\u00edlia en l&#8217;\u00e8xit acad\u00e8mic, personal i social dels alumnes i tamb\u00e9 en el comprom\u00eds c\u00edvic dels infants i joves.<\/li>\n<\/ul>\n<p><a href=\"https:\/\/agora.xtec.cat\/escolaeldofi\/wp-content\/uploads\/usu2141\/2023\/11\/Compromis-educatiu.pdf\"><img loading=\"lazy\" decoding=\"async\" class=\"alignnone wp-image-840\" src=\"https:\/\/agora.xtec.cat\/escolaeldofi\/wp-content\/uploads\/usu2141\/2020\/10\/CARTA.png\" alt=\"\" width=\"176\" height=\"138\" \/><\/a><a href=\"https:\/\/agora.xtec.cat\/escolaeldofi\/wp-content\/uploads\/usu2141\/2020\/10\/dit.png\"><img loading=\"lazy\" decoding=\"async\" class=\"size-full wp-image-804 alignleft\" src=\"https:\/\/agora.xtec.cat\/escolaeldofi\/wp-content\/uploads\/usu2141\/2020\/10\/dit.png\" alt=\"\" width=\"67\" height=\"40\" \/><\/a><\/p>\n","protected":false},"excerpt":{"rendered":"<p>La carta de comprom\u00eds educatiu \u00e9s un document que t\u00e9 com a finalitat potenciar la comunicaci\u00f3, la participaci\u00f3, la implicaci\u00f3, el comprom\u00eds i la corresponsabilitat entre els centres i les fam\u00edlies en l&#8217;educaci\u00f3 d&#8217;infants i joves.<br \/>\nPer tant, la carta ha de contribuir, entre altres, als&hellip;  <a href=\"https:\/\/agora.xtec.cat\/escolaeldofi\/documents\/carta-de-compromis-educatiu\/\" title=\"Read Carta de comprom\u00eds educatiu\">Llegeix m\u00e9s\u00bb<\/a><\/p>\n","protected":false},"author":5,"featured_media":0,"parent":640,"menu_order":50,"comment_status":"closed","ping_status":"closed","template":"","meta":{"_bbp_topic_count":0,"_bbp_reply_count":0,"_bbp_total_topic_count":0,"_bbp_total_reply_count":0,"_bbp_voice_count":0,"_bbp_anonymous_reply_count":0,"_bbp_topic_count_hidden":0,"_bbp_reply_count_hidden":0,"_bbp_forum_subforum_count":0,"footnotes":""},"class_list":["post-654","page","type-page","status-publish","hentry"],"post_mailing_queue_ids":[],"_links":{"self":[{"href":"https:\/\/agora.xtec.cat\/escolaeldofi\/wp-json\/wp\/v2\/pages\/654","targetHints":{"allow":["GET"]}}],"collection":[{"href":"https:\/\/agora.xtec.cat\/escolaeldofi\/wp-json\/wp\/v2\/pages"}],"about":[{"href":"https:\/\/agora.xtec.cat\/escolaeldofi\/wp-json\/wp\/v2\/types\/page"}],"author":[{"embeddable":true,"href":"https:\/\/agora.xtec.cat\/escolaeldofi\/wp-json\/wp\/v2\/users\/5"}],"replies":[{"embeddable":true,"href":"https:\/\/agora.xtec.cat\/escolaeldofi\/wp-json\/wp\/v2\/comments?post=654"}],"version-history":[{"count":6,"href":"https:\/\/agora.xtec.cat\/escolaeldofi\/wp-json\/wp\/v2\/pages\/654\/revisions"}],"predecessor-version":[{"id":6313,"href":"https:\/\/agora.xtec.cat\/escolaeldofi\/wp-json\/wp\/v2\/pages\/654\/revisions\/6313"}],"up":[{"embeddable":true,"href":"https:\/\/agora.xtec.cat\/escolaeldofi\/wp-json\/wp\/v2\/pages\/640"}],"wp:attachment":[{"href":"https:\/\/agora.xtec.cat\/escolaeldofi\/wp-json\/wp\/v2\/media?parent=654"}],"curies":[{"name":"wp","href":"https:\/\/api.w.org\/{rel}","templated":true}]}}