{"id":645,"date":"2020-10-14T13:24:07","date_gmt":"2020-10-14T11:24:07","guid":{"rendered":"https:\/\/agora.xtec.cat\/escolaeldofi\/?page_id=645"},"modified":"2022-06-21T15:13:53","modified_gmt":"2022-06-21T13:13:53","slug":"projecte-linguistic-pl","status":"publish","type":"page","link":"https:\/\/agora.xtec.cat\/escolaeldofi\/documents\/projecte-linguistic-pl\/","title":{"rendered":"Projecte Ling\u00fc\u00edstic (PL)"},"content":{"rendered":"<p>El Projecte Ling\u00fc\u00edstic del centre (PL) \u00e9s l&#8217;instrument que estableix les l\u00ednies d&#8217;actuaci\u00f3 en l&#8217;aprenentatge i l&#8217;\u00fas de les lleng\u00fces en un context educatiu multiling\u00fce i multicultural.<\/p>\n<p>\u00c9s l&#8217;instrument que permet assolir els objectius generals a la compet\u00e8ncia ling\u00fc\u00edstica que defineix la normativa vigent.<\/p>\n<p><a href=\"https:\/\/agora.xtec.cat\/escolaeldofi\/wp-content\/uploads\/usu2141\/2020\/10\/dit.png\"><img loading=\"lazy\" decoding=\"async\" class=\"size-full wp-image-804 alignleft\" src=\"https:\/\/agora.xtec.cat\/escolaeldofi\/wp-content\/uploads\/usu2141\/2020\/10\/dit.png\" alt=\"\" width=\"67\" height=\"40\" \/><\/a><a href=\"https:\/\/agora.xtec.cat\/escolaeldofi\/wp-content\/uploads\/usu2141\/2022\/06\/ProjecteLinguistic_ElDofi_Web.pdf\"><img loading=\"lazy\" decoding=\"async\" class=\"alignnone wp-image-4838\" src=\"https:\/\/agora.xtec.cat\/escolaeldofi\/wp-content\/uploads\/usu2141\/2022\/06\/projecte-724x1024.png\" alt=\"\" width=\"141\" height=\"199\" \/><\/a><\/p>\n","protected":false},"excerpt":{"rendered":"<p>El Projecte Ling\u00fc\u00edstic del centre (PL) \u00e9s l&#8217;instrument que estableix les l\u00ednies d&#8217;actuaci\u00f3 en l&#8217;aprenentatge i l&#8217;\u00fas de les lleng\u00fces en un context educatiu multiling\u00fce i multicultural.<br \/>\n\u00c9s l&#8217;instrument que permet assolir els objectius generals a la compet\u00e8ncia ling\u00fc\u00edstica que defineix la normativa vigent.<br \/>\n<a href=\"https:\/\/agora.xtec.cat\/escolaeldofi\/wp-content\/uploads\/usu2141\/2020\/10\/dit.png\"><\/a><a href=\"https:\/\/agora.xtec.cat\/escolaeldofi\/wp-content\/uploads\/usu2141\/2022\/06\/ProjecteLinguistic_ElDofi_Web.pdf\"><\/a><\/p>\n","protected":false},"author":5,"featured_media":0,"parent":640,"menu_order":20,"comment_status":"closed","ping_status":"closed","template":"","meta":{"_bbp_topic_count":0,"_bbp_reply_count":0,"_bbp_total_topic_count":0,"_bbp_total_reply_count":0,"_bbp_voice_count":0,"_bbp_anonymous_reply_count":0,"_bbp_topic_count_hidden":0,"_bbp_reply_count_hidden":0,"_bbp_forum_subforum_count":0,"footnotes":""},"class_list":["post-645","page","type-page","status-publish","hentry"],"post_mailing_queue_ids":[],"_links":{"self":[{"href":"https:\/\/agora.xtec.cat\/escolaeldofi\/wp-json\/wp\/v2\/pages\/645","targetHints":{"allow":["GET"]}}],"collection":[{"href":"https:\/\/agora.xtec.cat\/escolaeldofi\/wp-json\/wp\/v2\/pages"}],"about":[{"href":"https:\/\/agora.xtec.cat\/escolaeldofi\/wp-json\/wp\/v2\/types\/page"}],"author":[{"embeddable":true,"href":"https:\/\/agora.xtec.cat\/escolaeldofi\/wp-json\/wp\/v2\/users\/5"}],"replies":[{"embeddable":true,"href":"https:\/\/agora.xtec.cat\/escolaeldofi\/wp-json\/wp\/v2\/comments?post=645"}],"version-history":[{"count":4,"href":"https:\/\/agora.xtec.cat\/escolaeldofi\/wp-json\/wp\/v2\/pages\/645\/revisions"}],"predecessor-version":[{"id":832,"href":"https:\/\/agora.xtec.cat\/escolaeldofi\/wp-json\/wp\/v2\/pages\/645\/revisions\/832"}],"up":[{"embeddable":true,"href":"https:\/\/agora.xtec.cat\/escolaeldofi\/wp-json\/wp\/v2\/pages\/640"}],"wp:attachment":[{"href":"https:\/\/agora.xtec.cat\/escolaeldofi\/wp-json\/wp\/v2\/media?parent=645"}],"curies":[{"name":"wp","href":"https:\/\/api.w.org\/{rel}","templated":true}]}}