{"id":642,"date":"2020-10-14T13:23:07","date_gmt":"2020-10-14T11:23:07","guid":{"rendered":"https:\/\/agora.xtec.cat\/escolaeldofi\/?page_id=642"},"modified":"2023-02-02T13:58:15","modified_gmt":"2023-02-02T12:58:15","slug":"projecte-educatiu-de-centre-pec","status":"publish","type":"page","link":"https:\/\/agora.xtec.cat\/escolaeldofi\/documents\/projecte-educatiu-de-centre-pec\/","title":{"rendered":"Projecte Educatiu de Centre (PEC)"},"content":{"rendered":"<p>El projecte educatiu de centre (PEC) \u00e9s un document que inclou els trets d&#8217;identitat del centre, els principis pedag\u00f2gics, els principis organitzatius i el projecte ling\u00fc\u00edstic.<\/p>\n<p>En aquest document s&#8217;especifiquen els valors, els objectius i les prioritats d&#8217;actuaci\u00f3 del centre, la concreci\u00f3 dels curr\u00edculums que s&#8217;imparteixen i el tractament transversal en les \u00e0rees, mat\u00e8ries o m\u00f2duls de l&#8217;educaci\u00f3 en valors i altres ensenyaments.<\/p>\n<p><a href=\"https:\/\/agora.xtec.cat\/escolaeldofi\/wp-content\/uploads\/usu2141\/2022\/06\/ElDofi_PEC_Juny2022.pdf\"><img loading=\"lazy\" decoding=\"async\" class=\"wp-image-4840 aligncenter\" src=\"https:\/\/agora.xtec.cat\/escolaeldofi\/wp-content\/uploads\/usu2141\/2022\/06\/pec.png\" alt=\"\" width=\"195\" height=\"276\" srcset=\"https:\/\/agora.xtec.cat\/escolaeldofi\/wp-content\/uploads\/usu2141\/2022\/06\/pec.png 566w, https:\/\/agora.xtec.cat\/escolaeldofi\/wp-content\/uploads\/usu2141\/2022\/06\/pec-212x300.png 212w\" sizes=\"auto, (max-width: 195px) 100vw, 195px\" \/><\/a><\/p>\n<p>&nbsp;<\/p>\n<p>&nbsp;<\/p>\n<p>&nbsp;<\/p>\n<p>&nbsp;<\/p>\n<p>&nbsp;<\/p>\n","protected":false},"excerpt":{"rendered":"<p>El projecte educatiu de centre (PEC) \u00e9s un document que inclou els trets d&#8217;identitat del centre, els principis pedag\u00f2gics, els principis organitzatius i el projecte ling\u00fc\u00edstic.<br \/>\nEn aquest document s&#8217;especifiquen els valors, els objectius i les prioritats d&#8217;actuaci\u00f3 del centre, la concreci\u00f3 dels curr\u00edculums que s&#8217;imparteixen&hellip;  <a href=\"https:\/\/agora.xtec.cat\/escolaeldofi\/documents\/projecte-educatiu-de-centre-pec\/\" title=\"Read Projecte Educatiu de Centre (PEC)\">Llegeix m\u00e9s\u00bb<\/a><\/p>\n","protected":false},"author":5,"featured_media":0,"parent":640,"menu_order":10,"comment_status":"closed","ping_status":"closed","template":"","meta":{"_bbp_topic_count":0,"_bbp_reply_count":0,"_bbp_total_topic_count":0,"_bbp_total_reply_count":0,"_bbp_voice_count":0,"_bbp_anonymous_reply_count":0,"_bbp_topic_count_hidden":0,"_bbp_reply_count_hidden":0,"_bbp_forum_subforum_count":0,"footnotes":""},"class_list":["post-642","page","type-page","status-publish","hentry"],"post_mailing_queue_ids":[],"_links":{"self":[{"href":"https:\/\/agora.xtec.cat\/escolaeldofi\/wp-json\/wp\/v2\/pages\/642","targetHints":{"allow":["GET"]}}],"collection":[{"href":"https:\/\/agora.xtec.cat\/escolaeldofi\/wp-json\/wp\/v2\/pages"}],"about":[{"href":"https:\/\/agora.xtec.cat\/escolaeldofi\/wp-json\/wp\/v2\/types\/page"}],"author":[{"embeddable":true,"href":"https:\/\/agora.xtec.cat\/escolaeldofi\/wp-json\/wp\/v2\/users\/5"}],"replies":[{"embeddable":true,"href":"https:\/\/agora.xtec.cat\/escolaeldofi\/wp-json\/wp\/v2\/comments?post=642"}],"version-history":[{"count":5,"href":"https:\/\/agora.xtec.cat\/escolaeldofi\/wp-json\/wp\/v2\/pages\/642\/revisions"}],"predecessor-version":[{"id":5497,"href":"https:\/\/agora.xtec.cat\/escolaeldofi\/wp-json\/wp\/v2\/pages\/642\/revisions\/5497"}],"up":[{"embeddable":true,"href":"https:\/\/agora.xtec.cat\/escolaeldofi\/wp-json\/wp\/v2\/pages\/640"}],"wp:attachment":[{"href":"https:\/\/agora.xtec.cat\/escolaeldofi\/wp-json\/wp\/v2\/media?parent=642"}],"curies":[{"name":"wp","href":"https:\/\/api.w.org\/{rel}","templated":true}]}}