{"id":619,"date":"2020-10-14T13:13:44","date_gmt":"2020-10-14T11:13:44","guid":{"rendered":"https:\/\/agora.xtec.cat\/escolaeldofi\/?page_id=619"},"modified":"2022-03-03T15:34:16","modified_gmt":"2022-03-03T14:34:16","slug":"sortides-i-colonies","status":"publish","type":"page","link":"https:\/\/agora.xtec.cat\/escolaeldofi\/informacions-curs-2020-2021\/sortides-i-colonies\/","title":{"rendered":"Sortides i col\u00f2nies"},"content":{"rendered":"<p>Les sortides escolars s\u00f3n de vital import\u00e0ncia en el proc\u00e9s de creixement de l&#8217;infant perqu\u00e8 creiem que l\u2019aprenentatge ha de ser actiu, vivencial i engrescador.<\/p>\n<p><img loading=\"lazy\" decoding=\"async\" class=\"wp-image-927 alignleft\" src=\"https:\/\/agora.xtec.cat\/escolaeldofi\/wp-content\/uploads\/usu2141\/2020\/10\/PHOTO-2020-10-25-20-18-25-768x1024.jpg\" alt=\"\" width=\"223\" height=\"298\" srcset=\"https:\/\/agora.xtec.cat\/escolaeldofi\/wp-content\/uploads\/usu2141\/2020\/10\/PHOTO-2020-10-25-20-18-25.jpg 768w, https:\/\/agora.xtec.cat\/escolaeldofi\/wp-content\/uploads\/usu2141\/2020\/10\/PHOTO-2020-10-25-20-18-25-225x300.jpg 225w\" sizes=\"auto, (max-width: 223px) 100vw, 223px\" \/><\/p>\n<p>Els objectius de les sortides estan relacionats amb el curr\u00edculum corresponent a cada curs i tamb\u00e9 amb aspectes transversals de relaci\u00f3 i socialitzaci\u00f3 dels alumnes. Les sortides\u00a0 ajuden a despertar o augmentar la curiositat dels alumnes; els ajuden a descobrir noves fonts d&#8217;informaci\u00f3, nous centres d&#8217;inter\u00e8s. Gr\u00e0cies a les sortides viuen situacions en les que desenvolupen l&#8217;autonomia, la responsabilitat, la cooperaci\u00f3 i l&#8217;ajuda m\u00fatua; aprenen altres maneres d&#8217;aprendre, adquireixen nous recursos personals.<\/p>\n<p>El contacte amb la realitat que ens envolta ens proporciona elements complementaris a la tasca educativa di\u00e0ria, i sovint \u00e9s el punt de partida a l\u2019hora desenvolupar els projectes programats o unitats de programaci\u00f3.<\/p>\n<p>Les sortides tamb\u00e9 serveixen per a que els\/les nostres alumnes vegin altres realitats i aprenguin a desenvolupar-se a contextos diferents: el teatre, enmig de la natura, un museu, l\u2019auditori, el tren&#8230;<\/p>\n<p>Per aquest motiu, cada curs els tutors i especialistes programen sortides adequades a l&#8217;edat i al curr\u00edculum.<\/p>\n<p>Les col\u00f2nies formen part del nostre Projecte Educatiu, \u00e9s una activitat de gran qualitat pedag\u00f2gica i humana; \u00e9s adequada per a petits, mitjans i grans; \u00e9s una experi\u00e8ncia \u00fanica, per aix\u00f2 tots la vivim amb molta il\u00b7lusi\u00f3.<\/p>\n<p>Des de fa uns anys anem de col\u00f2nies tots junt a la mateixa casa i ho valorem con un moment molt ric de viv\u00e8ncia d&#8217;escola.<\/p>\n<p><a href=\"https:\/\/agora.xtec.cat\/escolaeldofi\/wp-content\/uploads\/usu2141\/2020\/10\/IMG-20190426-WA0004.jpg\"><img loading=\"lazy\" decoding=\"async\" class=\"wp-image-929 aligncenter\" src=\"https:\/\/agora.xtec.cat\/escolaeldofi\/wp-content\/uploads\/usu2141\/2020\/10\/IMG-20190426-WA0004-1024x674.jpg\" alt=\"\" width=\"422\" height=\"278\" srcset=\"https:\/\/agora.xtec.cat\/escolaeldofi\/wp-content\/uploads\/usu2141\/2020\/10\/IMG-20190426-WA0004.jpg 1024w, https:\/\/agora.xtec.cat\/escolaeldofi\/wp-content\/uploads\/usu2141\/2020\/10\/IMG-20190426-WA0004-300x197.jpg 300w, https:\/\/agora.xtec.cat\/escolaeldofi\/wp-content\/uploads\/usu2141\/2020\/10\/IMG-20190426-WA0004-768x506.jpg 768w\" sizes=\"auto, (max-width: 422px) 100vw, 422px\" \/><\/a><\/p>\n","protected":false},"excerpt":{"rendered":"<p>Les sortides escolars s\u00f3n de vital import\u00e0ncia en el proc\u00e9s de creixement de l&#8217;infant perqu\u00e8 creiem que l\u2019aprenentatge ha de ser actiu, vivencial i engrescador.<\/p>\n<p>Els objectius de les sortides estan relacionats amb el curr\u00edculum corresponent a cada curs i tamb\u00e9 amb aspectes transversals de relaci\u00f3&hellip;  <a href=\"https:\/\/agora.xtec.cat\/escolaeldofi\/informacions-curs-2020-2021\/sortides-i-colonies\/\" title=\"Read Sortides i col\u00f2nies\">Llegeix m\u00e9s\u00bb<\/a><\/p>\n","protected":false},"author":5,"featured_media":0,"parent":604,"menu_order":60,"comment_status":"closed","ping_status":"closed","template":"","meta":{"_bbp_topic_count":0,"_bbp_reply_count":0,"_bbp_total_topic_count":0,"_bbp_total_reply_count":0,"_bbp_voice_count":0,"_bbp_anonymous_reply_count":0,"_bbp_topic_count_hidden":0,"_bbp_reply_count_hidden":0,"_bbp_forum_subforum_count":0,"footnotes":""},"class_list":["post-619","page","type-page","status-publish","hentry"],"post_mailing_queue_ids":[],"_links":{"self":[{"href":"https:\/\/agora.xtec.cat\/escolaeldofi\/wp-json\/wp\/v2\/pages\/619","targetHints":{"allow":["GET"]}}],"collection":[{"href":"https:\/\/agora.xtec.cat\/escolaeldofi\/wp-json\/wp\/v2\/pages"}],"about":[{"href":"https:\/\/agora.xtec.cat\/escolaeldofi\/wp-json\/wp\/v2\/types\/page"}],"author":[{"embeddable":true,"href":"https:\/\/agora.xtec.cat\/escolaeldofi\/wp-json\/wp\/v2\/users\/5"}],"replies":[{"embeddable":true,"href":"https:\/\/agora.xtec.cat\/escolaeldofi\/wp-json\/wp\/v2\/comments?post=619"}],"version-history":[{"count":3,"href":"https:\/\/agora.xtec.cat\/escolaeldofi\/wp-json\/wp\/v2\/pages\/619\/revisions"}],"predecessor-version":[{"id":4350,"href":"https:\/\/agora.xtec.cat\/escolaeldofi\/wp-json\/wp\/v2\/pages\/619\/revisions\/4350"}],"up":[{"embeddable":true,"href":"https:\/\/agora.xtec.cat\/escolaeldofi\/wp-json\/wp\/v2\/pages\/604"}],"wp:attachment":[{"href":"https:\/\/agora.xtec.cat\/escolaeldofi\/wp-json\/wp\/v2\/media?parent=619"}],"curies":[{"name":"wp","href":"https:\/\/api.w.org\/{rel}","templated":true}]}}