{"id":598,"date":"2020-10-07T13:30:27","date_gmt":"2020-10-07T11:30:27","guid":{"rendered":"https:\/\/agora.xtec.cat\/escolaeldofi\/?page_id=598"},"modified":"2026-03-14T08:13:23","modified_gmt":"2026-03-14T07:13:23","slug":"com-aprenem","status":"publish","type":"page","link":"https:\/\/agora.xtec.cat\/escolaeldofi\/escola\/com-aprenem\/","title":{"rendered":"Com aprenem?"},"content":{"rendered":"<p style=\"text-align: justify;\"><span style=\"color: #000000;\"><strong><span style=\"color: #008000;\"><span style=\"color: #339966;\">Associada a la Xarxa d\u2019escoles UNESCO<\/span>.<\/span><\/strong>\u00a0Cada<\/span>\u00a0curs triem un tema tra<img loading=\"lazy\" decoding=\"async\" class=\"wp-image-10993 alignright\" src=\"http:\/\/blocs.xtec.cat\/escolaeldofi\/files\/2020\/03\/IMG_8159.jpg\" alt=\"\" width=\"219\" height=\"164\" \/>nsversal lligat a la UNESCO que dona contingut a la setmana cultural i a d\u2019altres activitats. Celebrem les festes tradicionals i les diades relacionades amb els valors de la pau i la solidaritat.<\/p>\n<p style=\"text-align: justify;\"><strong><span style=\"color: #339966;\">Amb una metodologia diversificada.<\/span><\/strong> Diferents tipus d\u2019agrupaments i propostes: racons, <a href=\"http:\/\/blocs.xtec.cat\/escolaeldofi\/files\/2020\/02\/E3A8BD93-B7E2-4761-A6AA-E4872963E5BE.jpeg\"><img loading=\"lazy\" decoding=\"async\" class=\"wp-image-10779 alignleft\" src=\"http:\/\/blocs.xtec.cat\/escolaeldofi\/files\/2020\/02\/E3A8BD93-B7E2-4761-A6AA-E4872963E5BE-1024x768.jpeg\" alt=\"\" width=\"187\" height=\"141\" \/><\/a>ambients , grups flexibles, desdoblaments.<br \/>\nLa llengua anglesa es treballa des de I5, prioritzem <a href=\"http:\/\/blocs.xtec.cat\/escolaeldofi\/files\/2020\/01\/1F04650A-C498-4669-A382-2818FBDE33B6.jpeg\"><img loading=\"lazy\" decoding=\"async\" class=\"alignright wp-image-10456\" src=\"http:\/\/blocs.xtec.cat\/escolaeldofi\/files\/2020\/01\/1F04650A-C498-4669-A382-2818FBDE33B6-1024x768.jpeg\" alt=\"\" width=\"216\" height=\"162\" \/><\/a>desdoblaments pel treball oral i participem en el projecte CLIL. Fem sortides i visites lligades als aprenentatges.<\/p>\n<p style=\"text-align: justify;\"><strong><span style=\"color: #339966;\">L&#8217;educaci\u00f3 art\u00edstica,<\/span><\/strong> especialment la visual i pl\u00e0stica, tenen un pes molt gran. L\u2019experimentaci\u00f3 de t\u00e8cniques i el treball creatiu s\u00f3n presents des de I3 a 6\u00e8.<\/p>\n<p style=\"text-align: justify;\"><strong><span style=\"color: #339966;\"><img loading=\"lazy\" decoding=\"async\" class=\"wp-image-10989 alignleft\" src=\"http:\/\/blocs.xtec.cat\/escolaeldofi\/files\/2020\/03\/IMG_1951.jpg\" alt=\"\" width=\"215\" height=\"161\" \/><\/span><\/strong><br \/>\nParticipem en la Clika a 2n, al projecte Mardeguitarres amb l&#8217;Escola de M\u00fasica a 3r i la Cant\u00e0nia a l\u2019Auditori de Barcelona a 4t.<\/p>\n<p style=\"text-align: justify;\"><strong><span style=\"color: #339966;\">Activa i en constat transformaci\u00f3:<\/span>\u00a0<\/strong>tenim projectes i plans de m<img loading=\"lazy\" decoding=\"async\" class=\"wp-image-10896 alignleft\" src=\"http:\/\/blocs.xtec.cat\/escolaeldofi\/files\/2020\/03\/8B252CA6-3F89-4963-ABC2-7C16208EA287-1024x768.jpeg\" alt=\"\" width=\"192\" height=\"144\" \/>illora que anem ajustant cada curs. Formem part de la Xarxa de Compet\u00e8ncies b\u00e0siques. Participem en el projecte d\u2019innovaci\u00f3 \u201cApadrinem el nostre patrimoni&#8221;.<\/p>\n<p>&nbsp;<\/p>\n<p><span style=\"font-size: 12pt;\"><strong><span style=\"color: #339966;\">Potenciem l\u2019arrelam<a href=\"http:\/\/blocs.xtec.cat\/escolaeldofi\/files\/2019\/11\/IMG_8099.jpg\"><img loading=\"lazy\" decoding=\"async\" class=\"wp-image-9938 alignright\" src=\"http:\/\/blocs.xtec.cat\/escolaeldofi\/files\/2019\/11\/IMG_8099-1024x768.jpg\" alt=\"\" width=\"216\" height=\"162\" \/><\/a>ent al nostre entorn amb diferents projectes<\/span><\/strong>:<\/span>\u00a0r\u00e0dio, projecte Arrela\u2019t, CUEME&#8230;<\/p>\n<p style=\"text-align: justify;\"><a href=\"http:\/\/blocs.xtec.cat\/escolaeldofi\/files\/2019\/05\/School-Coop.jpg\"><img loading=\"lazy\" decoding=\"async\" class=\"wp-image-9296 alignleft\" src=\"http:\/\/blocs.xtec.cat\/escolaeldofi\/files\/2019\/05\/School-Coop-1024x768.jpg\" alt=\"\" width=\"291\" height=\"218\" \/><\/a><\/p>\n<p style=\"text-align: justify;\"><strong><span style=\"color: #339966;\">\u00a0 \u00a0 \u00a0 \u00a0 \u00a0 \u00a0 \u00a0 \u00a0 \u00a0 \u00a0 \u00a0 \u00a0 \u00a0 \u00a0 \u00a0 \u00a0 \u00a0 \u00a0 \u00a0 \u00a0 \u00a0 \u00a0 \u00a0 \u00a0 \u00a0 \u00a0 \u00a0 \u00a0 \u00a0 \u00a0<\/span><\/strong><\/p>\n<p style=\"text-align: justify;\"><strong><span style=\"color: #339966;\">Som escola 360.<\/span>\u00a0<\/strong>Volem connectar espais i temps educatius per generar m\u00e9s i millors oportunitats d\u2019aprenentatge per l\u2019alumnat. Som Punt LECXIT.<\/p>\n<p>&nbsp;<\/p>\n<p style=\"text-align: justify;\"><span style=\"text-decoration: underline;\"><strong>Instal\u00b7lacions<\/strong><\/span><\/p>\n<p style=\"text-align: justify;\">Pissarres digitals a totes les aules.<img loading=\"lazy\" decoding=\"async\" class=\"wp-image-11008 alignright\" src=\"http:\/\/blocs.xtec.cat\/escolaeldofi\/files\/2020\/03\/IMG-8270.jpg\" alt=\"\" width=\"173\" height=\"173\" \/><br \/>\nDisponibilitat del Poliesportiu Municipal per a les classes d\u2019Educaci\u00f3 F\u00edsica (de 3r a 6\u00e8 ).Piscina gratu\u00efta a 1r i 2n, subvencionada per l\u2019Ajuntament de Premi\u00e0 de Mar.<\/p>\n","protected":false},"excerpt":{"rendered":"<p>Associada a la Xarxa d\u2019escoles UNESCO.\u00a0Cada\u00a0curs triem un tema transversal lligat a la UNESCO que dona contingut a la setmana cultural i a d\u2019altres activitats. Celebrem les festes tradicionals i les diades relacionades amb els valors de la pau i la solidaritat.<br \/>\nAmb una metodologia diversificada.&hellip;  <a href=\"https:\/\/agora.xtec.cat\/escolaeldofi\/escola\/com-aprenem\/\" title=\"Read Com aprenem?\">Llegeix m\u00e9s\u00bb<\/a><\/p>\n","protected":false},"author":5,"featured_media":0,"parent":592,"menu_order":30,"comment_status":"closed","ping_status":"closed","template":"page-templates\/side-menu.php","meta":{"_bbp_topic_count":0,"_bbp_reply_count":0,"_bbp_total_topic_count":0,"_bbp_total_reply_count":0,"_bbp_voice_count":0,"_bbp_anonymous_reply_count":0,"_bbp_topic_count_hidden":0,"_bbp_reply_count_hidden":0,"_bbp_forum_subforum_count":0,"footnotes":""},"class_list":["post-598","page","type-page","status-publish","hentry"],"post_mailing_queue_ids":[],"_links":{"self":[{"href":"https:\/\/agora.xtec.cat\/escolaeldofi\/wp-json\/wp\/v2\/pages\/598","targetHints":{"allow":["GET"]}}],"collection":[{"href":"https:\/\/agora.xtec.cat\/escolaeldofi\/wp-json\/wp\/v2\/pages"}],"about":[{"href":"https:\/\/agora.xtec.cat\/escolaeldofi\/wp-json\/wp\/v2\/types\/page"}],"author":[{"embeddable":true,"href":"https:\/\/agora.xtec.cat\/escolaeldofi\/wp-json\/wp\/v2\/users\/5"}],"replies":[{"embeddable":true,"href":"https:\/\/agora.xtec.cat\/escolaeldofi\/wp-json\/wp\/v2\/comments?post=598"}],"version-history":[{"count":5,"href":"https:\/\/agora.xtec.cat\/escolaeldofi\/wp-json\/wp\/v2\/pages\/598\/revisions"}],"predecessor-version":[{"id":8967,"href":"https:\/\/agora.xtec.cat\/escolaeldofi\/wp-json\/wp\/v2\/pages\/598\/revisions\/8967"}],"up":[{"embeddable":true,"href":"https:\/\/agora.xtec.cat\/escolaeldofi\/wp-json\/wp\/v2\/pages\/592"}],"wp:attachment":[{"href":"https:\/\/agora.xtec.cat\/escolaeldofi\/wp-json\/wp\/v2\/media?parent=598"}],"curies":[{"name":"wp","href":"https:\/\/api.w.org\/{rel}","templated":true}]}}