{"id":596,"date":"2020-10-07T13:29:43","date_gmt":"2020-10-07T11:29:43","guid":{"rendered":"https:\/\/agora.xtec.cat\/escolaeldofi\/?page_id=596"},"modified":"2026-03-14T08:14:26","modified_gmt":"2026-03-14T07:14:26","slug":"qui-som","status":"publish","type":"page","link":"https:\/\/agora.xtec.cat\/escolaeldofi\/escola\/qui-som\/","title":{"rendered":"Qui som?"},"content":{"rendered":"<p><span style=\"text-decoration: underline;\"><strong><span style=\"color: #339966; text-decoration: underline;\">LA NOSTRA ESCOLA<\/span><\/strong><\/span><\/p>\n<p>Som una escola:<img loading=\"lazy\" decoding=\"async\" class=\"wp-image-10996 alignleft\" src=\"http:\/\/blocs.xtec.cat\/escolaeldofi\/files\/2020\/03\/IMG-20190426-WA0004.jpg\" alt=\"\" width=\"395\" height=\"260\" \/><br \/>\n<strong><span style=\"color: #339966;\">Petita i familiar.\u00a0<\/span><\/strong>Tenim una l\u00ednia. La r\u00e0tio \u00e9s de 20 alumnes per grup &#8211; classe. Anem de\u00a0<span style=\"color: #000000;\">col\u00f2nies tots junts, des de I3 fins a 6\u00e8.\u00a0 \u00a0 \u00a0 \u00a0 \u00a0 \u00a0 \u00a0 \u00a0 \u00a0 \u00a0 \u00a0 \u00a0 \u00a0 \u00a0 \u00a0 \u00a0 \u00a0 \u00a0 \u00a0 \u00a0 \u00a0 \u00a0 \u00a0 \u00a0 \u00a0 \u00a0 \u00a0 \u00a0 \u00a0 \u00a0 \u00a0 \u00a0 \u00a0 \u00a0 <\/span><\/p>\n<p><span style=\"font-family: inherit; font-size: 1em;\">L\u2019escola p\u00fablica El Dof\u00ed es defineix com una escola catalana, plural, laica, arrelada al medi, activa i intercultural. El catal\u00e0 \u00e9s la llengua d\u2019aprenentatge i de relaci\u00f3. <\/span>Entenem l\u2019educaci\u00f3 com un proc\u00e9s de formaci\u00f3 integral, i per aix\u00f2 volem :<br \/>\n&#8211; Formar persones competents, preparades per viure i conviure en una so<a href=\"http:\/\/blocs.xtec.cat\/escolaeldofi\/files\/2011\/02\/IMG_3580.jpg\"><img loading=\"lazy\" decoding=\"async\" class=\"wp-image-275 alignright\" src=\"http:\/\/blocs.xtec.cat\/escolaeldofi\/files\/2011\/02\/IMG_3580-1024x768.jpg\" alt=\"\" width=\"234\" height=\"176\" \/><\/a>cietat que canvia constantment.<br \/>\n&#8211; Afavorir que els nostres alumnes assoleixin una alta compet\u00e8ncia comunicativa, que els permeti comprendre i explicar el m\u00f3n.<br \/>\n&#8211; Potenciar que els nens i nenes creixin feli\u00e7os i sans emocionalment parlant, cr\u00edtics amb el m\u00f3n i formant part activa de la societat.<br \/>\n&#8211; Desenvolupar la creativitat a trav\u00e9s d\u2019activitats art\u00edstiques, com a vehicle de l\u2019expressi\u00f3 personal i de comprensi\u00f3 de l\u2019entorn.<br \/>\n&#8211; Fomentar el creixement personal dels alumnes com a \u00e9ssers socials i singulars alhora.<br \/>\nAl bloc de l\u2019escola podeu ampliar aquesta informaci\u00f3 tan important a l\u2019hora de triar l\u2019escola pels vostres fills\/es.<\/p>\n<p style=\"text-align: justify;\">Els objectius finals del centre s\u00f3n els que tota fam\u00edlia t\u00e9 per als seus fills i filles: desenvolupar les capacitats intel\u00b7lectuals i emocionals, les habilitats socials, l\u2019esperit cr\u00edtic, els sentiments de pertinen\u00e7a, la capacitat de comprom\u00eds, l\u2019empatia, la capacitat de treball, l\u2019honestedat i la col\u00b7laboraci\u00f3 amb els altres.<\/p>\n<p>&nbsp;<\/p>\n","protected":false},"excerpt":{"rendered":"<p>LA NOSTRA ESCOLA<br \/>\nSom una escola:<br \/>\nPetita i familiar.\u00a0Tenim una l\u00ednia. La r\u00e0tio \u00e9s de 20 alumnes per grup &#8211; classe. Anem de\u00a0col\u00f2nies tots junts, des de I3 fins a 6\u00e8.\u00a0 \u00a0 \u00a0 \u00a0 \u00a0 \u00a0 \u00a0 \u00a0 \u00a0 \u00a0 \u00a0 \u00a0 \u00a0 \u00a0 \u00a0 \u00a0 \u00a0&hellip;  <a href=\"https:\/\/agora.xtec.cat\/escolaeldofi\/escola\/qui-som\/\" title=\"Read Qui som?\">Llegeix m\u00e9s\u00bb<\/a><\/p>\n","protected":false},"author":5,"featured_media":0,"parent":592,"menu_order":20,"comment_status":"closed","ping_status":"closed","template":"page-templates\/side-menu.php","meta":{"_bbp_topic_count":0,"_bbp_reply_count":0,"_bbp_total_topic_count":0,"_bbp_total_reply_count":0,"_bbp_voice_count":0,"_bbp_anonymous_reply_count":0,"_bbp_topic_count_hidden":0,"_bbp_reply_count_hidden":0,"_bbp_forum_subforum_count":0,"footnotes":""},"class_list":["post-596","page","type-page","status-publish","hentry"],"post_mailing_queue_ids":[],"_links":{"self":[{"href":"https:\/\/agora.xtec.cat\/escolaeldofi\/wp-json\/wp\/v2\/pages\/596","targetHints":{"allow":["GET"]}}],"collection":[{"href":"https:\/\/agora.xtec.cat\/escolaeldofi\/wp-json\/wp\/v2\/pages"}],"about":[{"href":"https:\/\/agora.xtec.cat\/escolaeldofi\/wp-json\/wp\/v2\/types\/page"}],"author":[{"embeddable":true,"href":"https:\/\/agora.xtec.cat\/escolaeldofi\/wp-json\/wp\/v2\/users\/5"}],"replies":[{"embeddable":true,"href":"https:\/\/agora.xtec.cat\/escolaeldofi\/wp-json\/wp\/v2\/comments?post=596"}],"version-history":[{"count":3,"href":"https:\/\/agora.xtec.cat\/escolaeldofi\/wp-json\/wp\/v2\/pages\/596\/revisions"}],"predecessor-version":[{"id":8968,"href":"https:\/\/agora.xtec.cat\/escolaeldofi\/wp-json\/wp\/v2\/pages\/596\/revisions\/8968"}],"up":[{"embeddable":true,"href":"https:\/\/agora.xtec.cat\/escolaeldofi\/wp-json\/wp\/v2\/pages\/592"}],"wp:attachment":[{"href":"https:\/\/agora.xtec.cat\/escolaeldofi\/wp-json\/wp\/v2\/media?parent=596"}],"curies":[{"name":"wp","href":"https:\/\/api.w.org\/{rel}","templated":true}]}}