{"id":4361,"date":"2022-03-03T16:00:13","date_gmt":"2022-03-03T15:00:13","guid":{"rendered":"https:\/\/agora.xtec.cat\/escolaeldofi\/?page_id=4361"},"modified":"2026-02-25T11:35:17","modified_gmt":"2026-02-25T10:35:17","slug":"extraescolars","status":"publish","type":"page","link":"https:\/\/agora.xtec.cat\/escolaeldofi\/extraescolars\/","title":{"rendered":"Extraescolars"},"content":{"rendered":"<p>L&#8217;escola disposa de diferents ofertes d&#8217;extraescolars.<\/p>\n<p>En horari de migdia hi ha un servei d&#8217;extraescolars d&#8217;angl\u00e8s gestionat per l&#8217;AFA de l&#8217;escola i l&#8217;empresa RedBus.<\/p>\n<p>I en horari de tarda, l&#8217;escola disposa d&#8217;un servei d&#8217;extraescolars gestionat per l&#8217;AFA de l&#8217;escola i l&#8217;empresa Din\u00e0mic.<\/p>\n<p>Per poder accedir a la utilitzaci\u00f3 del servei d&#8217;extraescolars cal fer la inscripci\u00f3 a trav\u00e9s de l&#8217;app de Fundesplai.<\/p>\n<p>&nbsp;<\/p>\n<p>&nbsp;<\/p>\n","protected":false},"excerpt":{"rendered":"<p>L&#8217;escola disposa de diferents ofertes d&#8217;extraescolars.<br \/>\nEn horari de migdia hi ha un servei d&#8217;extraescolars d&#8217;angl\u00e8s gestionat per l&#8217;AFA de l&#8217;escola i l&#8217;empresa RedBus.<br \/>\nI en horari de tarda, l&#8217;escola disposa d&#8217;un servei d&#8217;extraescolars gestionat per l&#8217;AFA de l&#8217;escola i l&#8217;empresa Din\u00e0mic.<br \/>\nPer poder accedir a la utilitzaci\u00f3&hellip;  <a href=\"https:\/\/agora.xtec.cat\/escolaeldofi\/extraescolars\/\" title=\"Read Extraescolars\">Llegeix m\u00e9s\u00bb<\/a><\/p>\n","protected":false},"author":11,"featured_media":0,"parent":0,"menu_order":0,"comment_status":"closed","ping_status":"closed","template":"","meta":{"_bbp_topic_count":0,"_bbp_reply_count":0,"_bbp_total_topic_count":0,"_bbp_total_reply_count":0,"_bbp_voice_count":0,"_bbp_anonymous_reply_count":0,"_bbp_topic_count_hidden":0,"_bbp_reply_count_hidden":0,"_bbp_forum_subforum_count":0,"footnotes":""},"class_list":["post-4361","page","type-page","status-publish","hentry"],"post_mailing_queue_ids":[],"_links":{"self":[{"href":"https:\/\/agora.xtec.cat\/escolaeldofi\/wp-json\/wp\/v2\/pages\/4361","targetHints":{"allow":["GET"]}}],"collection":[{"href":"https:\/\/agora.xtec.cat\/escolaeldofi\/wp-json\/wp\/v2\/pages"}],"about":[{"href":"https:\/\/agora.xtec.cat\/escolaeldofi\/wp-json\/wp\/v2\/types\/page"}],"author":[{"embeddable":true,"href":"https:\/\/agora.xtec.cat\/escolaeldofi\/wp-json\/wp\/v2\/users\/11"}],"replies":[{"embeddable":true,"href":"https:\/\/agora.xtec.cat\/escolaeldofi\/wp-json\/wp\/v2\/comments?post=4361"}],"version-history":[{"count":6,"href":"https:\/\/agora.xtec.cat\/escolaeldofi\/wp-json\/wp\/v2\/pages\/4361\/revisions"}],"predecessor-version":[{"id":8926,"href":"https:\/\/agora.xtec.cat\/escolaeldofi\/wp-json\/wp\/v2\/pages\/4361\/revisions\/8926"}],"wp:attachment":[{"href":"https:\/\/agora.xtec.cat\/escolaeldofi\/wp-json\/wp\/v2\/media?parent=4361"}],"curies":[{"name":"wp","href":"https:\/\/api.w.org\/{rel}","templated":true}]}}