{"id":809,"date":"2016-02-11T10:20:46","date_gmt":"2016-02-11T09:20:46","guid":{"rendered":"http:\/\/agora.xtec.cat\/escolaelcorb\/?page_id=809"},"modified":"2026-02-19T18:52:41","modified_gmt":"2026-02-19T17:52:41","slug":"cantania-5e-3","status":"publish","type":"page","link":"https:\/\/agora.xtec.cat\/escolaelcorb\/projecte-educatiu\/cantania-5e-3\/","title":{"rendered":"M\u00fasica"},"content":{"rendered":"<h3 style=\"text-align: center;\" data-start=\"132\" data-end=\"160\">L\u2019especialitat de m\u00fasica<\/h3>\n<p>&nbsp;<\/p>\n<p data-start=\"162\" data-end=\"544\">La m\u00fasica a l\u2019escola es treballa de manera continuada des d\u2019I3 fins a 6\u00e8, sempre a la mateixa aula de m\u00fasica, un espai pensat espec\u00edficament per afavorir l\u2019aprenentatge i l\u2019expressi\u00f3 musical. A m\u00e9s, gr\u00e0cies al <strong data-start=\"372\" data-end=\"403\">Projecte d\u2019Innovaci\u00f3 AraArt<\/strong>, l\u2019escola mant\u00e9 un conveni de col\u00b7laboraci\u00f3 amb l\u2019Escola Municipal de M\u00fasica de Corbera, que enriqueix l\u2019experi\u00e8ncia educativa de l\u2019alumnat.<\/p>\n<p data-start=\"546\" data-end=\"812\">A <strong data-start=\"548\" data-end=\"569\">Educaci\u00f3 Infantil<\/strong>, la m\u00fasica es viu a partir de la can\u00e7\u00f3, els contes cantats, el moviment i la dansa. Es treballa el llenguatge musical mitjan\u00e7ant les qualitats del so i l\u2019expressi\u00f3 musical amb instruments, fomentant la creativitat i la sensibilitat art\u00edstica.<\/p>\n<p data-start=\"814\" data-end=\"1067\">Al <strong data-start=\"817\" data-end=\"834\">Cicle Inicial<\/strong>, s\u2019inicia l\u2019aprenentatge del llenguatge musical r\u00edtmic i mel\u00f2dic a trav\u00e9s de l\u2019escala de colors i el pentagrama. Els instruments principals per expressar musicalment els aprenentatges s\u00f3n les plaques o xil\u00f2fons i els <em data-start=\"1052\" data-end=\"1066\">Boomwhackers<\/em>.<\/p>\n<p data-start=\"1069\" data-end=\"1311\">Al <strong data-start=\"1072\" data-end=\"1087\">Cicle Mitj\u00e0<\/strong>, l\u2019alumnat aprofundeix en el coneixement del llenguatge musical i en la seva lectura sobre el pentagrama. L\u2019instrument principal de treball \u00e9s la flauta, que permet desenvolupar habilitats d\u2019interpretaci\u00f3 i lectura musical.<\/p>\n<p data-start=\"1313\" data-end=\"1507\">Finalment, al <strong data-start=\"1327\" data-end=\"1345\">Cicle Superior<\/strong>, els alumnes treballen amb l\u2019ukelele, un instrument que afavoreix la interpretaci\u00f3 en grup, l\u2019acompanyament musical i la motivaci\u00f3 vers la pr\u00e0ctica instrumental.<\/p>\n<p><a href=\"https:\/\/drive.google.com\/file\/d\/1MQcsvEQGhE_xZv1JbeFd9IBF4GRY3c-9\/view?usp=drive_link\">L&#8217;aula de M\u00fasica<\/a><\/p>\n<p>&nbsp;<\/p>\n<p><a href=\"https:\/\/drive.google.com\/file\/d\/1MQcsvEQGhE_xZv1JbeFd9IBF4GRY3c-9\/view?usp=drive_link\"><img loading=\"lazy\" decoding=\"async\" class=\"alignnone wp-image-5980 size-large\" src=\"https:\/\/agora.xtec.cat\/escolaelcorb\/wp-content\/uploads\/usu852\/2025\/11\/aula-musica-1-1024x557.png\" alt=\"\" width=\"1024\" height=\"557\" srcset=\"https:\/\/agora.xtec.cat\/escolaelcorb\/wp-content\/uploads\/usu852\/2025\/11\/aula-musica-1-1024x557.png 1024w, https:\/\/agora.xtec.cat\/escolaelcorb\/wp-content\/uploads\/usu852\/2025\/11\/aula-musica-1-300x163.png 300w, https:\/\/agora.xtec.cat\/escolaelcorb\/wp-content\/uploads\/usu852\/2025\/11\/aula-musica-1-768x418.png 768w, https:\/\/agora.xtec.cat\/escolaelcorb\/wp-content\/uploads\/usu852\/2025\/11\/aula-musica-1.png 1383w\" sizes=\"auto, (max-width: 1024px) 100vw, 1024px\" \/><\/a><\/p>\n","protected":false},"excerpt":{"rendered":"<p>L\u2019especialitat de m\u00fasica &nbsp; La m\u00fasica a l\u2019escola es treballa de manera continuada des d\u2019I3 fins a 6\u00e8, sempre a la mateixa aula de m\u00fasica, un espai pensat espec\u00edficament per afavorir l\u2019aprenentatge i l\u2019expressi\u00f3 musical. A m\u00e9s, gr\u00e0cies al Projecte d\u2019Innovaci\u00f3 AraArt, l\u2019escola mant\u00e9 un conveni de col\u00b7laboraci\u00f3 amb l\u2019Escola Municipal de M\u00fasica de Corbera, [&hellip;]<\/p>\n","protected":false},"author":1,"featured_media":0,"parent":64,"menu_order":3,"comment_status":"closed","ping_status":"closed","template":"","meta":{"site-sidebar-layout":"default","site-content-layout":"","ast-site-content-layout":"default","site-content-style":"default","site-sidebar-style":"default","ast-global-header-display":"","ast-banner-title-visibility":"","ast-main-header-display":"","ast-hfb-above-header-display":"","ast-hfb-below-header-display":"","ast-hfb-mobile-header-display":"","site-post-title":"","ast-breadcrumbs-content":"","ast-featured-img":"","footer-sml-layout":"","theme-transparent-header-meta":"default","adv-header-id-meta":"","stick-header-meta":"","header-above-stick-meta":"","header-main-stick-meta":"","header-below-stick-meta":"","astra-migrate-meta-layouts":"set","ast-page-background-enabled":"default","ast-page-background-meta":{"desktop":{"background-color":"var(--ast-global-color-4)","background-image":"","background-repeat":"repeat","background-position":"center center","background-size":"auto","background-attachment":"scroll","background-type":"","background-media":"","overlay-type":"","overlay-color":"","overlay-opacity":"","overlay-gradient":""},"tablet":{"background-color":"","background-image":"","background-repeat":"repeat","background-position":"center center","background-size":"auto","background-attachment":"scroll","background-type":"","background-media":"","overlay-type":"","overlay-color":"","overlay-opacity":"","overlay-gradient":""},"mobile":{"background-color":"","background-image":"","background-repeat":"repeat","background-position":"center center","background-size":"auto","background-attachment":"scroll","background-type":"","background-media":"","overlay-type":"","overlay-color":"","overlay-opacity":"","overlay-gradient":""}},"ast-content-background-meta":{"desktop":{"background-color":"var(--ast-global-color-5)","background-image":"","background-repeat":"repeat","background-position":"center center","background-size":"auto","background-attachment":"scroll","background-type":"","background-media":"","overlay-type":"","overlay-color":"","overlay-opacity":"","overlay-gradient":""},"tablet":{"background-color":"var(--ast-global-color-5)","background-image":"","background-repeat":"repeat","background-position":"center center","background-size":"auto","background-attachment":"scroll","background-type":"","background-media":"","overlay-type":"","overlay-color":"","overlay-opacity":"","overlay-gradient":""},"mobile":{"background-color":"var(--ast-global-color-5)","background-image":"","background-repeat":"repeat","background-position":"center center","background-size":"auto","background-attachment":"scroll","background-type":"","background-media":"","overlay-type":"","overlay-color":"","overlay-opacity":"","overlay-gradient":""}},"footnotes":""},"class_list":["post-809","page","type-page","status-publish","hentry"],"post_mailing_queue_ids":[],"_links":{"self":[{"href":"https:\/\/agora.xtec.cat\/escolaelcorb\/wp-json\/wp\/v2\/pages\/809","targetHints":{"allow":["GET"]}}],"collection":[{"href":"https:\/\/agora.xtec.cat\/escolaelcorb\/wp-json\/wp\/v2\/pages"}],"about":[{"href":"https:\/\/agora.xtec.cat\/escolaelcorb\/wp-json\/wp\/v2\/types\/page"}],"author":[{"embeddable":true,"href":"https:\/\/agora.xtec.cat\/escolaelcorb\/wp-json\/wp\/v2\/users\/1"}],"replies":[{"embeddable":true,"href":"https:\/\/agora.xtec.cat\/escolaelcorb\/wp-json\/wp\/v2\/comments?post=809"}],"version-history":[{"count":7,"href":"https:\/\/agora.xtec.cat\/escolaelcorb\/wp-json\/wp\/v2\/pages\/809\/revisions"}],"predecessor-version":[{"id":6138,"href":"https:\/\/agora.xtec.cat\/escolaelcorb\/wp-json\/wp\/v2\/pages\/809\/revisions\/6138"}],"up":[{"embeddable":true,"href":"https:\/\/agora.xtec.cat\/escolaelcorb\/wp-json\/wp\/v2\/pages\/64"}],"wp:attachment":[{"href":"https:\/\/agora.xtec.cat\/escolaelcorb\/wp-json\/wp\/v2\/media?parent=809"}],"curies":[{"name":"wp","href":"https:\/\/api.w.org\/{rel}","templated":true}]}}