{"id":73,"date":"2014-09-18T14:01:51","date_gmt":"2014-09-18T13:01:51","guid":{"rendered":"http:\/\/agora.xtec.cat\/escolaelcorb\/?page_id=73"},"modified":"2026-04-27T12:06:57","modified_gmt":"2026-04-27T10:06:57","slug":"menjador-escolar","status":"publish","type":"page","link":"https:\/\/agora.xtec.cat\/escolaelcorb\/serveis\/menjador-escolar\/","title":{"rendered":"Menjador escolar"},"content":{"rendered":"<p><a href=\"https:\/\/agora.xtec.cat\/escolaelcorb\/wp-content\/uploads\/usu852\/2023\/07\/com-a-casa.jpg\"><img loading=\"lazy\" decoding=\"async\" class=\"size-full wp-image-5236 alignnone\" src=\"https:\/\/agora.xtec.cat\/escolaelcorb\/wp-content\/uploads\/usu852\/2023\/07\/com-a-casa.jpg\" alt=\"\" width=\"266\" height=\"89\" \/><\/a><\/p>\n<p>L\u2019empresa que gestiona el menjador de l&#8217;Escola El Corb \u00e9s <strong>Com a Casa<\/strong>.<\/p>\n<p>La preinscripci\u00f3 es fa online, el mateix enlla\u00e7 et permet\u00a0 veure els men\u00fas mensuals.<\/p>\n<p><a href=\"https:\/\/comacasamenjadors.cat\/families\/\">https:\/\/comacasamenjadors.cat\/families\/<\/a><\/p>\n<p>El cobrament d&#8217;aquest servei es realitza mitjan\u00e7ant domiciliaci\u00f3 banc\u00e0ria. El pagament dels usuaris fixos i espor\u00e0dics es far\u00e0 a mes ven\u00e7ut de l\u20191 al 5 de cada mes (excepte el mes de Juny que ser\u00e0 el dia 24).<\/p>\n<p><strong>Abs\u00e8ncia<\/strong>: En cas que un dia el vostre fill o filla no assisteixi al servei, haureu de notificar-ho a la coordinadora abans de les 10h. En aquest cas, i amb previs av\u00eds, es cobrar\u00e0 el 50% de l\u2019import diari.<\/p>\n<p><strong>Espor\u00e0dics<\/strong>: Cal avisar via tel\u00e8fon o presencial abans de les 10 h a la coordinadora: en cas de necessitar el servei de menjador de forma espor\u00e0dica i\/o en cas de necessitar una dieta especial.<\/p>\n<p>Els usuaris amb necessitat de men\u00fa especial hauran d\u2019informar a la coordinadora i presentar un informe m\u00e8dic en el cas que el nen\/a pateixi alguna al\u00b7l\u00e8rgia o intoler\u00e0ncia.<\/p>\n<p>Les baixes del servei s\u2019hauran de comunicar entre l\u20191 i el 5 de cada mes.<\/p>\n<p>L&#8217;escola t\u00e9 <strong>dos menjador<\/strong>s, un pels d&#8217;Ed. Infatil i un pels alumnes de Prim\u00e0ria.\u00a0 El menjar \u00e9s de <strong>producte de proximita<\/strong>t i disposem de <strong>cuina pr\u00f2pia<\/strong>.<\/p>\n<p><a href=\"https:\/\/agora.xtec.cat\/escolaelcorb\/wp-content\/uploads\/usu852\/2026\/01\/Disseny-sense-titol-15.jpg\"><img loading=\"lazy\" decoding=\"async\" class=\"alignnone size-large wp-image-6118\" src=\"https:\/\/agora.xtec.cat\/escolaelcorb\/wp-content\/uploads\/usu852\/2026\/01\/Disseny-sense-titol-15-1024x819.jpg\" alt=\"\" width=\"1024\" height=\"819\" srcset=\"https:\/\/agora.xtec.cat\/escolaelcorb\/wp-content\/uploads\/usu852\/2026\/01\/Disseny-sense-titol-15-1024x819.jpg 1024w, https:\/\/agora.xtec.cat\/escolaelcorb\/wp-content\/uploads\/usu852\/2026\/01\/Disseny-sense-titol-15-300x240.jpg 300w, https:\/\/agora.xtec.cat\/escolaelcorb\/wp-content\/uploads\/usu852\/2026\/01\/Disseny-sense-titol-15-768x614.jpg 768w, https:\/\/agora.xtec.cat\/escolaelcorb\/wp-content\/uploads\/usu852\/2026\/01\/Disseny-sense-titol-15-1536x1229.jpg 1536w, https:\/\/agora.xtec.cat\/escolaelcorb\/wp-content\/uploads\/usu852\/2026\/01\/Disseny-sense-titol-15.jpg 2000w\" sizes=\"auto, (max-width: 1024px) 100vw, 1024px\" \/><\/a><\/p>\n\n\n<p><a href=\"https:\/\/drive.google.com\/file\/d\/1CP2OIzKPyx8QHu1hY_46MvOehlxTSHaD\/view?usp=sharing\">Men\u00fa de Febrer<\/a><\/p>\n\n\n\n<p><a href=\"https:\/\/drive.google.com\/file\/d\/1IvGF1zirOuZT2SMg3okn05vdU6-sYiga\/view?usp=sharing\">Men\u00fa de Mar\u00e7<\/a><\/p>\n\n\n\n<p><a href=\"https:\/\/drive.google.com\/file\/d\/1IvGF1zirOuZT2SMg3okn05vdU6-sYiga\/view?usp=drive_link\" target=\"_blank\" rel=\"noreferrer noopener\">Men\u00fa d&#8217;Abril<\/a><\/p>\n\n\n\n<p><a href=\"https:\/\/drive.google.com\/file\/d\/1VLSiFoGzyaNgOIxFPwKfXUlR96J2H-U1\/view?usp=drive_link\" data-type=\"link\" data-id=\"https:\/\/drive.google.com\/file\/d\/1VLSiFoGzyaNgOIxFPwKfXUlR96J2H-U1\/view?usp=drive_link\" target=\"_blank\" rel=\"noreferrer noopener\">Men\u00fa Maig<\/a><\/p>\n\n\n\n<p><\/p>\n","protected":false},"excerpt":{"rendered":"<p>L\u2019empresa que gestiona el menjador de l&#8217;Escola El Corb \u00e9s Com a Casa. La preinscripci\u00f3 es fa online, el mateix enlla\u00e7 et permet\u00a0 veure els men\u00fas mensuals. https:\/\/comacasamenjadors.cat\/families\/ El cobrament d&#8217;aquest servei es realitza mitjan\u00e7ant domiciliaci\u00f3 banc\u00e0ria. El pagament dels usuaris fixos i espor\u00e0dics es far\u00e0 a mes ven\u00e7ut de l\u20191 al 5 de cada [&hellip;]<\/p>\n","protected":false},"author":1,"featured_media":0,"parent":66,"menu_order":0,"comment_status":"closed","ping_status":"closed","template":"","meta":{"site-sidebar-layout":"default","site-content-layout":"","ast-site-content-layout":"default","site-content-style":"default","site-sidebar-style":"default","ast-global-header-display":"","ast-banner-title-visibility":"","ast-main-header-display":"","ast-hfb-above-header-display":"","ast-hfb-below-header-display":"","ast-hfb-mobile-header-display":"","site-post-title":"","ast-breadcrumbs-content":"","ast-featured-img":"","footer-sml-layout":"","theme-transparent-header-meta":"default","adv-header-id-meta":"","stick-header-meta":"","header-above-stick-meta":"","header-main-stick-meta":"","header-below-stick-meta":"","astra-migrate-meta-layouts":"set","ast-page-background-enabled":"default","ast-page-background-meta":{"desktop":{"background-color":"var(--ast-global-color-4)","background-image":"","background-repeat":"repeat","background-position":"center center","background-size":"auto","background-attachment":"scroll","background-type":"","background-media":"","overlay-type":"","overlay-color":"","overlay-opacity":"","overlay-gradient":""},"tablet":{"background-color":"","background-image":"","background-repeat":"repeat","background-position":"center center","background-size":"auto","background-attachment":"scroll","background-type":"","background-media":"","overlay-type":"","overlay-color":"","overlay-opacity":"","overlay-gradient":""},"mobile":{"background-color":"","background-image":"","background-repeat":"repeat","background-position":"center center","background-size":"auto","background-attachment":"scroll","background-type":"","background-media":"","overlay-type":"","overlay-color":"","overlay-opacity":"","overlay-gradient":""}},"ast-content-background-meta":{"desktop":{"background-color":"var(--ast-global-color-5)","background-image":"","background-repeat":"repeat","background-position":"center center","background-size":"auto","background-attachment":"scroll","background-type":"","background-media":"","overlay-type":"","overlay-color":"","overlay-opacity":"","overlay-gradient":""},"tablet":{"background-color":"var(--ast-global-color-5)","background-image":"","background-repeat":"repeat","background-position":"center center","background-size":"auto","background-attachment":"scroll","background-type":"","background-media":"","overlay-type":"","overlay-color":"","overlay-opacity":"","overlay-gradient":""},"mobile":{"background-color":"var(--ast-global-color-5)","background-image":"","background-repeat":"repeat","background-position":"center center","background-size":"auto","background-attachment":"scroll","background-type":"","background-media":"","overlay-type":"","overlay-color":"","overlay-opacity":"","overlay-gradient":""}},"footnotes":""},"class_list":["post-73","page","type-page","status-publish","hentry"],"post_mailing_queue_ids":[],"_links":{"self":[{"href":"https:\/\/agora.xtec.cat\/escolaelcorb\/wp-json\/wp\/v2\/pages\/73","targetHints":{"allow":["GET"]}}],"collection":[{"href":"https:\/\/agora.xtec.cat\/escolaelcorb\/wp-json\/wp\/v2\/pages"}],"about":[{"href":"https:\/\/agora.xtec.cat\/escolaelcorb\/wp-json\/wp\/v2\/types\/page"}],"author":[{"embeddable":true,"href":"https:\/\/agora.xtec.cat\/escolaelcorb\/wp-json\/wp\/v2\/users\/1"}],"replies":[{"embeddable":true,"href":"https:\/\/agora.xtec.cat\/escolaelcorb\/wp-json\/wp\/v2\/comments?post=73"}],"version-history":[{"count":5,"href":"https:\/\/agora.xtec.cat\/escolaelcorb\/wp-json\/wp\/v2\/pages\/73\/revisions"}],"predecessor-version":[{"id":6903,"href":"https:\/\/agora.xtec.cat\/escolaelcorb\/wp-json\/wp\/v2\/pages\/73\/revisions\/6903"}],"up":[{"embeddable":true,"href":"https:\/\/agora.xtec.cat\/escolaelcorb\/wp-json\/wp\/v2\/pages\/66"}],"wp:attachment":[{"href":"https:\/\/agora.xtec.cat\/escolaelcorb\/wp-json\/wp\/v2\/media?parent=73"}],"curies":[{"name":"wp","href":"https:\/\/api.w.org\/{rel}","templated":true}]}}