{"id":7092,"date":"2026-04-29T13:54:37","date_gmt":"2026-04-29T11:54:37","guid":{"rendered":"https:\/\/agora.xtec.cat\/escolaelcorb\/?page_id=7092"},"modified":"2026-05-06T15:52:44","modified_gmt":"2026-05-06T13:52:44","slug":"atencio-a-la-diversitat-2","status":"publish","type":"page","link":"https:\/\/agora.xtec.cat\/escolaelcorb\/atencio-a-la-diversitat-2\/","title":{"rendered":"Atenci\u00f3 a la Diversitat"},"content":{"rendered":"\n<div class=\"wp-block-getwid-banner has-animation-style4 has-text-animation-opacity-bottom alignwide\"><a href=\"#\" class=\"wp-block-getwid-banner__link\"><div class=\"wp-block-getwid-banner__wrapper\"><img loading=\"lazy\" decoding=\"async\" width=\"768\" height=\"1024\" src=\"https:\/\/agora.xtec.cat\/escolaelcorb\/wp-content\/uploads\/usu852\/2026\/04\/IMG-20260320-WA0019-1-1-768x1024.jpg\" alt=\"\" class=\"wp-block-getwid-banner__image wp-block-getwid-banner__source wp-image-7094\" srcset=\"https:\/\/agora.xtec.cat\/escolaelcorb\/wp-content\/uploads\/usu852\/2026\/04\/IMG-20260320-WA0019-1-1-768x1024.jpg 768w, https:\/\/agora.xtec.cat\/escolaelcorb\/wp-content\/uploads\/usu852\/2026\/04\/IMG-20260320-WA0019-1-1-225x300.jpg 225w, https:\/\/agora.xtec.cat\/escolaelcorb\/wp-content\/uploads\/usu852\/2026\/04\/IMG-20260320-WA0019-1-1-1152x1536.jpg 1152w, https:\/\/agora.xtec.cat\/escolaelcorb\/wp-content\/uploads\/usu852\/2026\/04\/IMG-20260320-WA0019-1-1.jpg 1500w\" sizes=\"auto, (max-width: 768px) 100vw, 768px\" \/><div class=\"wp-block-getwid-banner__caption\"><div class=\"wp-block-getwid-banner__caption-wrapper\"><span class=\"wp-block-getwid-banner__title\">Escola Inclusiva<\/span><p class=\"wp-block-getwid-banner__text\">Tots som diferents, tots som El Corb. Aprenem junts per cr\u00e9ixer com a comunitat.<\/p><\/div><\/div><\/div><\/a><\/div>\n\n\n\n<blockquote class=\"wp-block-quote is-layout-flow wp-block-quote-is-layout-flow\">\n<p>A l&#8217;Escola El Corb creiem en una educaci\u00f3 per a tothom. L&#8217;escola inclusiva \u00e9s el cam\u00ed per garantir que cada alumne, amb les seves capacitats i ritmes, rebi el suport necessari per desenvolupar-se plenament. No nom\u00e9s adaptem l&#8217;aprenentatge, sin\u00f3 que celebrem la diversitat com una riquesa que ens fa millors a tots.<\/p>\n<\/blockquote>\n\n\n\n<div class=\"wp-block-group has-background is-layout-constrained wp-block-group-is-layout-constrained\" style=\"background-color:#fafafa\">\n<div class=\"wp-block-columns is-layout-flex wp-container-core-columns-is-layout-1 wp-block-columns-is-layout-flex\">\n<div class=\"wp-block-column is-layout-flow wp-block-column-is-layout-flow\" style=\"flex-basis:100%\">\n<h2 class=\"wp-block-heading\">El Niu del Corb (SIEI)<\/h2>\n\n\n\n<div class=\"wp-block-media-text is-stacked-on-mobile\"><figure class=\"wp-block-media-text__media\"><img loading=\"lazy\" decoding=\"async\" width=\"1024\" height=\"768\" src=\"https:\/\/agora.xtec.cat\/escolaelcorb\/wp-content\/uploads\/usu852\/2026\/04\/IMG-20260320-WA0017-1-1-1024x768.jpg\" alt=\"\" class=\"wp-image-7095 size-full\" srcset=\"https:\/\/agora.xtec.cat\/escolaelcorb\/wp-content\/uploads\/usu852\/2026\/04\/IMG-20260320-WA0017-1-1-1024x768.jpg 1024w, https:\/\/agora.xtec.cat\/escolaelcorb\/wp-content\/uploads\/usu852\/2026\/04\/IMG-20260320-WA0017-1-1-300x225.jpg 300w, https:\/\/agora.xtec.cat\/escolaelcorb\/wp-content\/uploads\/usu852\/2026\/04\/IMG-20260320-WA0017-1-1-768x576.jpg 768w, https:\/\/agora.xtec.cat\/escolaelcorb\/wp-content\/uploads\/usu852\/2026\/04\/IMG-20260320-WA0017-1-1-1536x1152.jpg 1536w, https:\/\/agora.xtec.cat\/escolaelcorb\/wp-content\/uploads\/usu852\/2026\/04\/IMG-20260320-WA0017-1-1.jpg 1600w\" sizes=\"auto, (max-width: 1024px) 100vw, 1024px\" \/><\/figure><div class=\"wp-block-media-text__content\">\n<p>Un recurs intensiu per a alumnes amb necessitats educatives especials. A &#8216;El Niu&#8217; afavorim la inclusi\u00f3 a l&#8217;aula ordin\u00e0ria mitjan\u00e7ant:<\/p>\n<\/div><\/div>\n<\/div>\n<\/div>\n<\/div>\n\n\n\n<div class=\"wp-block-columns has-background is-layout-flex wp-container-core-columns-is-layout-2 wp-block-columns-is-layout-flex\" style=\"background-color:#fafafa\">\n<div class=\"wp-block-column is-layout-flow wp-block-column-is-layout-flow\">\n<h6 class=\"wp-block-heading has-text-align-center\">Suport personalitzat<\/h6>\n\n\n\n<figure class=\"wp-block-image size-large\"><a href=\"https:\/\/agora.xtec.cat\/escolaelcorb\/wp-content\/uploads\/usu852\/2026\/04\/IMG_8186-scaled.jpeg\"><img loading=\"lazy\" decoding=\"async\" width=\"699\" height=\"1024\" src=\"https:\/\/agora.xtec.cat\/escolaelcorb\/wp-content\/uploads\/usu852\/2026\/04\/IMG_8186-699x1024.jpeg\" alt=\"\" class=\"wp-image-7104\" style=\"aspect-ratio:3\/4;object-fit:cover\" srcset=\"https:\/\/agora.xtec.cat\/escolaelcorb\/wp-content\/uploads\/usu852\/2026\/04\/IMG_8186-699x1024.jpeg 699w, https:\/\/agora.xtec.cat\/escolaelcorb\/wp-content\/uploads\/usu852\/2026\/04\/IMG_8186-205x300.jpeg 205w, https:\/\/agora.xtec.cat\/escolaelcorb\/wp-content\/uploads\/usu852\/2026\/04\/IMG_8186-768x1124.jpeg 768w, https:\/\/agora.xtec.cat\/escolaelcorb\/wp-content\/uploads\/usu852\/2026\/04\/IMG_8186-1049x1536.jpeg 1049w, https:\/\/agora.xtec.cat\/escolaelcorb\/wp-content\/uploads\/usu852\/2026\/04\/IMG_8186-1399x2048.jpeg 1399w, https:\/\/agora.xtec.cat\/escolaelcorb\/wp-content\/uploads\/usu852\/2026\/04\/IMG_8186-scaled.jpeg 1749w\" sizes=\"auto, (max-width: 699px) 100vw, 699px\" \/><\/a><\/figure>\n\n\n\n<p class=\"has-text-align-center\">Amb un equip multidisciplinari (mestra d&#8217;EE, educadora i vetlladora).<\/p>\n<\/div>\n\n\n\n<div class=\"wp-block-column is-layout-flow wp-block-column-is-layout-flow\">\n<h6 class=\"wp-block-heading has-text-align-center\">Materials adaptats<\/h6>\n\n\n\n<figure class=\"wp-block-image size-full\"><a href=\"https:\/\/agora.xtec.cat\/escolaelcorb\/wp-content\/uploads\/usu852\/2026\/04\/IMG-20260320-WA0022.jpg\"><img loading=\"lazy\" decoding=\"async\" width=\"778\" height=\"749\" src=\"https:\/\/agora.xtec.cat\/escolaelcorb\/wp-content\/uploads\/usu852\/2026\/04\/IMG-20260320-WA0022.jpg\" alt=\"\" class=\"wp-image-7096\" style=\"aspect-ratio:3\/4;object-fit:cover\" srcset=\"https:\/\/agora.xtec.cat\/escolaelcorb\/wp-content\/uploads\/usu852\/2026\/04\/IMG-20260320-WA0022.jpg 778w, https:\/\/agora.xtec.cat\/escolaelcorb\/wp-content\/uploads\/usu852\/2026\/04\/IMG-20260320-WA0022-300x289.jpg 300w, https:\/\/agora.xtec.cat\/escolaelcorb\/wp-content\/uploads\/usu852\/2026\/04\/IMG-20260320-WA0022-768x739.jpg 768w\" sizes=\"auto, (max-width: 778px) 100vw, 778px\" \/><\/a><\/figure>\n\n\n\n<p class=\"has-text-align-center\">\u00das de pictogrames, agendes visuals i recursos digitals.<\/p>\n<\/div>\n\n\n\n<div class=\"wp-block-column is-layout-flow wp-block-column-is-layout-flow\">\n<h6 class=\"wp-block-heading has-text-align-center\">Autonomia<\/h6>\n\n\n\n<figure class=\"wp-block-image size-large\"><a href=\"https:\/\/agora.xtec.cat\/escolaelcorb\/wp-content\/uploads\/usu852\/2026\/04\/IMG-20260320-WA0019-1.jpg\"><img loading=\"lazy\" decoding=\"async\" width=\"1024\" height=\"598\" src=\"https:\/\/agora.xtec.cat\/escolaelcorb\/wp-content\/uploads\/usu852\/2026\/04\/IMG-20260320-WA0019-1-1024x598.jpg\" alt=\"\" class=\"wp-image-7106\" style=\"aspect-ratio:3\/4;object-fit:cover\" srcset=\"https:\/\/agora.xtec.cat\/escolaelcorb\/wp-content\/uploads\/usu852\/2026\/04\/IMG-20260320-WA0019-1-1024x598.jpg 1024w, https:\/\/agora.xtec.cat\/escolaelcorb\/wp-content\/uploads\/usu852\/2026\/04\/IMG-20260320-WA0019-1-300x175.jpg 300w, https:\/\/agora.xtec.cat\/escolaelcorb\/wp-content\/uploads\/usu852\/2026\/04\/IMG-20260320-WA0019-1-768x449.jpg 768w, https:\/\/agora.xtec.cat\/escolaelcorb\/wp-content\/uploads\/usu852\/2026\/04\/IMG-20260320-WA0019-1.jpg 1500w\" sizes=\"auto, (max-width: 1024px) 100vw, 1024px\" \/><\/a><\/figure>\n\n\n\n<p>Adaptem continguts segons el Pla de Suport Individualitzat (PSI) de cada infant.<\/p>\n<\/div>\n<\/div>\n\n\n\n<p><\/p>\n\n\n\n<div class=\"wp-block-group has-background is-layout-constrained wp-block-group-is-layout-constrained\" style=\"background-color:#ecebca\">\n<div class=\"wp-block-columns is-layout-flex wp-container-core-columns-is-layout-7 wp-block-columns-is-layout-flex\">\n<div class=\"wp-block-column is-layout-flow wp-block-column-is-layout-flow\">\n<div class=\"wp-block-columns is-layout-flex wp-container-core-columns-is-layout-6 wp-block-columns-is-layout-flex\">\n<div class=\"wp-block-column is-layout-flow wp-block-column-is-layout-flow\">\n<h2 class=\"wp-block-heading\">DUDI (Educaci\u00f3 Especial)<\/h2>\n\n\n\n<div class=\"wp-block-media-text has-media-on-the-right is-stacked-on-mobile\"><div class=\"wp-block-media-text__content\">\n<p>A l&#8217;Escola El Corb entenem el suport a l&#8217;Educaci\u00f3 Especial com un comprom\u00eds amb l&#8217;<strong>atenci\u00f3 integral<\/strong> de la persona. La nostra tasca s&#8217;adre\u00e7a a <strong>tot l&#8217;alumnat en qualsevol moment de la seva escolaritat<\/strong>, ja que entenem que cada infant pot necessitar un acompanyament espec\u00edfic en algun punt del seu cam\u00ed.<\/p>\n\n\n\n<p>Creiem que per garantir un bon <strong>aprenentatge<\/strong>, cal vetllar primer per l&#8217;<strong>estat emocional<\/strong> de l&#8217;alumne, creant un entorn de confian\u00e7a i seguretat. A trav\u00e9s d&#8217;una <strong>atenci\u00f3 individualitzada<\/strong>, adaptem la nostra intervenci\u00f3 a les <strong>possibilitats<\/strong> i al <strong>ritme de treball<\/strong> de cada nen i nena, respectant la seva singularitat.<\/p>\n\n\n\n<p>Per fer-ho possible, utilitzem <strong>material manipulatiu i visual adaptat<\/strong>, que facilita l&#8217;acc\u00e9s als continguts i fomenta l&#8217;autonomia. El nostre objectiu \u00e9s eliminar barreres i oferir les eines necess\u00e0ries perqu\u00e8 cada alumne pugui brillar amb llum pr\u00f2pia, <strong><em>tenint en compte que tots som DUDIS.<\/em><\/strong><\/p>\n<\/div><figure class=\"wp-block-media-text__media\"><img loading=\"lazy\" decoding=\"async\" width=\"674\" height=\"867\" src=\"https:\/\/agora.xtec.cat\/escolaelcorb\/wp-content\/uploads\/usu852\/2026\/05\/Gemini_Generated_Image_i56ehgi56ehgi56e-1.png\" alt=\"\" class=\"wp-image-7138 size-full\" srcset=\"https:\/\/agora.xtec.cat\/escolaelcorb\/wp-content\/uploads\/usu852\/2026\/05\/Gemini_Generated_Image_i56ehgi56ehgi56e-1.png 674w, https:\/\/agora.xtec.cat\/escolaelcorb\/wp-content\/uploads\/usu852\/2026\/05\/Gemini_Generated_Image_i56ehgi56ehgi56e-1-233x300.png 233w\" sizes=\"auto, (max-width: 674px) 100vw, 674px\" \/><\/figure><\/div>\n\n\n\n<div class=\"wp-block-columns has-background is-layout-flex wp-container-core-columns-is-layout-5 wp-block-columns-is-layout-flex\" style=\"background-color:#ecebca\">\n<div class=\"wp-block-column is-layout-flow wp-block-column-is-layout-flow\">\n<div class=\"wp-block-columns is-layout-flex wp-container-core-columns-is-layout-3 wp-block-columns-is-layout-flex\">\n<div class=\"wp-block-column is-layout-flow wp-block-column-is-layout-flow\">\n<p class=\"has-text-align-center\">\ud83e\udde9 <strong>Inclusi\u00f3<\/strong><\/p>\n\n\n\n<p class=\"has-text-align-center\">Participaci\u00f3 activa a l&#8217;aula ordin\u00e0ria.<\/p>\n<\/div>\n\n\n\n<div class=\"wp-block-column is-layout-flow wp-block-column-is-layout-flow\">\n<p class=\"has-text-align-center\">\ud83e\udd1d<strong>Equip<\/strong><\/p>\n\n\n\n<p class=\"has-text-align-center\">Coordinaci\u00f3 constant entre mestres, especialistes i fam\u00edlies.<\/p>\n<\/div>\n<\/div>\n<\/div>\n\n\n\n<div class=\"wp-block-column is-layout-flow wp-block-column-is-layout-flow\">\n<div class=\"wp-block-columns is-layout-flex wp-container-core-columns-is-layout-4 wp-block-columns-is-layout-flex\">\n<div class=\"wp-block-column is-layout-flow wp-block-column-is-layout-flow\">\n<p class=\"has-text-align-center\">\ud83d\udcd0<strong>Adaptaci\u00f3<\/strong><\/p>\n\n\n\n<p class=\"has-text-align-center\">Metodologies individualitzades i suports visuals.<\/p>\n<\/div>\n\n\n\n<div class=\"wp-block-column is-layout-flow wp-block-column-is-layout-flow\">\n<p class=\"has-text-align-center\">\u2764\ufe0f<strong>Benestar<\/strong><\/p>\n\n\n\n<p class=\"has-text-align-center\">Foment de l&#8217;autoestima i l&#8217;autonomia personal.<\/p>\n<\/div>\n<\/div>\n<\/div>\n<\/div>\n<\/div>\n<\/div>\n<\/div>\n<\/div>\n<\/div>\n","protected":false},"excerpt":{"rendered":"<p>A l&#8217;Escola El Corb creiem en una educaci\u00f3 per a tothom. L&#8217;escola inclusiva \u00e9s el cam\u00ed per garantir que cada alumne, amb les seves capacitats i ritmes, rebi el suport necessari per desenvolupar-se plenament. No nom\u00e9s adaptem l&#8217;aprenentatge, sin\u00f3 que celebrem la diversitat com una riquesa que ens fa millors a tots. El Niu del [&hellip;]<\/p>\n","protected":false},"author":20,"featured_media":0,"parent":0,"menu_order":0,"comment_status":"closed","ping_status":"close","template":"","meta":{"site-sidebar-layout":"no-sidebar","site-content-layout":"","ast-site-content-layout":"full-width-container","site-content-style":"boxed","site-sidebar-style":"unboxed","ast-global-header-display":"","ast-banner-title-visibility":"","ast-main-header-display":"","ast-hfb-above-header-display":"","ast-hfb-below-header-display":"","ast-hfb-mobile-header-display":"","site-post-title":"disabled","ast-breadcrumbs-content":"","ast-featured-img":"","footer-sml-layout":"","theme-transparent-header-meta":"","adv-header-id-meta":"","stick-header-meta":"","header-above-stick-meta":"","header-main-stick-meta":"","header-below-stick-meta":"","astra-migrate-meta-layouts":"set","ast-page-background-enabled":"default","ast-page-background-meta":{"desktop":{"background-color":"var(--ast-global-color-4)","background-image":"","background-repeat":"repeat","background-position":"center center","background-size":"auto","background-attachment":"scroll","background-type":"","background-media":"","overlay-type":"","overlay-color":"","overlay-opacity":"","overlay-gradient":""},"tablet":{"background-color":"","background-image":"","background-repeat":"repeat","background-position":"center center","background-size":"auto","background-attachment":"scroll","background-type":"","background-media":"","overlay-type":"","overlay-color":"","overlay-opacity":"","overlay-gradient":""},"mobile":{"background-color":"","background-image":"","background-repeat":"repeat","background-position":"center center","background-size":"auto","background-attachment":"scroll","background-type":"","background-media":"","overlay-type":"","overlay-color":"","overlay-opacity":"","overlay-gradient":""}},"ast-content-background-meta":{"desktop":{"background-color":"var(--ast-global-color-5)","background-image":"","background-repeat":"repeat","background-position":"center center","background-size":"auto","background-attachment":"scroll","background-type":"","background-media":"","overlay-type":"","overlay-color":"","overlay-opacity":"","overlay-gradient":""},"tablet":{"background-color":"var(--ast-global-color-5)","background-image":"","background-repeat":"repeat","background-position":"center center","background-size":"auto","background-attachment":"scroll","background-type":"","background-media":"","overlay-type":"","overlay-color":"","overlay-opacity":"","overlay-gradient":""},"mobile":{"background-color":"var(--ast-global-color-5)","background-image":"","background-repeat":"repeat","background-position":"center center","background-size":"auto","background-attachment":"scroll","background-type":"","background-media":"","overlay-type":"","overlay-color":"","overlay-opacity":"","overlay-gradient":""}},"footnotes":""},"class_list":["post-7092","page","type-page","status-publish","hentry"],"post_mailing_queue_ids":[],"_links":{"self":[{"href":"https:\/\/agora.xtec.cat\/escolaelcorb\/wp-json\/wp\/v2\/pages\/7092","targetHints":{"allow":["GET"]}}],"collection":[{"href":"https:\/\/agora.xtec.cat\/escolaelcorb\/wp-json\/wp\/v2\/pages"}],"about":[{"href":"https:\/\/agora.xtec.cat\/escolaelcorb\/wp-json\/wp\/v2\/types\/page"}],"author":[{"embeddable":true,"href":"https:\/\/agora.xtec.cat\/escolaelcorb\/wp-json\/wp\/v2\/users\/20"}],"replies":[{"embeddable":true,"href":"https:\/\/agora.xtec.cat\/escolaelcorb\/wp-json\/wp\/v2\/comments?post=7092"}],"version-history":[{"count":5,"href":"https:\/\/agora.xtec.cat\/escolaelcorb\/wp-json\/wp\/v2\/pages\/7092\/revisions"}],"predecessor-version":[{"id":7139,"href":"https:\/\/agora.xtec.cat\/escolaelcorb\/wp-json\/wp\/v2\/pages\/7092\/revisions\/7139"}],"wp:attachment":[{"href":"https:\/\/agora.xtec.cat\/escolaelcorb\/wp-json\/wp\/v2\/media?parent=7092"}],"curies":[{"name":"wp","href":"https:\/\/api.w.org\/{rel}","templated":true}]}}