{"id":6785,"date":"2026-04-22T12:06:26","date_gmt":"2026-04-22T10:06:26","guid":{"rendered":"https:\/\/agora.xtec.cat\/escolaelcorb\/?page_id=6785"},"modified":"2026-04-23T16:09:04","modified_gmt":"2026-04-23T14:09:04","slug":"plastica-a-primaria","status":"publish","type":"page","link":"https:\/\/agora.xtec.cat\/escolaelcorb\/plastica-a-primaria\/","title":{"rendered":"Pl\u00e0stica a Prim\u00e0ria"},"content":{"rendered":"\n<h2 class=\"wp-block-heading\">L&#8217;Art com a motor de descoberta:  Projecte AraArt<\/h2>\n\n\n\n<blockquote class=\"wp-block-quote is-layout-flow wp-block-quote-is-layout-flow\">\n<p>A la nostra escola, la pl\u00e0stica no \u00e9s nom\u00e9s una assignatura; \u00e9s un llenguatge. Gr\u00e0cies al projecte <strong>ARAart<\/strong>, l&#8217;expressi\u00f3 art\u00edstica s&#8217;integra en el dia a dia de l&#8217;escola, convertint cada repte en una oportunitat per crear.<\/p>\n<\/blockquote>\n\n\n\n<div class=\"wp-block-columns is-layout-flex wp-container-core-columns-is-layout-1 wp-block-columns-is-layout-flex\">\n<div class=\"wp-block-column is-layout-flow wp-block-column-is-layout-flow\" style=\"flex-basis:33.33%\">\n<h1 class=\"wp-block-heading\">L\u2019Art integrat en la vida de l\u2019escola<\/h1>\n<\/div>\n\n\n\n<div class=\"wp-block-column is-layout-flow wp-block-column-is-layout-flow\" style=\"flex-basis:66.66%\">\n<figure class=\"wp-block-gallery has-nested-images columns-default is-cropped wp-block-gallery-1 is-layout-flex wp-block-gallery-is-layout-flex\">\n<figure class=\"wp-block-image size-large\"><a href=\"https:\/\/agora.xtec.cat\/escolaelcorb\/wp-content\/uploads\/usu852\/2026\/04\/20260422_121101-2-scaled.jpg\"><img loading=\"lazy\" decoding=\"async\" width=\"1024\" height=\"780\" src=\"https:\/\/agora.xtec.cat\/escolaelcorb\/wp-content\/uploads\/usu852\/2026\/04\/20260422_121101-2-1024x780.jpg\" alt=\"\" class=\"wp-image-6797\" srcset=\"https:\/\/agora.xtec.cat\/escolaelcorb\/wp-content\/uploads\/usu852\/2026\/04\/20260422_121101-2-1024x780.jpg 1024w, https:\/\/agora.xtec.cat\/escolaelcorb\/wp-content\/uploads\/usu852\/2026\/04\/20260422_121101-2-300x229.jpg 300w, https:\/\/agora.xtec.cat\/escolaelcorb\/wp-content\/uploads\/usu852\/2026\/04\/20260422_121101-2-768x585.jpg 768w, https:\/\/agora.xtec.cat\/escolaelcorb\/wp-content\/uploads\/usu852\/2026\/04\/20260422_121101-2-1536x1170.jpg 1536w, https:\/\/agora.xtec.cat\/escolaelcorb\/wp-content\/uploads\/usu852\/2026\/04\/20260422_121101-2-2048x1561.jpg 2048w\" sizes=\"auto, (max-width: 1024px) 100vw, 1024px\" \/><\/a><\/figure>\n\n\n\n<figure class=\"wp-block-image size-large\"><a href=\"https:\/\/agora.xtec.cat\/escolaelcorb\/wp-content\/uploads\/usu852\/2026\/04\/IMG_7960-1-1-1-scaled.jpg\"><img loading=\"lazy\" decoding=\"async\" width=\"943\" height=\"1024\" src=\"https:\/\/agora.xtec.cat\/escolaelcorb\/wp-content\/uploads\/usu852\/2026\/04\/IMG_7960-1-1-1-943x1024.jpg\" alt=\"\" class=\"wp-image-6799\" srcset=\"https:\/\/agora.xtec.cat\/escolaelcorb\/wp-content\/uploads\/usu852\/2026\/04\/IMG_7960-1-1-1-943x1024.jpg 943w, https:\/\/agora.xtec.cat\/escolaelcorb\/wp-content\/uploads\/usu852\/2026\/04\/IMG_7960-1-1-1-276x300.jpg 276w, https:\/\/agora.xtec.cat\/escolaelcorb\/wp-content\/uploads\/usu852\/2026\/04\/IMG_7960-1-1-1-768x834.jpg 768w, https:\/\/agora.xtec.cat\/escolaelcorb\/wp-content\/uploads\/usu852\/2026\/04\/IMG_7960-1-1-1-1414x1536.jpg 1414w, https:\/\/agora.xtec.cat\/escolaelcorb\/wp-content\/uploads\/usu852\/2026\/04\/IMG_7960-1-1-1-1886x2048.jpg 1886w\" sizes=\"auto, (max-width: 943px) 100vw, 943px\" \/><\/a><\/figure>\n\n\n\n<figure class=\"wp-block-image size-large\"><a href=\"https:\/\/agora.xtec.cat\/escolaelcorb\/wp-content\/uploads\/usu852\/2026\/04\/IMG_8349-5-scaled.jpg\"><img loading=\"lazy\" decoding=\"async\" width=\"1001\" height=\"1024\" src=\"https:\/\/agora.xtec.cat\/escolaelcorb\/wp-content\/uploads\/usu852\/2026\/04\/IMG_8349-5-1001x1024.jpg\" alt=\"\" class=\"wp-image-6798\" srcset=\"https:\/\/agora.xtec.cat\/escolaelcorb\/wp-content\/uploads\/usu852\/2026\/04\/IMG_8349-5-1001x1024.jpg 1001w, https:\/\/agora.xtec.cat\/escolaelcorb\/wp-content\/uploads\/usu852\/2026\/04\/IMG_8349-5-293x300.jpg 293w, https:\/\/agora.xtec.cat\/escolaelcorb\/wp-content\/uploads\/usu852\/2026\/04\/IMG_8349-5-768x786.jpg 768w, https:\/\/agora.xtec.cat\/escolaelcorb\/wp-content\/uploads\/usu852\/2026\/04\/IMG_8349-5-1501x1536.jpg 1501w, https:\/\/agora.xtec.cat\/escolaelcorb\/wp-content\/uploads\/usu852\/2026\/04\/IMG_8349-5-2001x2048.jpg 2001w\" sizes=\"auto, (max-width: 1001px) 100vw, 1001px\" \/><\/a><\/figure>\n<\/figure>\n<\/div>\n<\/div>\n\n\n\n<p>No ens limitem al paper. Transformem el nostre entorn, des de la decoraci\u00f3 de l&#8217;entrada fins a la creaci\u00f3 de les nostres pr\u00f2pies disfresses, fent que el centre bategui al ritme de la creativitat dels infants.<\/p>\n\n\n\n<div class=\"wp-block-columns is-layout-flex wp-container-core-columns-is-layout-2 wp-block-columns-is-layout-flex\">\n<div class=\"wp-block-column is-layout-flow wp-block-column-is-layout-flow\">\n<div class=\"wp-block-getwid-images-slider has-arrows-inside has-dots-inside has-images-center has-cropped-images\"><div class=\"wp-block-getwid-images-slider__wrapper\" data-effect=\"slide\" data-slides-show=\"1\" data-slides-show-laptop=\"1\" data-slides-show-tablet=\"1\" data-slides-show-mobile=\"1\" data-slides-scroll=\"1\" data-autoplay=\"false\" data-pause-hover=\"false\" data-autoplay-speed=\"6000\" data-infinite=\"true\" data-animation-speed=\"800\" data-center-mode=\"false\" data-variable-width=\"false\" data-arrows=\"inside\" data-dots=\"inside\" data-spacing=\"none\"><div class=\"wp-block-getwid-images-slider__item\"><figure><img loading=\"lazy\" decoding=\"async\" width=\"2000\" height=\"1133\" src=\"https:\/\/agora.xtec.cat\/escolaelcorb\/wp-content\/uploads\/usu852\/2026\/04\/WhatsApp-Image-2026-04-22-at-12.33.08-3-1.jpeg\" data-id=\"6801\" data-link=\"https:\/\/agora.xtec.cat\/escolaelcorb\/plastica-a-primaria\/attachment\/whatsapp-image-2026-04-22-at-12-33-08-3-1\/\" data-original-link=\"https:\/\/agora.xtec.cat\/escolaelcorb\/wp-content\/uploads\/usu852\/2026\/04\/WhatsApp-Image-2026-04-22-at-12.33.08-3-1.jpeg\" class=\"wp-block-getwid-images-slider__image wp-image-6801\" srcset=\"https:\/\/agora.xtec.cat\/escolaelcorb\/wp-content\/uploads\/usu852\/2026\/04\/WhatsApp-Image-2026-04-22-at-12.33.08-3-1.jpeg 2000w, https:\/\/agora.xtec.cat\/escolaelcorb\/wp-content\/uploads\/usu852\/2026\/04\/WhatsApp-Image-2026-04-22-at-12.33.08-3-1-300x170.jpeg 300w, https:\/\/agora.xtec.cat\/escolaelcorb\/wp-content\/uploads\/usu852\/2026\/04\/WhatsApp-Image-2026-04-22-at-12.33.08-3-1-1024x580.jpeg 1024w, https:\/\/agora.xtec.cat\/escolaelcorb\/wp-content\/uploads\/usu852\/2026\/04\/WhatsApp-Image-2026-04-22-at-12.33.08-3-1-768x435.jpeg 768w, https:\/\/agora.xtec.cat\/escolaelcorb\/wp-content\/uploads\/usu852\/2026\/04\/WhatsApp-Image-2026-04-22-at-12.33.08-3-1-1536x870.jpeg 1536w\" sizes=\"auto, (max-width: 2000px) 100vw, 2000px\" \/><\/figure><\/div><div class=\"wp-block-getwid-images-slider__item\"><figure><img loading=\"lazy\" decoding=\"async\" width=\"1887\" height=\"1433\" src=\"https:\/\/agora.xtec.cat\/escolaelcorb\/wp-content\/uploads\/usu852\/2026\/04\/WhatsApp-Image-2026-04-22-at-12.33.08-1-1.jpeg\" data-id=\"6800\" data-link=\"https:\/\/agora.xtec.cat\/escolaelcorb\/plastica-a-primaria\/attachment\/whatsapp-image-2026-04-22-at-12-33-08-1-1\/\" data-original-link=\"https:\/\/agora.xtec.cat\/escolaelcorb\/wp-content\/uploads\/usu852\/2026\/04\/WhatsApp-Image-2026-04-22-at-12.33.08-1-1.jpeg\" class=\"wp-block-getwid-images-slider__image wp-image-6800\" srcset=\"https:\/\/agora.xtec.cat\/escolaelcorb\/wp-content\/uploads\/usu852\/2026\/04\/WhatsApp-Image-2026-04-22-at-12.33.08-1-1.jpeg 1887w, https:\/\/agora.xtec.cat\/escolaelcorb\/wp-content\/uploads\/usu852\/2026\/04\/WhatsApp-Image-2026-04-22-at-12.33.08-1-1-300x228.jpeg 300w, https:\/\/agora.xtec.cat\/escolaelcorb\/wp-content\/uploads\/usu852\/2026\/04\/WhatsApp-Image-2026-04-22-at-12.33.08-1-1-1024x778.jpeg 1024w, https:\/\/agora.xtec.cat\/escolaelcorb\/wp-content\/uploads\/usu852\/2026\/04\/WhatsApp-Image-2026-04-22-at-12.33.08-1-1-768x583.jpeg 768w, https:\/\/agora.xtec.cat\/escolaelcorb\/wp-content\/uploads\/usu852\/2026\/04\/WhatsApp-Image-2026-04-22-at-12.33.08-1-1-1536x1166.jpeg 1536w\" sizes=\"auto, (max-width: 1887px) 100vw, 1887px\" \/><\/figure><\/div><div class=\"wp-block-getwid-images-slider__item\"><figure><img loading=\"lazy\" decoding=\"async\" width=\"1934\" height=\"1028\" src=\"https:\/\/agora.xtec.cat\/escolaelcorb\/wp-content\/uploads\/usu852\/2026\/04\/WhatsApp-Image-2026-04-22-at-12.33.08-4.jpeg\" data-id=\"6802\" data-link=\"https:\/\/agora.xtec.cat\/escolaelcorb\/plastica-a-primaria\/attachment\/whatsapp-image-2026-04-22-at-12-33-08-4\/\" data-original-link=\"https:\/\/agora.xtec.cat\/escolaelcorb\/wp-content\/uploads\/usu852\/2026\/04\/WhatsApp-Image-2026-04-22-at-12.33.08-4.jpeg\" class=\"wp-block-getwid-images-slider__image wp-image-6802\" srcset=\"https:\/\/agora.xtec.cat\/escolaelcorb\/wp-content\/uploads\/usu852\/2026\/04\/WhatsApp-Image-2026-04-22-at-12.33.08-4.jpeg 1934w, https:\/\/agora.xtec.cat\/escolaelcorb\/wp-content\/uploads\/usu852\/2026\/04\/WhatsApp-Image-2026-04-22-at-12.33.08-4-300x159.jpeg 300w, https:\/\/agora.xtec.cat\/escolaelcorb\/wp-content\/uploads\/usu852\/2026\/04\/WhatsApp-Image-2026-04-22-at-12.33.08-4-1024x544.jpeg 1024w, https:\/\/agora.xtec.cat\/escolaelcorb\/wp-content\/uploads\/usu852\/2026\/04\/WhatsApp-Image-2026-04-22-at-12.33.08-4-768x408.jpeg 768w, https:\/\/agora.xtec.cat\/escolaelcorb\/wp-content\/uploads\/usu852\/2026\/04\/WhatsApp-Image-2026-04-22-at-12.33.08-4-1536x816.jpeg 1536w\" sizes=\"auto, (max-width: 1934px) 100vw, 1934px\" \/><\/figure><\/div><\/div><\/div>\n<\/div>\n\n\n\n<div class=\"wp-block-column is-layout-flow wp-block-column-is-layout-flow\">\n<h1 class=\"wp-block-heading\">Un taller d&#8217;experimentaci\u00f3<\/h1>\n\n\n\n<p>L\u2019aula es converteix en un laboratori on els alumnes exploren materials diversos i t\u00e8cniques innovadores. Descobrim autors i estils que amplien el seu bagatge cultural i desperten la seva curiositat.<\/p>\n<\/div>\n<\/div>\n\n\n\n<div class=\"wp-block-columns is-layout-flex wp-container-core-columns-is-layout-3 wp-block-columns-is-layout-flex\">\n<div class=\"wp-block-column is-layout-flow wp-block-column-is-layout-flow\">\n<h1 class=\"wp-block-heading\">Creativitat per resoldre reptes<\/h1>\n\n\n\n<p>Fomentem que l\u2019art sigui una eina de pensament. Mitjan\u00e7ant la pl\u00e0stica, els alumnes donen respostes creatives a projectes transversals, explorant la llum, el color i les estacions de l&#8217;any.<\/p>\n<\/div>\n\n\n\n<div class=\"wp-block-column is-layout-flow wp-block-column-is-layout-flow\">\n<div class=\"wp-block-getwid-images-slider has-arrows-inside has-dots-inside has-images-center has-fitted-images\"><div class=\"wp-block-getwid-images-slider__wrapper\" data-effect=\"slide\" data-slides-show=\"1\" data-slides-show-laptop=\"1\" data-slides-show-tablet=\"1\" data-slides-show-mobile=\"1\" data-slides-scroll=\"1\" data-autoplay=\"false\" data-pause-hover=\"false\" data-autoplay-speed=\"6000\" data-infinite=\"true\" data-animation-speed=\"800\" data-center-mode=\"false\" data-variable-width=\"false\" data-arrows=\"inside\" data-dots=\"inside\" data-spacing=\"none\"><div class=\"wp-block-getwid-images-slider__item\"><figure><img loading=\"lazy\" decoding=\"async\" width=\"221\" height=\"300\" src=\"https:\/\/agora.xtec.cat\/escolaelcorb\/wp-content\/uploads\/usu852\/2026\/04\/IMG_8804-1-221x300.jpg\" alt=\"\" data-id=\"6809\" data-link=\"https:\/\/agora.xtec.cat\/escolaelcorb\/plastica-a-primaria\/attachment\/img_8804-2\/\" data-original-link=\"https:\/\/agora.xtec.cat\/escolaelcorb\/wp-content\/uploads\/usu852\/2026\/04\/IMG_8804-1-scaled.jpg\" class=\"wp-block-getwid-images-slider__image wp-image-6809\" srcset=\"https:\/\/agora.xtec.cat\/escolaelcorb\/wp-content\/uploads\/usu852\/2026\/04\/IMG_8804-1-221x300.jpg 221w, https:\/\/agora.xtec.cat\/escolaelcorb\/wp-content\/uploads\/usu852\/2026\/04\/IMG_8804-1-755x1024.jpg 755w, https:\/\/agora.xtec.cat\/escolaelcorb\/wp-content\/uploads\/usu852\/2026\/04\/IMG_8804-1-768x1041.jpg 768w, https:\/\/agora.xtec.cat\/escolaelcorb\/wp-content\/uploads\/usu852\/2026\/04\/IMG_8804-1-1133x1536.jpg 1133w, https:\/\/agora.xtec.cat\/escolaelcorb\/wp-content\/uploads\/usu852\/2026\/04\/IMG_8804-1-1510x2048.jpg 1510w, https:\/\/agora.xtec.cat\/escolaelcorb\/wp-content\/uploads\/usu852\/2026\/04\/IMG_8804-1-scaled.jpg 1888w\" sizes=\"auto, (max-width: 221px) 100vw, 221px\" \/><\/figure><\/div><div class=\"wp-block-getwid-images-slider__item\"><figure><img loading=\"lazy\" decoding=\"async\" width=\"223\" height=\"300\" src=\"https:\/\/agora.xtec.cat\/escolaelcorb\/wp-content\/uploads\/usu852\/2026\/04\/IMG_9175-1-223x300.jpg\" alt=\"\" data-id=\"6810\" data-link=\"https:\/\/agora.xtec.cat\/escolaelcorb\/plastica-a-primaria\/attachment\/img_9175-2\/\" data-original-link=\"https:\/\/agora.xtec.cat\/escolaelcorb\/wp-content\/uploads\/usu852\/2026\/04\/IMG_9175-1.jpg\" class=\"wp-block-getwid-images-slider__image wp-image-6810\" srcset=\"https:\/\/agora.xtec.cat\/escolaelcorb\/wp-content\/uploads\/usu852\/2026\/04\/IMG_9175-1-223x300.jpg 223w, https:\/\/agora.xtec.cat\/escolaelcorb\/wp-content\/uploads\/usu852\/2026\/04\/IMG_9175-1-760x1024.jpg 760w, https:\/\/agora.xtec.cat\/escolaelcorb\/wp-content\/uploads\/usu852\/2026\/04\/IMG_9175-1-768x1035.jpg 768w, https:\/\/agora.xtec.cat\/escolaelcorb\/wp-content\/uploads\/usu852\/2026\/04\/IMG_9175-1-1140x1536.jpg 1140w, https:\/\/agora.xtec.cat\/escolaelcorb\/wp-content\/uploads\/usu852\/2026\/04\/IMG_9175-1-1520x2048.jpg 1520w, https:\/\/agora.xtec.cat\/escolaelcorb\/wp-content\/uploads\/usu852\/2026\/04\/IMG_9175-1.jpg 1639w\" sizes=\"auto, (max-width: 223px) 100vw, 223px\" \/><\/figure><\/div><div class=\"wp-block-getwid-images-slider__item\"><figure><img loading=\"lazy\" decoding=\"async\" width=\"225\" height=\"300\" src=\"https:\/\/agora.xtec.cat\/escolaelcorb\/wp-content\/uploads\/usu852\/2026\/04\/IMG_8930-1-225x300.jpg\" alt=\"\" data-id=\"6807\" data-link=\"https:\/\/agora.xtec.cat\/escolaelcorb\/plastica-a-primaria\/attachment\/img_8930-2\/\" data-original-link=\"https:\/\/agora.xtec.cat\/escolaelcorb\/wp-content\/uploads\/usu852\/2026\/04\/IMG_8930-1-scaled.jpg\" class=\"wp-block-getwid-images-slider__image wp-image-6807\" srcset=\"https:\/\/agora.xtec.cat\/escolaelcorb\/wp-content\/uploads\/usu852\/2026\/04\/IMG_8930-1-225x300.jpg 225w, https:\/\/agora.xtec.cat\/escolaelcorb\/wp-content\/uploads\/usu852\/2026\/04\/IMG_8930-1-767x1024.jpg 767w, https:\/\/agora.xtec.cat\/escolaelcorb\/wp-content\/uploads\/usu852\/2026\/04\/IMG_8930-1-768x1025.jpg 768w, https:\/\/agora.xtec.cat\/escolaelcorb\/wp-content\/uploads\/usu852\/2026\/04\/IMG_8930-1-1150x1536.jpg 1150w, https:\/\/agora.xtec.cat\/escolaelcorb\/wp-content\/uploads\/usu852\/2026\/04\/IMG_8930-1-1534x2048.jpg 1534w, https:\/\/agora.xtec.cat\/escolaelcorb\/wp-content\/uploads\/usu852\/2026\/04\/IMG_8930-1-scaled.jpg 1917w\" sizes=\"auto, (max-width: 225px) 100vw, 225px\" \/><\/figure><\/div><div class=\"wp-block-getwid-images-slider__item\"><figure><img loading=\"lazy\" decoding=\"async\" width=\"191\" height=\"300\" src=\"https:\/\/agora.xtec.cat\/escolaelcorb\/wp-content\/uploads\/usu852\/2026\/04\/IMG_8879-1-191x300.jpg\" alt=\"\" data-id=\"6808\" data-link=\"https:\/\/agora.xtec.cat\/escolaelcorb\/plastica-a-primaria\/attachment\/img_8879-2\/\" data-original-link=\"https:\/\/agora.xtec.cat\/escolaelcorb\/wp-content\/uploads\/usu852\/2026\/04\/IMG_8879-1-scaled.jpg\" class=\"wp-block-getwid-images-slider__image wp-image-6808\" srcset=\"https:\/\/agora.xtec.cat\/escolaelcorb\/wp-content\/uploads\/usu852\/2026\/04\/IMG_8879-1-191x300.jpg 191w, https:\/\/agora.xtec.cat\/escolaelcorb\/wp-content\/uploads\/usu852\/2026\/04\/IMG_8879-1-652x1024.jpg 652w, https:\/\/agora.xtec.cat\/escolaelcorb\/wp-content\/uploads\/usu852\/2026\/04\/IMG_8879-1-768x1207.jpg 768w, https:\/\/agora.xtec.cat\/escolaelcorb\/wp-content\/uploads\/usu852\/2026\/04\/IMG_8879-1-977x1536.jpg 977w, https:\/\/agora.xtec.cat\/escolaelcorb\/wp-content\/uploads\/usu852\/2026\/04\/IMG_8879-1-1303x2048.jpg 1303w, https:\/\/agora.xtec.cat\/escolaelcorb\/wp-content\/uploads\/usu852\/2026\/04\/IMG_8879-1-scaled.jpg 1629w\" sizes=\"auto, (max-width: 191px) 100vw, 191px\" \/><\/figure><\/div><\/div><\/div>\n<\/div>\n<\/div>\n\n\n\n<p><\/p>\n","protected":false},"excerpt":{"rendered":"<p>L&#8217;Art com a motor de descoberta: Projecte AraArt A la nostra escola, la pl\u00e0stica no \u00e9s nom\u00e9s una assignatura; \u00e9s un llenguatge. Gr\u00e0cies al projecte ARAart, l&#8217;expressi\u00f3 art\u00edstica s&#8217;integra en el dia a dia de l&#8217;escola, convertint cada repte en una oportunitat per crear. L\u2019Art integrat en la vida de l\u2019escola No ens limitem al [&hellip;]<\/p>\n","protected":false},"author":20,"featured_media":0,"parent":0,"menu_order":0,"comment_status":"closed","ping_status":"close","template":"","meta":{"site-sidebar-layout":"default","site-content-layout":"","ast-site-content-layout":"default","site-content-style":"default","site-sidebar-style":"default","ast-global-header-display":"","ast-banner-title-visibility":"","ast-main-header-display":"","ast-hfb-above-header-display":"","ast-hfb-below-header-display":"","ast-hfb-mobile-header-display":"","site-post-title":"disabled","ast-breadcrumbs-content":"","ast-featured-img":"","footer-sml-layout":"","theme-transparent-header-meta":"","adv-header-id-meta":"","stick-header-meta":"","header-above-stick-meta":"","header-main-stick-meta":"","header-below-stick-meta":"","astra-migrate-meta-layouts":"set","ast-page-background-enabled":"default","ast-page-background-meta":{"desktop":{"background-color":"var(--ast-global-color-4)","background-image":"","background-repeat":"repeat","background-position":"center center","background-size":"auto","background-attachment":"scroll","background-type":"","background-media":"","overlay-type":"","overlay-color":"","overlay-opacity":"","overlay-gradient":""},"tablet":{"background-color":"","background-image":"","background-repeat":"repeat","background-position":"center center","background-size":"auto","background-attachment":"scroll","background-type":"","background-media":"","overlay-type":"","overlay-color":"","overlay-opacity":"","overlay-gradient":""},"mobile":{"background-color":"","background-image":"","background-repeat":"repeat","background-position":"center center","background-size":"auto","background-attachment":"scroll","background-type":"","background-media":"","overlay-type":"","overlay-color":"","overlay-opacity":"","overlay-gradient":""}},"ast-content-background-meta":{"desktop":{"background-color":"var(--ast-global-color-5)","background-image":"","background-repeat":"repeat","background-position":"center center","background-size":"auto","background-attachment":"scroll","background-type":"","background-media":"","overlay-type":"","overlay-color":"","overlay-opacity":"","overlay-gradient":""},"tablet":{"background-color":"var(--ast-global-color-5)","background-image":"","background-repeat":"repeat","background-position":"center center","background-size":"auto","background-attachment":"scroll","background-type":"","background-media":"","overlay-type":"","overlay-color":"","overlay-opacity":"","overlay-gradient":""},"mobile":{"background-color":"var(--ast-global-color-5)","background-image":"","background-repeat":"repeat","background-position":"center center","background-size":"auto","background-attachment":"scroll","background-type":"","background-media":"","overlay-type":"","overlay-color":"","overlay-opacity":"","overlay-gradient":""}},"footnotes":""},"class_list":["post-6785","page","type-page","status-publish","hentry"],"post_mailing_queue_ids":[],"_links":{"self":[{"href":"https:\/\/agora.xtec.cat\/escolaelcorb\/wp-json\/wp\/v2\/pages\/6785","targetHints":{"allow":["GET"]}}],"collection":[{"href":"https:\/\/agora.xtec.cat\/escolaelcorb\/wp-json\/wp\/v2\/pages"}],"about":[{"href":"https:\/\/agora.xtec.cat\/escolaelcorb\/wp-json\/wp\/v2\/types\/page"}],"author":[{"embeddable":true,"href":"https:\/\/agora.xtec.cat\/escolaelcorb\/wp-json\/wp\/v2\/users\/20"}],"replies":[{"embeddable":true,"href":"https:\/\/agora.xtec.cat\/escolaelcorb\/wp-json\/wp\/v2\/comments?post=6785"}],"version-history":[{"count":2,"href":"https:\/\/agora.xtec.cat\/escolaelcorb\/wp-json\/wp\/v2\/pages\/6785\/revisions"}],"predecessor-version":[{"id":6811,"href":"https:\/\/agora.xtec.cat\/escolaelcorb\/wp-json\/wp\/v2\/pages\/6785\/revisions\/6811"}],"wp:attachment":[{"href":"https:\/\/agora.xtec.cat\/escolaelcorb\/wp-json\/wp\/v2\/media?parent=6785"}],"curies":[{"name":"wp","href":"https:\/\/api.w.org\/{rel}","templated":true}]}}