{"id":6781,"date":"2026-04-22T11:44:10","date_gmt":"2026-04-22T09:44:10","guid":{"rendered":"https:\/\/agora.xtec.cat\/escolaelcorb\/?page_id=6781"},"modified":"2026-04-23T16:06:48","modified_gmt":"2026-04-23T14:06:48","slug":"matematiques-a-primaria","status":"publish","type":"page","link":"https:\/\/agora.xtec.cat\/escolaelcorb\/matematiques-a-primaria\/","title":{"rendered":"Matem\u00e0tiques a Prim\u00e0ria"},"content":{"rendered":"\n<h1 class=\"wp-block-heading\">Matem\u00e0tiques per a la vida: Aprendre jugant, pensant i resolent.<\/h1>\n\n\n\n<blockquote class=\"wp-block-quote is-layout-flow wp-block-quote-is-layout-flow\">\n<p>A l&#8217;escola entenem les matem\u00e0tiques com una eina viva per entendre el m\u00f3n. Per aix\u00f2, utilitzem el programa <strong>EMAT (Tekman)<\/strong>, una metodologia innovadora que allunya les matem\u00e0tiques de la repetici\u00f3 mec\u00e0nica i les apropa a la realitat dels nostres alumnes<\/p>\n<\/blockquote>\n\n\n\n<div class=\"wp-block-columns is-layout-flex wp-container-core-columns-is-layout-1 wp-block-columns-is-layout-flex\">\n<div class=\"wp-block-column is-layout-flow wp-block-column-is-layout-flow\">\n<h3 class=\"wp-block-heading\">Aprenentatge manipulatiu<\/h3>\n\n\n\n<p>Abans d&#8217;arribar al paper, els conceptes es toquen. Utilitzar materials f\u00edsics permet als infants construir un raonament abstracte s\u00f2lid i real.<\/p>\n<\/div>\n\n\n\n<div class=\"wp-block-column is-layout-flow wp-block-column-is-layout-flow\">\n<figure class=\"wp-block-image aligncenter size-large is-resized\"><a href=\"https:\/\/agora.xtec.cat\/escolaelcorb\/wp-content\/uploads\/usu852\/2026\/04\/WhatsApp-Image-2026-04-22-at-13.42.48-1-rotated.jpeg\"><img loading=\"lazy\" decoding=\"async\" width=\"1024\" height=\"768\" src=\"https:\/\/agora.xtec.cat\/escolaelcorb\/wp-content\/uploads\/usu852\/2026\/04\/WhatsApp-Image-2026-04-22-at-13.42.48-1-1024x768.jpeg\" alt=\"\" class=\"wp-image-6817\" style=\"width:407px;height:auto\" srcset=\"https:\/\/agora.xtec.cat\/escolaelcorb\/wp-content\/uploads\/usu852\/2026\/04\/WhatsApp-Image-2026-04-22-at-13.42.48-1-1024x768.jpeg 1024w, https:\/\/agora.xtec.cat\/escolaelcorb\/wp-content\/uploads\/usu852\/2026\/04\/WhatsApp-Image-2026-04-22-at-13.42.48-1-300x225.jpeg 300w, https:\/\/agora.xtec.cat\/escolaelcorb\/wp-content\/uploads\/usu852\/2026\/04\/WhatsApp-Image-2026-04-22-at-13.42.48-1-768x576.jpeg 768w, https:\/\/agora.xtec.cat\/escolaelcorb\/wp-content\/uploads\/usu852\/2026\/04\/WhatsApp-Image-2026-04-22-at-13.42.48-1-1536x1152.jpeg 1536w, https:\/\/agora.xtec.cat\/escolaelcorb\/wp-content\/uploads\/usu852\/2026\/04\/WhatsApp-Image-2026-04-22-at-13.42.48-1-rotated.jpeg 1600w\" sizes=\"auto, (max-width: 1024px) 100vw, 1024px\" \/><\/a><\/figure>\n<\/div>\n<\/div>\n\n\n\n<div class=\"wp-block-columns is-layout-flex wp-container-core-columns-is-layout-2 wp-block-columns-is-layout-flex\">\n<div class=\"wp-block-column is-layout-flow wp-block-column-is-layout-flow\">\n<figure class=\"wp-block-image aligncenter size-large is-resized\"><a href=\"https:\/\/agora.xtec.cat\/escolaelcorb\/wp-content\/uploads\/usu852\/2026\/04\/WhatsApp-Image-2026-04-22-at-13.42.47.jpeg\"><img loading=\"lazy\" decoding=\"async\" width=\"1200\" height=\"675\" src=\"https:\/\/agora.xtec.cat\/escolaelcorb\/wp-content\/uploads\/usu852\/2026\/04\/WhatsApp-Image-2026-04-22-at-13.42.47-edited.jpeg\" alt=\"\" class=\"wp-image-6819\" style=\"width:483px;height:auto\" srcset=\"https:\/\/agora.xtec.cat\/escolaelcorb\/wp-content\/uploads\/usu852\/2026\/04\/WhatsApp-Image-2026-04-22-at-13.42.47-edited.jpeg 1200w, https:\/\/agora.xtec.cat\/escolaelcorb\/wp-content\/uploads\/usu852\/2026\/04\/WhatsApp-Image-2026-04-22-at-13.42.47-edited-300x169.jpeg 300w, https:\/\/agora.xtec.cat\/escolaelcorb\/wp-content\/uploads\/usu852\/2026\/04\/WhatsApp-Image-2026-04-22-at-13.42.47-edited-1024x576.jpeg 1024w, https:\/\/agora.xtec.cat\/escolaelcorb\/wp-content\/uploads\/usu852\/2026\/04\/WhatsApp-Image-2026-04-22-at-13.42.47-edited-768x432.jpeg 768w\" sizes=\"auto, (max-width: 1200px) 100vw, 1200px\" \/><\/a><\/figure>\n<\/div>\n\n\n\n<div class=\"wp-block-column is-layout-flow wp-block-column-is-layout-flow\">\n<h3 class=\"wp-block-heading\">Contextualitzaci\u00f3 real<\/h3>\n\n\n\n<p>Cada sessi\u00f3 parteix de reptes i problemes de la vida quotidiana. Aix\u00f2 fa que l&#8217;aprenentatge sigui significatiu: els alumnes entenen <em>per a qu\u00e8<\/em> serveix el que estan aprenent.<\/p>\n<\/div>\n<\/div>\n\n\n\n<div class=\"wp-block-columns is-layout-flex wp-container-core-columns-is-layout-3 wp-block-columns-is-layout-flex\">\n<div class=\"wp-block-column is-layout-flow wp-block-column-is-layout-flow\">\n<h3 class=\"wp-block-heading\">Atenci\u00f3 a la diversitat<\/h3>\n\n\n\n<p>Gr\u00e0cies als recursos multinivell, respectem els diferents ritmes d&#8217;aprenentatge, oferint sessions de rep\u00e0s i reptes d&#8217;ampliaci\u00f3 perqu\u00e8 cada alumne arribi tan lluny com pugui.<\/p>\n<\/div>\n\n\n\n<div class=\"wp-block-column is-layout-flow wp-block-column-is-layout-flow\">\n<figure class=\"wp-block-image aligncenter size-large is-resized\"><a href=\"https:\/\/agora.xtec.cat\/escolaelcorb\/wp-content\/uploads\/usu852\/2026\/04\/WhatsApp-Image-2026-04-22-at-13.43.37.jpeg\"><img loading=\"lazy\" decoding=\"async\" width=\"1024\" height=\"768\" src=\"https:\/\/agora.xtec.cat\/escolaelcorb\/wp-content\/uploads\/usu852\/2026\/04\/WhatsApp-Image-2026-04-22-at-13.43.37-1024x768.jpeg\" alt=\"\" class=\"wp-image-6820\" style=\"width:375px;height:auto\" srcset=\"https:\/\/agora.xtec.cat\/escolaelcorb\/wp-content\/uploads\/usu852\/2026\/04\/WhatsApp-Image-2026-04-22-at-13.43.37-1024x768.jpeg 1024w, https:\/\/agora.xtec.cat\/escolaelcorb\/wp-content\/uploads\/usu852\/2026\/04\/WhatsApp-Image-2026-04-22-at-13.43.37-300x225.jpeg 300w, https:\/\/agora.xtec.cat\/escolaelcorb\/wp-content\/uploads\/usu852\/2026\/04\/WhatsApp-Image-2026-04-22-at-13.43.37-768x576.jpeg 768w, https:\/\/agora.xtec.cat\/escolaelcorb\/wp-content\/uploads\/usu852\/2026\/04\/WhatsApp-Image-2026-04-22-at-13.43.37-1536x1152.jpeg 1536w, https:\/\/agora.xtec.cat\/escolaelcorb\/wp-content\/uploads\/usu852\/2026\/04\/WhatsApp-Image-2026-04-22-at-13.43.37.jpeg 1600w\" sizes=\"auto, (max-width: 1024px) 100vw, 1024px\" \/><\/a><\/figure>\n<\/div>\n<\/div>\n\n\n\n<div class=\"wp-block-columns is-layout-flex wp-container-core-columns-is-layout-4 wp-block-columns-is-layout-flex\">\n<div class=\"wp-block-column is-layout-flow wp-block-column-is-layout-flow\">\n<figure class=\"wp-block-image aligncenter size-large is-resized\"><a href=\"https:\/\/agora.xtec.cat\/escolaelcorb\/wp-content\/uploads\/usu852\/2026\/04\/WhatsApp-Image-2026-04-22-at-13.42.47-1-rotated.jpeg\"><img loading=\"lazy\" decoding=\"async\" width=\"1024\" height=\"768\" src=\"https:\/\/agora.xtec.cat\/escolaelcorb\/wp-content\/uploads\/usu852\/2026\/04\/WhatsApp-Image-2026-04-22-at-13.42.47-1-1024x768.jpeg\" alt=\"\" class=\"wp-image-6821\" style=\"width:399px;height:auto\" srcset=\"https:\/\/agora.xtec.cat\/escolaelcorb\/wp-content\/uploads\/usu852\/2026\/04\/WhatsApp-Image-2026-04-22-at-13.42.47-1-1024x768.jpeg 1024w, https:\/\/agora.xtec.cat\/escolaelcorb\/wp-content\/uploads\/usu852\/2026\/04\/WhatsApp-Image-2026-04-22-at-13.42.47-1-300x225.jpeg 300w, https:\/\/agora.xtec.cat\/escolaelcorb\/wp-content\/uploads\/usu852\/2026\/04\/WhatsApp-Image-2026-04-22-at-13.42.47-1-768x576.jpeg 768w, https:\/\/agora.xtec.cat\/escolaelcorb\/wp-content\/uploads\/usu852\/2026\/04\/WhatsApp-Image-2026-04-22-at-13.42.47-1-1536x1152.jpeg 1536w, https:\/\/agora.xtec.cat\/escolaelcorb\/wp-content\/uploads\/usu852\/2026\/04\/WhatsApp-Image-2026-04-22-at-13.42.47-1-rotated.jpeg 1600w\" sizes=\"auto, (max-width: 1024px) 100vw, 1024px\" \/><\/a><\/figure>\n<\/div>\n\n\n\n<div class=\"wp-block-column is-layout-flow wp-block-column-is-layout-flow\">\n<h3 class=\"wp-block-heading\">Sessions din\u00e0miques i emocionants<\/h3>\n\n\n\n<p>Les classes es converteixen en espais de joc, debat i descoberta, on l&#8217;error es veu com una oportunitat per aprendre i l&#8217;autoavaluaci\u00f3 ajuda l&#8217;alumne a ser conscient del seu propi progr\u00e9s.<\/p>\n<\/div>\n<\/div>\n\n\n\n<p><\/p>\n","protected":false},"excerpt":{"rendered":"<p>Matem\u00e0tiques per a la vida: Aprendre jugant, pensant i resolent. A l&#8217;escola entenem les matem\u00e0tiques com una eina viva per entendre el m\u00f3n. Per aix\u00f2, utilitzem el programa EMAT (Tekman), una metodologia innovadora que allunya les matem\u00e0tiques de la repetici\u00f3 mec\u00e0nica i les apropa a la realitat dels nostres alumnes Aprenentatge manipulatiu Abans d&#8217;arribar al [&hellip;]<\/p>\n","protected":false},"author":20,"featured_media":0,"parent":0,"menu_order":0,"comment_status":"closed","ping_status":"close","template":"","meta":{"site-sidebar-layout":"default","site-content-layout":"","ast-site-content-layout":"default","site-content-style":"default","site-sidebar-style":"default","ast-global-header-display":"","ast-banner-title-visibility":"","ast-main-header-display":"","ast-hfb-above-header-display":"","ast-hfb-below-header-display":"","ast-hfb-mobile-header-display":"","site-post-title":"disabled","ast-breadcrumbs-content":"","ast-featured-img":"","footer-sml-layout":"","theme-transparent-header-meta":"","adv-header-id-meta":"","stick-header-meta":"","header-above-stick-meta":"","header-main-stick-meta":"","header-below-stick-meta":"","astra-migrate-meta-layouts":"set","ast-page-background-enabled":"default","ast-page-background-meta":{"desktop":{"background-color":"var(--ast-global-color-4)","background-image":"","background-repeat":"repeat","background-position":"center center","background-size":"auto","background-attachment":"scroll","background-type":"","background-media":"","overlay-type":"","overlay-color":"","overlay-opacity":"","overlay-gradient":""},"tablet":{"background-color":"","background-image":"","background-repeat":"repeat","background-position":"center center","background-size":"auto","background-attachment":"scroll","background-type":"","background-media":"","overlay-type":"","overlay-color":"","overlay-opacity":"","overlay-gradient":""},"mobile":{"background-color":"","background-image":"","background-repeat":"repeat","background-position":"center center","background-size":"auto","background-attachment":"scroll","background-type":"","background-media":"","overlay-type":"","overlay-color":"","overlay-opacity":"","overlay-gradient":""}},"ast-content-background-meta":{"desktop":{"background-color":"var(--ast-global-color-5)","background-image":"","background-repeat":"repeat","background-position":"center center","background-size":"auto","background-attachment":"scroll","background-type":"","background-media":"","overlay-type":"","overlay-color":"","overlay-opacity":"","overlay-gradient":""},"tablet":{"background-color":"var(--ast-global-color-5)","background-image":"","background-repeat":"repeat","background-position":"center center","background-size":"auto","background-attachment":"scroll","background-type":"","background-media":"","overlay-type":"","overlay-color":"","overlay-opacity":"","overlay-gradient":""},"mobile":{"background-color":"var(--ast-global-color-5)","background-image":"","background-repeat":"repeat","background-position":"center center","background-size":"auto","background-attachment":"scroll","background-type":"","background-media":"","overlay-type":"","overlay-color":"","overlay-opacity":"","overlay-gradient":""}},"footnotes":""},"class_list":["post-6781","page","type-page","status-publish","hentry"],"post_mailing_queue_ids":[],"_links":{"self":[{"href":"https:\/\/agora.xtec.cat\/escolaelcorb\/wp-json\/wp\/v2\/pages\/6781","targetHints":{"allow":["GET"]}}],"collection":[{"href":"https:\/\/agora.xtec.cat\/escolaelcorb\/wp-json\/wp\/v2\/pages"}],"about":[{"href":"https:\/\/agora.xtec.cat\/escolaelcorb\/wp-json\/wp\/v2\/types\/page"}],"author":[{"embeddable":true,"href":"https:\/\/agora.xtec.cat\/escolaelcorb\/wp-json\/wp\/v2\/users\/20"}],"replies":[{"embeddable":true,"href":"https:\/\/agora.xtec.cat\/escolaelcorb\/wp-json\/wp\/v2\/comments?post=6781"}],"version-history":[{"count":2,"href":"https:\/\/agora.xtec.cat\/escolaelcorb\/wp-json\/wp\/v2\/pages\/6781\/revisions"}],"predecessor-version":[{"id":6822,"href":"https:\/\/agora.xtec.cat\/escolaelcorb\/wp-json\/wp\/v2\/pages\/6781\/revisions\/6822"}],"wp:attachment":[{"href":"https:\/\/agora.xtec.cat\/escolaelcorb\/wp-json\/wp\/v2\/media?parent=6781"}],"curies":[{"name":"wp","href":"https:\/\/api.w.org\/{rel}","templated":true}]}}