{"id":6747,"date":"2026-04-20T15:14:57","date_gmt":"2026-04-20T13:14:57","guid":{"rendered":"https:\/\/agora.xtec.cat\/escolaelcorb\/?page_id=6747"},"modified":"2026-04-23T16:11:33","modified_gmt":"2026-04-23T14:11:33","slug":"6747-2","status":"publish","type":"page","link":"https:\/\/agora.xtec.cat\/escolaelcorb\/6747-2\/","title":{"rendered":"Prim\u00e0ria"},"content":{"rendered":"\n<div class=\"wp-block-cover is-light\"><span aria-hidden=\"true\" class=\"wp-block-cover__background has-background-dim\" style=\"background-color:#9c8f8d\"><\/span><img loading=\"lazy\" decoding=\"async\" width=\"2560\" height=\"1205\" class=\"wp-block-cover__image-background wp-image-6748\" alt=\"\" src=\"https:\/\/agora.xtec.cat\/escolaelcorb\/wp-content\/uploads\/usu852\/2026\/04\/PXL_20250305_093842148.MP_-scaled.jpg\" data-object-fit=\"cover\" srcset=\"https:\/\/agora.xtec.cat\/escolaelcorb\/wp-content\/uploads\/usu852\/2026\/04\/PXL_20250305_093842148.MP_-scaled.jpg 2560w, https:\/\/agora.xtec.cat\/escolaelcorb\/wp-content\/uploads\/usu852\/2026\/04\/PXL_20250305_093842148.MP_-300x141.jpg 300w, https:\/\/agora.xtec.cat\/escolaelcorb\/wp-content\/uploads\/usu852\/2026\/04\/PXL_20250305_093842148.MP_-1024x482.jpg 1024w, https:\/\/agora.xtec.cat\/escolaelcorb\/wp-content\/uploads\/usu852\/2026\/04\/PXL_20250305_093842148.MP_-768x361.jpg 768w, https:\/\/agora.xtec.cat\/escolaelcorb\/wp-content\/uploads\/usu852\/2026\/04\/PXL_20250305_093842148.MP_-1536x723.jpg 1536w, https:\/\/agora.xtec.cat\/escolaelcorb\/wp-content\/uploads\/usu852\/2026\/04\/PXL_20250305_093842148.MP_-2048x964.jpg 2048w\" sizes=\"auto, (max-width: 2560px) 100vw, 2560px\" \/><div class=\"wp-block-cover__inner-container is-layout-constrained wp-block-cover-is-layout-constrained\">\n<h1 class=\"wp-block-heading has-text-align-center has-x-large-font-size\">Prim\u00e0ria: L&#8217;aventura d&#8217;aprendre a ser i a con\u00e8ixer<\/h1>\n\n\n\n<h4 class=\"wp-block-heading has-text-align-center\">Un cam\u00ed cap a l&#8217;autonomia a trav\u00e9s de l&#8217;excel\u00b7l\u00e8ncia en les \u00e0rees troncals i la descoberta per projectes.<\/h4>\n<\/div><\/div>\n\n\n\n<div class=\"wp-block-group is-vertical is-layout-flex wp-container-core-group-is-layout-1 wp-block-group-is-layout-flex\">\n<blockquote class=\"wp-block-quote is-layout-flow wp-block-quote-is-layout-flow\">\n<p>A l&#8217;Escola El Corb, la Prim\u00e0ria \u00e9s una etapa plena de descobertes. Acompanyem els nostres alumnes perqu\u00e8 passin de la curiositat a l&#8217;autonomia, convertint l&#8217;aula en un espai de reptes, creativitat i valors.<\/p>\n\n\n\n<p><strong>Creixem junts: consolidant les bases acad\u00e8miques i despertant el pensament cr\u00edtic per entendre el m\u00f3n.<\/strong><\/p>\n<\/blockquote>\n<\/div>\n\n\n\n<div class=\"wp-block-columns is-layout-flex wp-container-core-columns-is-layout-1 wp-block-columns-is-layout-flex\">\n<div class=\"wp-block-column is-layout-flow wp-block-column-is-layout-flow\">\n<figure class=\"wp-block-image aligncenter size-full\"><a href=\"https:\/\/agora.xtec.cat\/escolaelcorb\/wp-content\/uploads\/usu852\/2026\/03\/Captura-de-pantalla-2026-03-18-100558.png\"><img loading=\"lazy\" decoding=\"async\" width=\"554\" height=\"376\" src=\"https:\/\/agora.xtec.cat\/escolaelcorb\/wp-content\/uploads\/usu852\/2026\/03\/Captura-de-pantalla-2026-03-18-100558.png\" alt=\"\" class=\"wp-image-6574\" style=\"aspect-ratio:16\/9;object-fit:cover\" srcset=\"https:\/\/agora.xtec.cat\/escolaelcorb\/wp-content\/uploads\/usu852\/2026\/03\/Captura-de-pantalla-2026-03-18-100558.png 554w, https:\/\/agora.xtec.cat\/escolaelcorb\/wp-content\/uploads\/usu852\/2026\/03\/Captura-de-pantalla-2026-03-18-100558-300x204.png 300w\" sizes=\"auto, (max-width: 554px) 100vw, 554px\" \/><\/a><\/figure>\n\n\n\n<h3 class=\"wp-block-heading has-text-align-center\">Matem\u00e0tiques<\/h3>\n\n\n\n<div class=\"wp-block-buttons is-content-justification-center is-layout-flex wp-container-core-buttons-is-layout-1 wp-block-buttons-is-layout-flex\">\n<div class=\"wp-block-button\"><a class=\"wp-block-button__link has-pale-ocean-gradient-background has-background has-text-align-center wp-element-button\" href=\"https:\/\/agora.xtec.cat\/escolaelcorb\/matematiques-a-primaria\/\" target=\"_blank\" rel=\"noreferrer noopener\">Matem\u00e0tiques que es toquen<\/a><\/div>\n<\/div>\n<\/div>\n\n\n\n<div class=\"wp-block-column is-layout-flow wp-block-column-is-layout-flow\">\n<figure class=\"wp-block-image aligncenter size-large\"><a href=\"https:\/\/agora.xtec.cat\/escolaelcorb\/wp-content\/uploads\/usu852\/2026\/04\/PXL_20250305_093813624.jpg\"><img loading=\"lazy\" decoding=\"async\" width=\"1024\" height=\"1003\" src=\"https:\/\/agora.xtec.cat\/escolaelcorb\/wp-content\/uploads\/usu852\/2026\/04\/PXL_20250305_093813624-1024x1003.jpg\" alt=\"\" class=\"wp-image-6847\" style=\"aspect-ratio:16\/9;object-fit:cover\" srcset=\"https:\/\/agora.xtec.cat\/escolaelcorb\/wp-content\/uploads\/usu852\/2026\/04\/PXL_20250305_093813624-1024x1003.jpg 1024w, https:\/\/agora.xtec.cat\/escolaelcorb\/wp-content\/uploads\/usu852\/2026\/04\/PXL_20250305_093813624-300x294.jpg 300w, https:\/\/agora.xtec.cat\/escolaelcorb\/wp-content\/uploads\/usu852\/2026\/04\/PXL_20250305_093813624-768x752.jpg 768w, https:\/\/agora.xtec.cat\/escolaelcorb\/wp-content\/uploads\/usu852\/2026\/04\/PXL_20250305_093813624-1536x1504.jpg 1536w, https:\/\/agora.xtec.cat\/escolaelcorb\/wp-content\/uploads\/usu852\/2026\/04\/PXL_20250305_093813624-2048x2006.jpg 2048w\" sizes=\"auto, (max-width: 1024px) 100vw, 1024px\" \/><\/a><\/figure>\n\n\n\n<h3 class=\"wp-block-heading has-text-align-center\">Lleng\u00fces<\/h3>\n\n\n\n<div class=\"wp-block-buttons is-content-justification-center is-layout-flex wp-container-core-buttons-is-layout-2 wp-block-buttons-is-layout-flex\">\n<div class=\"wp-block-button\"><a class=\"wp-block-button__link has-pale-ocean-gradient-background has-background wp-element-button\" href=\"https:\/\/agora.xtec.cat\/escolaelcorb\/llengues-a-primaria\/\" target=\"_blank\" rel=\"noreferrer noopener\">L&#8217;art de comunicar i llegir<\/a><\/div>\n<\/div>\n<\/div>\n\n\n\n<div class=\"wp-block-column is-layout-flow wp-block-column-is-layout-flow\">\n<figure class=\"wp-block-image size-large\"><a href=\"https:\/\/agora.xtec.cat\/escolaelcorb\/wp-content\/uploads\/usu852\/2026\/04\/WhatsApp-Image-2026-04-22-at-16.17.15.jpeg\"><img loading=\"lazy\" decoding=\"async\" width=\"1024\" height=\"576\" src=\"https:\/\/agora.xtec.cat\/escolaelcorb\/wp-content\/uploads\/usu852\/2026\/04\/WhatsApp-Image-2026-04-22-at-16.17.15-1024x576.jpeg\" alt=\"\" class=\"wp-image-6849\" srcset=\"https:\/\/agora.xtec.cat\/escolaelcorb\/wp-content\/uploads\/usu852\/2026\/04\/WhatsApp-Image-2026-04-22-at-16.17.15-1024x576.jpeg 1024w, https:\/\/agora.xtec.cat\/escolaelcorb\/wp-content\/uploads\/usu852\/2026\/04\/WhatsApp-Image-2026-04-22-at-16.17.15-300x169.jpeg 300w, https:\/\/agora.xtec.cat\/escolaelcorb\/wp-content\/uploads\/usu852\/2026\/04\/WhatsApp-Image-2026-04-22-at-16.17.15-768x432.jpeg 768w, https:\/\/agora.xtec.cat\/escolaelcorb\/wp-content\/uploads\/usu852\/2026\/04\/WhatsApp-Image-2026-04-22-at-16.17.15-1536x864.jpeg 1536w, https:\/\/agora.xtec.cat\/escolaelcorb\/wp-content\/uploads\/usu852\/2026\/04\/WhatsApp-Image-2026-04-22-at-16.17.15.jpeg 1600w\" sizes=\"auto, (max-width: 1024px) 100vw, 1024px\" \/><\/a><\/figure>\n\n\n\n<h3 class=\"wp-block-heading has-text-align-center\">Angl\u00e8s<\/h3>\n\n\n\n<div class=\"wp-block-buttons is-content-justification-center is-layout-flex wp-container-core-buttons-is-layout-3 wp-block-buttons-is-layout-flex\">\n<div class=\"wp-block-button\"><a class=\"wp-block-button__link has-pale-ocean-gradient-background has-background has-text-align-center wp-element-button\" href=\"https:\/\/agora.xtec.cat\/escolaelcorb\/projecte-educatiu\/english\/\" target=\"_blank\" rel=\"noreferrer noopener\">Speak and grow<\/a><\/div>\n<\/div>\n<\/div>\n<\/div>\n\n\n\n<div class=\"wp-block-columns is-layout-flex wp-container-core-columns-is-layout-2 wp-block-columns-is-layout-flex\">\n<div class=\"wp-block-column is-layout-flow wp-block-column-is-layout-flow\">\n<figure class=\"wp-block-image aligncenter size-full\"><a href=\"https:\/\/agora.xtec.cat\/escolaelcorb\/wp-content\/uploads\/usu852\/2026\/04\/WhatsApp-Image-2026-04-22-at-15.45.26.jpeg\"><img loading=\"lazy\" decoding=\"async\" width=\"2048\" height=\"1536\" src=\"https:\/\/agora.xtec.cat\/escolaelcorb\/wp-content\/uploads\/usu852\/2026\/04\/WhatsApp-Image-2026-04-22-at-15.45.26.jpeg\" alt=\"\" class=\"wp-image-6846\" style=\"aspect-ratio:16\/9;object-fit:cover\" srcset=\"https:\/\/agora.xtec.cat\/escolaelcorb\/wp-content\/uploads\/usu852\/2026\/04\/WhatsApp-Image-2026-04-22-at-15.45.26.jpeg 2048w, https:\/\/agora.xtec.cat\/escolaelcorb\/wp-content\/uploads\/usu852\/2026\/04\/WhatsApp-Image-2026-04-22-at-15.45.26-300x225.jpeg 300w, https:\/\/agora.xtec.cat\/escolaelcorb\/wp-content\/uploads\/usu852\/2026\/04\/WhatsApp-Image-2026-04-22-at-15.45.26-1024x768.jpeg 1024w, https:\/\/agora.xtec.cat\/escolaelcorb\/wp-content\/uploads\/usu852\/2026\/04\/WhatsApp-Image-2026-04-22-at-15.45.26-768x576.jpeg 768w, https:\/\/agora.xtec.cat\/escolaelcorb\/wp-content\/uploads\/usu852\/2026\/04\/WhatsApp-Image-2026-04-22-at-15.45.26-1536x1152.jpeg 1536w\" sizes=\"auto, (max-width: 2048px) 100vw, 2048px\" \/><\/a><\/figure>\n\n\n\n<h4 class=\"wp-block-heading has-text-align-center\">Coneixement del Medi<\/h4>\n\n\n\n<div class=\"wp-block-buttons is-content-justification-center is-layout-flex wp-container-core-buttons-is-layout-4 wp-block-buttons-is-layout-flex\">\n<div class=\"wp-block-button\"><a class=\"wp-block-button__link has-pale-ocean-gradient-background has-background has-text-align-center wp-element-button\" href=\"https:\/\/agora.xtec.cat\/escolaelcorb\/medi-social-i-natural-a-primaria\/\" target=\"_blank\" rel=\"noreferrer noopener\">Explorant el nostre entorn<\/a><\/div>\n<\/div>\n<\/div>\n\n\n\n<div class=\"wp-block-column is-layout-flow wp-block-column-is-layout-flow\">\n<figure class=\"wp-block-image aligncenter size-large\"><a href=\"https:\/\/agora.xtec.cat\/escolaelcorb\/wp-content\/uploads\/usu852\/2026\/04\/20240314_101807-1-scaled.jpg\"><img loading=\"lazy\" decoding=\"async\" width=\"1024\" height=\"886\" src=\"https:\/\/agora.xtec.cat\/escolaelcorb\/wp-content\/uploads\/usu852\/2026\/04\/20240314_101807-1-1024x886.jpg\" alt=\"\" class=\"wp-image-6854\" style=\"aspect-ratio:16\/9;object-fit:cover\" srcset=\"https:\/\/agora.xtec.cat\/escolaelcorb\/wp-content\/uploads\/usu852\/2026\/04\/20240314_101807-1-1024x886.jpg 1024w, https:\/\/agora.xtec.cat\/escolaelcorb\/wp-content\/uploads\/usu852\/2026\/04\/20240314_101807-1-300x260.jpg 300w, https:\/\/agora.xtec.cat\/escolaelcorb\/wp-content\/uploads\/usu852\/2026\/04\/20240314_101807-1-768x665.jpg 768w, https:\/\/agora.xtec.cat\/escolaelcorb\/wp-content\/uploads\/usu852\/2026\/04\/20240314_101807-1-1536x1330.jpg 1536w, https:\/\/agora.xtec.cat\/escolaelcorb\/wp-content\/uploads\/usu852\/2026\/04\/20240314_101807-1-2048x1773.jpg 2048w\" sizes=\"auto, (max-width: 1024px) 100vw, 1024px\" \/><\/a><\/figure>\n\n\n\n<h3 class=\"wp-block-heading has-text-align-center\">Educaci\u00f3 F\u00edsica<\/h3>\n\n\n\n<div class=\"wp-block-buttons is-content-justification-center is-layout-flex wp-container-core-buttons-is-layout-5 wp-block-buttons-is-layout-flex\">\n<div class=\"wp-block-button\"><a class=\"wp-block-button__link has-pale-ocean-gradient-background has-background wp-element-button\">Salut, valors i moviment<\/a><\/div>\n<\/div>\n<\/div>\n\n\n\n<div class=\"wp-block-column is-layout-flow wp-block-column-is-layout-flow\">\n<figure class=\"wp-block-image size-large\"><a href=\"https:\/\/agora.xtec.cat\/escolaelcorb\/wp-content\/uploads\/usu852\/2026\/04\/WhatsApp-Image-2026-04-22-at-16.21.42.jpeg\"><img loading=\"lazy\" decoding=\"async\" width=\"1024\" height=\"988\" src=\"https:\/\/agora.xtec.cat\/escolaelcorb\/wp-content\/uploads\/usu852\/2026\/04\/WhatsApp-Image-2026-04-22-at-16.21.42-1024x988.jpeg\" alt=\"\" class=\"wp-image-6850\" style=\"aspect-ratio:16\/9;object-fit:cover\" srcset=\"https:\/\/agora.xtec.cat\/escolaelcorb\/wp-content\/uploads\/usu852\/2026\/04\/WhatsApp-Image-2026-04-22-at-16.21.42-1024x988.jpeg 1024w, https:\/\/agora.xtec.cat\/escolaelcorb\/wp-content\/uploads\/usu852\/2026\/04\/WhatsApp-Image-2026-04-22-at-16.21.42-300x289.jpeg 300w, https:\/\/agora.xtec.cat\/escolaelcorb\/wp-content\/uploads\/usu852\/2026\/04\/WhatsApp-Image-2026-04-22-at-16.21.42-768x741.jpeg 768w, https:\/\/agora.xtec.cat\/escolaelcorb\/wp-content\/uploads\/usu852\/2026\/04\/WhatsApp-Image-2026-04-22-at-16.21.42-1536x1481.jpeg 1536w, https:\/\/agora.xtec.cat\/escolaelcorb\/wp-content\/uploads\/usu852\/2026\/04\/WhatsApp-Image-2026-04-22-at-16.21.42-2048x1975.jpeg 2048w\" sizes=\"auto, (max-width: 1024px) 100vw, 1024px\" \/><\/a><\/figure>\n\n\n\n<h3 class=\"wp-block-heading has-text-align-center\">Rob\u00f2tica<\/h3>\n\n\n\n<div class=\"wp-block-buttons is-content-justification-center is-layout-flex wp-container-core-buttons-is-layout-6 wp-block-buttons-is-layout-flex\">\n<div class=\"wp-block-button\"><a class=\"wp-block-button__link has-pale-ocean-gradient-background has-background has-text-align-center wp-element-button\" href=\"https:\/\/agora.xtec.cat\/escolaelcorb\/projecte-educatiu\/robotica\/\" target=\"_blank\" rel=\"noreferrer noopener\">Pensament i programaci\u00f3<\/a><\/div>\n<\/div>\n<\/div>\n<\/div>\n\n\n\n<h1 class=\"wp-block-heading alignwide has-text-align-center has-background\" style=\"background-color:#c3e3d6\">ARA ART<\/h1>\n\n\n\n<div class=\"wp-block-buttons is-content-justification-center is-layout-flex wp-container-core-buttons-is-layout-7 wp-block-buttons-is-layout-flex\">\n<div class=\"wp-block-button\"><a class=\"wp-block-button__link has-pale-ocean-gradient-background has-background wp-element-button\" href=\"https:\/\/sites.google.com\/xtec.cat\/araart-el-corb\/p%C3%A0gina-dinici\" target=\"_blank\" rel=\"noreferrer noopener\">Descobreix l&#8217;art<\/a><\/div>\n<\/div>\n\n\n\n<div class=\"wp-block-columns is-layout-flex wp-container-core-columns-is-layout-3 wp-block-columns-is-layout-flex\">\n<div class=\"wp-block-column is-layout-flow wp-block-column-is-layout-flow\">\n<h3 class=\"wp-block-heading has-text-align-center\">M\u00fasica<\/h3>\n\n\n\n<figure class=\"wp-block-image size-large\"><a href=\"https:\/\/agora.xtec.cat\/escolaelcorb\/wp-content\/uploads\/usu852\/2026\/04\/1664966845288.jpg\"><img loading=\"lazy\" decoding=\"async\" width=\"1024\" height=\"718\" src=\"https:\/\/agora.xtec.cat\/escolaelcorb\/wp-content\/uploads\/usu852\/2026\/04\/1664966845288-1024x718.jpg\" alt=\"\" class=\"wp-image-6775\" style=\"aspect-ratio:16\/9;object-fit:cover\" srcset=\"https:\/\/agora.xtec.cat\/escolaelcorb\/wp-content\/uploads\/usu852\/2026\/04\/1664966845288-1024x718.jpg 1024w, https:\/\/agora.xtec.cat\/escolaelcorb\/wp-content\/uploads\/usu852\/2026\/04\/1664966845288-300x210.jpg 300w, https:\/\/agora.xtec.cat\/escolaelcorb\/wp-content\/uploads\/usu852\/2026\/04\/1664966845288-768x539.jpg 768w, https:\/\/agora.xtec.cat\/escolaelcorb\/wp-content\/uploads\/usu852\/2026\/04\/1664966845288.jpg 1508w\" sizes=\"auto, (max-width: 1024px) 100vw, 1024px\" \/><\/a><\/figure>\n\n\n\n<div class=\"wp-block-buttons is-content-justification-center is-layout-flex wp-container-core-buttons-is-layout-8 wp-block-buttons-is-layout-flex\">\n<div class=\"wp-block-button\"><a class=\"wp-block-button__link has-pale-ocean-gradient-background has-background wp-element-button\" href=\"https:\/\/agora.xtec.cat\/escolaelcorb\/projecte-educatiu\/cantania-5e-3\/\" target=\"_blank\" rel=\"noreferrer noopener\">Sentir la m\u00fasica<\/a><\/div>\n<\/div>\n<\/div>\n\n\n\n<div class=\"wp-block-column is-layout-flow wp-block-column-is-layout-flow\">\n<h3 class=\"wp-block-heading has-text-align-center\">Pl\u00e0stica<\/h3>\n\n\n\n<figure class=\"wp-block-image aligncenter size-large\"><a href=\"https:\/\/agora.xtec.cat\/escolaelcorb\/wp-content\/uploads\/usu852\/2026\/04\/IMG_7785-scaled.jpg\"><img loading=\"lazy\" decoding=\"async\" width=\"1024\" height=\"911\" src=\"https:\/\/agora.xtec.cat\/escolaelcorb\/wp-content\/uploads\/usu852\/2026\/04\/IMG_7785-1024x911.jpg\" alt=\"\" class=\"wp-image-6776\" style=\"aspect-ratio:16\/9;object-fit:cover\" srcset=\"https:\/\/agora.xtec.cat\/escolaelcorb\/wp-content\/uploads\/usu852\/2026\/04\/IMG_7785-1024x911.jpg 1024w, https:\/\/agora.xtec.cat\/escolaelcorb\/wp-content\/uploads\/usu852\/2026\/04\/IMG_7785-300x267.jpg 300w, https:\/\/agora.xtec.cat\/escolaelcorb\/wp-content\/uploads\/usu852\/2026\/04\/IMG_7785-768x683.jpg 768w, https:\/\/agora.xtec.cat\/escolaelcorb\/wp-content\/uploads\/usu852\/2026\/04\/IMG_7785-1536x1366.jpg 1536w, https:\/\/agora.xtec.cat\/escolaelcorb\/wp-content\/uploads\/usu852\/2026\/04\/IMG_7785-2048x1821.jpg 2048w\" sizes=\"auto, (max-width: 1024px) 100vw, 1024px\" \/><\/a><\/figure>\n\n\n\n<div class=\"wp-block-buttons is-content-justification-center is-layout-flex wp-container-core-buttons-is-layout-9 wp-block-buttons-is-layout-flex\">\n<div class=\"wp-block-button\"><a class=\"wp-block-button__link has-pale-ocean-gradient-background has-background wp-element-button\" href=\"https:\/\/agora.xtec.cat\/escolaelcorb\/plastica-a-primaria\/\" target=\"_blank\" rel=\"noreferrer noopener\">L&#8217;expressi\u00f3 del color<\/a><\/div>\n<\/div>\n<\/div>\n\n\n\n<div class=\"wp-block-column is-layout-flow wp-block-column-is-layout-flow\">\n<h3 class=\"wp-block-heading has-text-align-center\">Teatre<\/h3>\n\n\n\n<figure class=\"wp-block-image size-large\"><a href=\"https:\/\/agora.xtec.cat\/escolaelcorb\/wp-content\/uploads\/usu852\/2026\/04\/IMG_3788-scaled.jpg\"><img loading=\"lazy\" decoding=\"async\" width=\"1024\" height=\"645\" src=\"https:\/\/agora.xtec.cat\/escolaelcorb\/wp-content\/uploads\/usu852\/2026\/04\/IMG_3788-1024x645.jpg\" alt=\"\" class=\"wp-image-6778\" style=\"aspect-ratio:16\/9;object-fit:cover\" srcset=\"https:\/\/agora.xtec.cat\/escolaelcorb\/wp-content\/uploads\/usu852\/2026\/04\/IMG_3788-1024x645.jpg 1024w, https:\/\/agora.xtec.cat\/escolaelcorb\/wp-content\/uploads\/usu852\/2026\/04\/IMG_3788-300x189.jpg 300w, https:\/\/agora.xtec.cat\/escolaelcorb\/wp-content\/uploads\/usu852\/2026\/04\/IMG_3788-768x483.jpg 768w, https:\/\/agora.xtec.cat\/escolaelcorb\/wp-content\/uploads\/usu852\/2026\/04\/IMG_3788-1536x967.jpg 1536w, https:\/\/agora.xtec.cat\/escolaelcorb\/wp-content\/uploads\/usu852\/2026\/04\/IMG_3788-2048x1289.jpg 2048w\" sizes=\"auto, (max-width: 1024px) 100vw, 1024px\" \/><\/a><\/figure>\n\n\n\n<div class=\"wp-block-buttons is-content-justification-center is-layout-flex wp-container-core-buttons-is-layout-10 wp-block-buttons-is-layout-flex\">\n<div class=\"wp-block-button\"><a class=\"wp-block-button__link has-pale-ocean-gradient-background has-background wp-element-button\" href=\"https:\/\/agora.xtec.cat\/escolaelcorb\/projecte-educatiu\/teatre-5e\/\" target=\"_blank\" rel=\"noreferrer noopener\">Pujant a l&#8217;escenari<\/a><\/div>\n<\/div>\n<\/div>\n<\/div>\n\n\n\n<p><\/p>\n","protected":false},"excerpt":{"rendered":"<p>A l&#8217;Escola El Corb, la Prim\u00e0ria \u00e9s una etapa plena de descobertes. Acompanyem els nostres alumnes perqu\u00e8 passin de la curiositat a l&#8217;autonomia, convertint l&#8217;aula en un espai de reptes, creativitat i valors. Creixem junts: consolidant les bases acad\u00e8miques i despertant el pensament cr\u00edtic per entendre el m\u00f3n. Matem\u00e0tiques Lleng\u00fces Angl\u00e8s Coneixement del Medi Educaci\u00f3 [&hellip;]<\/p>\n","protected":false},"author":20,"featured_media":0,"parent":0,"menu_order":0,"comment_status":"closed","ping_status":"close","template":"","meta":{"site-sidebar-layout":"default","site-content-layout":"","ast-site-content-layout":"default","site-content-style":"default","site-sidebar-style":"default","ast-global-header-display":"","ast-banner-title-visibility":"","ast-main-header-display":"","ast-hfb-above-header-display":"","ast-hfb-below-header-display":"","ast-hfb-mobile-header-display":"","site-post-title":"disabled","ast-breadcrumbs-content":"","ast-featured-img":"","footer-sml-layout":"","theme-transparent-header-meta":"","adv-header-id-meta":"","stick-header-meta":"","header-above-stick-meta":"","header-main-stick-meta":"","header-below-stick-meta":"","astra-migrate-meta-layouts":"set","ast-page-background-enabled":"default","ast-page-background-meta":{"desktop":{"background-color":"var(--ast-global-color-4)","background-image":"","background-repeat":"repeat","background-position":"center center","background-size":"auto","background-attachment":"scroll","background-type":"","background-media":"","overlay-type":"","overlay-color":"","overlay-opacity":"","overlay-gradient":""},"tablet":{"background-color":"","background-image":"","background-repeat":"repeat","background-position":"center center","background-size":"auto","background-attachment":"scroll","background-type":"","background-media":"","overlay-type":"","overlay-color":"","overlay-opacity":"","overlay-gradient":""},"mobile":{"background-color":"","background-image":"","background-repeat":"repeat","background-position":"center center","background-size":"auto","background-attachment":"scroll","background-type":"","background-media":"","overlay-type":"","overlay-color":"","overlay-opacity":"","overlay-gradient":""}},"ast-content-background-meta":{"desktop":{"background-color":"var(--ast-global-color-5)","background-image":"","background-repeat":"repeat","background-position":"center center","background-size":"auto","background-attachment":"scroll","background-type":"","background-media":"","overlay-type":"","overlay-color":"","overlay-opacity":"","overlay-gradient":""},"tablet":{"background-color":"var(--ast-global-color-5)","background-image":"","background-repeat":"repeat","background-position":"center center","background-size":"auto","background-attachment":"scroll","background-type":"","background-media":"","overlay-type":"","overlay-color":"","overlay-opacity":"","overlay-gradient":""},"mobile":{"background-color":"var(--ast-global-color-5)","background-image":"","background-repeat":"repeat","background-position":"center center","background-size":"auto","background-attachment":"scroll","background-type":"","background-media":"","overlay-type":"","overlay-color":"","overlay-opacity":"","overlay-gradient":""}},"footnotes":""},"class_list":["post-6747","page","type-page","status-publish","hentry"],"post_mailing_queue_ids":[],"_links":{"self":[{"href":"https:\/\/agora.xtec.cat\/escolaelcorb\/wp-json\/wp\/v2\/pages\/6747","targetHints":{"allow":["GET"]}}],"collection":[{"href":"https:\/\/agora.xtec.cat\/escolaelcorb\/wp-json\/wp\/v2\/pages"}],"about":[{"href":"https:\/\/agora.xtec.cat\/escolaelcorb\/wp-json\/wp\/v2\/types\/page"}],"author":[{"embeddable":true,"href":"https:\/\/agora.xtec.cat\/escolaelcorb\/wp-json\/wp\/v2\/users\/20"}],"replies":[{"embeddable":true,"href":"https:\/\/agora.xtec.cat\/escolaelcorb\/wp-json\/wp\/v2\/comments?post=6747"}],"version-history":[{"count":6,"href":"https:\/\/agora.xtec.cat\/escolaelcorb\/wp-json\/wp\/v2\/pages\/6747\/revisions"}],"predecessor-version":[{"id":6878,"href":"https:\/\/agora.xtec.cat\/escolaelcorb\/wp-json\/wp\/v2\/pages\/6747\/revisions\/6878"}],"wp:attachment":[{"href":"https:\/\/agora.xtec.cat\/escolaelcorb\/wp-json\/wp\/v2\/media?parent=6747"}],"curies":[{"name":"wp","href":"https:\/\/api.w.org\/{rel}","templated":true}]}}