{"id":6587,"date":"2026-03-18T13:31:36","date_gmt":"2026-03-18T12:31:36","guid":{"rendered":"https:\/\/agora.xtec.cat\/escolaelcorb\/?page_id=6587"},"modified":"2026-03-23T12:31:07","modified_gmt":"2026-03-23T11:31:07","slug":"la-lectoescriptura","status":"publish","type":"page","link":"https:\/\/agora.xtec.cat\/escolaelcorb\/la-lectoescriptura\/","title":{"rendered":"La Lectoescriptura"},"content":{"rendered":"\n<div class=\"wp-block-cover is-light\" style=\"border-radius:30px;min-height:240px;aspect-ratio:unset;\"><span aria-hidden=\"true\" class=\"wp-block-cover__background has-background-dim\" style=\"background-color:#c4c2bb\"><\/span><img loading=\"lazy\" decoding=\"async\" width=\"894\" height=\"878\" class=\"wp-block-cover__image-background wp-image-6588\" alt=\"\" src=\"https:\/\/agora.xtec.cat\/escolaelcorb\/wp-content\/uploads\/usu852\/2026\/03\/image-4.png\" style=\"object-position:61% 46%\" data-object-fit=\"cover\" data-object-position=\"61% 46%\" srcset=\"https:\/\/agora.xtec.cat\/escolaelcorb\/wp-content\/uploads\/usu852\/2026\/03\/image-4.png 894w, https:\/\/agora.xtec.cat\/escolaelcorb\/wp-content\/uploads\/usu852\/2026\/03\/image-4-300x295.png 300w, https:\/\/agora.xtec.cat\/escolaelcorb\/wp-content\/uploads\/usu852\/2026\/03\/image-4-768x754.png 768w\" sizes=\"auto, (max-width: 894px) 100vw, 894px\" \/><div class=\"wp-block-cover__inner-container is-layout-constrained wp-block-cover-is-layout-constrained\">\n<p class=\"has-text-align-center has-large-font-size\">La Lectoescriptura: Un cam\u00ed ple de sentit i lletres<\/p>\n<\/div><\/div>\n\n\n\n<p><\/p>\n\n\n\n<p>A l&#8217;etapa d&#8217;Infantil, la lectoescriptura es viu com un proc\u00e9s natural de descoberta. El nostre objectiu \u00e9s que els infants descobreixin el plaer de comunicar-se.<\/p>\n\n\n\n<div class=\"wp-block-columns is-layout-flex wp-container-core-columns-is-layout-1 wp-block-columns-is-layout-flex\">\n<div class=\"wp-block-column is-layout-flow wp-block-column-is-layout-flow\">\n<h3 class=\"wp-block-heading\">Entendre el m\u00f3n a trav\u00e9s de les lletres<\/h3>\n\n\n\n<p>Partim sempre de la <strong>consci\u00e8ncia fonol\u00f2gica<\/strong> (els sons de les lletres) i de paraules significatives per a ells. No nom\u00e9s ensenyem a llegir i escriure; acompanyem l&#8217;infant perqu\u00e8 entengui que el llenguatge serveix per explicar el seu m\u00f3n.<\/p>\n<\/div>\n\n\n\n<div class=\"wp-block-column is-layout-flow wp-block-column-is-layout-flow\">\n<figure class=\"wp-block-image size-large has-custom-border is-style-default\"><a href=\"https:\/\/agora.xtec.cat\/escolaelcorb\/wp-content\/uploads\/usu852\/2026\/03\/WhatsApp-Image-2026-03-20-at-10.30.03-rotated.jpeg\"><img loading=\"lazy\" decoding=\"async\" width=\"1024\" height=\"768\" src=\"https:\/\/agora.xtec.cat\/escolaelcorb\/wp-content\/uploads\/usu852\/2026\/03\/WhatsApp-Image-2026-03-20-at-10.30.03-1024x768.jpeg\" alt=\"\" class=\"wp-image-6665\" style=\"border-radius:42px\" srcset=\"https:\/\/agora.xtec.cat\/escolaelcorb\/wp-content\/uploads\/usu852\/2026\/03\/WhatsApp-Image-2026-03-20-at-10.30.03-1024x768.jpeg 1024w, https:\/\/agora.xtec.cat\/escolaelcorb\/wp-content\/uploads\/usu852\/2026\/03\/WhatsApp-Image-2026-03-20-at-10.30.03-300x225.jpeg 300w, https:\/\/agora.xtec.cat\/escolaelcorb\/wp-content\/uploads\/usu852\/2026\/03\/WhatsApp-Image-2026-03-20-at-10.30.03-768x576.jpeg 768w, https:\/\/agora.xtec.cat\/escolaelcorb\/wp-content\/uploads\/usu852\/2026\/03\/WhatsApp-Image-2026-03-20-at-10.30.03-1536x1152.jpeg 1536w, https:\/\/agora.xtec.cat\/escolaelcorb\/wp-content\/uploads\/usu852\/2026\/03\/WhatsApp-Image-2026-03-20-at-10.30.03-rotated.jpeg 1600w\" sizes=\"auto, (max-width: 1024px) 100vw, 1024px\" \/><\/a><\/figure>\n<\/div>\n<\/div>\n\n\n\n<div class=\"wp-block-group has-background is-layout-constrained wp-block-group-is-layout-constrained\" style=\"background-color:#d0e9de\">\n<p class=\"has-text-align-center has-large-font-size\"><strong>Un proc\u00e9s evolutiu pas a pas<\/strong><\/p>\n\n\n\n<div class=\"wp-block-columns is-layout-flex wp-container-core-columns-is-layout-2 wp-block-columns-is-layout-flex\">\n<div class=\"wp-block-column is-layout-flow wp-block-column-is-layout-flow\">\n<h4 class=\"wp-block-heading\">I3: El despertar de les lletres<\/h4>\n\n\n\n<figure class=\"wp-block-image has-custom-border\"><img loading=\"lazy\" decoding=\"async\" width=\"1600\" height=\"1200\" src=\"https:\/\/agora.xtec.cat\/escolaelcorb\/wp-content\/uploads\/usu852\/2026\/03\/WhatsApp-Image-2026-03-20-at-09.23.20-rotated.jpeg\" alt=\"\" class=\"wp-image-6659\" style=\"border-radius:24px\" srcset=\"https:\/\/agora.xtec.cat\/escolaelcorb\/wp-content\/uploads\/usu852\/2026\/03\/WhatsApp-Image-2026-03-20-at-09.23.20-rotated.jpeg 1600w, https:\/\/agora.xtec.cat\/escolaelcorb\/wp-content\/uploads\/usu852\/2026\/03\/WhatsApp-Image-2026-03-20-at-09.23.20-300x225.jpeg 300w, https:\/\/agora.xtec.cat\/escolaelcorb\/wp-content\/uploads\/usu852\/2026\/03\/WhatsApp-Image-2026-03-20-at-09.23.20-1024x768.jpeg 1024w, https:\/\/agora.xtec.cat\/escolaelcorb\/wp-content\/uploads\/usu852\/2026\/03\/WhatsApp-Image-2026-03-20-at-09.23.20-768x576.jpeg 768w, https:\/\/agora.xtec.cat\/escolaelcorb\/wp-content\/uploads\/usu852\/2026\/03\/WhatsApp-Image-2026-03-20-at-09.23.20-1536x1152.jpeg 1536w\" sizes=\"auto, (max-width: 1600px) 100vw, 1600px\" \/><\/figure>\n\n\n\n<p>Comencem a partir de l&#8217;element m\u00e9s important: <strong>el seu propi nom<\/strong>. A trav\u00e9s d&#8217;ell, identifiquen les primeres lletres i sons. Tamb\u00e9 ens divertim amb el <strong>tren de les vocals<\/strong>, associant cada so a grafies quotidianes.<\/p>\n<\/div>\n\n\n\n<div class=\"wp-block-column is-layout-flow wp-block-column-is-layout-flow\">\n<h4 class=\"wp-block-heading\">I4: Exploradors de paraules<\/h4>\n\n\n\n<figure class=\"wp-block-image size-large has-custom-border\" style=\"margin-right:0;margin-left:0\"><a href=\"https:\/\/agora.xtec.cat\/escolaelcorb\/wp-content\/uploads\/usu852\/2026\/03\/WhatsApp-Image-2026-03-20-at-09.33.38-1-rotated.jpeg\"><img loading=\"lazy\" decoding=\"async\" width=\"1024\" height=\"768\" src=\"https:\/\/agora.xtec.cat\/escolaelcorb\/wp-content\/uploads\/usu852\/2026\/03\/WhatsApp-Image-2026-03-20-at-09.33.38-1-1024x768.jpeg\" alt=\"\" class=\"wp-image-6662\" style=\"border-radius:26px\" srcset=\"https:\/\/agora.xtec.cat\/escolaelcorb\/wp-content\/uploads\/usu852\/2026\/03\/WhatsApp-Image-2026-03-20-at-09.33.38-1-1024x768.jpeg 1024w, https:\/\/agora.xtec.cat\/escolaelcorb\/wp-content\/uploads\/usu852\/2026\/03\/WhatsApp-Image-2026-03-20-at-09.33.38-1-300x225.jpeg 300w, https:\/\/agora.xtec.cat\/escolaelcorb\/wp-content\/uploads\/usu852\/2026\/03\/WhatsApp-Image-2026-03-20-at-09.33.38-1-768x576.jpeg 768w, https:\/\/agora.xtec.cat\/escolaelcorb\/wp-content\/uploads\/usu852\/2026\/03\/WhatsApp-Image-2026-03-20-at-09.33.38-1-1536x1152.jpeg 1536w, https:\/\/agora.xtec.cat\/escolaelcorb\/wp-content\/uploads\/usu852\/2026\/03\/WhatsApp-Image-2026-03-20-at-09.33.38-1-rotated.jpeg 1600w\" sizes=\"auto, (max-width: 1024px) 100vw, 1024px\" \/><\/a><\/figure>\n\n\n\n<p>Introdu\u00efm l&#8217;abecedari de forma global i comencem a treballar amb <strong>la not\u00edcia<\/strong>. Aquesta activitat connecta l&#8217;escriptura amb l&#8217;actualitat, fent que el missatge escrit tingui una finalitat real i compartida.<\/p>\n<\/div>\n\n\n\n<div class=\"wp-block-column is-layout-flow wp-block-column-is-layout-flow\">\n<h4 class=\"wp-block-heading\">I5: El pas cap a l&#8217;autonomia<\/h4>\n\n\n\n<figure class=\"wp-block-image size-large has-custom-border\"><a href=\"https:\/\/agora.xtec.cat\/escolaelcorb\/wp-content\/uploads\/usu852\/2026\/03\/WhatsApp-Image-2026-03-20-at-09.28.48-1-rotated.jpeg\"><img loading=\"lazy\" decoding=\"async\" width=\"1024\" height=\"768\" src=\"https:\/\/agora.xtec.cat\/escolaelcorb\/wp-content\/uploads\/usu852\/2026\/03\/WhatsApp-Image-2026-03-20-at-09.28.48-1-1024x768.jpeg\" alt=\"\" class=\"wp-image-6663\" style=\"border-radius:26px\" srcset=\"https:\/\/agora.xtec.cat\/escolaelcorb\/wp-content\/uploads\/usu852\/2026\/03\/WhatsApp-Image-2026-03-20-at-09.28.48-1-1024x768.jpeg 1024w, https:\/\/agora.xtec.cat\/escolaelcorb\/wp-content\/uploads\/usu852\/2026\/03\/WhatsApp-Image-2026-03-20-at-09.28.48-1-300x225.jpeg 300w, https:\/\/agora.xtec.cat\/escolaelcorb\/wp-content\/uploads\/usu852\/2026\/03\/WhatsApp-Image-2026-03-20-at-09.28.48-1-768x576.jpeg 768w, https:\/\/agora.xtec.cat\/escolaelcorb\/wp-content\/uploads\/usu852\/2026\/03\/WhatsApp-Image-2026-03-20-at-09.28.48-1-1536x1152.jpeg 1536w, https:\/\/agora.xtec.cat\/escolaelcorb\/wp-content\/uploads\/usu852\/2026\/03\/WhatsApp-Image-2026-03-20-at-09.28.48-1-rotated.jpeg 1600w\" sizes=\"auto, (max-width: 1024px) 100vw, 1024px\" \/><\/a><\/figure>\n\n\n\n<p>Consolidem els sons amb la <strong>capsa dels sons<\/strong> i g\u00e8neres com l&#8217;endevinalla. Introdu\u00efm la <strong>lletra lligada<\/strong> com a nova eina de tra\u00e7 i treballem amb <strong>grups flexibles<\/strong> per oferir reptes personalitzats a cada infant.<\/p>\n<\/div>\n<\/div>\n<\/div>\n\n\n\n<div class=\"wp-block-getwid-images-slider has-arrows-inside has-dots-inside has-images-center has-cropped-images has-fixed-height\"><div class=\"wp-block-getwid-images-slider__wrapper\" data-effect=\"slide\" data-slides-show=\"1\" data-slides-show-laptop=\"1\" data-slides-show-tablet=\"1\" data-slides-show-mobile=\"1\" data-slides-scroll=\"1\" data-autoplay=\"false\" data-pause-hover=\"false\" data-autoplay-speed=\"6000\" data-infinite=\"true\" data-animation-speed=\"800\" data-center-mode=\"false\" data-variable-width=\"false\" data-arrows=\"inside\" data-dots=\"inside\" data-spacing=\"none\"><div class=\"wp-block-getwid-images-slider__item\" style=\"height:400px\"><figure><img loading=\"lazy\" decoding=\"async\" width=\"1024\" height=\"768\" src=\"https:\/\/agora.xtec.cat\/escolaelcorb\/wp-content\/uploads\/usu852\/2026\/03\/WhatsApp-Image-2026-03-20-at-11.31.52-1024x768.jpeg\" data-id=\"6675\" data-original-link=\"https:\/\/agora.xtec.cat\/escolaelcorb\/wp-content\/uploads\/usu852\/2026\/03\/WhatsApp-Image-2026-03-20-at-11.31.52-1024x768.jpeg\" class=\"wp-block-getwid-images-slider__image wp-image-6675\" srcset=\"https:\/\/agora.xtec.cat\/escolaelcorb\/wp-content\/uploads\/usu852\/2026\/03\/WhatsApp-Image-2026-03-20-at-11.31.52-1024x768.jpeg 1024w, https:\/\/agora.xtec.cat\/escolaelcorb\/wp-content\/uploads\/usu852\/2026\/03\/WhatsApp-Image-2026-03-20-at-11.31.52-300x225.jpeg 300w, https:\/\/agora.xtec.cat\/escolaelcorb\/wp-content\/uploads\/usu852\/2026\/03\/WhatsApp-Image-2026-03-20-at-11.31.52-768x576.jpeg 768w, https:\/\/agora.xtec.cat\/escolaelcorb\/wp-content\/uploads\/usu852\/2026\/03\/WhatsApp-Image-2026-03-20-at-11.31.52-1536x1152.jpeg 1536w, https:\/\/agora.xtec.cat\/escolaelcorb\/wp-content\/uploads\/usu852\/2026\/03\/WhatsApp-Image-2026-03-20-at-11.31.52-rotated.jpeg 1600w\" sizes=\"auto, (max-width: 1024px) 100vw, 1024px\" \/><\/figure><\/div><div class=\"wp-block-getwid-images-slider__item\" style=\"height:400px\"><figure><img loading=\"lazy\" decoding=\"async\" width=\"1022\" height=\"1024\" src=\"https:\/\/agora.xtec.cat\/escolaelcorb\/wp-content\/uploads\/usu852\/2026\/03\/IMG_4335-1022x1024.jpg\" data-id=\"6674\" data-original-link=\"https:\/\/agora.xtec.cat\/escolaelcorb\/wp-content\/uploads\/usu852\/2026\/03\/IMG_4335-1022x1024.jpg\" class=\"wp-block-getwid-images-slider__image wp-image-6674\" srcset=\"https:\/\/agora.xtec.cat\/escolaelcorb\/wp-content\/uploads\/usu852\/2026\/03\/IMG_4335-1022x1024.jpg 1022w, https:\/\/agora.xtec.cat\/escolaelcorb\/wp-content\/uploads\/usu852\/2026\/03\/IMG_4335-300x300.jpg 300w, https:\/\/agora.xtec.cat\/escolaelcorb\/wp-content\/uploads\/usu852\/2026\/03\/IMG_4335-150x150.jpg 150w, https:\/\/agora.xtec.cat\/escolaelcorb\/wp-content\/uploads\/usu852\/2026\/03\/IMG_4335-768x770.jpg 768w, https:\/\/agora.xtec.cat\/escolaelcorb\/wp-content\/uploads\/usu852\/2026\/03\/IMG_4335-1533x1536.jpg 1533w, https:\/\/agora.xtec.cat\/escolaelcorb\/wp-content\/uploads\/usu852\/2026\/03\/IMG_4335-2044x2048.jpg 2044w\" sizes=\"auto, (max-width: 1022px) 100vw, 1022px\" \/><\/figure><\/div><div class=\"wp-block-getwid-images-slider__item\" style=\"height:400px\"><figure><img loading=\"lazy\" decoding=\"async\" width=\"2560\" height=\"1920\" src=\"https:\/\/agora.xtec.cat\/escolaelcorb\/wp-content\/uploads\/usu852\/2026\/03\/IMG_4337-1-1-scaled.jpg\" data-id=\"6676\" data-link=\"https:\/\/agora.xtec.cat\/escolaelcorb\/la-lectoescriptura\/attachment\/img_4337-1-1\/\" data-original-link=\"https:\/\/agora.xtec.cat\/escolaelcorb\/wp-content\/uploads\/usu852\/2026\/03\/IMG_4337-1-1-scaled.jpg\" class=\"wp-block-getwid-images-slider__image wp-image-6676\" srcset=\"https:\/\/agora.xtec.cat\/escolaelcorb\/wp-content\/uploads\/usu852\/2026\/03\/IMG_4337-1-1-scaled.jpg 2560w, https:\/\/agora.xtec.cat\/escolaelcorb\/wp-content\/uploads\/usu852\/2026\/03\/IMG_4337-1-1-300x225.jpg 300w, https:\/\/agora.xtec.cat\/escolaelcorb\/wp-content\/uploads\/usu852\/2026\/03\/IMG_4337-1-1-1024x768.jpg 1024w, https:\/\/agora.xtec.cat\/escolaelcorb\/wp-content\/uploads\/usu852\/2026\/03\/IMG_4337-1-1-768x576.jpg 768w, https:\/\/agora.xtec.cat\/escolaelcorb\/wp-content\/uploads\/usu852\/2026\/03\/IMG_4337-1-1-1536x1152.jpg 1536w, https:\/\/agora.xtec.cat\/escolaelcorb\/wp-content\/uploads\/usu852\/2026\/03\/IMG_4337-1-1-2048x1536.jpg 2048w\" sizes=\"auto, (max-width: 2560px) 100vw, 2560px\" \/><\/figure><\/div><div class=\"wp-block-getwid-images-slider__item\" style=\"height:400px\"><figure><img loading=\"lazy\" decoding=\"async\" width=\"1920\" height=\"2560\" src=\"https:\/\/agora.xtec.cat\/escolaelcorb\/wp-content\/uploads\/usu852\/2026\/03\/IMG_5972-1-scaled.jpg\" data-id=\"6677\" data-link=\"https:\/\/agora.xtec.cat\/escolaelcorb\/la-lectoescriptura\/attachment\/img_5972-1\/\" data-original-link=\"https:\/\/agora.xtec.cat\/escolaelcorb\/wp-content\/uploads\/usu852\/2026\/03\/IMG_5972-1-scaled.jpg\" class=\"wp-block-getwid-images-slider__image wp-image-6677\" srcset=\"https:\/\/agora.xtec.cat\/escolaelcorb\/wp-content\/uploads\/usu852\/2026\/03\/IMG_5972-1-scaled.jpg 1920w, https:\/\/agora.xtec.cat\/escolaelcorb\/wp-content\/uploads\/usu852\/2026\/03\/IMG_5972-1-225x300.jpg 225w, https:\/\/agora.xtec.cat\/escolaelcorb\/wp-content\/uploads\/usu852\/2026\/03\/IMG_5972-1-768x1024.jpg 768w, https:\/\/agora.xtec.cat\/escolaelcorb\/wp-content\/uploads\/usu852\/2026\/03\/IMG_5972-1-1152x1536.jpg 1152w, https:\/\/agora.xtec.cat\/escolaelcorb\/wp-content\/uploads\/usu852\/2026\/03\/IMG_5972-1-1536x2048.jpg 1536w\" sizes=\"auto, (max-width: 1920px) 100vw, 1920px\" \/><\/figure><\/div><\/div><\/div>\n\n\n\n<p><\/p>\n\n\n\n<p>Aquest recorregut assegura que cada nen i nena assoleixi les compet\u00e8ncies ling\u00fc\u00edstiques des de la <strong>confian\u00e7a, la motivaci\u00f3 i el respecte<\/strong> pel seu ritme maduratiu.<\/p>\n\n\n\n<div class=\"wp-block-buttons has-custom-font-size has-x-large-font-size is-content-justification-center is-layout-flex wp-container-core-buttons-is-layout-1 wp-block-buttons-is-layout-flex\" style=\"padding-top:var(--wp--preset--spacing--20);padding-right:0;padding-bottom:var(--wp--preset--spacing--20);padding-left:0\">\n<div class=\"wp-block-button has-custom-width wp-block-button__width-50 has-custom-font-size\" style=\"font-size:30px\"><a class=\"wp-block-button__link has-background wp-element-button\" style=\"background-color:#fef08b\">Llegim el m\u00f3n junts<\/a><\/div>\n<\/div>\n\n\n\n<p><\/p>\n","protected":false},"excerpt":{"rendered":"<p>A l&#8217;etapa d&#8217;Infantil, la lectoescriptura es viu com un proc\u00e9s natural de descoberta. El nostre objectiu \u00e9s que els infants descobreixin el plaer de comunicar-se. Entendre el m\u00f3n a trav\u00e9s de les lletres Partim sempre de la consci\u00e8ncia fonol\u00f2gica (els sons de les lletres) i de paraules significatives per a ells. No nom\u00e9s ensenyem a [&hellip;]<\/p>\n","protected":false},"author":20,"featured_media":0,"parent":0,"menu_order":0,"comment_status":"closed","ping_status":"close","template":"","meta":{"site-sidebar-layout":"no-sidebar","site-content-layout":"","ast-site-content-layout":"default","site-content-style":"default","site-sidebar-style":"default","ast-global-header-display":"","ast-banner-title-visibility":"","ast-main-header-display":"","ast-hfb-above-header-display":"","ast-hfb-below-header-display":"","ast-hfb-mobile-header-display":"","site-post-title":"","ast-breadcrumbs-content":"","ast-featured-img":"","footer-sml-layout":"","theme-transparent-header-meta":"","adv-header-id-meta":"","stick-header-meta":"","header-above-stick-meta":"","header-main-stick-meta":"","header-below-stick-meta":"","astra-migrate-meta-layouts":"set","ast-page-background-enabled":"default","ast-page-background-meta":{"desktop":{"background-color":"var(--ast-global-color-4)","background-image":"","background-repeat":"repeat","background-position":"center center","background-size":"auto","background-attachment":"scroll","background-type":"","background-media":"","overlay-type":"","overlay-color":"","overlay-opacity":"","overlay-gradient":""},"tablet":{"background-color":"","background-image":"","background-repeat":"repeat","background-position":"center center","background-size":"auto","background-attachment":"scroll","background-type":"","background-media":"","overlay-type":"","overlay-color":"","overlay-opacity":"","overlay-gradient":""},"mobile":{"background-color":"","background-image":"","background-repeat":"repeat","background-position":"center center","background-size":"auto","background-attachment":"scroll","background-type":"","background-media":"","overlay-type":"","overlay-color":"","overlay-opacity":"","overlay-gradient":""}},"ast-content-background-meta":{"desktop":{"background-color":"var(--ast-global-color-5)","background-image":"","background-repeat":"repeat","background-position":"center center","background-size":"auto","background-attachment":"scroll","background-type":"","background-media":"","overlay-type":"","overlay-color":"","overlay-opacity":"","overlay-gradient":""},"tablet":{"background-color":"var(--ast-global-color-5)","background-image":"","background-repeat":"repeat","background-position":"center center","background-size":"auto","background-attachment":"scroll","background-type":"","background-media":"","overlay-type":"","overlay-color":"","overlay-opacity":"","overlay-gradient":""},"mobile":{"background-color":"var(--ast-global-color-5)","background-image":"","background-repeat":"repeat","background-position":"center center","background-size":"auto","background-attachment":"scroll","background-type":"","background-media":"","overlay-type":"","overlay-color":"","overlay-opacity":"","overlay-gradient":""}},"footnotes":""},"class_list":["post-6587","page","type-page","status-publish","hentry"],"post_mailing_queue_ids":[],"_links":{"self":[{"href":"https:\/\/agora.xtec.cat\/escolaelcorb\/wp-json\/wp\/v2\/pages\/6587","targetHints":{"allow":["GET"]}}],"collection":[{"href":"https:\/\/agora.xtec.cat\/escolaelcorb\/wp-json\/wp\/v2\/pages"}],"about":[{"href":"https:\/\/agora.xtec.cat\/escolaelcorb\/wp-json\/wp\/v2\/types\/page"}],"author":[{"embeddable":true,"href":"https:\/\/agora.xtec.cat\/escolaelcorb\/wp-json\/wp\/v2\/users\/20"}],"replies":[{"embeddable":true,"href":"https:\/\/agora.xtec.cat\/escolaelcorb\/wp-json\/wp\/v2\/comments?post=6587"}],"version-history":[{"count":6,"href":"https:\/\/agora.xtec.cat\/escolaelcorb\/wp-json\/wp\/v2\/pages\/6587\/revisions"}],"predecessor-version":[{"id":6679,"href":"https:\/\/agora.xtec.cat\/escolaelcorb\/wp-json\/wp\/v2\/pages\/6587\/revisions\/6679"}],"wp:attachment":[{"href":"https:\/\/agora.xtec.cat\/escolaelcorb\/wp-json\/wp\/v2\/media?parent=6587"}],"curies":[{"name":"wp","href":"https:\/\/api.w.org\/{rel}","templated":true}]}}