{"id":64,"date":"2014-09-18T12:39:08","date_gmt":"2014-09-18T11:39:08","guid":{"rendered":"http:\/\/agora.xtec.cat\/escolaelcorb\/?page_id=64"},"modified":"2026-02-19T20:47:45","modified_gmt":"2026-02-19T19:47:45","slug":"projecte-educatiu","status":"publish","type":"page","link":"https:\/\/agora.xtec.cat\/escolaelcorb\/projecte-educatiu\/","title":{"rendered":"Projectes d&#8217;escola"},"content":{"rendered":"\n<p>Benvinguts als projectes de l&#8217;Escola El Corb. En aquesta secci\u00f3 trobareu els eixos transversals que defineixen la nostra identitat i la nostra manera d&#8217;entendre l&#8217;aprenentatge: de forma vivencial, cooperativa i connectada amb l&#8217;entorn.<\/p>\n\n\n\n<div class=\"wp-block-media-text is-stacked-on-mobile\" style=\"margin-top:0;margin-bottom:0;padding-top:var(--wp--preset--spacing--40);padding-right:var(--wp--preset--spacing--40);padding-bottom:var(--wp--preset--spacing--40);padding-left:var(--wp--preset--spacing--40)\"><figure class=\"wp-block-media-text__media\"><img loading=\"lazy\" decoding=\"async\" width=\"1414\" height=\"2000\" src=\"https:\/\/agora.xtec.cat\/escolaelcorb\/wp-content\/uploads\/usu852\/2025\/12\/Butlleti-informatiu-escola-verda-ALUMNES.jpg\" alt=\"\" class=\"wp-image-5997 size-full\" srcset=\"https:\/\/agora.xtec.cat\/escolaelcorb\/wp-content\/uploads\/usu852\/2025\/12\/Butlleti-informatiu-escola-verda-ALUMNES.jpg 1414w, https:\/\/agora.xtec.cat\/escolaelcorb\/wp-content\/uploads\/usu852\/2025\/12\/Butlleti-informatiu-escola-verda-ALUMNES-212x300.jpg 212w, https:\/\/agora.xtec.cat\/escolaelcorb\/wp-content\/uploads\/usu852\/2025\/12\/Butlleti-informatiu-escola-verda-ALUMNES-724x1024.jpg 724w, https:\/\/agora.xtec.cat\/escolaelcorb\/wp-content\/uploads\/usu852\/2025\/12\/Butlleti-informatiu-escola-verda-ALUMNES-768x1086.jpg 768w, https:\/\/agora.xtec.cat\/escolaelcorb\/wp-content\/uploads\/usu852\/2025\/12\/Butlleti-informatiu-escola-verda-ALUMNES-1086x1536.jpg 1086w\" sizes=\"auto, (max-width: 1414px) 100vw, 1414px\" \/><\/figure><div class=\"wp-block-media-text__content\">\n<p><strong>Escola Verda<\/strong><\/p>\n\n\n\n<p>Som un centre comprom\u00e8s amb la sostenibilitat i el medi ambient. A trav\u00e9s d&#8217;aquest projecte, fomentem valors d&#8217;ecologia i respecte per la natura en el dia a dia de l&#8217;escola.<\/p>\n\n\n\n<div class=\"wp-block-buttons is-layout-flex wp-block-buttons-is-layout-flex\">\n<div class=\"wp-block-button\"><a class=\"wp-block-button__link has-text-align-center wp-element-button\" href=\"https:\/\/agora.xtec.cat\/escolaelcorb\/projecte-educatiu\/escola-verda\/\">M\u00e9s sobre el projecte<\/a><\/div>\n<\/div>\n<\/div><\/div>\n\n\n\n<div class=\"wp-block-media-text has-media-on-the-right is-stacked-on-mobile\" style=\"padding-top:var(--wp--preset--spacing--40);padding-right:var(--wp--preset--spacing--40);padding-bottom:var(--wp--preset--spacing--40);padding-left:var(--wp--preset--spacing--40)\"><div class=\"wp-block-media-text__content\">\n<p><strong>Padrins de Lectura<\/strong><\/p>\n\n\n\n<p>Un dels projectes m\u00e9s emotius de l&#8217;escola, on els alumnes de <strong>5\u00e8 de Prim\u00e0ria<\/strong> acompanyen els de <strong>I5<\/strong> en el seu proc\u00e9s d&#8217;aprenentatge lector.<\/p>\n\n\n\n<p>Aquesta activitat no nom\u00e9s fomenta el gust per la lectura, sin\u00f3 que crea vincles d&#8217;amistat, empatia i responsabilitat entre els m\u00e9s grans i els m\u00e9s petits del centre. Una experi\u00e8ncia compartida que enriqueix tota la comunitat.<\/p>\n\n\n\n<div class=\"wp-block-buttons is-content-justification-center is-layout-flex wp-container-core-buttons-is-layout-2 wp-block-buttons-is-layout-flex\">\n<div class=\"wp-block-button\"><a class=\"wp-block-button__link wp-element-button\" href=\"https:\/\/agora.xtec.cat\/escolaelcorb\/projecte-educatiu\/padrins-de-lectura\/\">Saber-ne m\u00e9s<\/a><\/div>\n<\/div>\n<\/div><figure class=\"wp-block-media-text__media\"><img loading=\"lazy\" decoding=\"async\" width=\"1024\" height=\"995\" src=\"https:\/\/agora.xtec.cat\/escolaelcorb\/wp-content\/uploads\/usu852\/2026\/01\/WhatsApp-Image-2025-11-11-at-13.50.50-3-1024x995.jpeg\" alt=\"\" class=\"wp-image-6112 size-full\" srcset=\"https:\/\/agora.xtec.cat\/escolaelcorb\/wp-content\/uploads\/usu852\/2026\/01\/WhatsApp-Image-2025-11-11-at-13.50.50-3-1024x995.jpeg 1024w, https:\/\/agora.xtec.cat\/escolaelcorb\/wp-content\/uploads\/usu852\/2026\/01\/WhatsApp-Image-2025-11-11-at-13.50.50-3-300x292.jpeg 300w, https:\/\/agora.xtec.cat\/escolaelcorb\/wp-content\/uploads\/usu852\/2026\/01\/WhatsApp-Image-2025-11-11-at-13.50.50-3-768x746.jpeg 768w, https:\/\/agora.xtec.cat\/escolaelcorb\/wp-content\/uploads\/usu852\/2026\/01\/WhatsApp-Image-2025-11-11-at-13.50.50-3-1536x1493.jpeg 1536w, https:\/\/agora.xtec.cat\/escolaelcorb\/wp-content\/uploads\/usu852\/2026\/01\/WhatsApp-Image-2025-11-11-at-13.50.50-3.jpeg 1600w\" sizes=\"auto, (max-width: 1024px) 100vw, 1024px\" \/><\/figure><\/div>\n\n\n\n<div class=\"wp-block-media-text is-stacked-on-mobile\" style=\"padding-top:var(--wp--preset--spacing--40);padding-right:var(--wp--preset--spacing--40);padding-bottom:var(--wp--preset--spacing--40);padding-left:var(--wp--preset--spacing--40)\"><figure class=\"wp-block-media-text__media\"><img loading=\"lazy\" decoding=\"async\" width=\"240\" height=\"320\" src=\"https:\/\/agora.xtec.cat\/escolaelcorb\/wp-content\/uploads\/usu852\/2026\/01\/IMG_6604-rotated.jpeg\" alt=\"\" class=\"wp-image-6141 size-full\" srcset=\"https:\/\/agora.xtec.cat\/escolaelcorb\/wp-content\/uploads\/usu852\/2026\/01\/IMG_6604-rotated.jpeg 240w, https:\/\/agora.xtec.cat\/escolaelcorb\/wp-content\/uploads\/usu852\/2026\/01\/IMG_6604-225x300.jpeg 225w\" sizes=\"auto, (max-width: 240px) 100vw, 240px\" \/><\/figure><div class=\"wp-block-media-text__content\">\n<p><strong>Rob\u00f2tica Educativa<\/strong><\/p>\n\n\n\n<p>Desenvolupem el pensament computacional a tota l&#8217;escola, des d&#8217;I3 fins a 6\u00e8. Combinem les activitats desendollades per entendre la l\u00f2gica de programaci\u00f3 amb l&#8217;\u00fas de dispositius i robots com Bee-bots, Tale-bots, Codey Rocky i LEGO Spike. Un aprenentatge progressiu que va de la manipulaci\u00f3 f\u00edsica a la creaci\u00f3 digital.<\/p>\n\n\n\n<div class=\"wp-block-buttons is-layout-flex wp-block-buttons-is-layout-flex\">\n<div class=\"wp-block-button\"><a class=\"wp-block-button__link wp-element-button\" href=\"https:\/\/agora.xtec.cat\/escolaelcorb\/projecte-educatiu\/robotica\/\">Saber-ne m\u00e9s<\/a><\/div>\n<\/div>\n<\/div><\/div>\n\n\n\n<div class=\"wp-block-media-text has-media-on-the-right is-stacked-on-mobile\" style=\"padding-top:var(--wp--preset--spacing--40);padding-right:var(--wp--preset--spacing--40);padding-bottom:var(--wp--preset--spacing--40);padding-left:var(--wp--preset--spacing--40)\"><div class=\"wp-block-media-text__content\">\n<p><strong>AraArt<\/strong><\/p>\n\n\n\n<p>Com a part de la xarxa de centres AraArt, integrem les arts de forma transversal en el nostre projecte educatiu. Entenem l&#8217;expressi\u00f3 art\u00edstica \u2014visual, pl\u00e0stica i esc\u00e8nica\u2014 com una eina essencial per potenciar la creativitat, la sensibilitat i el pensament cr\u00edtic del nostre alumnat.<\/p>\n\n\n\n<div class=\"wp-block-buttons is-layout-flex wp-block-buttons-is-layout-flex\">\n<div class=\"wp-block-button\"><a class=\"wp-block-button__link wp-element-button\" href=\"https:\/\/sites.google.com\/xtec.cat\/araart-el-corb\/p%C3%A0gina-dinici\">Veure el projecte<\/a><\/div>\n<\/div>\n<\/div><figure class=\"wp-block-media-text__media\"><img loading=\"lazy\" decoding=\"async\" width=\"500\" height=\"500\" src=\"https:\/\/agora.xtec.cat\/escolaelcorb\/wp-content\/uploads\/usu852\/2026\/01\/araArt-El-Corb-1.png\" alt=\"\" class=\"wp-image-6110 size-full\" srcset=\"https:\/\/agora.xtec.cat\/escolaelcorb\/wp-content\/uploads\/usu852\/2026\/01\/araArt-El-Corb-1.png 500w, https:\/\/agora.xtec.cat\/escolaelcorb\/wp-content\/uploads\/usu852\/2026\/01\/araArt-El-Corb-1-300x300.png 300w, https:\/\/agora.xtec.cat\/escolaelcorb\/wp-content\/uploads\/usu852\/2026\/01\/araArt-El-Corb-1-150x150.png 150w\" sizes=\"auto, (max-width: 500px) 100vw, 500px\" \/><\/figure><\/div>\n\n\n\n<hr class=\"wp-block-separator has-alpha-channel-opacity\"\/>\n\n\n\n<h2 class=\"wp-block-heading\">L&#8217;Angl\u00e8s a l&#8217;escola<\/h2>\n\n\n\n<div class=\"wp-block-media-text is-stacked-on-mobile\" style=\"padding-top:var(--wp--preset--spacing--30);padding-right:var(--wp--preset--spacing--40);padding-bottom:var(--wp--preset--spacing--30);padding-left:var(--wp--preset--spacing--40)\"><figure class=\"wp-block-media-text__media\"><img loading=\"lazy\" decoding=\"async\" width=\"768\" height=\"1024\" src=\"https:\/\/agora.xtec.cat\/escolaelcorb\/wp-content\/uploads\/usu852\/2026\/02\/IMG_6048-3-768x1024.jpg\" alt=\"\" class=\"wp-image-6209 size-full\" srcset=\"https:\/\/agora.xtec.cat\/escolaelcorb\/wp-content\/uploads\/usu852\/2026\/02\/IMG_6048-3-768x1024.jpg 768w, https:\/\/agora.xtec.cat\/escolaelcorb\/wp-content\/uploads\/usu852\/2026\/02\/IMG_6048-3-225x300.jpg 225w, https:\/\/agora.xtec.cat\/escolaelcorb\/wp-content\/uploads\/usu852\/2026\/02\/IMG_6048-3-1152x1536.jpg 1152w, https:\/\/agora.xtec.cat\/escolaelcorb\/wp-content\/uploads\/usu852\/2026\/02\/IMG_6048-3-1536x2048.jpg 1536w, https:\/\/agora.xtec.cat\/escolaelcorb\/wp-content\/uploads\/usu852\/2026\/02\/IMG_6048-3-scaled.jpg 1920w\" sizes=\"auto, (max-width: 768px) 100vw, 768px\" \/><\/figure><div class=\"wp-block-media-text__content\">\n<h3 class=\"wp-block-heading\"><strong>L&#8217;Angl\u00e8s al Corb<\/strong> \ud83c\uddec\ud83c\udde7<\/h3>\n\n\n\n<p>Entenem l\u2019angl\u00e8s com una eina de comunicaci\u00f3 viva que l&#8217;alumnat adquireix de manera natural i vivencial. Des de la descoberta l\u00fadica a Infantil amb el <strong>Mr. Lion<\/strong>, fins a la Prim\u00e0ria, on el projecte es consolida amb un enfocament totalment competencial. Als cursos superiors, prioritzem tant l\u2019<strong>expressi\u00f3 oral<\/strong> com la <strong>producci\u00f3 escrita<\/strong> mitjan\u00e7ant l\u2019\u00fas de <strong>Chromebooks<\/strong> i la creaci\u00f3 de <strong>podcasts de r\u00e0dio<\/strong>, permetent que els nostres alumnes es comuniquin amb seguretat en contextos reals.<\/p>\n\n\n\n<div class=\"wp-block-buttons is-layout-flex wp-block-buttons-is-layout-flex\">\n<div class=\"wp-block-button\"><a class=\"wp-block-button__link wp-element-button\" href=\"https:\/\/agora.xtec.cat\/escolaelcorb\/projecte-educatiu\/english\/\">M\u00e9s sobre l&#8217;\u00e0rea d&#8217;Angl\u00e8s<\/a><\/div>\n<\/div>\n<\/div><\/div>\n","protected":false},"excerpt":{"rendered":"<p>Benvinguts als projectes de l&#8217;Escola El Corb. En aquesta secci\u00f3 trobareu els eixos transversals que defineixen la nostra identitat i la nostra manera d&#8217;entendre l&#8217;aprenentatge: de forma vivencial, cooperativa i connectada amb l&#8217;entorn. L&#8217;Angl\u00e8s a l&#8217;escola<\/p>\n","protected":false},"author":1,"featured_media":0,"parent":0,"menu_order":0,"comment_status":"closed","ping_status":"closed","template":"","meta":{"site-sidebar-layout":"default","site-content-layout":"","ast-site-content-layout":"default","site-content-style":"default","site-sidebar-style":"default","ast-global-header-display":"","ast-banner-title-visibility":"","ast-main-header-display":"","ast-hfb-above-header-display":"","ast-hfb-below-header-display":"","ast-hfb-mobile-header-display":"","site-post-title":"","ast-breadcrumbs-content":"","ast-featured-img":"","footer-sml-layout":"","theme-transparent-header-meta":"","adv-header-id-meta":"","stick-header-meta":"","header-above-stick-meta":"","header-main-stick-meta":"","header-below-stick-meta":"","astra-migrate-meta-layouts":"set","ast-page-background-enabled":"default","ast-page-background-meta":{"desktop":{"background-color":"var(--ast-global-color-4)","background-image":"","background-repeat":"repeat","background-position":"center center","background-size":"auto","background-attachment":"scroll","background-type":"","background-media":"","overlay-type":"","overlay-color":"","overlay-opacity":"","overlay-gradient":""},"tablet":{"background-color":"","background-image":"","background-repeat":"repeat","background-position":"center center","background-size":"auto","background-attachment":"scroll","background-type":"","background-media":"","overlay-type":"","overlay-color":"","overlay-opacity":"","overlay-gradient":""},"mobile":{"background-color":"","background-image":"","background-repeat":"repeat","background-position":"center center","background-size":"auto","background-attachment":"scroll","background-type":"","background-media":"","overlay-type":"","overlay-color":"","overlay-opacity":"","overlay-gradient":""}},"ast-content-background-meta":{"desktop":{"background-color":"var(--ast-global-color-5)","background-image":"","background-repeat":"repeat","background-position":"center center","background-size":"auto","background-attachment":"scroll","background-type":"","background-media":"","overlay-type":"","overlay-color":"","overlay-opacity":"","overlay-gradient":""},"tablet":{"background-color":"var(--ast-global-color-5)","background-image":"","background-repeat":"repeat","background-position":"center center","background-size":"auto","background-attachment":"scroll","background-type":"","background-media":"","overlay-type":"","overlay-color":"","overlay-opacity":"","overlay-gradient":""},"mobile":{"background-color":"var(--ast-global-color-5)","background-image":"","background-repeat":"repeat","background-position":"center center","background-size":"auto","background-attachment":"scroll","background-type":"","background-media":"","overlay-type":"","overlay-color":"","overlay-opacity":"","overlay-gradient":""}},"footnotes":""},"class_list":["post-64","page","type-page","status-publish","hentry"],"post_mailing_queue_ids":[],"_links":{"self":[{"href":"https:\/\/agora.xtec.cat\/escolaelcorb\/wp-json\/wp\/v2\/pages\/64","targetHints":{"allow":["GET"]}}],"collection":[{"href":"https:\/\/agora.xtec.cat\/escolaelcorb\/wp-json\/wp\/v2\/pages"}],"about":[{"href":"https:\/\/agora.xtec.cat\/escolaelcorb\/wp-json\/wp\/v2\/types\/page"}],"author":[{"embeddable":true,"href":"https:\/\/agora.xtec.cat\/escolaelcorb\/wp-json\/wp\/v2\/users\/1"}],"replies":[{"embeddable":true,"href":"https:\/\/agora.xtec.cat\/escolaelcorb\/wp-json\/wp\/v2\/comments?post=64"}],"version-history":[{"count":4,"href":"https:\/\/agora.xtec.cat\/escolaelcorb\/wp-json\/wp\/v2\/pages\/64\/revisions"}],"predecessor-version":[{"id":6291,"href":"https:\/\/agora.xtec.cat\/escolaelcorb\/wp-json\/wp\/v2\/pages\/64\/revisions\/6291"}],"wp:attachment":[{"href":"https:\/\/agora.xtec.cat\/escolaelcorb\/wp-json\/wp\/v2\/media?parent=64"}],"curies":[{"name":"wp","href":"https:\/\/api.w.org\/{rel}","templated":true}]}}