{"id":6120,"date":"2026-01-21T15:46:01","date_gmt":"2026-01-21T14:46:01","guid":{"rendered":"https:\/\/agora.xtec.cat\/escolaelcorb\/?page_id=6120"},"modified":"2026-02-19T19:05:23","modified_gmt":"2026-02-19T18:05:23","slug":"robotica","status":"publish","type":"page","link":"https:\/\/agora.xtec.cat\/escolaelcorb\/projecte-educatiu\/robotica\/","title":{"rendered":"Rob\u00f2tica"},"content":{"rendered":"\n<p><strong>Rob\u00f2tica al nostre centre<\/strong><\/p>\n\n\n\n<p>Aquest curs 2025\/26 hem comen\u00e7at a treballar la rob\u00f2tica al nostre centre. Ho hem fet a poc a poc, amb activitats adaptades a cada edat i pensades perqu\u00e8 els infants entenguin que la tecnologia tamb\u00e9 pot ser una manera de jugar, pensar i aprendre.<\/p>\n\n\n\n<p>Abans de posar-nos davant d\u2019ordinadors o tauletes, hem treballat el pensament computacional de manera desendollada: amb jocs, circuits al terra, reptes amb cartes, moviments del cos i activitats manipulatives. D\u2019aquesta manera, els infants aprenen a donar instruccions, a ordenar passos, a equivocar-se i a buscar una altra soluci\u00f3, sense pantalles pel mig.<\/p>\n\n\n\n<p>A mesura que han anat guanyant seguretat, hem incorporat el treball endollat, utilitzant robots i aplicacions de programaci\u00f3 visual. Aix\u00ed poden veure com all\u00f2 que han pensat i programat es transforma en moviments reals, cosa que els motiva molt.<\/p>\n\n\n\n<p>Les sessions de rob\u00f2tica es fan <strong data-start=\"1114\" data-end=\"1145\">quinzenalment i en mig grup<\/strong>, fet que ens permet acompanyar millor els infants, escoltar-los i adaptar les activitats al ritme de cadascun.<\/p>\n\n\n\n<p>La rob\u00f2tica ens ajuda a treballar la paci\u00e8ncia, la const\u00e0ncia, el treball en equip i la creativitat, i ens permet desenvolupar el pensament l\u00f2gic d\u2019una manera propera i significativa. A les pestanyes seg\u00fcents podeu veure com treballem la rob\u00f2tica a cada grup i alguns exemples de les activitats que hem realitzat.<\/p>\n\n\n\n<div class=\"wp-block-getwid-tabs\" data-active-tab=\"2\"><ul class=\"wp-block-getwid-tabs__nav-links\"><\/ul>\n<div class=\"wp-block-getwid-tabs__nav-link\"><span class=\"wp-block-getwid-tabs__title-wrapper\"><a href=\"#\"><span class=\"wp-block-getwid-tabs__title\">Ed. Infantil<\/span><\/a><\/span><\/div><div class=\"wp-block-getwid-tabs__tab-content-wrapper\"><div class=\"wp-block-getwid-tabs__tab-content\">\n<p>En construcci\u00f3<\/p>\n<\/div><\/div>\n\n\n\n<div class=\"wp-block-getwid-tabs__nav-link\"><span class=\"wp-block-getwid-tabs__title-wrapper\"><a href=\"#\"><span class=\"wp-block-getwid-tabs__title\">C. Inicial<\/span><\/a><\/span><\/div><div class=\"wp-block-getwid-tabs__tab-content-wrapper\"><div class=\"wp-block-getwid-tabs__tab-content\">\n<p>En construcci\u00f3<\/p>\n<\/div><\/div>\n\n\n\n<div class=\"wp-block-getwid-tabs__nav-link\"><span class=\"wp-block-getwid-tabs__title-wrapper\"><a href=\"#\"><span class=\"wp-block-getwid-tabs__title\">3r curs<\/span><\/a><\/span><\/div><div class=\"wp-block-getwid-tabs__tab-content-wrapper\"><div class=\"wp-block-getwid-tabs__tab-content\">\n<p>Aquest curs estem explorant el m\u00f3n de la programaci\u00f3 i la rob\u00f2tica mitjan\u00e7ant diferents reptes:<\/p>\n\n\n\n<p><strong>Activitats Desendollades<\/strong>: Hem apr\u00e8s les bases del pensament computacional sense ordinadors, treballant el <strong>codi binari<\/strong> i el <strong>codi de colors<\/strong> per pintar amb p\u00edxels. Tamb\u00e9 hem practicat seq\u00fc\u00e8ncies l\u00f2giques mitjan\u00e7ant els <strong>moviments del propi cos<\/strong>.<\/p>\n\n\n\n<p><strong>Programaci\u00f3 i Entorns Digitals<\/strong>: Hem comen\u00e7at a programar amb aplicacions com <strong>Botlogic<\/strong> i <strong>RunMarco<\/strong>, que ens ajuden a entendre l&#8217;estructura de les ordres.<\/p>\n\n\n\n<p><strong>Rob\u00f2tica Educativa<\/strong>: El nostre protagonista \u00e9s el robot <strong>Codey Rocky<\/strong>. Amb ell, estem resolent els reptes del programa <strong><a href=\"https:\/\/projectes.xtec.cat\/pensament-computacional\/inici\/robotica\/robots-accio\/t2\/\">&#8220;Robots en Acci\u00f3&#8221;<\/a><\/strong> del Departament d&#8217;Educaci\u00f3, aprenent a donar ordres directes al robot per superar diverses missions.<\/p>\n\n\n\n<div class=\"wp-block-getwid-images-slider has-arrows-inside has-dots-inside has-images-center has-fitted-images\"><div class=\"wp-block-getwid-images-slider__wrapper\" data-effect=\"slide\" data-slides-show=\"1\" data-slides-show-laptop=\"1\" data-slides-show-tablet=\"1\" data-slides-show-mobile=\"1\" data-slides-scroll=\"1\" data-autoplay=\"false\" data-pause-hover=\"false\" data-autoplay-speed=\"6000\" data-infinite=\"true\" data-animation-speed=\"800\" data-center-mode=\"false\" data-variable-width=\"false\" data-arrows=\"inside\" data-dots=\"inside\" data-spacing=\"none\"><div class=\"wp-block-getwid-images-slider__item\"><figure><img loading=\"lazy\" decoding=\"async\" width=\"240\" height=\"320\" src=\"https:\/\/agora.xtec.cat\/escolaelcorb\/wp-content\/uploads\/usu852\/2026\/01\/IMG_6668-rotated.jpeg\" alt=\"\" data-id=\"6143\" data-link=\"https:\/\/agora.xtec.cat\/escolaelcorb\/img_6668\/\" data-original-link=\"https:\/\/agora.xtec.cat\/escolaelcorb\/wp-content\/uploads\/usu852\/2026\/01\/IMG_6668-rotated.jpeg\" class=\"wp-block-getwid-images-slider__image wp-image-6143\" srcset=\"https:\/\/agora.xtec.cat\/escolaelcorb\/wp-content\/uploads\/usu852\/2026\/01\/IMG_6668-rotated.jpeg 240w, https:\/\/agora.xtec.cat\/escolaelcorb\/wp-content\/uploads\/usu852\/2026\/01\/IMG_6668-225x300.jpeg 225w\" sizes=\"auto, (max-width: 240px) 100vw, 240px\" \/><\/figure><\/div><div class=\"wp-block-getwid-images-slider__item\"><figure><img loading=\"lazy\" decoding=\"async\" width=\"240\" height=\"320\" src=\"https:\/\/agora.xtec.cat\/escolaelcorb\/wp-content\/uploads\/usu852\/2026\/01\/IMG_6666-rotated.jpeg\" alt=\"\" data-id=\"6142\" data-link=\"https:\/\/agora.xtec.cat\/escolaelcorb\/img_6666\/\" data-original-link=\"https:\/\/agora.xtec.cat\/escolaelcorb\/wp-content\/uploads\/usu852\/2026\/01\/IMG_6666-rotated.jpeg\" class=\"wp-block-getwid-images-slider__image wp-image-6142\" srcset=\"https:\/\/agora.xtec.cat\/escolaelcorb\/wp-content\/uploads\/usu852\/2026\/01\/IMG_6666-rotated.jpeg 240w, https:\/\/agora.xtec.cat\/escolaelcorb\/wp-content\/uploads\/usu852\/2026\/01\/IMG_6666-225x300.jpeg 225w\" sizes=\"auto, (max-width: 240px) 100vw, 240px\" \/><\/figure><\/div><\/div><\/div>\n<\/div><\/div>\n\n\n\n<div class=\"wp-block-getwid-tabs__nav-link\"><span class=\"wp-block-getwid-tabs__title-wrapper\"><a href=\"#\"><span class=\"wp-block-getwid-tabs__title\">4t curs<\/span><\/a><\/span><\/div><div class=\"wp-block-getwid-tabs__tab-content-wrapper\"><div class=\"wp-block-getwid-tabs__tab-content\">\n<p>Aquest curs estem explorant el m\u00f3n de la programaci\u00f3 i la rob\u00f2tica mitjan\u00e7ant diferents reptes:<\/p>\n\n\n\n<p><strong>Activitats Desendollades<\/strong>: Hem apr\u00e8s les bases del pensament computacional sense ordinadors, treballant el <strong>codi binari<\/strong> i el <strong>codi de colors<\/strong> per pintar amb p\u00edxels mitjan\u00e7ant quadres de doble entrada. Tamb\u00e9 hem practicat seq\u00fc\u00e8ncies l\u00f2giques i algorismes a trav\u00e9s dels moviments del propi cos.<\/p>\n\n\n\n<p><strong>Programaci\u00f3 i Entorns Digitals:<\/strong> Hem tornat a utilitzar l&#8217;aplicaci\u00f3 RunMarco per recordar i consolidar la programaci\u00f3 amb blocs. Aix\u00f2 ens ha perm\u00e8s refermar l&#8217;estructura de les ordres i la resoluci\u00f3 de problemes abans de passar als robots.<\/p>\n\n\n\n<p><strong>Rob\u00f2tica Educativa:<\/strong> El nostre protagonista \u00e9s el robot <strong>Dash<\/strong>. Amb ell, estem resolent els reptes del programa <strong><a href=\"https:\/\/projectes.xtec.cat\/pensament-computacional\/inici\/robotica\/robots-accio\/t2\/\">&#8220;Robots en Acci\u00f3&#8221;<\/a><\/strong> del Departament d&#8217;Educaci\u00f3, aprenent a programar comportaments complexos i a utilitzar els seus sensors per superar diverses missions i reptes t\u00e8cnics.<\/p>\n\n\n\n<figure style=\"padding-top:0;padding-right:0;padding-bottom:0;padding-left:0\" class=\"wp-block-video\"><video controls src=\"https:\/\/agora.xtec.cat\/escolaelcorb\/wp-content\/uploads\/usu852\/2026\/01\/WhatsApp-Video-2026-01-21-at-21.25.46.mp4\"><\/video><\/figure>\n<\/div><\/div>\n\n\n\n<div class=\"wp-block-getwid-tabs__nav-link\"><span class=\"wp-block-getwid-tabs__title-wrapper\"><a href=\"#\"><span class=\"wp-block-getwid-tabs__title\">6\u00e8 curs<\/span><\/a><\/span><\/div><div class=\"wp-block-getwid-tabs__tab-content-wrapper\"><div class=\"wp-block-getwid-tabs__tab-content\">\n<p>En l&#8217;\u00faltim curs de l&#8217;etapa de prim\u00e0ria, aprofundim en la l\u00f2gica de programaci\u00f3 i l&#8217;enginyeria rob\u00f2tica:<\/p>\n\n\n\n<p><strong>Pensament Computacional i L\u00f2gica<\/strong>: Aprenem a utilitzar el <strong>codi binari<\/strong> per representar nombres, entenent com els ordinadors tradueixen la nostra informaci\u00f3. Tamb\u00e9 posem a prova la nostra capacitat de resoluci\u00f3 de problemes mitjan\u00e7ant <strong>sudokus<\/strong> de 9&#215;9.<\/p>\n\n\n\n<p><strong>Programaci\u00f3 d&#8217;Algoritmes<\/strong>: Utilitzem l&#8217;eina <strong>Compute it<\/strong>, on els alumnes han d&#8217;executar codi mentalment per entendre les seq\u00fc\u00e8ncies i condicions de programaci\u00f3.<\/p>\n\n\n\n<p><strong>Rob\u00f2tica Educativa Avan\u00e7ada<\/strong>: Dissenyem i programem amb el <strong>kit LEGO Education Spike Prime<\/strong>, integrant sensors i motors per resoldre reptes d&#8217;enginyeria.<\/p>\n\n\n\n<p><strong>Projectes Institucionals<\/strong>: Participem activament en el programa <strong><a href=\"https:\/\/projectes.xtec.cat\/pensament-computacional\/inici\/robotica\/robots-accio\/t2\/repte-2\/compactes\/\">&#8220;Robots en Acci\u00f3&#8221;<\/a><\/strong> del Departament d&#8217;Educaci\u00f3, superant les missions i reptes t\u00e8cnics proposats per a aquest nivell.<\/p>\n\n\n\n<div class=\"wp-block-getwid-images-slider has-arrows-inside has-dots-inside has-images-center has-fitted-images\"><div class=\"wp-block-getwid-images-slider__wrapper\" data-effect=\"slide\" data-slides-show=\"1\" data-slides-show-laptop=\"1\" data-slides-show-tablet=\"1\" data-slides-show-mobile=\"1\" data-slides-scroll=\"1\" data-autoplay=\"false\" data-pause-hover=\"false\" data-autoplay-speed=\"6000\" data-infinite=\"true\" data-animation-speed=\"800\" data-center-mode=\"false\" data-variable-width=\"false\" data-arrows=\"inside\" data-dots=\"inside\" data-spacing=\"none\"><div class=\"wp-block-getwid-images-slider__item\"><figure><img loading=\"lazy\" decoding=\"async\" width=\"240\" height=\"320\" src=\"https:\/\/agora.xtec.cat\/escolaelcorb\/wp-content\/uploads\/usu852\/2026\/01\/IMG_6755.jpeg\" alt=\"\" data-id=\"6144\" data-link=\"https:\/\/agora.xtec.cat\/escolaelcorb\/img_6755\/\" data-original-link=\"https:\/\/agora.xtec.cat\/escolaelcorb\/wp-content\/uploads\/usu852\/2026\/01\/IMG_6755.jpeg\" class=\"wp-block-getwid-images-slider__image wp-image-6144\" srcset=\"https:\/\/agora.xtec.cat\/escolaelcorb\/wp-content\/uploads\/usu852\/2026\/01\/IMG_6755.jpeg 240w, https:\/\/agora.xtec.cat\/escolaelcorb\/wp-content\/uploads\/usu852\/2026\/01\/IMG_6755-225x300.jpeg 225w\" sizes=\"auto, (max-width: 240px) 100vw, 240px\" \/><\/figure><\/div><div class=\"wp-block-getwid-images-slider__item\"><figure><img loading=\"lazy\" decoding=\"async\" width=\"240\" height=\"320\" src=\"https:\/\/agora.xtec.cat\/escolaelcorb\/wp-content\/uploads\/usu852\/2026\/01\/IMG_6604-rotated.jpeg\" alt=\"\" data-id=\"6141\" data-link=\"https:\/\/agora.xtec.cat\/escolaelcorb\/img_6604\/\" data-original-link=\"https:\/\/agora.xtec.cat\/escolaelcorb\/wp-content\/uploads\/usu852\/2026\/01\/IMG_6604-rotated.jpeg\" class=\"wp-block-getwid-images-slider__image wp-image-6141\" srcset=\"https:\/\/agora.xtec.cat\/escolaelcorb\/wp-content\/uploads\/usu852\/2026\/01\/IMG_6604-rotated.jpeg 240w, https:\/\/agora.xtec.cat\/escolaelcorb\/wp-content\/uploads\/usu852\/2026\/01\/IMG_6604-225x300.jpeg 225w\" sizes=\"auto, (max-width: 240px) 100vw, 240px\" \/><\/figure><\/div><\/div><\/div>\n<\/div><\/div>\n<\/div>\n\n\n\n<p><\/p>\n","protected":false},"excerpt":{"rendered":"<p>Rob\u00f2tica al nostre centre Aquest curs 2025\/26 hem comen\u00e7at a treballar la rob\u00f2tica al nostre centre. Ho hem fet a poc a poc, amb activitats adaptades a cada edat i pensades perqu\u00e8 els infants entenguin que la tecnologia tamb\u00e9 pot ser una manera de jugar, pensar i aprendre. Abans de posar-nos davant d\u2019ordinadors o tauletes, [&hellip;]<\/p>\n","protected":false},"author":20,"featured_media":0,"parent":64,"menu_order":5,"comment_status":"closed","ping_status":"closed","template":"","meta":{"site-sidebar-layout":"default","site-content-layout":"","ast-site-content-layout":"default","site-content-style":"default","site-sidebar-style":"default","ast-global-header-display":"","ast-banner-title-visibility":"","ast-main-header-display":"","ast-hfb-above-header-display":"","ast-hfb-below-header-display":"","ast-hfb-mobile-header-display":"","site-post-title":"","ast-breadcrumbs-content":"","ast-featured-img":"","footer-sml-layout":"","theme-transparent-header-meta":"default","adv-header-id-meta":"","stick-header-meta":"","header-above-stick-meta":"","header-main-stick-meta":"","header-below-stick-meta":"","astra-migrate-meta-layouts":"set","ast-page-background-enabled":"default","ast-page-background-meta":{"desktop":{"background-color":"var(--ast-global-color-4)","background-image":"","background-repeat":"repeat","background-position":"center center","background-size":"auto","background-attachment":"scroll","background-type":"","background-media":"","overlay-type":"","overlay-color":"","overlay-opacity":"","overlay-gradient":""},"tablet":{"background-color":"","background-image":"","background-repeat":"repeat","background-position":"center center","background-size":"auto","background-attachment":"scroll","background-type":"","background-media":"","overlay-type":"","overlay-color":"","overlay-opacity":"","overlay-gradient":""},"mobile":{"background-color":"","background-image":"","background-repeat":"repeat","background-position":"center center","background-size":"auto","background-attachment":"scroll","background-type":"","background-media":"","overlay-type":"","overlay-color":"","overlay-opacity":"","overlay-gradient":""}},"ast-content-background-meta":{"desktop":{"background-color":"var(--ast-global-color-5)","background-image":"","background-repeat":"repeat","background-position":"center center","background-size":"auto","background-attachment":"scroll","background-type":"","background-media":"","overlay-type":"","overlay-color":"","overlay-opacity":"","overlay-gradient":""},"tablet":{"background-color":"var(--ast-global-color-5)","background-image":"","background-repeat":"repeat","background-position":"center center","background-size":"auto","background-attachment":"scroll","background-type":"","background-media":"","overlay-type":"","overlay-color":"","overlay-opacity":"","overlay-gradient":""},"mobile":{"background-color":"var(--ast-global-color-5)","background-image":"","background-repeat":"repeat","background-position":"center center","background-size":"auto","background-attachment":"scroll","background-type":"","background-media":"","overlay-type":"","overlay-color":"","overlay-opacity":"","overlay-gradient":""}},"footnotes":""},"class_list":["post-6120","page","type-page","status-publish","hentry"],"post_mailing_queue_ids":[],"_links":{"self":[{"href":"https:\/\/agora.xtec.cat\/escolaelcorb\/wp-json\/wp\/v2\/pages\/6120","targetHints":{"allow":["GET"]}}],"collection":[{"href":"https:\/\/agora.xtec.cat\/escolaelcorb\/wp-json\/wp\/v2\/pages"}],"about":[{"href":"https:\/\/agora.xtec.cat\/escolaelcorb\/wp-json\/wp\/v2\/types\/page"}],"author":[{"embeddable":true,"href":"https:\/\/agora.xtec.cat\/escolaelcorb\/wp-json\/wp\/v2\/users\/20"}],"replies":[{"embeddable":true,"href":"https:\/\/agora.xtec.cat\/escolaelcorb\/wp-json\/wp\/v2\/comments?post=6120"}],"version-history":[{"count":5,"href":"https:\/\/agora.xtec.cat\/escolaelcorb\/wp-json\/wp\/v2\/pages\/6120\/revisions"}],"predecessor-version":[{"id":6285,"href":"https:\/\/agora.xtec.cat\/escolaelcorb\/wp-json\/wp\/v2\/pages\/6120\/revisions\/6285"}],"up":[{"embeddable":true,"href":"https:\/\/agora.xtec.cat\/escolaelcorb\/wp-json\/wp\/v2\/pages\/64"}],"wp:attachment":[{"href":"https:\/\/agora.xtec.cat\/escolaelcorb\/wp-json\/wp\/v2\/media?parent=6120"}],"curies":[{"name":"wp","href":"https:\/\/api.w.org\/{rel}","templated":true}]}}