{"id":5325,"date":"2023-09-12T12:48:42","date_gmt":"2023-09-12T10:48:42","guid":{"rendered":"https:\/\/agora.xtec.cat\/escolaelcorb\/?page_id=5325"},"modified":"2025-05-08T10:38:23","modified_gmt":"2025-05-08T08:38:23","slug":"menus-menjador","status":"publish","type":"page","link":"https:\/\/agora.xtec.cat\/escolaelcorb\/afa\/menus-menjador\/","title":{"rendered":"Men\u00fas menjador"},"content":{"rendered":"<p>A continuaci\u00f3, trobareu els men\u00fas basal mensuals. Per veure altres men\u00fas i altra informaci\u00f3 sobre el menjador, cal accedir al web de <a href=\"https:\/\/comacasamenjadors.cat\/families\" target=\"_blank\" rel=\"noopener\">Com a casa menjadors<\/a>\u00a0i accedir amb les dades seg\u00fcents:<\/p>\n<p><img loading=\"lazy\" decoding=\"async\" class=\"aligncenter size-full wp-image-5329\" src=\"https:\/\/agora.xtec.cat\/escolaelcorb\/wp-content\/uploads\/usu852\/2023\/09\/usuari_contrasenya.png\" alt=\"\" width=\"350\" height=\"108\" srcset=\"https:\/\/agora.xtec.cat\/escolaelcorb\/wp-content\/uploads\/usu852\/2023\/09\/usuari_contrasenya.png 350w, https:\/\/agora.xtec.cat\/escolaelcorb\/wp-content\/uploads\/usu852\/2023\/09\/usuari_contrasenya-300x93.png 300w\" sizes=\"auto, (max-width: 350px) 100vw, 350px\" \/><\/p>\n<p><img loading=\"lazy\" decoding=\"async\" class=\"aligncenter size-large wp-image-5751\" src=\"https:\/\/agora.xtec.cat\/escolaelcorb\/wp-content\/uploads\/usu852\/2025\/05\/ESCOLA_EL_CORB-Basal-Maig_2025-1024x650.png\" alt=\"\" width=\"1024\" height=\"650\" srcset=\"https:\/\/agora.xtec.cat\/escolaelcorb\/wp-content\/uploads\/usu852\/2025\/05\/ESCOLA_EL_CORB-Basal-Maig_2025-1024x650.png 1024w, https:\/\/agora.xtec.cat\/escolaelcorb\/wp-content\/uploads\/usu852\/2025\/05\/ESCOLA_EL_CORB-Basal-Maig_2025-300x190.png 300w, https:\/\/agora.xtec.cat\/escolaelcorb\/wp-content\/uploads\/usu852\/2025\/05\/ESCOLA_EL_CORB-Basal-Maig_2025-768x487.png 768w, https:\/\/agora.xtec.cat\/escolaelcorb\/wp-content\/uploads\/usu852\/2025\/05\/ESCOLA_EL_CORB-Basal-Maig_2025-1536x975.png 1536w, https:\/\/agora.xtec.cat\/escolaelcorb\/wp-content\/uploads\/usu852\/2025\/05\/ESCOLA_EL_CORB-Basal-Maig_2025-2048x1299.png 2048w\" sizes=\"auto, (max-width: 1024px) 100vw, 1024px\" \/><\/p>\n<p><img loading=\"lazy\" decoding=\"async\" class=\"aligncenter size-large wp-image-5741\" src=\"https:\/\/agora.xtec.cat\/escolaelcorb\/wp-content\/uploads\/usu852\/2025\/04\/ESCOLA_EL_CORB-Basal-Abril_2025-1024x648.png\" alt=\"\" width=\"1024\" height=\"648\" srcset=\"https:\/\/agora.xtec.cat\/escolaelcorb\/wp-content\/uploads\/usu852\/2025\/04\/ESCOLA_EL_CORB-Basal-Abril_2025-1024x648.png 1024w, https:\/\/agora.xtec.cat\/escolaelcorb\/wp-content\/uploads\/usu852\/2025\/04\/ESCOLA_EL_CORB-Basal-Abril_2025-300x190.png 300w, https:\/\/agora.xtec.cat\/escolaelcorb\/wp-content\/uploads\/usu852\/2025\/04\/ESCOLA_EL_CORB-Basal-Abril_2025-768x486.png 768w, https:\/\/agora.xtec.cat\/escolaelcorb\/wp-content\/uploads\/usu852\/2025\/04\/ESCOLA_EL_CORB-Basal-Abril_2025-1536x971.png 1536w, https:\/\/agora.xtec.cat\/escolaelcorb\/wp-content\/uploads\/usu852\/2025\/04\/ESCOLA_EL_CORB-Basal-Abril_2025-2048x1295.png 2048w\" sizes=\"auto, (max-width: 1024px) 100vw, 1024px\" \/><\/p>\n<p><img loading=\"lazy\" decoding=\"async\" class=\"aligncenter size-large wp-image-5743\" src=\"https:\/\/agora.xtec.cat\/escolaelcorb\/wp-content\/uploads\/usu852\/2025\/04\/ESCOLA_EL_CORB-Basal-Marc_2025-1024x650.png\" alt=\"\" width=\"1024\" height=\"650\" srcset=\"https:\/\/agora.xtec.cat\/escolaelcorb\/wp-content\/uploads\/usu852\/2025\/04\/ESCOLA_EL_CORB-Basal-Marc_2025-1024x650.png 1024w, https:\/\/agora.xtec.cat\/escolaelcorb\/wp-content\/uploads\/usu852\/2025\/04\/ESCOLA_EL_CORB-Basal-Marc_2025-300x190.png 300w, https:\/\/agora.xtec.cat\/escolaelcorb\/wp-content\/uploads\/usu852\/2025\/04\/ESCOLA_EL_CORB-Basal-Marc_2025-768x487.png 768w, https:\/\/agora.xtec.cat\/escolaelcorb\/wp-content\/uploads\/usu852\/2025\/04\/ESCOLA_EL_CORB-Basal-Marc_2025-1536x975.png 1536w, https:\/\/agora.xtec.cat\/escolaelcorb\/wp-content\/uploads\/usu852\/2025\/04\/ESCOLA_EL_CORB-Basal-Marc_2025-2048x1299.png 2048w\" sizes=\"auto, (max-width: 1024px) 100vw, 1024px\" \/><\/p>\n<p><img loading=\"lazy\" decoding=\"async\" class=\"aligncenter size-large wp-image-5742\" src=\"https:\/\/agora.xtec.cat\/escolaelcorb\/wp-content\/uploads\/usu852\/2025\/04\/ESCOLA_EL_CORB-Basal-Febrer_2025-1024x600.png\" alt=\"\" width=\"1024\" height=\"600\" srcset=\"https:\/\/agora.xtec.cat\/escolaelcorb\/wp-content\/uploads\/usu852\/2025\/04\/ESCOLA_EL_CORB-Basal-Febrer_2025-1024x600.png 1024w, https:\/\/agora.xtec.cat\/escolaelcorb\/wp-content\/uploads\/usu852\/2025\/04\/ESCOLA_EL_CORB-Basal-Febrer_2025-300x176.png 300w, https:\/\/agora.xtec.cat\/escolaelcorb\/wp-content\/uploads\/usu852\/2025\/04\/ESCOLA_EL_CORB-Basal-Febrer_2025-768x450.png 768w, https:\/\/agora.xtec.cat\/escolaelcorb\/wp-content\/uploads\/usu852\/2025\/04\/ESCOLA_EL_CORB-Basal-Febrer_2025-1536x899.png 1536w, https:\/\/agora.xtec.cat\/escolaelcorb\/wp-content\/uploads\/usu852\/2025\/04\/ESCOLA_EL_CORB-Basal-Febrer_2025-2048x1199.png 2048w\" sizes=\"auto, (max-width: 1024px) 100vw, 1024px\" \/><\/p>\n<p><img loading=\"lazy\" decoding=\"async\" class=\"aligncenter size-large wp-image-5706\" src=\"https:\/\/agora.xtec.cat\/escolaelcorb\/wp-content\/uploads\/usu852\/2025\/01\/ESCOLA_EL_CORB-Basal-Gener_2025-1024x653.png\" alt=\"\" width=\"1024\" height=\"653\" srcset=\"https:\/\/agora.xtec.cat\/escolaelcorb\/wp-content\/uploads\/usu852\/2025\/01\/ESCOLA_EL_CORB-Basal-Gener_2025-1024x653.png 1024w, https:\/\/agora.xtec.cat\/escolaelcorb\/wp-content\/uploads\/usu852\/2025\/01\/ESCOLA_EL_CORB-Basal-Gener_2025-300x191.png 300w, https:\/\/agora.xtec.cat\/escolaelcorb\/wp-content\/uploads\/usu852\/2025\/01\/ESCOLA_EL_CORB-Basal-Gener_2025-768x490.png 768w, https:\/\/agora.xtec.cat\/escolaelcorb\/wp-content\/uploads\/usu852\/2025\/01\/ESCOLA_EL_CORB-Basal-Gener_2025-1536x979.png 1536w, https:\/\/agora.xtec.cat\/escolaelcorb\/wp-content\/uploads\/usu852\/2025\/01\/ESCOLA_EL_CORB-Basal-Gener_2025-2048x1305.png 2048w\" sizes=\"auto, (max-width: 1024px) 100vw, 1024px\" \/><\/p>\n<p><img loading=\"lazy\" decoding=\"async\" class=\"aligncenter size-large wp-image-5705\" src=\"https:\/\/agora.xtec.cat\/escolaelcorb\/wp-content\/uploads\/usu852\/2025\/01\/ESCOLA_EL_CORB-Basal-Desembre_2024-1024x659.png\" alt=\"\" width=\"1024\" height=\"659\" srcset=\"https:\/\/agora.xtec.cat\/escolaelcorb\/wp-content\/uploads\/usu852\/2025\/01\/ESCOLA_EL_CORB-Basal-Desembre_2024-1024x659.png 1024w, https:\/\/agora.xtec.cat\/escolaelcorb\/wp-content\/uploads\/usu852\/2025\/01\/ESCOLA_EL_CORB-Basal-Desembre_2024-300x193.png 300w, https:\/\/agora.xtec.cat\/escolaelcorb\/wp-content\/uploads\/usu852\/2025\/01\/ESCOLA_EL_CORB-Basal-Desembre_2024-768x494.png 768w, https:\/\/agora.xtec.cat\/escolaelcorb\/wp-content\/uploads\/usu852\/2025\/01\/ESCOLA_EL_CORB-Basal-Desembre_2024-1536x988.png 1536w, https:\/\/agora.xtec.cat\/escolaelcorb\/wp-content\/uploads\/usu852\/2025\/01\/ESCOLA_EL_CORB-Basal-Desembre_2024-2048x1318.png 2048w\" sizes=\"auto, (max-width: 1024px) 100vw, 1024px\" \/><\/p>\n<p><img loading=\"lazy\" decoding=\"async\" class=\"aligncenter size-full wp-image-5694\" src=\"https:\/\/agora.xtec.cat\/escolaelcorb\/wp-content\/uploads\/usu852\/2024\/11\/ESCOLA_EL_CORB-Basal-Novembre_2024.png\" alt=\"\" width=\"1024\" height=\"650\" srcset=\"https:\/\/agora.xtec.cat\/escolaelcorb\/wp-content\/uploads\/usu852\/2024\/11\/ESCOLA_EL_CORB-Basal-Novembre_2024.png 1024w, https:\/\/agora.xtec.cat\/escolaelcorb\/wp-content\/uploads\/usu852\/2024\/11\/ESCOLA_EL_CORB-Basal-Novembre_2024-300x190.png 300w, https:\/\/agora.xtec.cat\/escolaelcorb\/wp-content\/uploads\/usu852\/2024\/11\/ESCOLA_EL_CORB-Basal-Novembre_2024-768x488.png 768w\" sizes=\"auto, (max-width: 1024px) 100vw, 1024px\" \/><\/p>\n<p><img loading=\"lazy\" decoding=\"async\" class=\"aligncenter size-large wp-image-5695\" src=\"https:\/\/agora.xtec.cat\/escolaelcorb\/wp-content\/uploads\/usu852\/2024\/11\/ESCOLA_EL_CORB-Basal-Octubre_2024.png\" alt=\"\" width=\"1024\" height=\"650\" srcset=\"https:\/\/agora.xtec.cat\/escolaelcorb\/wp-content\/uploads\/usu852\/2024\/11\/ESCOLA_EL_CORB-Basal-Octubre_2024.png 1024w, https:\/\/agora.xtec.cat\/escolaelcorb\/wp-content\/uploads\/usu852\/2024\/11\/ESCOLA_EL_CORB-Basal-Octubre_2024-300x190.png 300w, https:\/\/agora.xtec.cat\/escolaelcorb\/wp-content\/uploads\/usu852\/2024\/11\/ESCOLA_EL_CORB-Basal-Octubre_2024-768x488.png 768w\" sizes=\"auto, (max-width: 1024px) 100vw, 1024px\" \/><\/p>\n<p><img loading=\"lazy\" decoding=\"async\" class=\"aligncenter size-large wp-image-5696\" src=\"https:\/\/agora.xtec.cat\/escolaelcorb\/wp-content\/uploads\/usu852\/2024\/11\/ESCOLA_EL_CORB-Basal-Setembre_2024.png\" alt=\"\" width=\"1024\" height=\"716\" srcset=\"https:\/\/agora.xtec.cat\/escolaelcorb\/wp-content\/uploads\/usu852\/2024\/11\/ESCOLA_EL_CORB-Basal-Setembre_2024.png 1024w, https:\/\/agora.xtec.cat\/escolaelcorb\/wp-content\/uploads\/usu852\/2024\/11\/ESCOLA_EL_CORB-Basal-Setembre_2024-300x210.png 300w, https:\/\/agora.xtec.cat\/escolaelcorb\/wp-content\/uploads\/usu852\/2024\/11\/ESCOLA_EL_CORB-Basal-Setembre_2024-768x537.png 768w\" sizes=\"auto, (max-width: 1024px) 100vw, 1024px\" \/><\/p>\n","protected":false},"excerpt":{"rendered":"<p>A continuaci\u00f3, trobareu els men\u00fas basal mensuals. Per veure altres men\u00fas i altra informaci\u00f3 sobre el menjador, cal accedir al web de Com a casa menjadors\u00a0i accedir amb les dades seg\u00fcents:<\/p>\n","protected":false},"author":39,"featured_media":0,"parent":4435,"menu_order":6,"comment_status":"closed","ping_status":"closed","template":"page-templates\/side-menu.php","meta":{"site-sidebar-layout":"default","site-content-layout":"","ast-site-content-layout":"","site-content-style":"default","site-sidebar-style":"default","ast-global-header-display":"","ast-banner-title-visibility":"","ast-main-header-display":"","ast-hfb-above-header-display":"","ast-hfb-below-header-display":"","ast-hfb-mobile-header-display":"","site-post-title":"","ast-breadcrumbs-content":"","ast-featured-img":"","footer-sml-layout":"","theme-transparent-header-meta":"","adv-header-id-meta":"","stick-header-meta":"","header-above-stick-meta":"","header-main-stick-meta":"","header-below-stick-meta":"","astra-migrate-meta-layouts":"default","ast-page-background-enabled":"default","ast-page-background-meta":{"desktop":{"background-color":"var(--ast-global-color-4)","background-image":"","background-repeat":"repeat","background-position":"center center","background-size":"auto","background-attachment":"scroll","background-type":"","background-media":"","overlay-type":"","overlay-color":"","overlay-opacity":"","overlay-gradient":""},"tablet":{"background-color":"","background-image":"","background-repeat":"repeat","background-position":"center center","background-size":"auto","background-attachment":"scroll","background-type":"","background-media":"","overlay-type":"","overlay-color":"","overlay-opacity":"","overlay-gradient":""},"mobile":{"background-color":"","background-image":"","background-repeat":"repeat","background-position":"center center","background-size":"auto","background-attachment":"scroll","background-type":"","background-media":"","overlay-type":"","overlay-color":"","overlay-opacity":"","overlay-gradient":""}},"ast-content-background-meta":{"desktop":{"background-color":"var(--ast-global-color-5)","background-image":"","background-repeat":"repeat","background-position":"center center","background-size":"auto","background-attachment":"scroll","background-type":"","background-media":"","overlay-type":"","overlay-color":"","overlay-opacity":"","overlay-gradient":""},"tablet":{"background-color":"var(--ast-global-color-5)","background-image":"","background-repeat":"repeat","background-position":"center center","background-size":"auto","background-attachment":"scroll","background-type":"","background-media":"","overlay-type":"","overlay-color":"","overlay-opacity":"","overlay-gradient":""},"mobile":{"background-color":"var(--ast-global-color-5)","background-image":"","background-repeat":"repeat","background-position":"center center","background-size":"auto","background-attachment":"scroll","background-type":"","background-media":"","overlay-type":"","overlay-color":"","overlay-opacity":"","overlay-gradient":""}},"footnotes":""},"class_list":["post-5325","page","type-page","status-publish","hentry"],"post_mailing_queue_ids":[],"_links":{"self":[{"href":"https:\/\/agora.xtec.cat\/escolaelcorb\/wp-json\/wp\/v2\/pages\/5325","targetHints":{"allow":["GET"]}}],"collection":[{"href":"https:\/\/agora.xtec.cat\/escolaelcorb\/wp-json\/wp\/v2\/pages"}],"about":[{"href":"https:\/\/agora.xtec.cat\/escolaelcorb\/wp-json\/wp\/v2\/types\/page"}],"author":[{"embeddable":true,"href":"https:\/\/agora.xtec.cat\/escolaelcorb\/wp-json\/wp\/v2\/users\/39"}],"replies":[{"embeddable":true,"href":"https:\/\/agora.xtec.cat\/escolaelcorb\/wp-json\/wp\/v2\/comments?post=5325"}],"version-history":[{"count":7,"href":"https:\/\/agora.xtec.cat\/escolaelcorb\/wp-json\/wp\/v2\/pages\/5325\/revisions"}],"predecessor-version":[{"id":5759,"href":"https:\/\/agora.xtec.cat\/escolaelcorb\/wp-json\/wp\/v2\/pages\/5325\/revisions\/5759"}],"up":[{"embeddable":true,"href":"https:\/\/agora.xtec.cat\/escolaelcorb\/wp-json\/wp\/v2\/pages\/4435"}],"wp:attachment":[{"href":"https:\/\/agora.xtec.cat\/escolaelcorb\/wp-json\/wp\/v2\/media?parent=5325"}],"curies":[{"name":"wp","href":"https:\/\/api.w.org\/{rel}","templated":true}]}}