{"id":4760,"date":"2022-02-21T11:32:02","date_gmt":"2022-02-21T10:32:02","guid":{"rendered":"https:\/\/agora.xtec.cat\/escolaelcorb\/?page_id=4760"},"modified":"2026-01-19T12:55:35","modified_gmt":"2026-01-19T11:55:35","slug":"auxiliar-de-conversa-2","status":"publish","type":"page","link":"https:\/\/agora.xtec.cat\/escolaelcorb\/auxiliar-de-conversa-2\/","title":{"rendered":"Auxiliar de conversa"},"content":{"rendered":"<p><a href=\"https:\/\/agora.xtec.cat\/escolaelcorb\/wp-content\/uploads\/usu852\/2026\/01\/1768823015908-1-2-scaled.jpg\"><img loading=\"lazy\" decoding=\"async\" class=\"size-large wp-image-6092 aligncenter\" src=\"https:\/\/agora.xtec.cat\/escolaelcorb\/wp-content\/uploads\/usu852\/2026\/01\/1768823015908-1-2-1024x473.jpg\" alt=\"\" width=\"1024\" height=\"473\" srcset=\"https:\/\/agora.xtec.cat\/escolaelcorb\/wp-content\/uploads\/usu852\/2026\/01\/1768823015908-1-2-1024x473.jpg 1024w, https:\/\/agora.xtec.cat\/escolaelcorb\/wp-content\/uploads\/usu852\/2026\/01\/1768823015908-1-2-300x138.jpg 300w, https:\/\/agora.xtec.cat\/escolaelcorb\/wp-content\/uploads\/usu852\/2026\/01\/1768823015908-1-2-768x354.jpg 768w, https:\/\/agora.xtec.cat\/escolaelcorb\/wp-content\/uploads\/usu852\/2026\/01\/1768823015908-1-2-1536x709.jpg 1536w, https:\/\/agora.xtec.cat\/escolaelcorb\/wp-content\/uploads\/usu852\/2026\/01\/1768823015908-1-2-2048x945.jpg 2048w\" sizes=\"auto, (max-width: 1024px) 100vw, 1024px\" \/><\/a><\/p>\n<p data-start=\"105\" data-end=\"162\"><strong data-start=\"105\" data-end=\"162\">Qu\u00e8 \u00e9s un\/a auxiliar de conversa a l\u2019Escola Prim\u00e0ria?<\/strong><\/p>\n<p data-start=\"164\" data-end=\"405\">L\u2019auxiliar de conversa \u00e9s un projecte educatiu <strong>finan\u00e7at i impulsat per l\u2019AFA<\/strong>, que aporta un gran valor a l\u2019alumnat de la nostra escola. Es tracta d\u2019una activitat volunt\u00e0ria, adre\u00e7ada exclusivament als infants que s\u00f3n socis i s\u00f2cies de l\u2019AFA.<\/p>\n<p data-start=\"407\" data-end=\"672\">Aquest curs, en col\u00b7laboraci\u00f3 amb l\u2019empresa <strong><em data-start=\"451\" data-end=\"460\">Kids&amp;Us<\/em><\/strong>, comptem amb una mestra que realitza sessions de conversa en angl\u00e8s en grups redu\u00efts durant l\u2019espai de migdia. Aquest format permet una atenci\u00f3 m\u00e9s personalitzada i afavoreix la participaci\u00f3 activa dels infants.<\/p>\n<p data-start=\"674\" data-end=\"866\">L\u2019objectiu principal d\u2019aquesta activitat \u00e9s <strong>potenciar la comprensi\u00f3 i la producci\u00f3 oral de la llengua anglesa<\/strong>, ajudant l\u2019alumnat a guanyar seguretat i flu\u00efdesa d\u2019una manera natural i din\u00e0mica.<\/p>\n<p>&nbsp;<\/p>\n<p>&nbsp;<\/p>\n<p>&nbsp;<\/p>\n<p>&nbsp;<\/p>\n<p>&nbsp;<\/p>\n<p>&nbsp;<\/p>\n","protected":false},"excerpt":{"rendered":"<p>Qu\u00e8 \u00e9s un\/a auxiliar de conversa a l\u2019Escola Prim\u00e0ria? L\u2019auxiliar de conversa \u00e9s un projecte educatiu finan\u00e7at i impulsat per l\u2019AFA, que aporta un gran valor a l\u2019alumnat de la nostra escola. Es tracta d\u2019una activitat volunt\u00e0ria, adre\u00e7ada exclusivament als infants que s\u00f3n socis i s\u00f2cies de l\u2019AFA. Aquest curs, en col\u00b7laboraci\u00f3 amb l\u2019empresa Kids&amp;Us, [&hellip;]<\/p>\n","protected":false},"author":1,"featured_media":0,"parent":0,"menu_order":0,"comment_status":"closed","ping_status":"closed","template":"","meta":{"site-sidebar-layout":"default","site-content-layout":"","ast-site-content-layout":"default","site-content-style":"default","site-sidebar-style":"default","ast-global-header-display":"","ast-banner-title-visibility":"","ast-main-header-display":"","ast-hfb-above-header-display":"","ast-hfb-below-header-display":"","ast-hfb-mobile-header-display":"","site-post-title":"","ast-breadcrumbs-content":"","ast-featured-img":"","footer-sml-layout":"","theme-transparent-header-meta":"default","adv-header-id-meta":"","stick-header-meta":"","header-above-stick-meta":"","header-main-stick-meta":"","header-below-stick-meta":"","astra-migrate-meta-layouts":"set","ast-page-background-enabled":"default","ast-page-background-meta":{"desktop":{"background-color":"var(--ast-global-color-4)","background-image":"","background-repeat":"repeat","background-position":"center center","background-size":"auto","background-attachment":"scroll","background-type":"","background-media":"","overlay-type":"","overlay-color":"","overlay-opacity":"","overlay-gradient":""},"tablet":{"background-color":"","background-image":"","background-repeat":"repeat","background-position":"center center","background-size":"auto","background-attachment":"scroll","background-type":"","background-media":"","overlay-type":"","overlay-color":"","overlay-opacity":"","overlay-gradient":""},"mobile":{"background-color":"","background-image":"","background-repeat":"repeat","background-position":"center center","background-size":"auto","background-attachment":"scroll","background-type":"","background-media":"","overlay-type":"","overlay-color":"","overlay-opacity":"","overlay-gradient":""}},"ast-content-background-meta":{"desktop":{"background-color":"var(--ast-global-color-5)","background-image":"","background-repeat":"repeat","background-position":"center center","background-size":"auto","background-attachment":"scroll","background-type":"","background-media":"","overlay-type":"","overlay-color":"","overlay-opacity":"","overlay-gradient":""},"tablet":{"background-color":"var(--ast-global-color-5)","background-image":"","background-repeat":"repeat","background-position":"center center","background-size":"auto","background-attachment":"scroll","background-type":"","background-media":"","overlay-type":"","overlay-color":"","overlay-opacity":"","overlay-gradient":""},"mobile":{"background-color":"var(--ast-global-color-5)","background-image":"","background-repeat":"repeat","background-position":"center center","background-size":"auto","background-attachment":"scroll","background-type":"","background-media":"","overlay-type":"","overlay-color":"","overlay-opacity":"","overlay-gradient":""}},"footnotes":""},"class_list":["post-4760","page","type-page","status-publish","hentry"],"post_mailing_queue_ids":[],"_links":{"self":[{"href":"https:\/\/agora.xtec.cat\/escolaelcorb\/wp-json\/wp\/v2\/pages\/4760","targetHints":{"allow":["GET"]}}],"collection":[{"href":"https:\/\/agora.xtec.cat\/escolaelcorb\/wp-json\/wp\/v2\/pages"}],"about":[{"href":"https:\/\/agora.xtec.cat\/escolaelcorb\/wp-json\/wp\/v2\/types\/page"}],"author":[{"embeddable":true,"href":"https:\/\/agora.xtec.cat\/escolaelcorb\/wp-json\/wp\/v2\/users\/1"}],"replies":[{"embeddable":true,"href":"https:\/\/agora.xtec.cat\/escolaelcorb\/wp-json\/wp\/v2\/comments?post=4760"}],"version-history":[{"count":6,"href":"https:\/\/agora.xtec.cat\/escolaelcorb\/wp-json\/wp\/v2\/pages\/4760\/revisions"}],"predecessor-version":[{"id":6094,"href":"https:\/\/agora.xtec.cat\/escolaelcorb\/wp-json\/wp\/v2\/pages\/4760\/revisions\/6094"}],"wp:attachment":[{"href":"https:\/\/agora.xtec.cat\/escolaelcorb\/wp-json\/wp\/v2\/media?parent=4760"}],"curies":[{"name":"wp","href":"https:\/\/api.w.org\/{rel}","templated":true}]}}