{"id":4435,"date":"2021-06-28T13:16:16","date_gmt":"2021-06-28T11:16:16","guid":{"rendered":"http:\/\/agora.xtec.cat\/escolaelcorb\/?page_id=4435"},"modified":"2023-11-10T15:46:32","modified_gmt":"2023-11-10T14:46:32","slug":"afa","status":"publish","type":"page","link":"https:\/\/agora.xtec.cat\/escolaelcorb\/afa\/","title":{"rendered":"Benvinguts i benvingudes a l&#8217;AFA"},"content":{"rendered":"<p><img loading=\"lazy\" decoding=\"async\" class=\"aligncenter wp-image-5208\" src=\"https:\/\/agora.xtec.cat\/escolaelcorb\/wp-content\/uploads\/usu852\/2023\/07\/LOGO-AFA-1024x351.jpg\" alt=\"\" width=\"800\" height=\"274\" srcset=\"https:\/\/agora.xtec.cat\/escolaelcorb\/wp-content\/uploads\/usu852\/2023\/07\/LOGO-AFA-1024x351.jpg 1024w, https:\/\/agora.xtec.cat\/escolaelcorb\/wp-content\/uploads\/usu852\/2023\/07\/LOGO-AFA-300x103.jpg 300w, https:\/\/agora.xtec.cat\/escolaelcorb\/wp-content\/uploads\/usu852\/2023\/07\/LOGO-AFA-768x263.jpg 768w, https:\/\/agora.xtec.cat\/escolaelcorb\/wp-content\/uploads\/usu852\/2023\/07\/LOGO-AFA-1536x527.jpg 1536w, https:\/\/agora.xtec.cat\/escolaelcorb\/wp-content\/uploads\/usu852\/2023\/07\/LOGO-AFA-2048x702.jpg 2048w\" sizes=\"auto, (max-width: 800px) 100vw, 800px\" \/><\/p>\n<p><img loading=\"lazy\" decoding=\"async\" class=\"aligncenter wp-image-5209 size-large\" src=\"https:\/\/agora.xtec.cat\/escolaelcorb\/wp-content\/uploads\/usu852\/2023\/07\/capcalera-portada-1024x221.jpg\" alt=\"\" width=\"1024\" height=\"221\" srcset=\"https:\/\/agora.xtec.cat\/escolaelcorb\/wp-content\/uploads\/usu852\/2023\/07\/capcalera-portada-1024x221.jpg 1024w, https:\/\/agora.xtec.cat\/escolaelcorb\/wp-content\/uploads\/usu852\/2023\/07\/capcalera-portada-300x65.jpg 300w, https:\/\/agora.xtec.cat\/escolaelcorb\/wp-content\/uploads\/usu852\/2023\/07\/capcalera-portada-768x166.jpg 768w, https:\/\/agora.xtec.cat\/escolaelcorb\/wp-content\/uploads\/usu852\/2023\/07\/capcalera-portada-1536x332.jpg 1536w, https:\/\/agora.xtec.cat\/escolaelcorb\/wp-content\/uploads\/usu852\/2023\/07\/capcalera-portada-2048x442.jpg 2048w\" sizes=\"auto, (max-width: 1024px) 100vw, 1024px\" \/><\/p>\n<div style=\"width: 854px;\" class=\"wp-video\"><!--[if lt IE 9]><script>document.createElement('video');<\/script><![endif]-->\n<video class=\"aligncenter\" id=\"video-4435-1\" width=\"854\" height=\"480\" preload=\"metadata\" controls=\"controls\"><source type=\"video\/mp4\" src=\"https:\/\/agora.xtec.cat\/escolaelcorb\/wp-content\/uploads\/usu852\/2023\/07\/WhatsApp-Video-2023-06-22-at-08.14.04.mp4?_=1\" \/><a href=\"https:\/\/agora.xtec.cat\/escolaelcorb\/wp-content\/uploads\/usu852\/2023\/07\/WhatsApp-Video-2023-06-22-at-08.14.04.mp4\">https:\/\/agora.xtec.cat\/escolaelcorb\/wp-content\/uploads\/usu852\/2023\/07\/WhatsApp-Video-2023-06-22-at-08.14.04.mp4<\/a><\/video><\/div>\n<p><img loading=\"lazy\" decoding=\"async\" class=\"aligncenter size-large wp-image-5465\" src=\"https:\/\/agora.xtec.cat\/escolaelcorb\/wp-content\/uploads\/usu852\/2023\/11\/Minimal-Square-Moodboard-1024x1024.png\" alt=\"\" width=\"1024\" height=\"1024\" srcset=\"https:\/\/agora.xtec.cat\/escolaelcorb\/wp-content\/uploads\/usu852\/2023\/11\/Minimal-Square-Moodboard-1024x1024.png 1024w, https:\/\/agora.xtec.cat\/escolaelcorb\/wp-content\/uploads\/usu852\/2023\/11\/Minimal-Square-Moodboard-300x300.png 300w, https:\/\/agora.xtec.cat\/escolaelcorb\/wp-content\/uploads\/usu852\/2023\/11\/Minimal-Square-Moodboard-150x150.png 150w, https:\/\/agora.xtec.cat\/escolaelcorb\/wp-content\/uploads\/usu852\/2023\/11\/Minimal-Square-Moodboard-768x768.png 768w, https:\/\/agora.xtec.cat\/escolaelcorb\/wp-content\/uploads\/usu852\/2023\/11\/Minimal-Square-Moodboard.png 1080w\" sizes=\"auto, (max-width: 1024px) 100vw, 1024px\" \/><\/p>\n<p><strong>Per qu\u00e8 associar-se a l&#8217;AFA?<\/strong><\/p>\n<p>Sent fam\u00edlia s\u00f2cia ajudes a tenir una escola de qualitat i participes en el bon funcionament del centre. \u00c9s una bona manera de col\u00b7laborar amb el centre. Tot el qu\u00e8 organitza o mou l&#8217;AFA \u00e9s per al benefici dels nens i nenes de l&#8217;escola.<\/p>\n<p>si vols con\u00e8ixer m\u00e9s sobre nosaltres i el que fem, us convidem a visitar-nos al nostre Insatgram i Facebook:<\/p>\n<p><a href=\"https:\/\/www.instagram.com\/afaescolaelcorb\/\" target=\"_blank\" rel=\"noopener\">https:\/\/www.instagram.com\/afaescolaelcorb\/<\/a><\/p>\n<p>Si vols unir-te a nosaltres emplena el seg\u00fcent document:<\/p>\n<p><a href=\"https:\/\/agora.xtec.cat\/escolaelcorb\/wp-content\/uploads\/usu852\/2023\/08\/Benvinguda-families-documentacio.docx.pdf\" target=\"_blank\" rel=\"noopener\">Dades fam\u00edlies per TokApp<\/a><\/p>\n<p>Per a altres gestions:<\/p>\n<ul>\n<li>Formulari per adherir-vos al Projecte de Reciclatge de llibres: <a href=\"https:\/\/forms.gle\/3oUiayRzstoKKeQeA\" target=\"_blank\" rel=\"noopener\">https:\/\/forms.gle\/3oUiayRzstoKKeQeA<\/a><\/li>\n<li>Full inscripci\u00f3 menjador i acollides 2023-2024<br \/>\n<a href=\"https:\/\/agora.xtec.cat\/escolaelcorb\/wp-content\/uploads\/usu852\/2023\/08\/Escola-El-corb-Full-informatiu-ok.pdf\" target=\"_blank\" rel=\"noopener\">Informaci\u00f3 Com a casa<\/a><\/li>\n<\/ul>\n<p>&nbsp;<\/p>\n","protected":false},"excerpt":{"rendered":"<p>Per qu\u00e8 associar-se a l&#8217;AFA? Sent fam\u00edlia s\u00f2cia ajudes a tenir una escola de qualitat i participes en el bon funcionament del centre. \u00c9s una bona manera de col\u00b7laborar amb el centre. Tot el qu\u00e8 organitza o mou l&#8217;AFA \u00e9s per al benefici dels nens i nenes de l&#8217;escola. si vols con\u00e8ixer m\u00e9s sobre nosaltres [&hellip;]<\/p>\n","protected":false},"author":1,"featured_media":0,"parent":0,"menu_order":0,"comment_status":"closed","ping_status":"closed","template":"page-templates\/side-menu.php","meta":{"site-sidebar-layout":"default","site-content-layout":"","ast-site-content-layout":"","site-content-style":"default","site-sidebar-style":"default","ast-global-header-display":"","ast-banner-title-visibility":"","ast-main-header-display":"","ast-hfb-above-header-display":"","ast-hfb-below-header-display":"","ast-hfb-mobile-header-display":"","site-post-title":"","ast-breadcrumbs-content":"","ast-featured-img":"","footer-sml-layout":"","theme-transparent-header-meta":"","adv-header-id-meta":"","stick-header-meta":"","header-above-stick-meta":"","header-main-stick-meta":"","header-below-stick-meta":"","astra-migrate-meta-layouts":"default","ast-page-background-enabled":"default","ast-page-background-meta":{"desktop":{"background-color":"var(--ast-global-color-4)","background-image":"","background-repeat":"repeat","background-position":"center center","background-size":"auto","background-attachment":"scroll","background-type":"","background-media":"","overlay-type":"","overlay-color":"","overlay-opacity":"","overlay-gradient":""},"tablet":{"background-color":"","background-image":"","background-repeat":"repeat","background-position":"center center","background-size":"auto","background-attachment":"scroll","background-type":"","background-media":"","overlay-type":"","overlay-color":"","overlay-opacity":"","overlay-gradient":""},"mobile":{"background-color":"","background-image":"","background-repeat":"repeat","background-position":"center center","background-size":"auto","background-attachment":"scroll","background-type":"","background-media":"","overlay-type":"","overlay-color":"","overlay-opacity":"","overlay-gradient":""}},"ast-content-background-meta":{"desktop":{"background-color":"var(--ast-global-color-5)","background-image":"","background-repeat":"repeat","background-position":"center center","background-size":"auto","background-attachment":"scroll","background-type":"","background-media":"","overlay-type":"","overlay-color":"","overlay-opacity":"","overlay-gradient":""},"tablet":{"background-color":"var(--ast-global-color-5)","background-image":"","background-repeat":"repeat","background-position":"center center","background-size":"auto","background-attachment":"scroll","background-type":"","background-media":"","overlay-type":"","overlay-color":"","overlay-opacity":"","overlay-gradient":""},"mobile":{"background-color":"var(--ast-global-color-5)","background-image":"","background-repeat":"repeat","background-position":"center center","background-size":"auto","background-attachment":"scroll","background-type":"","background-media":"","overlay-type":"","overlay-color":"","overlay-opacity":"","overlay-gradient":""}},"footnotes":""},"class_list":["post-4435","page","type-page","status-publish","hentry"],"post_mailing_queue_ids":[],"_links":{"self":[{"href":"https:\/\/agora.xtec.cat\/escolaelcorb\/wp-json\/wp\/v2\/pages\/4435","targetHints":{"allow":["GET"]}}],"collection":[{"href":"https:\/\/agora.xtec.cat\/escolaelcorb\/wp-json\/wp\/v2\/pages"}],"about":[{"href":"https:\/\/agora.xtec.cat\/escolaelcorb\/wp-json\/wp\/v2\/types\/page"}],"author":[{"embeddable":true,"href":"https:\/\/agora.xtec.cat\/escolaelcorb\/wp-json\/wp\/v2\/users\/1"}],"replies":[{"embeddable":true,"href":"https:\/\/agora.xtec.cat\/escolaelcorb\/wp-json\/wp\/v2\/comments?post=4435"}],"version-history":[{"count":5,"href":"https:\/\/agora.xtec.cat\/escolaelcorb\/wp-json\/wp\/v2\/pages\/4435\/revisions"}],"predecessor-version":[{"id":4910,"href":"https:\/\/agora.xtec.cat\/escolaelcorb\/wp-json\/wp\/v2\/pages\/4435\/revisions\/4910"}],"wp:attachment":[{"href":"https:\/\/agora.xtec.cat\/escolaelcorb\/wp-json\/wp\/v2\/media?parent=4435"}],"curies":[{"name":"wp","href":"https:\/\/api.w.org\/{rel}","templated":true}]}}