{"id":372,"date":"2016-02-01T12:22:30","date_gmt":"2016-02-01T11:22:30","guid":{"rendered":"http:\/\/agora.xtec.cat\/escolaelcorb\/?page_id=372"},"modified":"2026-02-25T16:23:23","modified_gmt":"2026-02-25T15:23:23","slug":"documents-de-centre","status":"publish","type":"page","link":"https:\/\/agora.xtec.cat\/escolaelcorb\/documents-de-centre\/","title":{"rendered":"Documents de centre"},"content":{"rendered":"\n<p>En aquest espai podeu consultar i descarregar els documents oficials que defineixen la identitat, l&#8217;organitzaci\u00f3 i el funcionament de l&#8217;<strong>Escola El Corb<\/strong>. Aquests documents s\u00f3n el full de ruta que guia la nostra tasca educativa i garanteix la transpar\u00e8ncia en la gesti\u00f3 del cen<\/p>\n\n\n\n<div class=\"wp-block-columns alignwide is-layout-flex wp-container-core-columns-is-layout-1 wp-block-columns-is-layout-flex\" style=\"margin-bottom:0\">\n<div class=\"wp-block-column has-text-color has-background has-link-color wp-elements-d828ba7f7675ecb2511ad246f7f0f8c8 is-layout-flow wp-block-column-is-layout-flow\" style=\"color:#000000;background-color:#ffe97d;padding-top:2em;padding-right:2em;padding-bottom:2em;padding-left:2em\">\n<h2 class=\"wp-block-heading has-text-align-center\" id=\"single\" style=\"font-size:30px\"><strong>Projecte Educatiu<\/strong><\/h2>\n\n\n\n<p class=\"has-normal-font-size\" style=\"line-height:1.5\"><strong>Els pilars pedag\u00f2gics i ling\u00fc\u00edstics que defineixen la nostra escola.<\/strong><\/p>\n\n\n\n<hr class=\"wp-block-separator has-text-color has-css-opacity has-background is-style-wide\" style=\"background-color:#000000;color:#000000\"\/>\n\n\n\n<div class=\"wp-block-buttons alignfull is-horizontal is-content-justification-center is-layout-flex wp-container-core-buttons-is-layout-1 wp-block-buttons-is-layout-flex\">\n<div class=\"wp-block-button has-custom-width wp-block-button__width-100\"><a class=\"wp-block-button__link has-white-color has-text-color has-background no-border-radius wp-element-button\" href=\"https:\/\/drive.google.com\/file\/d\/1fhGpYTI1BUUJvOZdAHt0EfXqA5WCWkhC\/view?usp=drive_link\" style=\"background-color:#000000\" target=\"_blank\" rel=\"noreferrer noopener\">PEC<\/a><\/div>\n\n\n\n<div class=\"wp-block-button has-custom-width wp-block-button__width-100\"><a class=\"wp-block-button__link has-white-color has-text-color has-background no-border-radius wp-element-button\" href=\"https:\/\/drive.google.com\/file\/d\/1vjfYf8bRmMrPn9v5ctv5RbLU3BOWgttK\/view?usp=drive_link\" style=\"background-color:#000000\" target=\"_blank\" rel=\"noreferrer noopener\">Projecte Ling\u00fc\u00edstic<\/a><\/div>\n\n\n\n<div class=\"wp-block-button has-custom-width wp-block-button__width-100\"><a class=\"wp-block-button__link has-white-color has-text-color has-background no-border-radius wp-element-button\" href=\"https:\/\/drive.google.com\/file\/d\/1RXjLeedd8S9f9jo_VI5hPHnvI1C4QM2v\/view?usp=drive_link\" style=\"background-color:#000000\" target=\"_blank\" rel=\"noreferrer noopener\">Projecte de direcci\u00f3<\/a><\/div>\n<\/div>\n<\/div>\n\n\n\n<div class=\"wp-block-column has-text-color has-background has-link-color wp-elements-950e21443996c9777e5434b4ec1c55e0 is-layout-flow wp-block-column-is-layout-flow\" style=\"color:#000000;background-color:#d1d1e1;padding-top:2em;padding-right:2em;padding-bottom:2em;padding-left:2em\">\n<h2 class=\"wp-block-heading has-text-align-center\" id=\"family\" style=\"font-size:30px\"><strong>Conviv\u00e8ncia i Normativa<\/strong><\/h2>\n\n\n\n<p class=\"has-normal-font-size\" style=\"line-height:1.5\"><strong>Els acords i reglaments que garanteixen un bon clima escolar i el respecte mutu.<\/strong><\/p>\n\n\n\n<hr class=\"wp-block-separator has-css-opacity is-style-wide\" style=\"margin-top:0;margin-bottom:0\"\/>\n\n\n\n<div class=\"wp-block-buttons alignfull is-horizontal is-content-justification-center is-layout-flex wp-container-core-buttons-is-layout-2 wp-block-buttons-is-layout-flex\">\n<div class=\"wp-block-button has-custom-width wp-block-button__width-100 is-style-fill\"><a class=\"wp-block-button__link has-white-color has-text-color has-background no-border-radius wp-element-button\" href=\"https:\/\/drive.google.com\/file\/d\/1YPPMvEhSo4Ba0S2zoLKfBFr5nR9hzE-i\/view?usp=drive_link\" style=\"background-color:#000000\" target=\"_blank\" rel=\"noreferrer noopener\">NOFC<\/a><\/div>\n\n\n\n<div class=\"wp-block-button has-custom-width wp-block-button__width-100 is-style-fill\"><a class=\"wp-block-button__link has-white-color has-text-color has-background no-border-radius wp-element-button\" href=\"https:\/\/drive.google.com\/file\/d\/1qiKie5dR0FRughAYgsQjP_booSokj_vt\/view?usp=drive_link\" style=\"background-color:#000000\" target=\"_blank\" rel=\"noreferrer noopener\">Projecte de conviv\u00e8ncia<\/a><\/div>\n<\/div>\n<\/div>\n\n\n\n<div class=\"wp-block-column has-text-color has-background has-link-color wp-elements-fa2377bb45f5a665f3a630eadde6dd35 is-layout-flow wp-block-column-is-layout-flow\" style=\"color:#000000;background-color:#c0ebf1;padding-top:2em;padding-right:2em;padding-bottom:2em;padding-left:2em\">\n<h2 class=\"wp-block-heading has-text-align-center\" id=\"patron\" style=\"font-size:30px\"><strong>Gesti\u00f3 i Acollida<\/strong><\/h2>\n\n\n\n<p class=\"has-normal-font-size\"><strong>Informaci\u00f3 pr\u00e0ctica per al curs actual i el protocol de benvinguda al centre.<\/strong><\/p>\n\n\n\n<hr class=\"wp-block-separator has-css-opacity is-style-wide\"\/>\n\n\n\n<div class=\"wp-block-buttons alignfull is-horizontal is-content-justification-center is-layout-flex wp-container-core-buttons-is-layout-3 wp-block-buttons-is-layout-flex\">\n<div class=\"wp-block-button has-custom-width wp-block-button__width-100\"><a class=\"wp-block-button__link has-white-color has-text-color has-background no-border-radius wp-element-button\" href=\"https:\/\/drive.google.com\/file\/d\/18HMn7pKjLiUyI70qwSEN0alYsKvViaFa\/view?usp=drive_link\" style=\"background-color:#000000\" target=\"_blank\" rel=\"noreferrer noopener\">PGA<\/a><\/div>\n\n\n\n<div class=\"wp-block-button has-custom-width wp-block-button__width-100\"><a class=\"wp-block-button__link has-white-color has-text-color has-background no-border-radius wp-element-button\" href=\"https:\/\/drive.google.com\/file\/d\/1tWgvlmiiuHo9ise3hs8z6Rc-u3nKlGfr\/view?usp=drive_link\" style=\"background-color:#000000\" target=\"_blank\" rel=\"noreferrer noopener\">Pla d&#8217;acollida<\/a><\/div>\n<\/div>\n<\/div>\n<\/div>\n\n\n\n<p><\/p>\n","protected":false},"excerpt":{"rendered":"<p>En aquest espai podeu consultar i descarregar els documents oficials que defineixen la identitat, l&#8217;organitzaci\u00f3 i el funcionament de l&#8217;Escola El Corb. Aquests documents s\u00f3n el full de ruta que guia la nostra tasca educativa i garanteix la transpar\u00e8ncia en la gesti\u00f3 del cen Projecte Educatiu Els pilars pedag\u00f2gics i ling\u00fc\u00edstics que defineixen la nostra [&hellip;]<\/p>\n","protected":false},"author":1,"featured_media":0,"parent":0,"menu_order":0,"comment_status":"closed","ping_status":"closed","template":"","meta":{"site-sidebar-layout":"default","site-content-layout":"","ast-site-content-layout":"default","site-content-style":"default","site-sidebar-style":"default","ast-global-header-display":"","ast-banner-title-visibility":"","ast-main-header-display":"","ast-hfb-above-header-display":"","ast-hfb-below-header-display":"","ast-hfb-mobile-header-display":"","site-post-title":"","ast-breadcrumbs-content":"","ast-featured-img":"","footer-sml-layout":"","theme-transparent-header-meta":"","adv-header-id-meta":"","stick-header-meta":"","header-above-stick-meta":"","header-main-stick-meta":"","header-below-stick-meta":"","astra-migrate-meta-layouts":"set","ast-page-background-enabled":"default","ast-page-background-meta":{"desktop":{"background-color":"var(--ast-global-color-4)","background-image":"","background-repeat":"repeat","background-position":"center center","background-size":"auto","background-attachment":"scroll","background-type":"","background-media":"","overlay-type":"","overlay-color":"","overlay-opacity":"","overlay-gradient":""},"tablet":{"background-color":"","background-image":"","background-repeat":"repeat","background-position":"center center","background-size":"auto","background-attachment":"scroll","background-type":"","background-media":"","overlay-type":"","overlay-color":"","overlay-opacity":"","overlay-gradient":""},"mobile":{"background-color":"","background-image":"","background-repeat":"repeat","background-position":"center center","background-size":"auto","background-attachment":"scroll","background-type":"","background-media":"","overlay-type":"","overlay-color":"","overlay-opacity":"","overlay-gradient":""}},"ast-content-background-meta":{"desktop":{"background-color":"var(--ast-global-color-5)","background-image":"","background-repeat":"repeat","background-position":"center center","background-size":"auto","background-attachment":"scroll","background-type":"","background-media":"","overlay-type":"","overlay-color":"","overlay-opacity":"","overlay-gradient":""},"tablet":{"background-color":"var(--ast-global-color-5)","background-image":"","background-repeat":"repeat","background-position":"center center","background-size":"auto","background-attachment":"scroll","background-type":"","background-media":"","overlay-type":"","overlay-color":"","overlay-opacity":"","overlay-gradient":""},"mobile":{"background-color":"var(--ast-global-color-5)","background-image":"","background-repeat":"repeat","background-position":"center center","background-size":"auto","background-attachment":"scroll","background-type":"","background-media":"","overlay-type":"","overlay-color":"","overlay-opacity":"","overlay-gradient":""}},"footnotes":""},"class_list":["post-372","page","type-page","status-publish","hentry"],"post_mailing_queue_ids":[],"_links":{"self":[{"href":"https:\/\/agora.xtec.cat\/escolaelcorb\/wp-json\/wp\/v2\/pages\/372","targetHints":{"allow":["GET"]}}],"collection":[{"href":"https:\/\/agora.xtec.cat\/escolaelcorb\/wp-json\/wp\/v2\/pages"}],"about":[{"href":"https:\/\/agora.xtec.cat\/escolaelcorb\/wp-json\/wp\/v2\/types\/page"}],"author":[{"embeddable":true,"href":"https:\/\/agora.xtec.cat\/escolaelcorb\/wp-json\/wp\/v2\/users\/1"}],"replies":[{"embeddable":true,"href":"https:\/\/agora.xtec.cat\/escolaelcorb\/wp-json\/wp\/v2\/comments?post=372"}],"version-history":[{"count":5,"href":"https:\/\/agora.xtec.cat\/escolaelcorb\/wp-json\/wp\/v2\/pages\/372\/revisions"}],"predecessor-version":[{"id":6311,"href":"https:\/\/agora.xtec.cat\/escolaelcorb\/wp-json\/wp\/v2\/pages\/372\/revisions\/6311"}],"wp:attachment":[{"href":"https:\/\/agora.xtec.cat\/escolaelcorb\/wp-json\/wp\/v2\/media?parent=372"}],"curies":[{"name":"wp","href":"https:\/\/api.w.org\/{rel}","templated":true}]}}