{"id":36,"date":"2014-09-18T12:33:11","date_gmt":"2014-09-18T11:33:11","guid":{"rendered":"http:\/\/agora.xtec.cat\/escolaelcorb\/?page_id=36"},"modified":"2026-01-26T12:59:22","modified_gmt":"2026-01-26T11:59:22","slug":"material-escolar","status":"publish","type":"page","link":"https:\/\/agora.xtec.cat\/escolaelcorb\/organitzacio\/material-escolar\/","title":{"rendered":"Material Escolar per cicles"},"content":{"rendered":"<h1><strong>MATERIAL ESCOLAR<\/strong><\/h1>\n<p>Les relacions del material necessari per a l\u2019activitat escolar curricular han estat elaborades pel claustre de professorat adequant-les al nivell i\/o cicle que cursa l\u2019alumnat i d\u2019acord amb els objectius establerts en la programaci\u00f3 anual de centre i en cadascuna de les aules i cicles educatius.<\/p>\n<h2><strong>EDUCACI\u00d3 INFANTIL I CICLE INICIAL<\/strong><\/h2>\n<p>Tot el material que es fa servir a la classe \u00e9s d\u2019\u00fas col\u00b7lectiu. L\u2019escola continuar\u00e0 prestant el servei de subministrament de material escolar en el benent\u00e8s que les fam\u00edlies aportaran de forma volunt\u00e0ria la contraprestaci\u00f3 econ\u00f2mica corresponent per sufragar el cost del material del curs . Respectem escrupolosament\u00a0 la condici\u00f3 de car\u00e0cter no lucratiu pel centre.<\/p>\n<p><a href=\"https:\/\/agora.xtec.cat\/escolaelcorb\/wp-content\/uploads\/usu852\/2024\/06\/Material-Infantil-3.pdf\" target=\"_blank\" rel=\"noopener\">MATERIAL INFANTIL<\/a><\/p>\n<p><a href=\"https:\/\/agora.xtec.cat\/escolaelcorb\/wp-content\/uploads\/usu852\/2024\/06\/Material-1r-i-2n-1.pdf\" target=\"_blank\" rel=\"noopener\">MATERIAL CICLE INICIAL<\/a><\/p>\n<h2><strong>EDUCACI\u00d3 PRIM\u00c0RIA<br \/>\n<\/strong><\/h2>\n<p>A partir de cicle mitj\u00e0 s&#8217;utilitza material d\u2019\u00fas individual que han de portar de casa i material d\u2019\u00fas col\u00b7lectiu. L\u2019escola continuar\u00e0 prestant el servei de subministrament de material escolar d\u2019\u00fas col\u00b7lectiu en el benent\u00e8s que les fam\u00edlies aportin de forma volunt\u00e0ria la contraprestaci\u00f3 econ\u00f2mica corresponent per sufragar el cost del material del curs . Respectem escrupolosament\u00a0 la condici\u00f3 de car\u00e0cter no lucratiu pel centre.<\/p>\n<p>Els alumnes han d\u2019utilitzar amb cura i respecte tot el material:<\/p>\n<p><a href=\"https:\/\/agora.xtec.cat\/escolaelcorb\/wp-content\/uploads\/usu852\/2024\/06\/LLISTAT-DE-MATERIAL-CICLE-MITJA.pdf\" target=\"_blank\" rel=\"noopener\">LLISTAT DE MATERIAL CICLE MITJ\u00c0<\/a><\/p>\n<p><a href=\"https:\/\/agora.xtec.cat\/escolaelcorb\/wp-content\/uploads\/usu852\/2024\/06\/LLISTAT-DE-MATERIAL-CICLE-SUPERIOR-1.pdf\" target=\"_blank\" rel=\"noopener\">LLISTAT DE MATERIAL CICLE SUPERIOR<\/a><\/p>\n<p>&nbsp;<\/p>\n","protected":false},"excerpt":{"rendered":"<p>MATERIAL ESCOLAR Les relacions del material necessari per a l\u2019activitat escolar curricular han estat elaborades pel claustre de professorat adequant-les al nivell i\/o cicle que cursa l\u2019alumnat i d\u2019acord amb els objectius establerts en la programaci\u00f3 anual de centre i en cadascuna de les aules i cicles educatius. EDUCACI\u00d3 INFANTIL I CICLE INICIAL Tot el [&hellip;]<\/p>\n","protected":false},"author":1,"featured_media":0,"parent":275,"menu_order":3,"comment_status":"closed","ping_status":"closed","template":"","meta":{"site-sidebar-layout":"default","site-content-layout":"","ast-site-content-layout":"default","site-content-style":"default","site-sidebar-style":"default","ast-global-header-display":"","ast-banner-title-visibility":"","ast-main-header-display":"","ast-hfb-above-header-display":"","ast-hfb-below-header-display":"","ast-hfb-mobile-header-display":"","site-post-title":"","ast-breadcrumbs-content":"","ast-featured-img":"","footer-sml-layout":"","theme-transparent-header-meta":"default","adv-header-id-meta":"","stick-header-meta":"","header-above-stick-meta":"","header-main-stick-meta":"","header-below-stick-meta":"","astra-migrate-meta-layouts":"set","ast-page-background-enabled":"default","ast-page-background-meta":{"desktop":{"background-color":"var(--ast-global-color-4)","background-image":"","background-repeat":"repeat","background-position":"center center","background-size":"auto","background-attachment":"scroll","background-type":"","background-media":"","overlay-type":"","overlay-color":"","overlay-opacity":"","overlay-gradient":""},"tablet":{"background-color":"","background-image":"","background-repeat":"repeat","background-position":"center center","background-size":"auto","background-attachment":"scroll","background-type":"","background-media":"","overlay-type":"","overlay-color":"","overlay-opacity":"","overlay-gradient":""},"mobile":{"background-color":"","background-image":"","background-repeat":"repeat","background-position":"center center","background-size":"auto","background-attachment":"scroll","background-type":"","background-media":"","overlay-type":"","overlay-color":"","overlay-opacity":"","overlay-gradient":""}},"ast-content-background-meta":{"desktop":{"background-color":"var(--ast-global-color-5)","background-image":"","background-repeat":"repeat","background-position":"center center","background-size":"auto","background-attachment":"scroll","background-type":"","background-media":"","overlay-type":"","overlay-color":"","overlay-opacity":"","overlay-gradient":""},"tablet":{"background-color":"var(--ast-global-color-5)","background-image":"","background-repeat":"repeat","background-position":"center center","background-size":"auto","background-attachment":"scroll","background-type":"","background-media":"","overlay-type":"","overlay-color":"","overlay-opacity":"","overlay-gradient":""},"mobile":{"background-color":"var(--ast-global-color-5)","background-image":"","background-repeat":"repeat","background-position":"center center","background-size":"auto","background-attachment":"scroll","background-type":"","background-media":"","overlay-type":"","overlay-color":"","overlay-opacity":"","overlay-gradient":""}},"footnotes":""},"class_list":["post-36","page","type-page","status-publish","hentry"],"post_mailing_queue_ids":[],"_links":{"self":[{"href":"https:\/\/agora.xtec.cat\/escolaelcorb\/wp-json\/wp\/v2\/pages\/36","targetHints":{"allow":["GET"]}}],"collection":[{"href":"https:\/\/agora.xtec.cat\/escolaelcorb\/wp-json\/wp\/v2\/pages"}],"about":[{"href":"https:\/\/agora.xtec.cat\/escolaelcorb\/wp-json\/wp\/v2\/types\/page"}],"author":[{"embeddable":true,"href":"https:\/\/agora.xtec.cat\/escolaelcorb\/wp-json\/wp\/v2\/users\/1"}],"replies":[{"embeddable":true,"href":"https:\/\/agora.xtec.cat\/escolaelcorb\/wp-json\/wp\/v2\/comments?post=36"}],"version-history":[{"count":7,"href":"https:\/\/agora.xtec.cat\/escolaelcorb\/wp-json\/wp\/v2\/pages\/36\/revisions"}],"predecessor-version":[{"id":6156,"href":"https:\/\/agora.xtec.cat\/escolaelcorb\/wp-json\/wp\/v2\/pages\/36\/revisions\/6156"}],"up":[{"embeddable":true,"href":"https:\/\/agora.xtec.cat\/escolaelcorb\/wp-json\/wp\/v2\/pages\/275"}],"wp:attachment":[{"href":"https:\/\/agora.xtec.cat\/escolaelcorb\/wp-json\/wp\/v2\/media?parent=36"}],"curies":[{"name":"wp","href":"https:\/\/api.w.org\/{rel}","templated":true}]}}