{"id":356,"date":"2016-02-01T12:04:02","date_gmt":"2016-02-01T11:04:02","guid":{"rendered":"http:\/\/agora.xtec.cat\/escolaelcorb\/?page_id=356"},"modified":"2026-02-19T18:52:15","modified_gmt":"2026-02-19T17:52:15","slug":"teatre-5e","status":"publish","type":"page","link":"https:\/\/agora.xtec.cat\/escolaelcorb\/projecte-educatiu\/teatre-5e\/","title":{"rendered":"Teatre 5\u00e8"},"content":{"rendered":"<p data-start=\"89\" data-end=\"146\"><span style=\"text-decoration: underline;\"><strong data-start=\"89\" data-end=\"146\">El teatre a cinqu\u00e8: creativitat i expressi\u00f3 en escena<\/strong><\/span><\/p>\n<p data-start=\"148\" data-end=\"363\">A <strong><span style=\"font-size: 16px; font-style: normal;\">cinqu\u00e8 de Prim\u00e0ri<\/span><\/strong><span style=\"font-size: 16px;\"><strong>a<\/strong>, el teatre forma part del treball educatiu al llarg de tot el curs. Durant les sessions d\u2019Educaci\u00f3 Pl\u00e0stica, l\u2019alumnat prepara una obra de teatre que esdev\u00e9 un projecte global i molt enriquidor.<\/span><\/p>\n<p data-start=\"365\" data-end=\"633\">Al llarg del proc\u00e9s, els nens i nenes treballen<strong> l\u2019expressi\u00f3 corpora<\/strong>l i <strong>gestual<\/strong>, creen i <strong>elaboren els decorats<\/strong> i <strong>adapten els personatges<\/strong> de l\u2019obra per fer-los m\u00e9s propers i seus. Aquest treball els permet desenvolupar la creativitat, la confian\u00e7a i el treball en equip.<\/p>\n<p data-start=\"365\" data-end=\"633\">Els alumnes reben suport de l&#8217;A\u00efda Puig, pedagoga teatral, per despertar i potenciar el m\u00e0xim el potencial, a trav\u00e9s de tres tallers que fan al lalrg de l&#8217;any i qu efinancia la nostra AFA.<\/p>\n<p data-start=\"635\" data-end=\"881\">El projecte culmina amb la <strong>representaci\u00f3 final de l\u2019obra<\/strong>, que s\u2019ofereix tant als companys i companyes de l\u2019escola com a les fam\u00edlies. \u00c9s un moment molt esperat, on l\u2019alumnat pot compartir tot l\u2019esfor\u00e7 i l\u2019aprenentatge realitzat al llarg del curs.<\/p>\n<p data-start=\"635\" data-end=\"881\"><a href=\"https:\/\/agora.xtec.cat\/escolaelcorb\/wp-content\/uploads\/usu852\/2026\/01\/Invitacion-Virtual-Obra-de-Teatro-Elegante-Roja-1.jpg\"><img loading=\"lazy\" decoding=\"async\" class=\"alignnone wp-image-6101 size-medium\" src=\"https:\/\/agora.xtec.cat\/escolaelcorb\/wp-content\/uploads\/usu852\/2026\/01\/Invitacion-Virtual-Obra-de-Teatro-Elegante-Roja-1-213x300.jpg\" alt=\"\" width=\"213\" height=\"300\" srcset=\"https:\/\/agora.xtec.cat\/escolaelcorb\/wp-content\/uploads\/usu852\/2026\/01\/Invitacion-Virtual-Obra-de-Teatro-Elegante-Roja-1-213x300.jpg 213w, https:\/\/agora.xtec.cat\/escolaelcorb\/wp-content\/uploads\/usu852\/2026\/01\/Invitacion-Virtual-Obra-de-Teatro-Elegante-Roja-1-726x1024.jpg 726w, https:\/\/agora.xtec.cat\/escolaelcorb\/wp-content\/uploads\/usu852\/2026\/01\/Invitacion-Virtual-Obra-de-Teatro-Elegante-Roja-1-768x1083.jpg 768w, https:\/\/agora.xtec.cat\/escolaelcorb\/wp-content\/uploads\/usu852\/2026\/01\/Invitacion-Virtual-Obra-de-Teatro-Elegante-Roja-1-1090x1536.jpg 1090w, https:\/\/agora.xtec.cat\/escolaelcorb\/wp-content\/uploads\/usu852\/2026\/01\/Invitacion-Virtual-Obra-de-Teatro-Elegante-Roja-1.jpg 1240w\" sizes=\"auto, (max-width: 213px) 100vw, 213px\" \/><\/a><a href=\"https:\/\/agora.xtec.cat\/escolaelcorb\/wp-content\/uploads\/usu852\/2026\/01\/Disseny-sense-titol-7.jpg\"><img loading=\"lazy\" decoding=\"async\" class=\"wp-image-6100 alignleft\" src=\"https:\/\/agora.xtec.cat\/escolaelcorb\/wp-content\/uploads\/usu852\/2026\/01\/Disseny-sense-titol-7-300x201.jpg\" alt=\"\" width=\"376\" height=\"252\" srcset=\"https:\/\/agora.xtec.cat\/escolaelcorb\/wp-content\/uploads\/usu852\/2026\/01\/Disseny-sense-titol-7-300x201.jpg 300w, https:\/\/agora.xtec.cat\/escolaelcorb\/wp-content\/uploads\/usu852\/2026\/01\/Disseny-sense-titol-7-1024x685.jpg 1024w, https:\/\/agora.xtec.cat\/escolaelcorb\/wp-content\/uploads\/usu852\/2026\/01\/Disseny-sense-titol-7-768x514.jpg 768w, https:\/\/agora.xtec.cat\/escolaelcorb\/wp-content\/uploads\/usu852\/2026\/01\/Disseny-sense-titol-7-1536x1028.jpg 1536w, https:\/\/agora.xtec.cat\/escolaelcorb\/wp-content\/uploads\/usu852\/2026\/01\/Disseny-sense-titol-7.jpg 2048w\" sizes=\"auto, (max-width: 376px) 100vw, 376px\" \/><\/a><a href=\"https:\/\/agora.xtec.cat\/escolaelcorb\/wp-content\/uploads\/usu852\/2026\/01\/IMG_20260116_161708-scaled.jpg\"><img loading=\"lazy\" decoding=\"async\" class=\"wp-image-6102 alignleft\" src=\"https:\/\/agora.xtec.cat\/escolaelcorb\/wp-content\/uploads\/usu852\/2026\/01\/IMG_20260116_161708-1024x473.jpg\" alt=\"\" width=\"574\" height=\"265\" srcset=\"https:\/\/agora.xtec.cat\/escolaelcorb\/wp-content\/uploads\/usu852\/2026\/01\/IMG_20260116_161708-1024x473.jpg 1024w, https:\/\/agora.xtec.cat\/escolaelcorb\/wp-content\/uploads\/usu852\/2026\/01\/IMG_20260116_161708-300x138.jpg 300w, https:\/\/agora.xtec.cat\/escolaelcorb\/wp-content\/uploads\/usu852\/2026\/01\/IMG_20260116_161708-768x354.jpg 768w, https:\/\/agora.xtec.cat\/escolaelcorb\/wp-content\/uploads\/usu852\/2026\/01\/IMG_20260116_161708-1536x709.jpg 1536w, https:\/\/agora.xtec.cat\/escolaelcorb\/wp-content\/uploads\/usu852\/2026\/01\/IMG_20260116_161708-2048x945.jpg 2048w\" sizes=\"auto, (max-width: 574px) 100vw, 574px\" \/><\/a><\/p>\n<p>&nbsp;<\/p>\n","protected":false},"excerpt":{"rendered":"<p>El teatre a cinqu\u00e8: creativitat i expressi\u00f3 en escena A cinqu\u00e8 de Prim\u00e0ria, el teatre forma part del treball educatiu al llarg de tot el curs. Durant les sessions d\u2019Educaci\u00f3 Pl\u00e0stica, l\u2019alumnat prepara una obra de teatre que esdev\u00e9 un projecte global i molt enriquidor. Al llarg del proc\u00e9s, els nens i nenes treballen l\u2019expressi\u00f3 [&hellip;]<\/p>\n","protected":false},"author":1,"featured_media":0,"parent":64,"menu_order":4,"comment_status":"closed","ping_status":"closed","template":"","meta":{"site-sidebar-layout":"default","site-content-layout":"","ast-site-content-layout":"default","site-content-style":"default","site-sidebar-style":"default","ast-global-header-display":"","ast-banner-title-visibility":"","ast-main-header-display":"","ast-hfb-above-header-display":"","ast-hfb-below-header-display":"","ast-hfb-mobile-header-display":"","site-post-title":"","ast-breadcrumbs-content":"","ast-featured-img":"","footer-sml-layout":"","theme-transparent-header-meta":"default","adv-header-id-meta":"","stick-header-meta":"","header-above-stick-meta":"","header-main-stick-meta":"","header-below-stick-meta":"","astra-migrate-meta-layouts":"set","ast-page-background-enabled":"default","ast-page-background-meta":{"desktop":{"background-color":"var(--ast-global-color-4)","background-image":"","background-repeat":"repeat","background-position":"center center","background-size":"auto","background-attachment":"scroll","background-type":"","background-media":"","overlay-type":"","overlay-color":"","overlay-opacity":"","overlay-gradient":""},"tablet":{"background-color":"","background-image":"","background-repeat":"repeat","background-position":"center center","background-size":"auto","background-attachment":"scroll","background-type":"","background-media":"","overlay-type":"","overlay-color":"","overlay-opacity":"","overlay-gradient":""},"mobile":{"background-color":"","background-image":"","background-repeat":"repeat","background-position":"center center","background-size":"auto","background-attachment":"scroll","background-type":"","background-media":"","overlay-type":"","overlay-color":"","overlay-opacity":"","overlay-gradient":""}},"ast-content-background-meta":{"desktop":{"background-color":"var(--ast-global-color-5)","background-image":"","background-repeat":"repeat","background-position":"center center","background-size":"auto","background-attachment":"scroll","background-type":"","background-media":"","overlay-type":"","overlay-color":"","overlay-opacity":"","overlay-gradient":""},"tablet":{"background-color":"var(--ast-global-color-5)","background-image":"","background-repeat":"repeat","background-position":"center center","background-size":"auto","background-attachment":"scroll","background-type":"","background-media":"","overlay-type":"","overlay-color":"","overlay-opacity":"","overlay-gradient":""},"mobile":{"background-color":"var(--ast-global-color-5)","background-image":"","background-repeat":"repeat","background-position":"center center","background-size":"auto","background-attachment":"scroll","background-type":"","background-media":"","overlay-type":"","overlay-color":"","overlay-opacity":"","overlay-gradient":""}},"footnotes":""},"class_list":["post-356","page","type-page","status-publish","hentry"],"post_mailing_queue_ids":[],"_links":{"self":[{"href":"https:\/\/agora.xtec.cat\/escolaelcorb\/wp-json\/wp\/v2\/pages\/356","targetHints":{"allow":["GET"]}}],"collection":[{"href":"https:\/\/agora.xtec.cat\/escolaelcorb\/wp-json\/wp\/v2\/pages"}],"about":[{"href":"https:\/\/agora.xtec.cat\/escolaelcorb\/wp-json\/wp\/v2\/types\/page"}],"author":[{"embeddable":true,"href":"https:\/\/agora.xtec.cat\/escolaelcorb\/wp-json\/wp\/v2\/users\/1"}],"replies":[{"embeddable":true,"href":"https:\/\/agora.xtec.cat\/escolaelcorb\/wp-json\/wp\/v2\/comments?post=356"}],"version-history":[{"count":7,"href":"https:\/\/agora.xtec.cat\/escolaelcorb\/wp-json\/wp\/v2\/pages\/356\/revisions"}],"predecessor-version":[{"id":6104,"href":"https:\/\/agora.xtec.cat\/escolaelcorb\/wp-json\/wp\/v2\/pages\/356\/revisions\/6104"}],"up":[{"embeddable":true,"href":"https:\/\/agora.xtec.cat\/escolaelcorb\/wp-json\/wp\/v2\/pages\/64"}],"wp:attachment":[{"href":"https:\/\/agora.xtec.cat\/escolaelcorb\/wp-json\/wp\/v2\/media?parent=356"}],"curies":[{"name":"wp","href":"https:\/\/api.w.org\/{rel}","templated":true}]}}