{"id":1062,"date":"2021-02-25T15:25:32","date_gmt":"2021-02-25T14:25:32","guid":{"rendered":"http:\/\/agora.xtec.cat\/escolaelcorb\/?page_id=1062"},"modified":"2026-04-29T09:41:36","modified_gmt":"2026-04-29T07:41:36","slug":"preinscripcio-i-matricula","status":"publish","type":"page","link":"https:\/\/agora.xtec.cat\/escolaelcorb\/organitzacio\/preinscripcio-i-matricula\/","title":{"rendered":"Preinscripci\u00f3 i matr\u00edcula"},"content":{"rendered":"\n<p>&nbsp;<\/p>\n\n\n\n<figure class=\"wp-block-table aligncenter is-style-regular has-medium-font-size\"><table class=\"has-fixed-layout\"><tbody><tr><td class=\"has-text-align-center\" data-align=\"center\" colspan=\"2\">\n<h5><strong>Calendari preinscripci\u00f3 i matr\u00edcula pel curs 2026-27<\/strong><\/h5>\n<\/td><\/tr><tr><td class=\"has-text-align-center\" data-align=\"center\">\n<h6><strong>Tr\u00e0mit<\/strong><\/h6>\n<\/td><td class=\"has-text-align-center\" data-align=\"center\">\n<h6><strong>Dates<\/strong><\/h6>\n<\/td><\/tr><tr><td class=\"has-text-align-center\" data-align=\"center\">Publicaci\u00f3 oferta inicial de places<\/td><td class=\"has-text-align-center\" data-align=\"center\">clica aqu\u00ed \ud83d\udc49\ud83c\udffc <a href=\"https:\/\/drive.google.com\/file\/d\/1_ZAd3x5pchS2br-O761cQIetj9Hvck0H\/view?usp=sharing\" target=\"_blank\" rel=\"noreferrer noopener\">4 de mar\u00e7<\/a><\/td><\/tr><tr><td class=\"has-text-align-center\" data-align=\"center\"><strong>Presentaci\u00f3 sol\u00b7licituds Educaci\u00f3 Infantil i Prim\u00e0ria<\/strong><\/td><td class=\"has-text-align-center\" data-align=\"center\">clica aqu\u00ed \ud83d\udc49\ud83c\udffc <strong><a href=\"https:\/\/tramits.gencat.cat\/ca\/tramits\/tramits-temes\/perinscripcio-obligatoris?&amp;moda=1\" target=\"_blank\" rel=\"noreferrer noopener\">Del 5 al 17 de mar\u00e7<\/a><\/strong><\/td><\/tr><tr><td class=\"has-text-align-center\" data-align=\"center\">Presentaci\u00f3 documentaci\u00f3 acreditativa<\/td><td class=\"has-text-align-center\" data-align=\"center\">&nbsp;Fins al 19 de mar\u00e7<\/td><\/tr><tr><td class=\"has-text-align-center\" data-align=\"center\"><strong>Publicaci\u00f3 de la llista de sol\u00b7licituds amb la puntuaci\u00f3 provisional<\/strong><\/td><td class=\"has-text-align-center\" data-align=\"center\">clica aqu\u00ed \ud83d\udc49\ud83c\udffc&nbsp;<strong><a href=\"https:\/\/drive.google.com\/file\/d\/1gHXzu0icRZzerv9YvPjWF-ndaRKvJiE1\/view?usp=drive_link\" data-type=\"link\" data-id=\"https:\/\/drive.google.com\/file\/d\/1gHXzu0icRZzerv9YvPjWF-ndaRKvJiE1\/view?usp=drive_link\" target=\"_blank\" rel=\"noreferrer noopener\">15 d&#8217;abril<\/a><\/strong><\/td><\/tr><tr><td class=\"has-text-align-center\" data-align=\"center\">Presentaci\u00f3 de reclamacions a la llista amb la puntuaci\u00f3 provisional<\/td><td class=\"has-text-align-center\" data-align=\"center\">&nbsp;Del 15 al 20 d&#8217;abril<\/td><\/tr><tr><td class=\"has-text-align-center\" data-align=\"center\"><strong>Publicaci\u00f3 de la llista amb la puntuaci\u00f3, resoltes les reclamacions<\/strong><\/td><td class=\"has-text-align-center\" data-align=\"center\">clica aqu\u00ed \ud83d\udc49\ud83c\udffc<strong>&nbsp;<a href=\"https:\/\/drive.google.com\/file\/d\/1Rb_K13dfCo65NqF-tJNekWSDabHyCKlk\/view?usp=drive_link\" data-type=\"page\" data-id=\"1062\">23 d&#8217;abril<\/a><\/strong><\/td><\/tr><tr><td class=\"has-text-align-center\" data-align=\"center\"><strong>Sorteig<\/strong><\/td><td class=\"has-text-align-center\" data-align=\"center\">clica aqu\u00ed \ud83d\udc49\ud83c\udffc&nbsp;<strong><a href=\"https:\/\/drive.google.com\/file\/d\/1YjyXNV8I9TBpH1iSTFqLejbLG9oVIam2\/view?usp=sharing\" target=\"_blank\" rel=\"noreferrer noopener\">28 <\/a><a href=\"https:\/\/drive.google.com\/file\/d\/1cN6zOsZ0pJr-cgmK7ZUWi-0Sl5OTCkOW\/view?usp=sharing\" target=\"_blank\" rel=\"noreferrer noopener\">d<\/a><a href=\"https:\/\/drive.google.com\/file\/d\/1YjyXNV8I9TBpH1iSTFqLejbLG9oVIam2\/view?usp=sharing\" target=\"_blank\" rel=\"noreferrer noopener\">&#8216;abril<\/a><\/strong><\/td><\/tr><tr><td class=\"has-text-align-center\" data-align=\"center\">Publicaci\u00f3 de la llista ordenada<\/td><td class=\"has-text-align-center\" data-align=\"center\">clica aqu\u00ed \ud83d\udc49\ud83c\udffc\u00a0<a href=\"https:\/\/drive.google.com\/file\/d\/19OhmJG6__Vs9XbAyXibrzwK9K0P6mH-R\/view?usp=drive_link\" data-type=\"link\" data-id=\"https:\/\/drive.google.com\/file\/d\/19OhmJG6__Vs9XbAyXibrzwK9K0P6mH-R\/view?usp=drive_link\" target=\"_blank\" rel=\"noreferrer noopener\">30 d&#8217;abril<\/a><\/td><\/tr><tr><td class=\"has-text-align-center\" data-align=\"center\">Publicaci\u00f3 de l\u2019oferta final<\/td><td class=\"has-text-align-center\" data-align=\"center\">&nbsp;10 de juny<\/td><\/tr><tr><td class=\"has-text-align-center\" data-align=\"center\"><strong>Publicaci\u00f3 de la llista d\u2019admesos i la llista d\u2019espera<\/strong><\/td><td class=\"has-text-align-center\" data-align=\"center\">&nbsp;<strong>10 de juny<\/strong><\/td><\/tr><tr><td class=\"has-text-align-center\" data-align=\"center\"><strong>Per\u00edode de matriculaci\u00f3&nbsp;<\/strong><\/td><td class=\"has-text-align-center\" data-align=\"center\">&nbsp;<strong>Del 22 al 30 de juny<\/strong><\/td><\/tr><\/tbody><\/table><\/figure>\n\n\n\n<div class=\"wp-block-buttons alignwide is-content-justification-center is-layout-flex wp-container-core-buttons-is-layout-1 wp-block-buttons-is-layout-flex\">\n<div class=\"wp-block-button\"><a class=\"wp-block-button__link has-light-green-cyan-background-color has-background wp-element-button\" href=\"https:\/\/aplicacions.gestioeducativa.gencat.cat\/ords\/pls\/apex\/f?p=CITA_PREVIA:4::::4:P4_TIPUS_CALENDARI,P4_DOMINI:01_Oblig,08060629\" style=\"border-style:none;border-width:0px;border-radius:0px\" target=\"_blank\" rel=\"noreferrer noopener\">Cita pr\u00e8via per formalitzar la preinscripci\u00f3 CURS 26\/27<\/a><\/div>\n<\/div>\n\n\n\n<ul class=\"wp-block-list\">\n<li><strong>Documentaci\u00f3 gen\u00e8rica:<\/strong>\n<ul class=\"wp-block-list\">\n<li>Llibre de Fam\u00edlia o altres documents relatius de filiaci\u00f3.<\/li>\n\n\n\n<li>DNI del pare, mare o tutor\/a legal de l\u2019alumne.<\/li>\n\n\n\n<li>DNI de l\u2019alumne major de 14 anys, o si t\u00e9 DNI encara que sigui menor de 14 anys.<\/li>\n<\/ul>\n<\/li>\n\n\n\n<li><strong>Documentaci\u00f3 espec\u00edfica<\/strong>&nbsp;(en cas que es vulguin acreditar m\u00e9s&nbsp;<em>punts&nbsp;<\/em>pels criteris generals d\u2019admissi\u00f3):\n<ul class=\"wp-block-list\">\n<li>Contracte laboral o del certificat em\u00e8s per l\u2019empresa, en cas d\u2019al\u00b7legar l\u2019adre\u00e7a del lloc de treball d\u2019un dels tutors.<\/li>\n\n\n\n<li>Certificat de discapacitat d\u2019algun membre de la fam\u00edlia.<\/li>\n\n\n\n<li>Resoluci\u00f3 de la renda garantida de ciutadania.<\/li>\n\n\n\n<li>Carnet de fam\u00edlia nombrosa o monoparental<\/li>\n<\/ul>\n<\/li>\n<\/ul>\n\n\n\n<p>Altres informacions:<\/p>\n\n\n\n<p><a href=\"https:\/\/agora.xtec.cat\/escolaelcorb\/wp-content\/uploads\/usu852\/2024\/02\/zonificacio.png\">Zonificaci\u00f3 escolar de Corbera de Llobregat<\/a><\/p>\n\n\n\n<p>Per a m\u00e9s informaci\u00f3 sobre la preinscripci\u00f3 podeu consultar a la p\u00e0gina del <a href=\"https:\/\/preinscripcio.gencat.cat\/ca\/inici\">Departament<\/a>.<\/p>\n\n\n\n<p>&nbsp;<\/p>\n\n\n\n<div class=\"wp-block-group is-layout-constrained wp-block-group-is-layout-constrained\">\n<h2 class=\"wp-block-heading\">Admissi\u00f3 durant el curs <\/h2>\n\n\n\n<p><strong>NOU!! INFORMACI\u00d3 SOBRE EL PROCEDIMENT D\u2019ADMISSI\u00d3 A UN CENTRE EDUCATIU FORA DEL PROC\u00c9S DE PREINSCRIPCI\u00d3 I AL LLARG DEL CURS ESCOLAR 2025-26<\/strong><\/p>\n\n\n\n<p>Us informem que per a la presentaci\u00f3 de sol\u00b7licituds d\u2019admissi\u00f3 fora de termini pel curs escolar 25-26, cal fer la sol\u00b7licitud en l\u00ednia, mitjan\u00e7ant una sol\u00b7licitud electr\u00f2nica o en suport inform\u00e0tic.<\/p>\n\n\n\n<p>Cal anar a l\u2019enlla\u00e7 seg\u00fcent&nbsp;<a href=\"https:\/\/educacio.gencat.cat\/ca\/tramits\/tramits-temes\/admissio-centre-fora-proces-preinscripcio?category=\" target=\"_blank\" rel=\"noopener\" data-saferedirecturl=\"https:\/\/www.google.com\/url?q=https:\/\/educacio.gencat.cat\/ca\/tramits\/tramits-temes\/admissio-centre-fora-proces-preinscripcio?category%3D&amp;source=gmail&amp;ust=1683875083899000&amp;usg=AOvVaw2QBZayR2nLPJw2anMx8ZKn\">Admissi\u00f3 a un centre educatiu fora del proc\u00e9s de preinscripci\u00f3<\/a><\/p>\n\n\n\n<p>Les fam\u00edlies haureu de fer el proc\u00e9s de preinscripci\u00f3 de manera telem\u00e0tica al web del <a href=\"https:\/\/tramits.gencat.cat\/ca\/tramits\/tramits-temes\/20483-obligatoris?moda=1\">Departament d&#8217;Educaci\u00f3<\/a>.<\/p>\n\n\n\n<p><span class=\"gmail_default\"><span style=\"font-family: inherit; font-size: 1em;\">Documentaci\u00f3 per poder realitzar el <\/span><strong style=\"font-family: inherit; font-size: 1em;\">tr\u00e0mit de la<\/strong><span style=\"font-family: inherit; font-size: 1em;\">&nbsp;<\/span><strong style=\"font-family: inherit; font-size: 1em;\">preinscripci\u00f3.&nbsp;<\/strong><a style=\"font-family: inherit; font-size: 1em;\" href=\"https:\/\/preinscripcio.gencat.cat\/ca\/estudis\/infantil-3-6\/informat\/prepara-documentacio\/\" target=\"_blank\" rel=\"noopener noreferrer\">Prement aqu\u00ed<\/a><span style=\"font-family: inherit; font-size: 1em;\"> podeu consultar la web del Departament sobre la documentaci\u00f3.&nbsp;<\/span><\/span><\/p>\n<\/div>\n\n\n\n<p>&nbsp;<\/p>\n","protected":false},"excerpt":{"rendered":"<p>&nbsp; Calendari preinscripci\u00f3 i matr\u00edcula pel curs 2026-27 Tr\u00e0mit Dates Publicaci\u00f3 oferta inicial de places clica aqu\u00ed \ud83d\udc49\ud83c\udffc 4 de mar\u00e7 Presentaci\u00f3 sol\u00b7licituds Educaci\u00f3 Infantil i Prim\u00e0ria clica aqu\u00ed \ud83d\udc49\ud83c\udffc Del 5 al 17 de mar\u00e7 Presentaci\u00f3 documentaci\u00f3 acreditativa &nbsp;Fins al 19 de mar\u00e7 Publicaci\u00f3 de la llista de sol\u00b7licituds amb la puntuaci\u00f3 provisional clica [&hellip;]<\/p>\n","protected":false},"author":1,"featured_media":6296,"parent":275,"menu_order":1,"comment_status":"closed","ping_status":"closed","template":"","meta":{"site-sidebar-layout":"default","site-content-layout":"","ast-site-content-layout":"default","site-content-style":"default","site-sidebar-style":"default","ast-global-header-display":"","ast-banner-title-visibility":"","ast-main-header-display":"","ast-hfb-above-header-display":"","ast-hfb-below-header-display":"","ast-hfb-mobile-header-display":"","site-post-title":"","ast-breadcrumbs-content":"","ast-featured-img":"","footer-sml-layout":"","theme-transparent-header-meta":"default","adv-header-id-meta":"","stick-header-meta":"","header-above-stick-meta":"","header-main-stick-meta":"","header-below-stick-meta":"","astra-migrate-meta-layouts":"set","ast-page-background-enabled":"default","ast-page-background-meta":{"desktop":{"background-color":"var(--ast-global-color-4)","background-image":"","background-repeat":"repeat","background-position":"center center","background-size":"auto","background-attachment":"scroll","background-type":"","background-media":"","overlay-type":"","overlay-color":"","overlay-opacity":"","overlay-gradient":""},"tablet":{"background-color":"","background-image":"","background-repeat":"repeat","background-position":"center center","background-size":"auto","background-attachment":"scroll","background-type":"","background-media":"","overlay-type":"","overlay-color":"","overlay-opacity":"","overlay-gradient":""},"mobile":{"background-color":"","background-image":"","background-repeat":"repeat","background-position":"center center","background-size":"auto","background-attachment":"scroll","background-type":"","background-media":"","overlay-type":"","overlay-color":"","overlay-opacity":"","overlay-gradient":""}},"ast-content-background-meta":{"desktop":{"background-color":"var(--ast-global-color-5)","background-image":"","background-repeat":"repeat","background-position":"center center","background-size":"auto","background-attachment":"scroll","background-type":"","background-media":"","overlay-type":"","overlay-color":"","overlay-opacity":"","overlay-gradient":""},"tablet":{"background-color":"var(--ast-global-color-5)","background-image":"","background-repeat":"repeat","background-position":"center center","background-size":"auto","background-attachment":"scroll","background-type":"","background-media":"","overlay-type":"","overlay-color":"","overlay-opacity":"","overlay-gradient":""},"mobile":{"background-color":"var(--ast-global-color-5)","background-image":"","background-repeat":"repeat","background-position":"center center","background-size":"auto","background-attachment":"scroll","background-type":"","background-media":"","overlay-type":"","overlay-color":"","overlay-opacity":"","overlay-gradient":""}},"footnotes":""},"class_list":["post-1062","page","type-page","status-publish","has-post-thumbnail","hentry"],"post_mailing_queue_ids":[],"_links":{"self":[{"href":"https:\/\/agora.xtec.cat\/escolaelcorb\/wp-json\/wp\/v2\/pages\/1062","targetHints":{"allow":["GET"]}}],"collection":[{"href":"https:\/\/agora.xtec.cat\/escolaelcorb\/wp-json\/wp\/v2\/pages"}],"about":[{"href":"https:\/\/agora.xtec.cat\/escolaelcorb\/wp-json\/wp\/v2\/types\/page"}],"author":[{"embeddable":true,"href":"https:\/\/agora.xtec.cat\/escolaelcorb\/wp-json\/wp\/v2\/users\/1"}],"replies":[{"embeddable":true,"href":"https:\/\/agora.xtec.cat\/escolaelcorb\/wp-json\/wp\/v2\/comments?post=1062"}],"version-history":[{"count":6,"href":"https:\/\/agora.xtec.cat\/escolaelcorb\/wp-json\/wp\/v2\/pages\/1062\/revisions"}],"predecessor-version":[{"id":7073,"href":"https:\/\/agora.xtec.cat\/escolaelcorb\/wp-json\/wp\/v2\/pages\/1062\/revisions\/7073"}],"up":[{"embeddable":true,"href":"https:\/\/agora.xtec.cat\/escolaelcorb\/wp-json\/wp\/v2\/pages\/275"}],"wp:featuredmedia":[{"embeddable":true,"href":"https:\/\/agora.xtec.cat\/escolaelcorb\/wp-json\/wp\/v2\/media\/6296"}],"wp:attachment":[{"href":"https:\/\/agora.xtec.cat\/escolaelcorb\/wp-json\/wp\/v2\/media?parent=1062"}],"curies":[{"name":"wp","href":"https:\/\/api.w.org\/{rel}","templated":true}]}}