{"id":871,"date":"2018-10-31T12:34:03","date_gmt":"2018-10-31T11:34:03","guid":{"rendered":"http:\/\/agora.xtec.cat\/escolaelcolomer\/?page_id=871"},"modified":"2025-02-23T18:27:15","modified_gmt":"2025-02-23T17:27:15","slug":"horari-secretaria","status":"publish","type":"page","link":"https:\/\/agora.xtec.cat\/escolaelcolomer\/horari-secretaria\/","title":{"rendered":"Horari Secretaria"},"content":{"rendered":"<p><strong>L&#8217;horari d&#8217;atenci\u00f3 al p\u00fablic de Secretaria \u00e9s de dilluns a divendres de 9.00h a 13.00h i de 15h a 16.30h (excepte divendres a la tarda).\u00a0<\/strong><\/p>\n<p>Podeu trucar al n\u00famero de tel\u00e8fon del centre: 93 865 76 82, i us atendrem telef\u00f2nicament.<\/p>\n<p>Tamb\u00e9 podem fer un correu electr\u00f2nic a l&#8217;escola: escolaelcolomer@xtec.cat<\/p>\n<p>Moltes gr\u00e0cies!<\/p>\n<p>Secretaria<\/p>\n","protected":false},"excerpt":{"rendered":"<p>L&#8217;horari d&#8217;atenci\u00f3 al p\u00fablic de Secretaria \u00e9s de dilluns a divendres de 9.00h a 13.00h i de 15h a 16.30h (excepte divendres a la tarda).\u00a0<br \/>\nPodeu trucar al n\u00famero de tel\u00e8fon del centre: 93 865 76 82, i us atendrem telef\u00f2nicament.<br \/>\nTamb\u00e9 podem fer un correu electr\u00f2nic&hellip;  <a href=\"https:\/\/agora.xtec.cat\/escolaelcolomer\/horari-secretaria\/\" title=\"Read Horari Secretaria\">Llegeix m\u00e9s\u00bb<\/a><\/p>\n","protected":false},"author":3,"featured_media":0,"parent":0,"menu_order":0,"comment_status":"closed","ping_status":"closed","template":"","meta":{"_bbp_topic_count":0,"_bbp_reply_count":0,"_bbp_total_topic_count":0,"_bbp_total_reply_count":0,"_bbp_voice_count":0,"_bbp_anonymous_reply_count":0,"_bbp_topic_count_hidden":0,"_bbp_reply_count_hidden":0,"_bbp_forum_subforum_count":0,"footnotes":""},"class_list":["post-871","page","type-page","status-publish","hentry"],"post_mailing_queue_ids":[],"_links":{"self":[{"href":"https:\/\/agora.xtec.cat\/escolaelcolomer\/wp-json\/wp\/v2\/pages\/871","targetHints":{"allow":["GET"]}}],"collection":[{"href":"https:\/\/agora.xtec.cat\/escolaelcolomer\/wp-json\/wp\/v2\/pages"}],"about":[{"href":"https:\/\/agora.xtec.cat\/escolaelcolomer\/wp-json\/wp\/v2\/types\/page"}],"author":[{"embeddable":true,"href":"https:\/\/agora.xtec.cat\/escolaelcolomer\/wp-json\/wp\/v2\/users\/3"}],"replies":[{"embeddable":true,"href":"https:\/\/agora.xtec.cat\/escolaelcolomer\/wp-json\/wp\/v2\/comments?post=871"}],"version-history":[{"count":4,"href":"https:\/\/agora.xtec.cat\/escolaelcolomer\/wp-json\/wp\/v2\/pages\/871\/revisions"}],"predecessor-version":[{"id":4729,"href":"https:\/\/agora.xtec.cat\/escolaelcolomer\/wp-json\/wp\/v2\/pages\/871\/revisions\/4729"}],"wp:attachment":[{"href":"https:\/\/agora.xtec.cat\/escolaelcolomer\/wp-json\/wp\/v2\/media?parent=871"}],"curies":[{"name":"wp","href":"https:\/\/api.w.org\/{rel}","templated":true}]}}