{"id":80,"date":"2014-09-18T14:09:48","date_gmt":"2014-09-18T13:09:48","guid":{"rendered":"http:\/\/agora.xtec.cat\/escolaelcolomer\/?page_id=80"},"modified":"2020-02-19T14:02:21","modified_gmt":"2020-02-19T13:02:21","slug":"transport-escolar","status":"publish","type":"page","link":"https:\/\/agora.xtec.cat\/escolaelcolomer\/serveis\/transport-escolar\/","title":{"rendered":"Transport Escolar"},"content":{"rendered":"<p>No disposem de transport escolar.<\/p>\n<p>Hi ha parada d&#8217;autob\u00fas de les l\u00ednies 377, 382, 383 (a 200 m. de l&#8217;escola) dels Transports p\u00fablics de la Generalitat de Catalunya.<\/p>\n<p><a href=\"https:\/\/agora.xtec.cat\/escolaelcolomer\/wp-content\/uploads\/usu1894\/2020\/02\/mapa-bus.jpg\"><img loading=\"lazy\" decoding=\"async\" class=\"alignnone size-large wp-image-1792\" src=\"https:\/\/agora.xtec.cat\/escolaelcolomer\/wp-content\/uploads\/usu1894\/2020\/02\/mapa-bus-1024x671.jpg\" alt=\"\" width=\"1024\" height=\"671\" srcset=\"https:\/\/agora.xtec.cat\/escolaelcolomer\/wp-content\/uploads\/usu1894\/2020\/02\/mapa-bus-1024x671.jpg 1024w, https:\/\/agora.xtec.cat\/escolaelcolomer\/wp-content\/uploads\/usu1894\/2020\/02\/mapa-bus-300x197.jpg 300w, https:\/\/agora.xtec.cat\/escolaelcolomer\/wp-content\/uploads\/usu1894\/2020\/02\/mapa-bus-768x504.jpg 768w, https:\/\/agora.xtec.cat\/escolaelcolomer\/wp-content\/uploads\/usu1894\/2020\/02\/mapa-bus.jpg 1153w\" sizes=\"auto, (max-width: 1024px) 100vw, 1024px\" \/><\/a><\/p>\n","protected":false},"excerpt":{"rendered":"<p>No disposem de transport escolar.<br \/>\nHi ha parada d&#8217;autob\u00fas de les l\u00ednies 377, 382, 383 (a 200 m. de l&#8217;escola) dels Transports p\u00fablics de la Generalitat de Catalunya.<br \/>\n<a href=\"https:\/\/agora.xtec.cat\/escolaelcolomer\/wp-content\/uploads\/usu1894\/2020\/02\/mapa-bus.jpg\"><\/a><\/p>\n","protected":false},"author":1,"featured_media":0,"parent":66,"menu_order":40,"comment_status":"closed","ping_status":"closed","template":"page-templates\/side-menu.php","meta":{"_bbp_topic_count":0,"_bbp_reply_count":0,"_bbp_total_topic_count":0,"_bbp_total_reply_count":0,"_bbp_voice_count":0,"_bbp_anonymous_reply_count":0,"_bbp_topic_count_hidden":0,"_bbp_reply_count_hidden":0,"_bbp_forum_subforum_count":0,"footnotes":""},"class_list":["post-80","page","type-page","status-publish","hentry"],"post_mailing_queue_ids":[],"_links":{"self":[{"href":"https:\/\/agora.xtec.cat\/escolaelcolomer\/wp-json\/wp\/v2\/pages\/80","targetHints":{"allow":["GET"]}}],"collection":[{"href":"https:\/\/agora.xtec.cat\/escolaelcolomer\/wp-json\/wp\/v2\/pages"}],"about":[{"href":"https:\/\/agora.xtec.cat\/escolaelcolomer\/wp-json\/wp\/v2\/types\/page"}],"author":[{"embeddable":true,"href":"https:\/\/agora.xtec.cat\/escolaelcolomer\/wp-json\/wp\/v2\/users\/1"}],"replies":[{"embeddable":true,"href":"https:\/\/agora.xtec.cat\/escolaelcolomer\/wp-json\/wp\/v2\/comments?post=80"}],"version-history":[{"count":3,"href":"https:\/\/agora.xtec.cat\/escolaelcolomer\/wp-json\/wp\/v2\/pages\/80\/revisions"}],"predecessor-version":[{"id":1794,"href":"https:\/\/agora.xtec.cat\/escolaelcolomer\/wp-json\/wp\/v2\/pages\/80\/revisions\/1794"}],"up":[{"embeddable":true,"href":"https:\/\/agora.xtec.cat\/escolaelcolomer\/wp-json\/wp\/v2\/pages\/66"}],"wp:attachment":[{"href":"https:\/\/agora.xtec.cat\/escolaelcolomer\/wp-json\/wp\/v2\/media?parent=80"}],"curies":[{"name":"wp","href":"https:\/\/api.w.org\/{rel}","templated":true}]}}