{"id":73,"date":"2014-09-18T14:01:51","date_gmt":"2014-09-18T13:01:51","guid":{"rendered":"http:\/\/agora.xtec.cat\/escolaelcolomer\/?page_id=73"},"modified":"2025-02-23T18:43:09","modified_gmt":"2025-02-23T17:43:09","slug":"menjador-escolar","status":"publish","type":"page","link":"https:\/\/agora.xtec.cat\/escolaelcolomer\/serveis\/menjador-escolar\/","title":{"rendered":"Menjador escolar"},"content":{"rendered":"<p>Benvolgudes fam\u00edlies,<\/p>\n<p>L&#8217;Escola El Colomer disposa d&#8217;una cuina pr\u00f2pia, que gestiona una empresa externa. Cada dia es cuina per a l&#8217;alumnat de l&#8217;escola, personal docent i no docent.<\/p>\n<p>Des del Consell Escolar de centre hi ha establerta una Comissi\u00f3 de menjador, formada per representants de mestres, representants de fam\u00edlies, representants de l&#8217;AFA, representant de l&#8217;Ajuntament, representants d&#8217;alumnes de Cicle Superior, representants de l&#8217;empresa i la Direcci\u00f3 del Centre. Aquesta comissi\u00f3 de menjador es reuneix cada trimestre i fa un seguiment i valoraci\u00f3 del servei de menjador.<\/p>\n<p>A l&#8217;escola s&#8217;estableixen dos trons per dinar: primer torn l&#8217;alumnat d&#8217;I3 a 2n de prim\u00e0ria, i el segon torn de 3r a 6\u00e8 de prim\u00e0ria. L&#8217;alumnat d&#8217;I3 fa la migdiada despr\u00e9s de dinar, la resta de grups realitzen diferents activitats l\u00fadiques dirigides pels monitors\/es.<\/p>\n","protected":false},"excerpt":{"rendered":"<p>Benvolgudes fam\u00edlies,<br \/>\nL&#8217;Escola El Colomer disposa d&#8217;una cuina pr\u00f2pia, que gestiona una empresa externa. Cada dia es cuina per a l&#8217;alumnat de l&#8217;escola, personal docent i no docent.<br \/>\nDes del Consell Escolar de centre hi ha establerta una Comissi\u00f3 de menjador, formada per representants de mestres, representants&hellip;  <a href=\"https:\/\/agora.xtec.cat\/escolaelcolomer\/serveis\/menjador-escolar\/\" title=\"Read Menjador escolar\">Llegeix m\u00e9s\u00bb<\/a><\/p>\n","protected":false},"author":1,"featured_media":0,"parent":66,"menu_order":30,"comment_status":"closed","ping_status":"closed","template":"page-templates\/side-menu.php","meta":{"_bbp_topic_count":0,"_bbp_reply_count":0,"_bbp_total_topic_count":0,"_bbp_total_reply_count":0,"_bbp_voice_count":0,"_bbp_anonymous_reply_count":0,"_bbp_topic_count_hidden":0,"_bbp_reply_count_hidden":0,"_bbp_forum_subforum_count":0,"footnotes":""},"class_list":["post-73","page","type-page","status-publish","hentry"],"post_mailing_queue_ids":[],"_links":{"self":[{"href":"https:\/\/agora.xtec.cat\/escolaelcolomer\/wp-json\/wp\/v2\/pages\/73","targetHints":{"allow":["GET"]}}],"collection":[{"href":"https:\/\/agora.xtec.cat\/escolaelcolomer\/wp-json\/wp\/v2\/pages"}],"about":[{"href":"https:\/\/agora.xtec.cat\/escolaelcolomer\/wp-json\/wp\/v2\/types\/page"}],"author":[{"embeddable":true,"href":"https:\/\/agora.xtec.cat\/escolaelcolomer\/wp-json\/wp\/v2\/users\/1"}],"replies":[{"embeddable":true,"href":"https:\/\/agora.xtec.cat\/escolaelcolomer\/wp-json\/wp\/v2\/comments?post=73"}],"version-history":[{"count":2,"href":"https:\/\/agora.xtec.cat\/escolaelcolomer\/wp-json\/wp\/v2\/pages\/73\/revisions"}],"predecessor-version":[{"id":4732,"href":"https:\/\/agora.xtec.cat\/escolaelcolomer\/wp-json\/wp\/v2\/pages\/73\/revisions\/4732"}],"up":[{"embeddable":true,"href":"https:\/\/agora.xtec.cat\/escolaelcolomer\/wp-json\/wp\/v2\/pages\/66"}],"wp:attachment":[{"href":"https:\/\/agora.xtec.cat\/escolaelcolomer\/wp-json\/wp\/v2\/media?parent=73"}],"curies":[{"name":"wp","href":"https:\/\/api.w.org\/{rel}","templated":true}]}}