{"id":4851,"date":"2025-04-01T19:33:39","date_gmt":"2025-04-01T17:33:39","guid":{"rendered":"https:\/\/agora.xtec.cat\/escolaelcolomer\/?page_id=4851"},"modified":"2025-07-18T12:00:09","modified_gmt":"2025-07-18T10:00:09","slug":"educacio-infantil","status":"publish","type":"page","link":"https:\/\/agora.xtec.cat\/escolaelcolomer\/educacio-infantil\/","title":{"rendered":"Educaci\u00f3 Infantil"},"content":{"rendered":"<p data-start=\"144\" data-end=\"197\"><strong data-start=\"144\" data-end=\"197\">Com treballem les matem\u00e0tiques a la nostra escola<\/strong><\/p>\n<p data-start=\"199\" data-end=\"736\">A l&#8217;Escola El Colomer entenem les matem\u00e0tiques com una eina fonamental per entendre i actuar en el m\u00f3n. Treballem aquesta \u00e0rea mitjan\u00e7ant metodologies actives i vivencials, que parteixen de situacions properes a l\u2019alumnat i fomenten la comprensi\u00f3, el raonament i la resoluci\u00f3 de problemes. Acompanyem els infants en el desenvolupament del pensament l\u00f2gic, cr\u00edtic i creatiu, promovent l\u2019autonomia i el treball cooperatiu. L\u2019objectiu \u00e9s que l\u2019alumnat visqui les matem\u00e0tiques com una experi\u00e8ncia significativa i funcional per al seu dia a dia.<\/p>\n<p data-start=\"199\" data-end=\"736\">Per aix\u00f2, compartim uns v\u00eddeos del treball previ que fem a l&#8217;etapa d&#8217;infantil per tal de crear unes bones bases de conceptes matem\u00e0tics.<\/p>\n<p><strong>Educaci\u00f3 Infantil 4 anys: Seriacions<\/strong><\/p>\n<p><iframe loading=\"lazy\" title=\"Seriacions I4\" width=\"500\" height=\"281\" src=\"https:\/\/www.youtube.com\/embed\/-x8kIr1MgQI?feature=oembed\" frameborder=\"0\" allow=\"accelerometer; autoplay; clipboard-write; encrypted-media; gyroscope; picture-in-picture; web-share\" referrerpolicy=\"strict-origin-when-cross-origin\" allowfullscreen><\/iframe><\/p>\n<p><strong>Educaci\u00f3 Infantil 4 anys:<\/strong> <strong>Raonament i l\u00f2gica I4<\/strong><\/p>\n<p><iframe loading=\"lazy\" title=\"Domino raonament i l\u00f2gica I4\" width=\"500\" height=\"281\" src=\"https:\/\/www.youtube.com\/embed\/LwCXG84fI38?feature=oembed\" frameborder=\"0\" allow=\"accelerometer; autoplay; clipboard-write; encrypted-media; gyroscope; picture-in-picture; web-share\" referrerpolicy=\"strict-origin-when-cross-origin\" allowfullscreen><\/iframe><\/p>\n<p><strong>Educaci\u00f3 Infantil 5 anys: Paret del 10<\/strong><\/p>\n<p><iframe loading=\"lazy\" title=\"Paret del 10 I5\" width=\"500\" height=\"281\" src=\"https:\/\/www.youtube.com\/embed\/s0VNdRhUDMw?feature=oembed\" frameborder=\"0\" allow=\"accelerometer; autoplay; clipboard-write; encrypted-media; gyroscope; picture-in-picture; web-share\" referrerpolicy=\"strict-origin-when-cross-origin\" allowfullscreen><\/iframe><\/p>\n<p><b>Compartim i aprenem!<\/b><\/p>\n","protected":false},"excerpt":{"rendered":"<p>Com treballem les matem\u00e0tiques a la nostra escola<br \/>\nA l&#8217;Escola El Colomer entenem les matem\u00e0tiques com una eina fonamental per entendre i actuar en el m\u00f3n. Treballem aquesta \u00e0rea mitjan\u00e7ant metodologies actives i vivencials, que parteixen de situacions properes a l\u2019alumnat i fomenten la comprensi\u00f3, el&hellip;  <a href=\"https:\/\/agora.xtec.cat\/escolaelcolomer\/educacio-infantil\/\" title=\"Read Educaci\u00f3 Infantil\">Llegeix m\u00e9s\u00bb<\/a><\/p>\n","protected":false},"author":60,"featured_media":0,"parent":0,"menu_order":0,"comment_status":"closed","ping_status":"closed","template":"","meta":{"_bbp_topic_count":0,"_bbp_reply_count":0,"_bbp_total_topic_count":0,"_bbp_total_reply_count":0,"_bbp_voice_count":0,"_bbp_anonymous_reply_count":0,"_bbp_topic_count_hidden":0,"_bbp_reply_count_hidden":0,"_bbp_forum_subforum_count":0,"footnotes":""},"class_list":["post-4851","page","type-page","status-publish","hentry"],"post_mailing_queue_ids":[],"_links":{"self":[{"href":"https:\/\/agora.xtec.cat\/escolaelcolomer\/wp-json\/wp\/v2\/pages\/4851","targetHints":{"allow":["GET"]}}],"collection":[{"href":"https:\/\/agora.xtec.cat\/escolaelcolomer\/wp-json\/wp\/v2\/pages"}],"about":[{"href":"https:\/\/agora.xtec.cat\/escolaelcolomer\/wp-json\/wp\/v2\/types\/page"}],"author":[{"embeddable":true,"href":"https:\/\/agora.xtec.cat\/escolaelcolomer\/wp-json\/wp\/v2\/users\/60"}],"replies":[{"embeddable":true,"href":"https:\/\/agora.xtec.cat\/escolaelcolomer\/wp-json\/wp\/v2\/comments?post=4851"}],"version-history":[{"count":4,"href":"https:\/\/agora.xtec.cat\/escolaelcolomer\/wp-json\/wp\/v2\/pages\/4851\/revisions"}],"predecessor-version":[{"id":5016,"href":"https:\/\/agora.xtec.cat\/escolaelcolomer\/wp-json\/wp\/v2\/pages\/4851\/revisions\/5016"}],"wp:attachment":[{"href":"https:\/\/agora.xtec.cat\/escolaelcolomer\/wp-json\/wp\/v2\/media?parent=4851"}],"curies":[{"name":"wp","href":"https:\/\/api.w.org\/{rel}","templated":true}]}}