{"id":30,"date":"2014-09-18T12:30:23","date_gmt":"2014-09-18T11:30:23","guid":{"rendered":"http:\/\/agora.xtec.cat\/escolaelcolomer\/?page_id=30"},"modified":"2018-11-13T23:47:12","modified_gmt":"2018-11-13T22:47:12","slug":"instal%c2%b7lacions","status":"publish","type":"page","link":"https:\/\/agora.xtec.cat\/escolaelcolomer\/lescola\/instal%c2%b7lacions\/","title":{"rendered":"Instal\u00b7lacions"},"content":{"rendered":"<p>L&#8217;Escola est\u00e0 formada per dos edificis principals i una sala polivalent. L&#8217;edifici d&#8217;Infantil consta d&#8217;aules ordin\u00e0ries dels diferents cursos de P3 fins a P5, tamb\u00e9 d&#8217;una aula de psicomotricitat i una aula de refor\u00e7. Aquestes aules incorporen uns patis individuals a la part externa.<\/p>\n<p>L&#8217;edifici de Prim\u00e0ria, est\u00e0 format per tres plantes. A la planta inferior es troben ubicades les aules d&#8217;especialitats (angl\u00e8s, m\u00fasica i pl\u00e0stica) aix\u00ed com el menjador i la cuina. Al primer pis, que \u00e9s la planta per on s&#8217;entra a l&#8217;edifici principal, trobem les aules de 1r i 2n, la biblioteca, aules de refor\u00e7 i material i els despatxos de l&#8217;Equip directiu aix\u00ed com de consergeria i administraci\u00f3.<\/p>\n<p>Finalment en el segon pis, es troben la resta d&#8217;aules, de 3r fins a 6\u00e8, aules de refor\u00e7 i material, l&#8217;aula d&#8217;Educaci\u00f3 Especial i la sala de mestres o reunions.<\/p>\n<p>Totes les plantes compten amb lavabos de nens i nenes i de mestres.<\/p>\n<p><a href=\"http:\/\/agora.xtec.cat\/escolaelcolomer\/wp-content\/uploads\/usu1894\/2018\/09\/resized_P2260039-2.jpg\"><img loading=\"lazy\" decoding=\"async\" class=\"alignnone wp-image-555\" src=\"http:\/\/agora.xtec.cat\/escolaelcolomer\/wp-content\/uploads\/usu1894\/2018\/09\/resized_P2260039-2-1024x768.jpg\" alt=\"\" width=\"257\" height=\"193\" srcset=\"https:\/\/agora.xtec.cat\/escolaelcolomer\/wp-content\/uploads\/usu1894\/2018\/09\/resized_P2260039-2-1024x768.jpg 1024w, https:\/\/agora.xtec.cat\/escolaelcolomer\/wp-content\/uploads\/usu1894\/2018\/09\/resized_P2260039-2-300x225.jpg 300w, https:\/\/agora.xtec.cat\/escolaelcolomer\/wp-content\/uploads\/usu1894\/2018\/09\/resized_P2260039-2-768x576.jpg 768w, https:\/\/agora.xtec.cat\/escolaelcolomer\/wp-content\/uploads\/usu1894\/2018\/09\/resized_P2260039-2-200x150.jpg 200w\" sizes=\"auto, (max-width: 257px) 100vw, 257px\" \/><\/a> <a href=\"http:\/\/agora.xtec.cat\/escolaelcolomer\/wp-content\/uploads\/usu1894\/2018\/09\/resized_P2260038-2.jpg\"><img loading=\"lazy\" decoding=\"async\" class=\"alignnone wp-image-554\" src=\"http:\/\/agora.xtec.cat\/escolaelcolomer\/wp-content\/uploads\/usu1894\/2018\/09\/resized_P2260038-2-1024x768.jpg\" alt=\"\" width=\"254\" height=\"191\" srcset=\"https:\/\/agora.xtec.cat\/escolaelcolomer\/wp-content\/uploads\/usu1894\/2018\/09\/resized_P2260038-2-1024x768.jpg 1024w, https:\/\/agora.xtec.cat\/escolaelcolomer\/wp-content\/uploads\/usu1894\/2018\/09\/resized_P2260038-2-300x225.jpg 300w, https:\/\/agora.xtec.cat\/escolaelcolomer\/wp-content\/uploads\/usu1894\/2018\/09\/resized_P2260038-2-768x576.jpg 768w, https:\/\/agora.xtec.cat\/escolaelcolomer\/wp-content\/uploads\/usu1894\/2018\/09\/resized_P2260038-2-200x150.jpg 200w\" sizes=\"auto, (max-width: 254px) 100vw, 254px\" \/><\/a> <a href=\"http:\/\/agora.xtec.cat\/escolaelcolomer\/wp-content\/uploads\/usu1894\/2018\/09\/resized_P2260049.jpg\"><img loading=\"lazy\" decoding=\"async\" class=\"alignnone wp-image-482\" src=\"http:\/\/agora.xtec.cat\/escolaelcolomer\/wp-content\/uploads\/usu1894\/2018\/09\/resized_P2260049-1024x768.jpg\" alt=\"\" width=\"254\" height=\"191\" srcset=\"https:\/\/agora.xtec.cat\/escolaelcolomer\/wp-content\/uploads\/usu1894\/2018\/09\/resized_P2260049-1024x768.jpg 1024w, https:\/\/agora.xtec.cat\/escolaelcolomer\/wp-content\/uploads\/usu1894\/2018\/09\/resized_P2260049-300x225.jpg 300w, https:\/\/agora.xtec.cat\/escolaelcolomer\/wp-content\/uploads\/usu1894\/2018\/09\/resized_P2260049-768x576.jpg 768w, https:\/\/agora.xtec.cat\/escolaelcolomer\/wp-content\/uploads\/usu1894\/2018\/09\/resized_P2260049-200x150.jpg 200w\" sizes=\"auto, (max-width: 254px) 100vw, 254px\" \/><\/a><\/p>\n<p>L&#8217;escola tamb\u00e9 compta amb uns patis destinats als diferents cursos. A la part inferior trobem el pati d&#8217;infantil, amb el sorral i l&#8217;hort. A la part superior, tamb\u00e9 trobem el gimn\u00e0s o sala polivalent, els lavabos i vestidors i la pista poliesportiva amb les cistelles, porteries i recent roc\u00f2drom.<\/p>\n","protected":false},"excerpt":{"rendered":"<p>L&#8217;Escola est\u00e0 formada per dos edificis principals i una sala polivalent. L&#8217;edifici d&#8217;Infantil consta d&#8217;aules ordin\u00e0ries dels diferents cursos de P3 fins a P5, tamb\u00e9 d&#8217;una aula de psicomotricitat i una aula de refor\u00e7. Aquestes aules incorporen uns patis individuals a la part externa.<br \/>\nL&#8217;edifici de&hellip;  <a href=\"https:\/\/agora.xtec.cat\/escolaelcolomer\/lescola\/instal%c2%b7lacions\/\" title=\"Read Instal\u00b7lacions\">Llegeix m\u00e9s\u00bb<\/a><\/p>\n","protected":false},"author":1,"featured_media":0,"parent":22,"menu_order":40,"comment_status":"closed","ping_status":"closed","template":"page-templates\/side-menu.php","meta":{"_bbp_topic_count":0,"_bbp_reply_count":0,"_bbp_total_topic_count":0,"_bbp_total_reply_count":0,"_bbp_voice_count":0,"_bbp_anonymous_reply_count":0,"_bbp_topic_count_hidden":0,"_bbp_reply_count_hidden":0,"_bbp_forum_subforum_count":0,"footnotes":""},"class_list":["post-30","page","type-page","status-publish","hentry"],"post_mailing_queue_ids":[],"_links":{"self":[{"href":"https:\/\/agora.xtec.cat\/escolaelcolomer\/wp-json\/wp\/v2\/pages\/30","targetHints":{"allow":["GET"]}}],"collection":[{"href":"https:\/\/agora.xtec.cat\/escolaelcolomer\/wp-json\/wp\/v2\/pages"}],"about":[{"href":"https:\/\/agora.xtec.cat\/escolaelcolomer\/wp-json\/wp\/v2\/types\/page"}],"author":[{"embeddable":true,"href":"https:\/\/agora.xtec.cat\/escolaelcolomer\/wp-json\/wp\/v2\/users\/1"}],"replies":[{"embeddable":true,"href":"https:\/\/agora.xtec.cat\/escolaelcolomer\/wp-json\/wp\/v2\/comments?post=30"}],"version-history":[{"count":4,"href":"https:\/\/agora.xtec.cat\/escolaelcolomer\/wp-json\/wp\/v2\/pages\/30\/revisions"}],"predecessor-version":[{"id":1019,"href":"https:\/\/agora.xtec.cat\/escolaelcolomer\/wp-json\/wp\/v2\/pages\/30\/revisions\/1019"}],"up":[{"embeddable":true,"href":"https:\/\/agora.xtec.cat\/escolaelcolomer\/wp-json\/wp\/v2\/pages\/22"}],"wp:attachment":[{"href":"https:\/\/agora.xtec.cat\/escolaelcolomer\/wp-json\/wp\/v2\/media?parent=30"}],"curies":[{"name":"wp","href":"https:\/\/api.w.org\/{rel}","templated":true}]}}