{"id":28,"date":"2014-09-18T12:29:35","date_gmt":"2014-09-18T11:29:35","guid":{"rendered":"http:\/\/agora.xtec.cat\/escolaelcolomer\/?page_id=28"},"modified":"2025-12-16T22:46:29","modified_gmt":"2025-12-16T21:46:29","slug":"consell-escolar","status":"publish","type":"page","link":"https:\/\/agora.xtec.cat\/escolaelcolomer\/lescola\/consell-escolar\/","title":{"rendered":"Consell Escolar 2025"},"content":{"rendered":"<p>El\u00a0<strong>Consell Escola<\/strong>r (CE)\u00a0 \u00e9s el m\u00e0xim \u00f2rgan de govern de l\u2019escola on hi ha els representats tots els estaments. El formen l\u2019Equip Directiu\u00a0 i els representants dels diferents sectors de la comunitat educativa (mestres, fam\u00edlies, ajuntament -regidoria d\u2019educaci\u00f3- , AFA, PAS i PAE). \u00c9s presidit per la direcci\u00f3 del centre.<\/p>\n<p>Els representants surten elegits per votaci\u00f3. Els anys parells hi ha eleccions per a la renovaci\u00f3 de representants de cada sector.<\/p>\n<p><strong>Les funcions del Consell Escolar<\/strong><\/p>\n<ul>\n<li>Aprovar el pressupost del centre, fer-ne el seguiment\u00a0 i aprovar-ne la liquidaci\u00f3.<\/li>\n<li>Aprovar el projecte educatiu i les modificacions corresponents.<\/li>\n<li>Aprovar la programaci\u00f3 general anual del centre i la mem\u00f2ria anual.<\/li>\n<li>Aprovar les propostes d\u2019acords de coresponsabilitat, convenis o altres acords de col\u00b7laboraci\u00f3 del centre amb entitats o institucions.<\/li>\n<li>Aprovar les normes d\u2019organitzaci\u00f3 i funcionament del centre, aix\u00ed com les modificacions corresponents.<\/li>\n<li>Aprovar la carta de comprom\u00eds educatiu.<\/li>\n<li>Aprovar les directrius per a la programaci\u00f3 d\u2019activitats escolars complement\u00e0ries i d\u2019activitats extraescolars, i avaluar-ne el desenvolupament.<\/li>\n<li>Promoure la conservaci\u00f3 i renovaci\u00f3 de les instal\u00b7lacions i material escolar<\/li>\n<\/ul>\n<p>Per saber-ne m\u00e9s podeu consultar aquest enlla\u00e7\u00a0<a href=\"https:\/\/educacio.gencat.cat\/ca\/arees-actuacio\/centres-serveis-educatius\/centres\/consells-escolars-centres\/\" target=\"_blank\" rel=\"noopener\">CONSELLS ESCOLARS de CENTRES<\/a><\/p>\n<p>&nbsp;<\/p>\n<p>El passat novembre de 2025 es va celebrar eleccions del Consell Escolar de l&#8217;Escola El Colomer i posteriorment, es va celebrar la constituci\u00f3 del nou Consell Escolar, les persones que el formen s\u00f3n:<\/p>\n<p><strong>Presidenta: <\/strong>Marta Batlles i Forns<\/p>\n<p><strong>Cap d\u2019estudis:\u00a0<\/strong>Anna Valls Vela<\/p>\n<p><strong>Secretari:<\/strong> Marc Camps Bonell<\/p>\n<p><strong>Representant de l\u2019Ajuntament:<\/strong> Eva Mart\u00ednez Olombrada<\/p>\n<p><strong>Representants del professorat:<\/strong> M\u00edriam Zapata, Dolors Caballero, Gemma Rosanas, Ehedei M\u00e9ndez, Estefania Carreras, Irene Comas i Merc\u00e8 Llonch.<\/p>\n<p><strong>Representants de pares i mares: <\/strong>Anna Hidalgo, Laia Par\u00e9s, Esteve Argem\u00ed, Roser Foixench, Sergio Prados i Eduard Corbera.<\/p>\n<p><strong>Representant de l\u2019AFA:<\/strong> Jessica Ortiz<\/p>\n<p><strong>Representant del PAS:<\/strong> Anna Ma Gonz\u00e1lez<\/p>\n<p><strong>Representant del PAE: <\/strong>Esther Maestre<\/p>\n<p><strong>*Referents de Coeducaci\u00f3 del Consell Escolar<\/strong>:\u00a0 Roser Foixench i\u00a0 Estefania Carreras.<\/p>\n","protected":false},"excerpt":{"rendered":"<p>El\u00a0Consell Escolar (CE)\u00a0 \u00e9s el m\u00e0xim \u00f2rgan de govern de l\u2019escola on hi ha els representats tots els estaments. El formen l\u2019Equip Directiu\u00a0 i els representants dels diferents sectors de la comunitat educativa (mestres, fam\u00edlies, ajuntament -regidoria d\u2019educaci\u00f3- , AFA, PAS i PAE). \u00c9s presidit&hellip;  <a href=\"https:\/\/agora.xtec.cat\/escolaelcolomer\/lescola\/consell-escolar\/\" title=\"Read Consell Escolar 2025\">Llegeix m\u00e9s\u00bb<\/a><\/p>\n","protected":false},"author":1,"featured_media":0,"parent":22,"menu_order":30,"comment_status":"closed","ping_status":"closed","template":"page-templates\/side-menu.php","meta":{"_bbp_topic_count":0,"_bbp_reply_count":0,"_bbp_total_topic_count":0,"_bbp_total_reply_count":0,"_bbp_voice_count":0,"_bbp_anonymous_reply_count":0,"_bbp_topic_count_hidden":0,"_bbp_reply_count_hidden":0,"_bbp_forum_subforum_count":0,"footnotes":""},"class_list":["post-28","page","type-page","status-publish","hentry"],"post_mailing_queue_ids":[],"_links":{"self":[{"href":"https:\/\/agora.xtec.cat\/escolaelcolomer\/wp-json\/wp\/v2\/pages\/28","targetHints":{"allow":["GET"]}}],"collection":[{"href":"https:\/\/agora.xtec.cat\/escolaelcolomer\/wp-json\/wp\/v2\/pages"}],"about":[{"href":"https:\/\/agora.xtec.cat\/escolaelcolomer\/wp-json\/wp\/v2\/types\/page"}],"author":[{"embeddable":true,"href":"https:\/\/agora.xtec.cat\/escolaelcolomer\/wp-json\/wp\/v2\/users\/1"}],"replies":[{"embeddable":true,"href":"https:\/\/agora.xtec.cat\/escolaelcolomer\/wp-json\/wp\/v2\/comments?post=28"}],"version-history":[{"count":6,"href":"https:\/\/agora.xtec.cat\/escolaelcolomer\/wp-json\/wp\/v2\/pages\/28\/revisions"}],"predecessor-version":[{"id":5202,"href":"https:\/\/agora.xtec.cat\/escolaelcolomer\/wp-json\/wp\/v2\/pages\/28\/revisions\/5202"}],"up":[{"embeddable":true,"href":"https:\/\/agora.xtec.cat\/escolaelcolomer\/wp-json\/wp\/v2\/pages\/22"}],"wp:attachment":[{"href":"https:\/\/agora.xtec.cat\/escolaelcolomer\/wp-json\/wp\/v2\/media?parent=28"}],"curies":[{"name":"wp","href":"https:\/\/api.w.org\/{rel}","templated":true}]}}