{"id":26,"date":"2014-09-18T12:24:32","date_gmt":"2014-09-18T11:24:32","guid":{"rendered":"http:\/\/agora.xtec.cat\/escolaelcolomer\/?page_id=26"},"modified":"2021-12-01T22:29:54","modified_gmt":"2021-12-01T21:29:54","slug":"historia","status":"publish","type":"page","link":"https:\/\/agora.xtec.cat\/escolaelcolomer\/lescola\/historia\/","title":{"rendered":"Hist\u00f2ria"},"content":{"rendered":"<p style=\"text-align: justify;\">L&#8217;Escola El Colomer \u00e9s un centre educatiu, de doble l\u00ednia, que forma part de la xarxa de centres p\u00fablics de Catalunya, la titularitat del qual correspon al Departament d&#8217;Educaci\u00f3 de la Generalitat de Catalunya.<\/p>\n<p style=\"text-align: justify;\">L&#8217;escola est\u00e0 ubicada als terrenys de l&#8217;antic mas el Colomer, a la urbanitzaci\u00f3 de Font Granada, a un quil\u00f2metre del nucli urb\u00e0.<\/p>\n<p style=\"text-align: justify;\">La infraestructura de l&#8217;escola inicialment va ser amb m\u00f2duls prefabricats. A l&#8217;abril de 2011 es va fer el trasllat a l&#8217;edifici de l&#8217;escola nova i a l&#8217;octubre del mateix any, es va entregar definitivament l&#8217;obra, ocupant la part esportiva (gimn\u00e0s i pista).<\/p>\n<p style=\"text-align: justify;\">En la construcci\u00f3 de l&#8217;edifici de l&#8217;escola es va descobrir les restes arqueol\u00f2giques, que consisteixen en un forn de cer\u00e0mica i el seu obrador adjacent del segle XIV.<\/p>\n","protected":false},"excerpt":{"rendered":"<p>L&#8217;Escola El Colomer \u00e9s un centre educatiu, de doble l\u00ednia, que forma part de la xarxa de centres p\u00fablics de Catalunya, la titularitat del qual correspon al Departament d&#8217;Educaci\u00f3 de la Generalitat de Catalunya.<br \/>\nL&#8217;escola est\u00e0 ubicada als terrenys de l&#8217;antic mas el Colomer, a la&hellip;  <a href=\"https:\/\/agora.xtec.cat\/escolaelcolomer\/lescola\/historia\/\" title=\"Read Hist\u00f2ria\">Llegeix m\u00e9s\u00bb<\/a><\/p>\n","protected":false},"author":1,"featured_media":0,"parent":22,"menu_order":20,"comment_status":"closed","ping_status":"closed","template":"page-templates\/side-menu.php","meta":{"_bbp_topic_count":0,"_bbp_reply_count":0,"_bbp_total_topic_count":0,"_bbp_total_reply_count":0,"_bbp_voice_count":0,"_bbp_anonymous_reply_count":0,"_bbp_topic_count_hidden":0,"_bbp_reply_count_hidden":0,"_bbp_forum_subforum_count":0,"footnotes":""},"class_list":["post-26","page","type-page","status-publish","hentry"],"post_mailing_queue_ids":[],"_links":{"self":[{"href":"https:\/\/agora.xtec.cat\/escolaelcolomer\/wp-json\/wp\/v2\/pages\/26","targetHints":{"allow":["GET"]}}],"collection":[{"href":"https:\/\/agora.xtec.cat\/escolaelcolomer\/wp-json\/wp\/v2\/pages"}],"about":[{"href":"https:\/\/agora.xtec.cat\/escolaelcolomer\/wp-json\/wp\/v2\/types\/page"}],"author":[{"embeddable":true,"href":"https:\/\/agora.xtec.cat\/escolaelcolomer\/wp-json\/wp\/v2\/users\/1"}],"replies":[{"embeddable":true,"href":"https:\/\/agora.xtec.cat\/escolaelcolomer\/wp-json\/wp\/v2\/comments?post=26"}],"version-history":[{"count":3,"href":"https:\/\/agora.xtec.cat\/escolaelcolomer\/wp-json\/wp\/v2\/pages\/26\/revisions"}],"predecessor-version":[{"id":2940,"href":"https:\/\/agora.xtec.cat\/escolaelcolomer\/wp-json\/wp\/v2\/pages\/26\/revisions\/2940"}],"up":[{"embeddable":true,"href":"https:\/\/agora.xtec.cat\/escolaelcolomer\/wp-json\/wp\/v2\/pages\/22"}],"wp:attachment":[{"href":"https:\/\/agora.xtec.cat\/escolaelcolomer\/wp-json\/wp\/v2\/media?parent=26"}],"curies":[{"name":"wp","href":"https:\/\/api.w.org\/{rel}","templated":true}]}}