{"id":2442,"date":"2021-02-22T15:49:04","date_gmt":"2021-02-22T14:49:04","guid":{"rendered":"http:\/\/agora.xtec.cat\/escolaelcolomer\/?page_id=2442"},"modified":"2022-02-17T14:05:32","modified_gmt":"2022-02-17T13:05:32","slug":"programa-lecxit","status":"publish","type":"page","link":"https:\/\/agora.xtec.cat\/escolaelcolomer\/programa-lecxit\/","title":{"rendered":"Programa Lecxit"},"content":{"rendered":"<p>Benvolguts i benvolgudes,<\/p>\n<p>Ens fa especial il\u00b7lusi\u00f3 explicar-vos que tornem a iniciar el <strong>programa LECXIT<\/strong>!<\/p>\n<p>Un total de 18 alumnes de quart d\u2019ESO de l\u2019institut Maria de Bell-lloc s\u2019han presentat com a voluntaris per ser mentors i mentores de lectura d\u2019alguns dels nostres alumnes de l\u2019escola.<\/p>\n<p>Els dimecres i dijous, de dos quarts de cinc a dos quarts de sis de la tarda, la nostra escola es convertir\u00e0 un escenari magn\u00edfic per descobrir el m\u00f3n apassionant de la lectura.<\/p>\n<p>Comptem amb la col\u00b7laboraci\u00f3 de la biblioteca del poble, que ens fa una selecci\u00f3 de contes i revistes meravellosos que de ben segur agradaran als nostres nens i nenes.<\/p>\n<p>Finalment, volem donar les gr\u00e0cies a la Merc\u00e8 P\u00e9rez per ajudar-nos a tirar endavant el projecte!<\/p>\n<p>Moltes gr\u00e0cies i bones lectures!<\/p>\n<p>Equip de Coordinaci\u00f3 LECXIT<\/p>\n<p><a href=\"https:\/\/agora.xtec.cat\/escolaelcolomer\/wp-content\/uploads\/usu1894\/2022\/02\/d434b0cc92269b13774a93b279836f7b.jpg\"><img loading=\"lazy\" decoding=\"async\" class=\"alignnone size-full wp-image-3133\" src=\"https:\/\/agora.xtec.cat\/escolaelcolomer\/wp-content\/uploads\/usu1894\/2022\/02\/d434b0cc92269b13774a93b279836f7b.jpg\" alt=\"\" width=\"729\" height=\"531\" srcset=\"https:\/\/agora.xtec.cat\/escolaelcolomer\/wp-content\/uploads\/usu1894\/2022\/02\/d434b0cc92269b13774a93b279836f7b.jpg 729w, https:\/\/agora.xtec.cat\/escolaelcolomer\/wp-content\/uploads\/usu1894\/2022\/02\/d434b0cc92269b13774a93b279836f7b-300x219.jpg 300w\" sizes=\"auto, (max-width: 729px) 100vw, 729px\" \/><\/a><\/p>\n","protected":false},"excerpt":{"rendered":"<p>Benvolguts i benvolgudes,<br \/>\nEns fa especial il\u00b7lusi\u00f3 explicar-vos que tornem a iniciar el programa LECXIT!<br \/>\nUn total de 18 alumnes de quart d\u2019ESO de l\u2019institut Maria de Bell-lloc s\u2019han presentat com a voluntaris per ser mentors i mentores de lectura d\u2019alguns dels nostres alumnes de l\u2019escola.<br \/>\nEls dimecres&hellip;  <a href=\"https:\/\/agora.xtec.cat\/escolaelcolomer\/programa-lecxit\/\" title=\"Read Programa Lecxit\">Llegeix m\u00e9s\u00bb<\/a><\/p>\n","protected":false},"author":3,"featured_media":0,"parent":0,"menu_order":0,"comment_status":"closed","ping_status":"closed","template":"","meta":{"_bbp_topic_count":0,"_bbp_reply_count":0,"_bbp_total_topic_count":0,"_bbp_total_reply_count":0,"_bbp_voice_count":0,"_bbp_anonymous_reply_count":0,"_bbp_topic_count_hidden":0,"_bbp_reply_count_hidden":0,"_bbp_forum_subforum_count":0,"footnotes":""},"class_list":["post-2442","page","type-page","status-publish","hentry"],"post_mailing_queue_ids":[],"_links":{"self":[{"href":"https:\/\/agora.xtec.cat\/escolaelcolomer\/wp-json\/wp\/v2\/pages\/2442","targetHints":{"allow":["GET"]}}],"collection":[{"href":"https:\/\/agora.xtec.cat\/escolaelcolomer\/wp-json\/wp\/v2\/pages"}],"about":[{"href":"https:\/\/agora.xtec.cat\/escolaelcolomer\/wp-json\/wp\/v2\/types\/page"}],"author":[{"embeddable":true,"href":"https:\/\/agora.xtec.cat\/escolaelcolomer\/wp-json\/wp\/v2\/users\/3"}],"replies":[{"embeddable":true,"href":"https:\/\/agora.xtec.cat\/escolaelcolomer\/wp-json\/wp\/v2\/comments?post=2442"}],"version-history":[{"count":3,"href":"https:\/\/agora.xtec.cat\/escolaelcolomer\/wp-json\/wp\/v2\/pages\/2442\/revisions"}],"predecessor-version":[{"id":3134,"href":"https:\/\/agora.xtec.cat\/escolaelcolomer\/wp-json\/wp\/v2\/pages\/2442\/revisions\/3134"}],"wp:attachment":[{"href":"https:\/\/agora.xtec.cat\/escolaelcolomer\/wp-json\/wp\/v2\/media?parent=2442"}],"curies":[{"name":"wp","href":"https:\/\/api.w.org\/{rel}","templated":true}]}}