{"id":24,"date":"2014-09-18T12:23:15","date_gmt":"2014-09-18T11:23:15","guid":{"rendered":"http:\/\/agora.xtec.cat\/escolaelcolomer\/?page_id=24"},"modified":"2025-02-23T17:50:13","modified_gmt":"2025-02-23T16:50:13","slug":"on-som","status":"publish","type":"page","link":"https:\/\/agora.xtec.cat\/escolaelcolomer\/lescola\/on-som\/","title":{"rendered":"On som i dades generals"},"content":{"rendered":"<p style=\"color: #666666;\"><strong>Nom del Centre: Escola El Colomer<\/strong><\/p>\n<p style=\"color: #666666;\"><strong>Adre\u00e7a: <\/strong>Cam\u00ed de Can Ribas s\/n<\/p>\n<p style=\"color: #666666;\"><strong>Codi Postal:<\/strong> 08415 Bigues i Riells del Fai<\/p>\n<p><span style=\"text-decoration: underline;\"><strong>DADES GENERALS\u00a0<\/strong><\/span><\/p>\n<ul>\n<li><strong>Codi centre:<\/strong> 08060903<\/li>\n<li><strong>Tel\u00e8fon<\/strong>: 938657682<\/li>\n<li><strong>Correu electr\u00f2nic<\/strong>: escolaelcolomer<span style=\"color: #666666;\">@xtec.cat\u00a0<\/span><\/li>\n<li><strong>Municipi:<\/strong> Bigues i Riells del Fai<\/li>\n<li><strong>Comarca:<\/strong> Vall\u00e8s Oriental<\/li>\n<li><b>Prov\u00edncia<\/b><strong>:<\/strong> Barcelona<\/li>\n<li><b>Depend\u00e8ncia:<\/b> Departament d\u2019Educaci\u00f3 i Formaci\u00f3 Professional<\/li>\n<li><strong>Titularitat:\u00a0<\/strong>Centre P\u00fablic<\/li>\n<li><strong>Servei territorial:<\/strong> Maresme-Vall\u00e8s Oriental<\/li>\n<li><strong>Ensenyaments:<\/strong>\u00a0Educaci\u00f3 Infantil (EINF2C) i Educaci\u00f3 Prim\u00e0ria (EPRI)<\/li>\n<\/ul>\n<p><iframe loading=\"lazy\" src=\"https:\/\/www.google.com\/maps\/embed?pb=!1m18!1m12!1m3!1d3544.141747073417!2d2.2051807548084583!3d41.671812386407595!2m3!1f0!2f0!3f0!3m2!1i1024!2i768!4f13.1!3m3!1m2!1s0x12a4c3e7c0774629%3A0x126a2d7fa64e5d1!2sEscola+P%C3%BAblica+El+Colomer!5e0!3m2!1sca!2ses!4v1537789222143\" width=\"600\" height=\"450\" frameborder=\"0\"><\/iframe><\/p>\n<p><strong>Bus:<\/strong>\u00a0e7, e21, 303, 340, 342, 382, 383<\/p>\n","protected":false},"excerpt":{"rendered":"<p>Nom del Centre: Escola El Colomer<br \/>\nAdre\u00e7a: Cam\u00ed de Can Ribas s\/n<br \/>\nCodi Postal: 08415 Bigues i Riells del Fai<br \/>\nDADES GENERALS\u00a0<\/p>\n<ul>\n<li>Codi centre: 08060903<\/li>\n<li>Tel\u00e8fon: 938657682<\/li>\n<li>Correu electr\u00f2nic: escolaelcolomer@xtec.cat\u00a0<\/li>\n<li>Municipi: Bigues i Riells del Fai<\/li>\n<li>Comarca: Vall\u00e8s Oriental<\/li>\n<li>Prov\u00edncia: Barcelona<\/li>\n<li>Depend\u00e8ncia: Departament d\u2019Educaci\u00f3 i Formaci\u00f3 Professional<\/li>\n<li>Titularitat:\u00a0Centre P\u00fablic<\/li>\n<li>Servei territorial: Maresme-Vall\u00e8s Oriental<\/li>\n<li>Ensenyaments:\u00a0Educaci\u00f3 Infantil (EINF2C) i Educaci\u00f3&hellip;  <a href=\"https:\/\/agora.xtec.cat\/escolaelcolomer\/lescola\/on-som\/\" title=\"Read On som i dades generals\">Llegeix m\u00e9s\u00bb<\/a><br \/>\n","protected":false},"author":1,"featured_media":0,"parent":22,"menu_order":10,"comment_status":"closed","ping_status":"closed","template":"page-templates\/side-menu.php","meta":{"_bbp_topic_count":0,"_bbp_reply_count":0,"_bbp_total_topic_count":0,"_bbp_total_reply_count":0,"_bbp_voice_count":0,"_bbp_anonymous_reply_count":0,"_bbp_topic_count_hidden":0,"_bbp_reply_count_hidden":0,"_bbp_forum_subforum_count":0,"footnotes":""},"class_list":["post-24","page","type-page","status-publish","hentry"],"post_mailing_queue_ids":[],"_links":{"self":[{"href":"https:\/\/agora.xtec.cat\/escolaelcolomer\/wp-json\/wp\/v2\/pages\/24","targetHints":{"allow":["GET"]}}],"collection":[{"href":"https:\/\/agora.xtec.cat\/escolaelcolomer\/wp-json\/wp\/v2\/pages"}],"about":[{"href":"https:\/\/agora.xtec.cat\/escolaelcolomer\/wp-json\/wp\/v2\/types\/page"}],"author":[{"embeddable":true,"href":"https:\/\/agora.xtec.cat\/escolaelcolomer\/wp-json\/wp\/v2\/users\/1"}],"replies":[{"embeddable":true,"href":"https:\/\/agora.xtec.cat\/escolaelcolomer\/wp-json\/wp\/v2\/comments?post=24"}],"version-history":[{"count":5,"href":"https:\/\/agora.xtec.cat\/escolaelcolomer\/wp-json\/wp\/v2\/pages\/24\/revisions"}],"predecessor-version":[{"id":4722,"href":"https:\/\/agora.xtec.cat\/escolaelcolomer\/wp-json\/wp\/v2\/pages\/24\/revisions\/4722"}],"up":[{"embeddable":true,"href":"https:\/\/agora.xtec.cat\/escolaelcolomer\/wp-json\/wp\/v2\/pages\/22"}],"wp:attachment":[{"href":"https:\/\/agora.xtec.cat\/escolaelcolomer\/wp-json\/wp\/v2\/media?parent=24"}],"curies":[{"name":"wp","href":"https:\/\/api.w.org\/{rel}","templated":true}]}}